{"id":673467,"date":"2026-02-19T16:08:31","date_gmt":"2026-02-19T15:08:31","guid":{"rendered":"https:\/\/selleetools.com\/?post_type=product&#038;p=673467"},"modified":"2026-04-15T17:30:02","modified_gmt":"2026-04-15T15:30:02","slug":"biopon-wapno-ogrodnicze-granulat-do-bielenia-3kg","status":"publish","type":"product","link":"https:\/\/selleetools.com\/pl\/product\/biopon-wapno-ogrodnicze-granulat-do-bielenia-3kg\/","title":{"rendered":"BIOPON Wapno ogrodnicze granulat do bielenia 3kg"},"content":{"rendered":"<section class=\"section\">\n<div class=\"item item-12\">\n<section class=\"text-item\">\n<h1>BIOPON Wapno ogrodnicze granulat do bielenia 3kg<\/h1>\n<p>Uniwersalne wapno ogrodnicze przeznaczone do bielenia drzew oraz odkwaszania gleby o zbyt niskim odczynie. Bardzo wydajne i proste w stosowaniu.<\/p>\n<p>Bielenie drzew i krzew\u00f3w w okresie zimowo-wiosennym zabezpiecza je przed przemarzaniem i powstawaniem g\u0142\u0119bokich p\u0119kni\u0119\u0107, przez kt\u00f3re ro\u015bliny s\u0105 mocno nara\u017cone na infekcje i inwazje szkodnik\u00f3w. Zabezpieczony wapnem bia\u0142y pie\u0144 skutecznie odbija promienie s\u0142oneczne, co ogranicza jego nagrzewanie. Dzi\u0119ki temu noc\u0105, kiedy temperatura gwa\u0142townie spada, nie dochodzi do powstawania tzw. ran zgorzelinowych, czyli pionowych p\u0119kni\u0119\u0107 kory. Wapno tworzy na powierzchni pnia warstw\u0119 ochronn\u0105, kt\u00f3ra skutecznie chroni ro\u015blin\u0119 przez ca\u0142\u0105 zim\u0119 i wiosn\u0119.<\/p>\n<p>Odkwaszanie gleby za pomoc\u0105 wapna pozwala utrzyma\u0107 optymalny odczyn pod\u0142o\u017ca, poprawia jego struktur\u0119 i wspomaga dzia\u0142anie innych nawoz\u00f3w poprzez zwi\u0119kszenie przyswajalno\u015bci mikroelement\u00f3w. Konieczno\u015b\u0107 okresowego przeprowadzania takiego zabiegu wynika z tego, \u017ce odczyn gleby systematycznie i w spos\u00f3b naturalny ulega obni\u017ceniu (tzw. zakwaszanie gleby), a wi\u0119kszo\u015b\u0107 polskich ro\u015blin preferuje pod\u0142o\u017ce o odczynie lekko kwa\u015bnym lub oboj\u0119tnym.<\/p>\n<\/section><\/div>\n<\/section>\n<section class=\"section\">\n<div class=\"item item-12\">\n<section class=\"image-item\"><img src=\"https:\/\/upload.cdn.baselinker.com\/products\/3028621\/28a16bfd5b845df47ed1d9e888343c46.png\"><\/section>\n<\/p><\/div>\n<\/section>\n<section class=\"section\">\n<div class=\"item item-12\">\n<section class=\"image-item\"><img src=\"https:\/\/upload.cdn.baselinker.com\/products\/3028621\/28a16bfd5b845df47ed1d9e888343c46.png\"><\/section>\n<\/p><\/div>\n<\/section>\n","protected":false},"excerpt":{"rendered":"<p>BIOPON Wapno ogrodnicze granulat do bielenia 3kg Uniwersalne wapno ogrodnicze przeznaczone do bielenia drzew oraz odkwaszania gleby o zbyt niskim odczynie. Bardzo wydajne i proste w stosowaniu. Bielenie drzew i krzew\u00f3w w okresie zimowo-wiosennym zabezpiecza je przed przemarzaniem i powstawaniem g\u0142\u0119bokich p\u0119kni\u0119\u0107, przez kt\u00f3re ro\u015bliny s\u0105 mocno nara\u017cone na infekcje i inwazje szkodnik\u00f3w. Zabezpieczony wapnem &#8230; <a title=\"BIOPON Wapno ogrodnicze granulat do bielenia 3kg\" class=\"read-more\" href=\"https:\/\/selleetools.com\/pl\/product\/biopon-wapno-ogrodnicze-granulat-do-bielenia-3kg\/\">Read more<span class=\"screen-reader-text\">BIOPON Wapno ogrodnicze granulat do bielenia 3kg<\/span><\/a><\/p>\n","protected":false},"featured_media":673465,"comment_status":"open","ping_status":"closed","template":"","meta":{"_links_to":"","_links_to_target":""},"yoast_head":"<!-- This site is optimized with the Yoast SEO plugin v19.4 - https:\/\/yoast.com\/wordpress\/plugins\/seo\/ -->\n<title>BIOPON Wapno ogrodnicze granulat do bielenia 3kg - Selleetools.com<\/title>\n<meta name=\"robots\" content=\"index, follow, max-snippet:-1, max-image-preview:large, max-video-preview:-1\" \/>\n<link rel=\"canonical\" href=\"https:\/\/selleetools.com\/pl\/product\/biopon-wapno-ogrodnicze-granulat-do-bielenia-3kg\/\" \/>\n<meta property=\"og:locale\" content=\"pl_PL\" \/>\n<meta property=\"og:type\" content=\"article\" \/>\n<meta property=\"og:title\" content=\"BIOPON Wapno ogrodnicze granulat do bielenia 3kg - Selleetools.com\" \/>\n<meta property=\"og:description\" content=\"BIOPON Wapno ogrodnicze granulat do bielenia 3kg Uniwersalne wapno ogrodnicze przeznaczone do bielenia drzew oraz odkwaszania gleby o zbyt niskim odczynie. Bardzo wydajne i proste w stosowaniu. Bielenie drzew i krzew\u00f3w w okresie zimowo-wiosennym zabezpiecza je przed przemarzaniem i powstawaniem g\u0142\u0119bokich p\u0119kni\u0119\u0107, przez kt\u00f3re ro\u015bliny s\u0105 mocno nara\u017cone na infekcje i inwazje szkodnik\u00f3w. Zabezpieczony wapnem ... Read moreBIOPON Wapno ogrodnicze granulat do bielenia 3kg\" \/>\n<meta property=\"og:url\" content=\"https:\/\/selleetools.com\/pl\/product\/biopon-wapno-ogrodnicze-granulat-do-bielenia-3kg\/\" \/>\n<meta property=\"og:site_name\" content=\"Selleetools.com\" \/>\n<meta property=\"article:modified_time\" content=\"2026-04-15T15:30:02+00:00\" \/>\n<meta property=\"og:image\" content=\"https:\/\/selleetools.com\/wp-content\/uploads\/2026\/02\/28a16bfd5b845df47ed1d9e888343c46.png\" \/>\n\t<meta property=\"og:image:width\" content=\"1000\" \/>\n\t<meta property=\"og:image:height\" content=\"1000\" \/>\n\t<meta property=\"og:image:type\" content=\"image\/png\" \/>\n<meta name=\"twitter:card\" content=\"summary_large_image\" \/>\n<meta name=\"twitter:label1\" content=\"Est. reading time\" \/>\n\t<meta name=\"twitter:data1\" content=\"1 minuta\" \/>\n<!-- \/ Yoast SEO plugin. -->","yoast_head_json":{"title":"BIOPON Wapno ogrodnicze granulat do bielenia 3kg - Selleetools.com","robots":{"index":"index","follow":"follow","max-snippet":"max-snippet:-1","max-image-preview":"max-image-preview:large","max-video-preview":"max-video-preview:-1"},"canonical":"https:\/\/selleetools.com\/pl\/product\/biopon-wapno-ogrodnicze-granulat-do-bielenia-3kg\/","og_locale":"pl_PL","og_type":"article","og_title":"BIOPON Wapno ogrodnicze granulat do bielenia 3kg - Selleetools.com","og_description":"BIOPON Wapno ogrodnicze granulat do bielenia 3kg Uniwersalne wapno ogrodnicze przeznaczone do bielenia drzew oraz odkwaszania gleby o zbyt niskim odczynie. Bardzo wydajne i proste w stosowaniu. Bielenie drzew i krzew\u00f3w w okresie zimowo-wiosennym zabezpiecza je przed przemarzaniem i powstawaniem g\u0142\u0119bokich p\u0119kni\u0119\u0107, przez kt\u00f3re ro\u015bliny s\u0105 mocno nara\u017cone na infekcje i inwazje szkodnik\u00f3w. Zabezpieczony wapnem ... Read moreBIOPON Wapno ogrodnicze granulat do bielenia 3kg","og_url":"https:\/\/selleetools.com\/pl\/product\/biopon-wapno-ogrodnicze-granulat-do-bielenia-3kg\/","og_site_name":"Selleetools.com","article_modified_time":"2026-04-15T15:30:02+00:00","og_image":[{"width":1000,"height":1000,"url":"https:\/\/selleetools.com\/wp-content\/uploads\/2026\/02\/28a16bfd5b845df47ed1d9e888343c46.png","type":"image\/png"}],"twitter_card":"summary_large_image","twitter_misc":{"Est. reading time":"1 minuta"},"schema":{"@context":"https:\/\/schema.org","@graph":[{"@type":"Organization","@id":"https:\/\/selleetools.com\/#organization","name":"Selleetools","url":"https:\/\/selleetools.com\/","sameAs":[],"logo":{"@type":"ImageObject","inLanguage":"pl-PL","@id":"https:\/\/selleetools.com\/#\/schema\/logo\/image\/","url":"https:\/\/selleetools.com\/wp-content\/uploads\/2021\/10\/logo-dark.png","contentUrl":"https:\/\/selleetools.com\/wp-content\/uploads\/2021\/10\/logo-dark.png","width":320,"height":76,"caption":"Selleetools"},"image":{"@id":"https:\/\/selleetools.com\/#\/schema\/logo\/image\/"}},{"@type":"WebSite","@id":"https:\/\/selleetools.com\/#website","url":"https:\/\/selleetools.com\/","name":"Selleetools.com","description":"","publisher":{"@id":"https:\/\/selleetools.com\/#organization"},"potentialAction":[{"@type":"SearchAction","target":{"@type":"EntryPoint","urlTemplate":"https:\/\/selleetools.com\/?s={search_term_string}"},"query-input":"required name=search_term_string"}],"inLanguage":"pl-PL"},{"@type":"WebPage","@id":"https:\/\/selleetools.com\/pl\/product\/biopon-wapno-ogrodnicze-granulat-do-bielenia-3kg\/","url":"https:\/\/selleetools.com\/pl\/product\/biopon-wapno-ogrodnicze-granulat-do-bielenia-3kg\/","name":"BIOPON Wapno ogrodnicze granulat do bielenia 3kg - Selleetools.com","isPartOf":{"@id":"https:\/\/selleetools.com\/#website"},"datePublished":"2026-02-19T15:08:31+00:00","dateModified":"2026-04-15T15:30:02+00:00","breadcrumb":{"@id":"https:\/\/selleetools.com\/pl\/product\/biopon-wapno-ogrodnicze-granulat-do-bielenia-3kg\/#breadcrumb"},"inLanguage":"pl-PL","potentialAction":[{"@type":"ReadAction","target":["https:\/\/selleetools.com\/pl\/product\/biopon-wapno-ogrodnicze-granulat-do-bielenia-3kg\/"]}]},{"@type":"BreadcrumbList","@id":"https:\/\/selleetools.com\/pl\/product\/biopon-wapno-ogrodnicze-granulat-do-bielenia-3kg\/#breadcrumb","itemListElement":[{"@type":"ListItem","position":1,"name":"Home","item":"https:\/\/selleetools.com\/pl\/"},{"@type":"ListItem","position":2,"name":"Katalog","item":"https:\/\/selleetools.com\/pl\/katalog\/"},{"@type":"ListItem","position":3,"name":"BIOPON Wapno ogrodnicze granulat do bielenia 3kg"}]}]}},"_links":{"self":[{"href":"https:\/\/selleetools.com\/pl\/wp-json\/wp\/v2\/product\/673467"}],"collection":[{"href":"https:\/\/selleetools.com\/pl\/wp-json\/wp\/v2\/product"}],"about":[{"href":"https:\/\/selleetools.com\/pl\/wp-json\/wp\/v2\/types\/product"}],"replies":[{"embeddable":true,"href":"https:\/\/selleetools.com\/pl\/wp-json\/wp\/v2\/comments?post=673467"}],"wp:featuredmedia":[{"embeddable":true,"href":"https:\/\/selleetools.com\/pl\/wp-json\/wp\/v2\/media\/673465"}],"wp:attachment":[{"href":"https:\/\/selleetools.com\/pl\/wp-json\/wp\/v2\/media?parent=673467"}],"curies":[{"name":"wp","href":"https:\/\/api.w.org\/{rel}","templated":true}]}}