{"id":673464,"date":"2026-02-19T16:08:28","date_gmt":"2026-02-19T15:08:28","guid":{"rendered":"https:\/\/selleetools.com\/?post_type=product&#038;p=673464"},"modified":"2026-04-15T17:17:07","modified_gmt":"2026-04-15T15:17:07","slug":"nasiona-ogorek-gruntowy-do-kwaszenia-borus-f1-4g","status":"publish","type":"product","link":"https:\/\/selleetools.com\/pl\/product\/nasiona-ogorek-gruntowy-do-kwaszenia-borus-f1-4g\/","title":{"rendered":"Nasiona Og\u00f3rek gruntowy do kwaszenia Borus F1, 4g"},"content":{"rendered":"<p>\u015arednio wczesna, bardzo plenna odmiana przeznaczona do uprawy w gruncie. Owoce smuk\u0142e, grubobrodawkowe o zielonej sk\u00f3rce i ma\u0142ej komorze nasiennej, doskonale nadaj\u0105 si\u0119 do kwaszenia. Ro\u015bliny s\u0105 odporne na parcha dyniowatych i tolerancyjne wobec m\u0105czniaka rzekomego.<\/p>\n<p>Wysiew nasiona w maju w rz\u0119dy co 80-100 cm. Sia\u0107 w rz\u0119dach pojedynczo lub gniazdowo po 2-3 nasiona co 15 cm. Wschody nast\u0119puj\u0105 po 7-14 dniach. Dla przyspieszenia wzrostu i rozwoju ro\u015blin mo\u017cna je okry\u0107 w\u0142\u00f3knin\u0105 lub foli\u0105 perforowan\u0105. Wymaga gleby silnie nawo\u017conej, zasobnej w wod\u0119, przepuszczalnej, ciep\u0142ej.<\/p>\n<p>\u015arednio wczesna, bardzo plenna odmiana przeznaczona do uprawy w gruncie. Owoce smuk\u0142e, grubobrodawkowe o zielonej sk\u00f3rce i ma\u0142ej komorze nasiennej, doskonale nadaj\u0105 si\u0119 do kwaszenia. Ro\u015bliny s\u0105 odporne na parcha dyniowatych i tolerancyjne wobec m\u0105czniaka rzekomego.<\/p>\n<p>Wysiew nasiona w maju w rz\u0119dy co 80-100 cm. Sia\u0107 w rz\u0119dach pojedynczo lub gniazdowo po 2-3 nasiona co 15 cm. Wschody nast\u0119puj\u0105 po 7-14 dniach. Dla przyspieszenia wzrostu i rozwoju ro\u015blin mo\u017cna je okry\u0107 w\u0142\u00f3knin\u0105 lub foli\u0105 perforowan\u0105. Wymaga gleby silnie nawo\u017conej, zasobnej w wod\u0119, przepuszczalnej, ciep\u0142ej.<\/p>\n","protected":false},"excerpt":{"rendered":"<p>\u015arednio wczesna, bardzo plenna odmiana przeznaczona do uprawy w gruncie. Owoce smuk\u0142e, grubobrodawkowe o zielonej sk\u00f3rce i ma\u0142ej komorze nasiennej, doskonale nadaj\u0105 si\u0119 do kwaszenia. Ro\u015bliny s\u0105 odporne na parcha dyniowatych i tolerancyjne wobec m\u0105czniaka rzekomego. Wysiew nasiona w maju w rz\u0119dy co 80-100 cm. Sia\u0107 w rz\u0119dach pojedynczo lub gniazdowo po 2-3 nasiona co &#8230; <a title=\"Nasiona Og\u00f3rek gruntowy do kwaszenia Borus F1, 4g\" class=\"read-more\" href=\"https:\/\/selleetools.com\/pl\/product\/nasiona-ogorek-gruntowy-do-kwaszenia-borus-f1-4g\/\">Read more<span class=\"screen-reader-text\">Nasiona Og\u00f3rek gruntowy do kwaszenia Borus F1, 4g<\/span><\/a><\/p>\n","protected":false},"featured_media":673462,"comment_status":"open","ping_status":"closed","template":"","meta":{"_links_to":"","_links_to_target":""},"yoast_head":"<!-- This site is optimized with the Yoast SEO plugin v19.4 - https:\/\/yoast.com\/wordpress\/plugins\/seo\/ -->\n<title>Nasiona Og\u00f3rek gruntowy do kwaszenia Borus F1, 4g - Selleetools.com<\/title>\n<meta name=\"robots\" content=\"index, follow, max-snippet:-1, max-image-preview:large, max-video-preview:-1\" \/>\n<link rel=\"canonical\" href=\"https:\/\/selleetools.com\/pl\/product\/nasiona-ogorek-gruntowy-do-kwaszenia-borus-f1-4g\/\" \/>\n<meta property=\"og:locale\" content=\"pl_PL\" \/>\n<meta property=\"og:type\" content=\"article\" \/>\n<meta property=\"og:title\" content=\"Nasiona Og\u00f3rek gruntowy do kwaszenia Borus F1, 4g - Selleetools.com\" \/>\n<meta property=\"og:description\" content=\"\u015arednio wczesna, bardzo plenna odmiana przeznaczona do uprawy w gruncie. Owoce smuk\u0142e, grubobrodawkowe o zielonej sk\u00f3rce i ma\u0142ej komorze nasiennej, doskonale nadaj\u0105 si\u0119 do kwaszenia. Ro\u015bliny s\u0105 odporne na parcha dyniowatych i tolerancyjne wobec m\u0105czniaka rzekomego. Wysiew nasiona w maju w rz\u0119dy co 80-100 cm. Sia\u0107 w rz\u0119dach pojedynczo lub gniazdowo po 2-3 nasiona co ... Read moreNasiona Og\u00f3rek gruntowy do kwaszenia Borus F1, 4g\" \/>\n<meta property=\"og:url\" content=\"https:\/\/selleetools.com\/pl\/product\/nasiona-ogorek-gruntowy-do-kwaszenia-borus-f1-4g\/\" \/>\n<meta property=\"og:site_name\" content=\"Selleetools.com\" \/>\n<meta property=\"article:modified_time\" content=\"2026-04-15T15:17:07+00:00\" \/>\n<meta property=\"og:image\" content=\"https:\/\/selleetools.com\/wp-content\/uploads\/2026\/02\/1dba22d62baa44ad127d14463020c167.png\" \/>\n\t<meta property=\"og:image:width\" content=\"431\" \/>\n\t<meta property=\"og:image:height\" content=\"791\" \/>\n\t<meta property=\"og:image:type\" content=\"image\/png\" \/>\n<meta name=\"twitter:card\" content=\"summary_large_image\" \/>\n<meta name=\"twitter:label1\" content=\"Est. reading time\" \/>\n\t<meta name=\"twitter:data1\" content=\"1 minuta\" \/>\n<!-- \/ Yoast SEO plugin. -->","yoast_head_json":{"title":"Nasiona Og\u00f3rek gruntowy do kwaszenia Borus F1, 4g - Selleetools.com","robots":{"index":"index","follow":"follow","max-snippet":"max-snippet:-1","max-image-preview":"max-image-preview:large","max-video-preview":"max-video-preview:-1"},"canonical":"https:\/\/selleetools.com\/pl\/product\/nasiona-ogorek-gruntowy-do-kwaszenia-borus-f1-4g\/","og_locale":"pl_PL","og_type":"article","og_title":"Nasiona Og\u00f3rek gruntowy do kwaszenia Borus F1, 4g - Selleetools.com","og_description":"\u015arednio wczesna, bardzo plenna odmiana przeznaczona do uprawy w gruncie. Owoce smuk\u0142e, grubobrodawkowe o zielonej sk\u00f3rce i ma\u0142ej komorze nasiennej, doskonale nadaj\u0105 si\u0119 do kwaszenia. Ro\u015bliny s\u0105 odporne na parcha dyniowatych i tolerancyjne wobec m\u0105czniaka rzekomego. Wysiew nasiona w maju w rz\u0119dy co 80-100 cm. Sia\u0107 w rz\u0119dach pojedynczo lub gniazdowo po 2-3 nasiona co ... Read moreNasiona Og\u00f3rek gruntowy do kwaszenia Borus F1, 4g","og_url":"https:\/\/selleetools.com\/pl\/product\/nasiona-ogorek-gruntowy-do-kwaszenia-borus-f1-4g\/","og_site_name":"Selleetools.com","article_modified_time":"2026-04-15T15:17:07+00:00","og_image":[{"width":431,"height":791,"url":"https:\/\/selleetools.com\/wp-content\/uploads\/2026\/02\/1dba22d62baa44ad127d14463020c167.png","type":"image\/png"}],"twitter_card":"summary_large_image","twitter_misc":{"Est. reading time":"1 minuta"},"schema":{"@context":"https:\/\/schema.org","@graph":[{"@type":"Organization","@id":"https:\/\/selleetools.com\/#organization","name":"Selleetools","url":"https:\/\/selleetools.com\/","sameAs":[],"logo":{"@type":"ImageObject","inLanguage":"pl-PL","@id":"https:\/\/selleetools.com\/#\/schema\/logo\/image\/","url":"https:\/\/selleetools.com\/wp-content\/uploads\/2021\/10\/logo-dark.png","contentUrl":"https:\/\/selleetools.com\/wp-content\/uploads\/2021\/10\/logo-dark.png","width":320,"height":76,"caption":"Selleetools"},"image":{"@id":"https:\/\/selleetools.com\/#\/schema\/logo\/image\/"}},{"@type":"WebSite","@id":"https:\/\/selleetools.com\/#website","url":"https:\/\/selleetools.com\/","name":"Selleetools.com","description":"","publisher":{"@id":"https:\/\/selleetools.com\/#organization"},"potentialAction":[{"@type":"SearchAction","target":{"@type":"EntryPoint","urlTemplate":"https:\/\/selleetools.com\/?s={search_term_string}"},"query-input":"required name=search_term_string"}],"inLanguage":"pl-PL"},{"@type":"WebPage","@id":"https:\/\/selleetools.com\/pl\/product\/nasiona-ogorek-gruntowy-do-kwaszenia-borus-f1-4g\/","url":"https:\/\/selleetools.com\/pl\/product\/nasiona-ogorek-gruntowy-do-kwaszenia-borus-f1-4g\/","name":"Nasiona Og\u00f3rek gruntowy do kwaszenia Borus F1, 4g - Selleetools.com","isPartOf":{"@id":"https:\/\/selleetools.com\/#website"},"datePublished":"2026-02-19T15:08:28+00:00","dateModified":"2026-04-15T15:17:07+00:00","breadcrumb":{"@id":"https:\/\/selleetools.com\/pl\/product\/nasiona-ogorek-gruntowy-do-kwaszenia-borus-f1-4g\/#breadcrumb"},"inLanguage":"pl-PL","potentialAction":[{"@type":"ReadAction","target":["https:\/\/selleetools.com\/pl\/product\/nasiona-ogorek-gruntowy-do-kwaszenia-borus-f1-4g\/"]}]},{"@type":"BreadcrumbList","@id":"https:\/\/selleetools.com\/pl\/product\/nasiona-ogorek-gruntowy-do-kwaszenia-borus-f1-4g\/#breadcrumb","itemListElement":[{"@type":"ListItem","position":1,"name":"Home","item":"https:\/\/selleetools.com\/pl\/"},{"@type":"ListItem","position":2,"name":"Katalog","item":"https:\/\/selleetools.com\/pl\/katalog\/"},{"@type":"ListItem","position":3,"name":"Nasiona Og\u00f3rek gruntowy do kwaszenia Borus F1, 4g"}]}]}},"_links":{"self":[{"href":"https:\/\/selleetools.com\/pl\/wp-json\/wp\/v2\/product\/673464"}],"collection":[{"href":"https:\/\/selleetools.com\/pl\/wp-json\/wp\/v2\/product"}],"about":[{"href":"https:\/\/selleetools.com\/pl\/wp-json\/wp\/v2\/types\/product"}],"replies":[{"embeddable":true,"href":"https:\/\/selleetools.com\/pl\/wp-json\/wp\/v2\/comments?post=673464"}],"wp:featuredmedia":[{"embeddable":true,"href":"https:\/\/selleetools.com\/pl\/wp-json\/wp\/v2\/media\/673462"}],"wp:attachment":[{"href":"https:\/\/selleetools.com\/pl\/wp-json\/wp\/v2\/media?parent=673464"}],"curies":[{"name":"wp","href":"https:\/\/api.w.org\/{rel}","templated":true}]}}