{"id":673458,"date":"2026-02-19T16:08:22","date_gmt":"2026-02-19T15:08:22","guid":{"rendered":"https:\/\/selleetools.com\/?post_type=product&#038;p=673458"},"modified":"2026-04-15T17:30:03","modified_gmt":"2026-04-15T15:30:03","slug":"biopon-nawoz-do-tui-i-cyprysow-1kg","status":"publish","type":"product","link":"https:\/\/selleetools.com\/pl\/product\/biopon-nawoz-do-tui-i-cyprysow-1kg\/","title":{"rendered":"BIOPON Naw\u00f3z do tui i cyprys\u00f3w 1kg"},"content":{"rendered":"<section class=\"section\">\n<div class=\"item item-12\">\n<section class=\"text-item\">\n<h1>BIOPON Naw\u00f3z do tui i cyprys\u00f3w 1kg<\/h1>\n<p>Specjalistyczny naw\u00f3z granulowany o obni\u017conej zawarto\u015bci chlork\u00f3w, reguluj\u0105cy kwasowo\u015b\u0107 pod\u0142o\u017ca odpowiednio do potrzeb tui i cyprys\u00f3w. Dzi\u0119ki wysokiej zawarto\u015bci magnezu zapobiega br\u0105zowieniu igie\u0142 i \u0142usek oraz zapewnia im intensywn\u0105 ziele\u0144. Dostarcza ro\u015blinom wszystkie niezb\u0119dne sk\u0142adniki od\u017cywcze i utrzymuje w dobrej kondycji przez ca\u0142y rok.<\/p>\n<p>SK\u0141AD:<\/p>\n<ul>\n<li>AZOT 10%,<\/li>\n<li>FOSFOR 5%,<\/li>\n<li>POTAS 10%,<\/li>\n<li>MAGNEZ 5%,<\/li>\n<li>SIARKA 27% + mikroelementy.<\/li>\n<\/ul>\n<\/section><\/div>\n<\/section>\n<section class=\"section\">\n<div class=\"item item-12\">\n<section class=\"image-item\"><img src=\"https:\/\/upload.cdn.baselinker.com\/products\/3028621\/c8fd4bf5a22e013736fb7e990089f2b7.jpg\"><\/section>\n<\/p><\/div>\n<\/section>\n<section class=\"section\">\n<div class=\"item item-12\">\n<section class=\"image-item\"><img src=\"https:\/\/upload.cdn.baselinker.com\/products\/3028621\/c8fd4bf5a22e013736fb7e990089f2b7.jpg\"><\/section>\n<\/p><\/div>\n<\/section>\n","protected":false},"excerpt":{"rendered":"<p>BIOPON Naw\u00f3z do tui i cyprys\u00f3w 1kg Specjalistyczny naw\u00f3z granulowany o obni\u017conej zawarto\u015bci chlork\u00f3w, reguluj\u0105cy kwasowo\u015b\u0107 pod\u0142o\u017ca odpowiednio do potrzeb tui i cyprys\u00f3w. Dzi\u0119ki wysokiej zawarto\u015bci magnezu zapobiega br\u0105zowieniu igie\u0142 i \u0142usek oraz zapewnia im intensywn\u0105 ziele\u0144. Dostarcza ro\u015blinom wszystkie niezb\u0119dne sk\u0142adniki od\u017cywcze i utrzymuje w dobrej kondycji przez ca\u0142y rok. SK\u0141AD: AZOT 10%, FOSFOR &#8230; <a title=\"BIOPON Naw\u00f3z do tui i cyprys\u00f3w 1kg\" class=\"read-more\" href=\"https:\/\/selleetools.com\/pl\/product\/biopon-nawoz-do-tui-i-cyprysow-1kg\/\">Read more<span class=\"screen-reader-text\">BIOPON Naw\u00f3z do tui i cyprys\u00f3w 1kg<\/span><\/a><\/p>\n","protected":false},"featured_media":673456,"comment_status":"open","ping_status":"closed","template":"","meta":{"_links_to":"","_links_to_target":""},"yoast_head":"<!-- This site is optimized with the Yoast SEO plugin v19.4 - https:\/\/yoast.com\/wordpress\/plugins\/seo\/ -->\n<title>BIOPON Naw\u00f3z do tui i cyprys\u00f3w 1kg - Selleetools.com<\/title>\n<meta name=\"robots\" content=\"index, follow, max-snippet:-1, max-image-preview:large, max-video-preview:-1\" \/>\n<link rel=\"canonical\" href=\"https:\/\/selleetools.com\/pl\/product\/biopon-nawoz-do-tui-i-cyprysow-1kg\/\" \/>\n<meta property=\"og:locale\" content=\"pl_PL\" \/>\n<meta property=\"og:type\" content=\"article\" \/>\n<meta property=\"og:title\" content=\"BIOPON Naw\u00f3z do tui i cyprys\u00f3w 1kg - Selleetools.com\" \/>\n<meta property=\"og:description\" content=\"BIOPON Naw\u00f3z do tui i cyprys\u00f3w 1kg Specjalistyczny naw\u00f3z granulowany o obni\u017conej zawarto\u015bci chlork\u00f3w, reguluj\u0105cy kwasowo\u015b\u0107 pod\u0142o\u017ca odpowiednio do potrzeb tui i cyprys\u00f3w. Dzi\u0119ki wysokiej zawarto\u015bci magnezu zapobiega br\u0105zowieniu igie\u0142 i \u0142usek oraz zapewnia im intensywn\u0105 ziele\u0144. Dostarcza ro\u015blinom wszystkie niezb\u0119dne sk\u0142adniki od\u017cywcze i utrzymuje w dobrej kondycji przez ca\u0142y rok. SK\u0141AD: AZOT 10%, FOSFOR ... Read moreBIOPON Naw\u00f3z do tui i cyprys\u00f3w 1kg\" \/>\n<meta property=\"og:url\" content=\"https:\/\/selleetools.com\/pl\/product\/biopon-nawoz-do-tui-i-cyprysow-1kg\/\" \/>\n<meta property=\"og:site_name\" content=\"Selleetools.com\" \/>\n<meta property=\"article:modified_time\" content=\"2026-04-15T15:30:03+00:00\" \/>\n<meta property=\"og:image\" content=\"https:\/\/selleetools.com\/wp-content\/uploads\/2026\/02\/c8fd4bf5a22e013736fb7e990089f2b7.jpg\" \/>\n\t<meta property=\"og:image:width\" content=\"835\" \/>\n\t<meta property=\"og:image:height\" content=\"1200\" \/>\n\t<meta property=\"og:image:type\" content=\"image\/jpeg\" \/>\n<meta name=\"twitter:card\" content=\"summary_large_image\" \/>\n<!-- \/ Yoast SEO plugin. -->","yoast_head_json":{"title":"BIOPON Naw\u00f3z do tui i cyprys\u00f3w 1kg - Selleetools.com","robots":{"index":"index","follow":"follow","max-snippet":"max-snippet:-1","max-image-preview":"max-image-preview:large","max-video-preview":"max-video-preview:-1"},"canonical":"https:\/\/selleetools.com\/pl\/product\/biopon-nawoz-do-tui-i-cyprysow-1kg\/","og_locale":"pl_PL","og_type":"article","og_title":"BIOPON Naw\u00f3z do tui i cyprys\u00f3w 1kg - Selleetools.com","og_description":"BIOPON Naw\u00f3z do tui i cyprys\u00f3w 1kg Specjalistyczny naw\u00f3z granulowany o obni\u017conej zawarto\u015bci chlork\u00f3w, reguluj\u0105cy kwasowo\u015b\u0107 pod\u0142o\u017ca odpowiednio do potrzeb tui i cyprys\u00f3w. Dzi\u0119ki wysokiej zawarto\u015bci magnezu zapobiega br\u0105zowieniu igie\u0142 i \u0142usek oraz zapewnia im intensywn\u0105 ziele\u0144. Dostarcza ro\u015blinom wszystkie niezb\u0119dne sk\u0142adniki od\u017cywcze i utrzymuje w dobrej kondycji przez ca\u0142y rok. SK\u0141AD: AZOT 10%, FOSFOR ... Read moreBIOPON Naw\u00f3z do tui i cyprys\u00f3w 1kg","og_url":"https:\/\/selleetools.com\/pl\/product\/biopon-nawoz-do-tui-i-cyprysow-1kg\/","og_site_name":"Selleetools.com","article_modified_time":"2026-04-15T15:30:03+00:00","og_image":[{"width":835,"height":1200,"url":"https:\/\/selleetools.com\/wp-content\/uploads\/2026\/02\/c8fd4bf5a22e013736fb7e990089f2b7.jpg","type":"image\/jpeg"}],"twitter_card":"summary_large_image","schema":{"@context":"https:\/\/schema.org","@graph":[{"@type":"Organization","@id":"https:\/\/selleetools.com\/#organization","name":"Selleetools","url":"https:\/\/selleetools.com\/","sameAs":[],"logo":{"@type":"ImageObject","inLanguage":"pl-PL","@id":"https:\/\/selleetools.com\/#\/schema\/logo\/image\/","url":"https:\/\/selleetools.com\/wp-content\/uploads\/2021\/10\/logo-dark.png","contentUrl":"https:\/\/selleetools.com\/wp-content\/uploads\/2021\/10\/logo-dark.png","width":320,"height":76,"caption":"Selleetools"},"image":{"@id":"https:\/\/selleetools.com\/#\/schema\/logo\/image\/"}},{"@type":"WebSite","@id":"https:\/\/selleetools.com\/#website","url":"https:\/\/selleetools.com\/","name":"Selleetools.com","description":"","publisher":{"@id":"https:\/\/selleetools.com\/#organization"},"potentialAction":[{"@type":"SearchAction","target":{"@type":"EntryPoint","urlTemplate":"https:\/\/selleetools.com\/?s={search_term_string}"},"query-input":"required name=search_term_string"}],"inLanguage":"pl-PL"},{"@type":"WebPage","@id":"https:\/\/selleetools.com\/pl\/product\/biopon-nawoz-do-tui-i-cyprysow-1kg\/","url":"https:\/\/selleetools.com\/pl\/product\/biopon-nawoz-do-tui-i-cyprysow-1kg\/","name":"BIOPON Naw\u00f3z do tui i cyprys\u00f3w 1kg - Selleetools.com","isPartOf":{"@id":"https:\/\/selleetools.com\/#website"},"datePublished":"2026-02-19T15:08:22+00:00","dateModified":"2026-04-15T15:30:03+00:00","breadcrumb":{"@id":"https:\/\/selleetools.com\/pl\/product\/biopon-nawoz-do-tui-i-cyprysow-1kg\/#breadcrumb"},"inLanguage":"pl-PL","potentialAction":[{"@type":"ReadAction","target":["https:\/\/selleetools.com\/pl\/product\/biopon-nawoz-do-tui-i-cyprysow-1kg\/"]}]},{"@type":"BreadcrumbList","@id":"https:\/\/selleetools.com\/pl\/product\/biopon-nawoz-do-tui-i-cyprysow-1kg\/#breadcrumb","itemListElement":[{"@type":"ListItem","position":1,"name":"Home","item":"https:\/\/selleetools.com\/pl\/"},{"@type":"ListItem","position":2,"name":"Katalog","item":"https:\/\/selleetools.com\/pl\/katalog\/"},{"@type":"ListItem","position":3,"name":"BIOPON Naw\u00f3z do tui i cyprys\u00f3w 1kg"}]}]}},"_links":{"self":[{"href":"https:\/\/selleetools.com\/pl\/wp-json\/wp\/v2\/product\/673458"}],"collection":[{"href":"https:\/\/selleetools.com\/pl\/wp-json\/wp\/v2\/product"}],"about":[{"href":"https:\/\/selleetools.com\/pl\/wp-json\/wp\/v2\/types\/product"}],"replies":[{"embeddable":true,"href":"https:\/\/selleetools.com\/pl\/wp-json\/wp\/v2\/comments?post=673458"}],"wp:featuredmedia":[{"embeddable":true,"href":"https:\/\/selleetools.com\/pl\/wp-json\/wp\/v2\/media\/673456"}],"wp:attachment":[{"href":"https:\/\/selleetools.com\/pl\/wp-json\/wp\/v2\/media?parent=673458"}],"curies":[{"name":"wp","href":"https:\/\/api.w.org\/{rel}","templated":true}]}}