{"id":673444,"date":"2026-02-19T16:08:08","date_gmt":"2026-02-19T15:08:08","guid":{"rendered":"https:\/\/selleetools.com\/?post_type=product&#038;p=673444"},"modified":"2026-04-15T17:17:09","modified_gmt":"2026-04-15T15:17:09","slug":"nasiona-pietruszka-naciowa-moss-curled-2-5g","status":"publish","type":"product","link":"https:\/\/selleetools.com\/pl\/product\/nasiona-pietruszka-naciowa-moss-curled-2-5g\/","title":{"rendered":"Nasiona Pietruszka naciowa Moss Curled 2, 5g"},"content":{"rendered":"<p>Odmiana o li\u015bciach k\u0119dzierzawych. Uprawia si\u0119 dla aromatycznej, bogatej w witaminy i sole mineralne naci.<\/p>\n<p>Uprawa:<br \/>\nWysiew od wiosny do ko\u0144ca lipca w rz\u0119dy co 20-30 cm. Odporna na mr\u00f3z. Mo\u017ce zimowa\u0107 w gruncie. Znosi przesadzanie.<\/p>\n<p>Opakowanie: 5g nasion<\/p>\n<p>Odmiana o li\u015bciach k\u0119dzierzawych. Uprawia si\u0119 dla aromatycznej, bogatej w witaminy i sole mineralne naci.<\/p>\n<p>Uprawa:<br \/>\nWysiew od wiosny do ko\u0144ca lipca w rz\u0119dy co 20-30 cm. Odporna na mr\u00f3z. Mo\u017ce zimowa\u0107 w gruncie. Znosi przesadzanie.<\/p>\n<p>Opakowanie: 5g nasion<\/p>\n","protected":false},"excerpt":{"rendered":"<p>Odmiana o li\u015bciach k\u0119dzierzawych. Uprawia si\u0119 dla aromatycznej, bogatej w witaminy i sole mineralne naci. Uprawa: Wysiew od wiosny do ko\u0144ca lipca w rz\u0119dy co 20-30 cm. Odporna na mr\u00f3z. Mo\u017ce zimowa\u0107 w gruncie. Znosi przesadzanie. Opakowanie: 5g nasion Odmiana o li\u015bciach k\u0119dzierzawych. Uprawia si\u0119 dla aromatycznej, bogatej w witaminy i sole mineralne naci. Uprawa: &#8230; <a title=\"Nasiona Pietruszka naciowa Moss Curled 2, 5g\" class=\"read-more\" href=\"https:\/\/selleetools.com\/pl\/product\/nasiona-pietruszka-naciowa-moss-curled-2-5g\/\">Read more<span class=\"screen-reader-text\">Nasiona Pietruszka naciowa Moss Curled 2, 5g<\/span><\/a><\/p>\n","protected":false},"featured_media":673442,"comment_status":"open","ping_status":"closed","template":"","meta":{"_links_to":"","_links_to_target":""},"yoast_head":"<!-- This site is optimized with the Yoast SEO plugin v19.4 - https:\/\/yoast.com\/wordpress\/plugins\/seo\/ -->\n<title>Nasiona Pietruszka naciowa Moss Curled 2, 5g - Selleetools.com<\/title>\n<meta name=\"robots\" content=\"index, follow, max-snippet:-1, max-image-preview:large, max-video-preview:-1\" \/>\n<link rel=\"canonical\" href=\"https:\/\/selleetools.com\/pl\/product\/nasiona-pietruszka-naciowa-moss-curled-2-5g\/\" \/>\n<meta property=\"og:locale\" content=\"pl_PL\" \/>\n<meta property=\"og:type\" content=\"article\" \/>\n<meta property=\"og:title\" content=\"Nasiona Pietruszka naciowa Moss Curled 2, 5g - Selleetools.com\" \/>\n<meta property=\"og:description\" content=\"Odmiana o li\u015bciach k\u0119dzierzawych. Uprawia si\u0119 dla aromatycznej, bogatej w witaminy i sole mineralne naci. Uprawa: Wysiew od wiosny do ko\u0144ca lipca w rz\u0119dy co 20-30 cm. Odporna na mr\u00f3z. Mo\u017ce zimowa\u0107 w gruncie. Znosi przesadzanie. Opakowanie: 5g nasion Odmiana o li\u015bciach k\u0119dzierzawych. Uprawia si\u0119 dla aromatycznej, bogatej w witaminy i sole mineralne naci. Uprawa: ... Read moreNasiona Pietruszka naciowa Moss Curled 2, 5g\" \/>\n<meta property=\"og:url\" content=\"https:\/\/selleetools.com\/pl\/product\/nasiona-pietruszka-naciowa-moss-curled-2-5g\/\" \/>\n<meta property=\"og:site_name\" content=\"Selleetools.com\" \/>\n<meta property=\"article:modified_time\" content=\"2026-04-15T15:17:09+00:00\" \/>\n<meta property=\"og:image\" content=\"https:\/\/selleetools.com\/wp-content\/uploads\/2026\/02\/ecf2d4c5746796a513b4df5712cb7c60.jpg\" \/>\n\t<meta property=\"og:image:width\" content=\"938\" \/>\n\t<meta property=\"og:image:height\" content=\"1765\" \/>\n\t<meta property=\"og:image:type\" content=\"image\/jpeg\" \/>\n<meta name=\"twitter:card\" content=\"summary_large_image\" \/>\n<!-- \/ Yoast SEO plugin. -->","yoast_head_json":{"title":"Nasiona Pietruszka naciowa Moss Curled 2, 5g - Selleetools.com","robots":{"index":"index","follow":"follow","max-snippet":"max-snippet:-1","max-image-preview":"max-image-preview:large","max-video-preview":"max-video-preview:-1"},"canonical":"https:\/\/selleetools.com\/pl\/product\/nasiona-pietruszka-naciowa-moss-curled-2-5g\/","og_locale":"pl_PL","og_type":"article","og_title":"Nasiona Pietruszka naciowa Moss Curled 2, 5g - Selleetools.com","og_description":"Odmiana o li\u015bciach k\u0119dzierzawych. Uprawia si\u0119 dla aromatycznej, bogatej w witaminy i sole mineralne naci. Uprawa: Wysiew od wiosny do ko\u0144ca lipca w rz\u0119dy co 20-30 cm. Odporna na mr\u00f3z. Mo\u017ce zimowa\u0107 w gruncie. Znosi przesadzanie. Opakowanie: 5g nasion Odmiana o li\u015bciach k\u0119dzierzawych. Uprawia si\u0119 dla aromatycznej, bogatej w witaminy i sole mineralne naci. Uprawa: ... Read moreNasiona Pietruszka naciowa Moss Curled 2, 5g","og_url":"https:\/\/selleetools.com\/pl\/product\/nasiona-pietruszka-naciowa-moss-curled-2-5g\/","og_site_name":"Selleetools.com","article_modified_time":"2026-04-15T15:17:09+00:00","og_image":[{"width":938,"height":1765,"url":"https:\/\/selleetools.com\/wp-content\/uploads\/2026\/02\/ecf2d4c5746796a513b4df5712cb7c60.jpg","type":"image\/jpeg"}],"twitter_card":"summary_large_image","schema":{"@context":"https:\/\/schema.org","@graph":[{"@type":"Organization","@id":"https:\/\/selleetools.com\/#organization","name":"Selleetools","url":"https:\/\/selleetools.com\/","sameAs":[],"logo":{"@type":"ImageObject","inLanguage":"pl-PL","@id":"https:\/\/selleetools.com\/#\/schema\/logo\/image\/","url":"https:\/\/selleetools.com\/wp-content\/uploads\/2021\/10\/logo-dark.png","contentUrl":"https:\/\/selleetools.com\/wp-content\/uploads\/2021\/10\/logo-dark.png","width":320,"height":76,"caption":"Selleetools"},"image":{"@id":"https:\/\/selleetools.com\/#\/schema\/logo\/image\/"}},{"@type":"WebSite","@id":"https:\/\/selleetools.com\/#website","url":"https:\/\/selleetools.com\/","name":"Selleetools.com","description":"","publisher":{"@id":"https:\/\/selleetools.com\/#organization"},"potentialAction":[{"@type":"SearchAction","target":{"@type":"EntryPoint","urlTemplate":"https:\/\/selleetools.com\/?s={search_term_string}"},"query-input":"required name=search_term_string"}],"inLanguage":"pl-PL"},{"@type":"WebPage","@id":"https:\/\/selleetools.com\/pl\/product\/nasiona-pietruszka-naciowa-moss-curled-2-5g\/","url":"https:\/\/selleetools.com\/pl\/product\/nasiona-pietruszka-naciowa-moss-curled-2-5g\/","name":"Nasiona Pietruszka naciowa Moss Curled 2, 5g - Selleetools.com","isPartOf":{"@id":"https:\/\/selleetools.com\/#website"},"datePublished":"2026-02-19T15:08:08+00:00","dateModified":"2026-04-15T15:17:09+00:00","breadcrumb":{"@id":"https:\/\/selleetools.com\/pl\/product\/nasiona-pietruszka-naciowa-moss-curled-2-5g\/#breadcrumb"},"inLanguage":"pl-PL","potentialAction":[{"@type":"ReadAction","target":["https:\/\/selleetools.com\/pl\/product\/nasiona-pietruszka-naciowa-moss-curled-2-5g\/"]}]},{"@type":"BreadcrumbList","@id":"https:\/\/selleetools.com\/pl\/product\/nasiona-pietruszka-naciowa-moss-curled-2-5g\/#breadcrumb","itemListElement":[{"@type":"ListItem","position":1,"name":"Home","item":"https:\/\/selleetools.com\/pl\/"},{"@type":"ListItem","position":2,"name":"Katalog","item":"https:\/\/selleetools.com\/pl\/katalog\/"},{"@type":"ListItem","position":3,"name":"Nasiona Pietruszka naciowa Moss Curled 2, 5g"}]}]}},"_links":{"self":[{"href":"https:\/\/selleetools.com\/pl\/wp-json\/wp\/v2\/product\/673444"}],"collection":[{"href":"https:\/\/selleetools.com\/pl\/wp-json\/wp\/v2\/product"}],"about":[{"href":"https:\/\/selleetools.com\/pl\/wp-json\/wp\/v2\/types\/product"}],"replies":[{"embeddable":true,"href":"https:\/\/selleetools.com\/pl\/wp-json\/wp\/v2\/comments?post=673444"}],"wp:featuredmedia":[{"embeddable":true,"href":"https:\/\/selleetools.com\/pl\/wp-json\/wp\/v2\/media\/673442"}],"wp:attachment":[{"href":"https:\/\/selleetools.com\/pl\/wp-json\/wp\/v2\/media?parent=673444"}],"curies":[{"name":"wp","href":"https:\/\/api.w.org\/{rel}","templated":true}]}}