{"id":673438,"date":"2026-02-19T16:08:01","date_gmt":"2026-02-19T15:08:01","guid":{"rendered":"https:\/\/selleetools.com\/?post_type=product&#038;p=673438"},"modified":"2026-04-15T17:17:10","modified_gmt":"2026-04-15T15:17:10","slug":"nasiona-aster-chinski-karlowy-mieszanka-125g","status":"publish","type":"product","link":"https:\/\/selleetools.com\/pl\/product\/nasiona-aster-chinski-karlowy-mieszanka-125g\/","title":{"rendered":"Nasiona Aster chi\u0144ski kar\u0142owy mieszanka, 1,25g"},"content":{"rendered":"<p>Ro\u015blina jednoroczna wys. 20-30 cm o r\u00f3\u017cnobarwnych kwiatach. Wysiew w marcu &#8211; kwietniu pod os\u0142ony lub na rozsadniku. W temp. 16-20 stopnii wschody nast\u0119puj\u0105 po ok. 2 tygodniach. Na rabaty wysadza\u0107 w maju w rozstawie 30 x 30 cm. Stanowisko s\u0142oneczne. Kwitnie od lipca do pa\u017adziernika. Uprawiana na rabatach i w pojemnikach, stosowana tak\u017ce na obw\u00f3dki.<\/p>\n<p>Ro\u015blina jednoroczna wys. 20-30 cm o r\u00f3\u017cnobarwnych kwiatach. Wysiew w marcu &#8211; kwietniu pod os\u0142ony lub na rozsadniku. W temp. 16-20 stopnii wschody nast\u0119puj\u0105 po ok. 2 tygodniach. Na rabaty wysadza\u0107 w maju w rozstawie 30 x 30 cm. Stanowisko s\u0142oneczne. Kwitnie od lipca do pa\u017adziernika. Uprawiana na rabatach i w pojemnikach, stosowana tak\u017ce na obw\u00f3dki.<\/p>\n","protected":false},"excerpt":{"rendered":"<p>Ro\u015blina jednoroczna wys. 20-30 cm o r\u00f3\u017cnobarwnych kwiatach. Wysiew w marcu &#8211; kwietniu pod os\u0142ony lub na rozsadniku. W temp. 16-20 stopnii wschody nast\u0119puj\u0105 po ok. 2 tygodniach. Na rabaty wysadza\u0107 w maju w rozstawie 30 x 30 cm. Stanowisko s\u0142oneczne. Kwitnie od lipca do pa\u017adziernika. Uprawiana na rabatach i w pojemnikach, stosowana tak\u017ce na &#8230; <a title=\"Nasiona Aster chi\u0144ski kar\u0142owy mieszanka, 1,25g\" class=\"read-more\" href=\"https:\/\/selleetools.com\/pl\/product\/nasiona-aster-chinski-karlowy-mieszanka-125g\/\">Read more<span class=\"screen-reader-text\">Nasiona Aster chi\u0144ski kar\u0142owy mieszanka, 1,25g<\/span><\/a><\/p>\n","protected":false},"featured_media":673436,"comment_status":"open","ping_status":"closed","template":"","meta":{"_links_to":"","_links_to_target":""},"yoast_head":"<!-- This site is optimized with the Yoast SEO plugin v19.4 - https:\/\/yoast.com\/wordpress\/plugins\/seo\/ -->\n<title>Nasiona Aster chi\u0144ski kar\u0142owy mieszanka, 1,25g - Selleetools.com<\/title>\n<meta name=\"robots\" content=\"index, follow, max-snippet:-1, max-image-preview:large, max-video-preview:-1\" \/>\n<link rel=\"canonical\" href=\"https:\/\/selleetools.com\/pl\/product\/nasiona-aster-chinski-karlowy-mieszanka-125g\/\" \/>\n<meta property=\"og:locale\" content=\"pl_PL\" \/>\n<meta property=\"og:type\" content=\"article\" \/>\n<meta property=\"og:title\" content=\"Nasiona Aster chi\u0144ski kar\u0142owy mieszanka, 1,25g - Selleetools.com\" \/>\n<meta property=\"og:description\" content=\"Ro\u015blina jednoroczna wys. 20-30 cm o r\u00f3\u017cnobarwnych kwiatach. Wysiew w marcu &#8211; kwietniu pod os\u0142ony lub na rozsadniku. W temp. 16-20 stopnii wschody nast\u0119puj\u0105 po ok. 2 tygodniach. Na rabaty wysadza\u0107 w maju w rozstawie 30 x 30 cm. Stanowisko s\u0142oneczne. Kwitnie od lipca do pa\u017adziernika. Uprawiana na rabatach i w pojemnikach, stosowana tak\u017ce na ... Read moreNasiona Aster chi\u0144ski kar\u0142owy mieszanka, 1,25g\" \/>\n<meta property=\"og:url\" content=\"https:\/\/selleetools.com\/pl\/product\/nasiona-aster-chinski-karlowy-mieszanka-125g\/\" \/>\n<meta property=\"og:site_name\" content=\"Selleetools.com\" \/>\n<meta property=\"article:modified_time\" content=\"2026-04-15T15:17:10+00:00\" \/>\n<meta property=\"og:image\" content=\"https:\/\/selleetools.com\/wp-content\/uploads\/2026\/02\/d58d9b60ac78dd6675f226a5494db86b.jpg\" \/>\n\t<meta property=\"og:image:width\" content=\"940\" \/>\n\t<meta property=\"og:image:height\" content=\"1769\" \/>\n\t<meta property=\"og:image:type\" content=\"image\/jpeg\" \/>\n<meta name=\"twitter:card\" content=\"summary_large_image\" \/>\n<meta name=\"twitter:label1\" content=\"Est. reading time\" \/>\n\t<meta name=\"twitter:data1\" content=\"1 minuta\" \/>\n<!-- \/ Yoast SEO plugin. -->","yoast_head_json":{"title":"Nasiona Aster chi\u0144ski kar\u0142owy mieszanka, 1,25g - Selleetools.com","robots":{"index":"index","follow":"follow","max-snippet":"max-snippet:-1","max-image-preview":"max-image-preview:large","max-video-preview":"max-video-preview:-1"},"canonical":"https:\/\/selleetools.com\/pl\/product\/nasiona-aster-chinski-karlowy-mieszanka-125g\/","og_locale":"pl_PL","og_type":"article","og_title":"Nasiona Aster chi\u0144ski kar\u0142owy mieszanka, 1,25g - Selleetools.com","og_description":"Ro\u015blina jednoroczna wys. 20-30 cm o r\u00f3\u017cnobarwnych kwiatach. Wysiew w marcu &#8211; kwietniu pod os\u0142ony lub na rozsadniku. W temp. 16-20 stopnii wschody nast\u0119puj\u0105 po ok. 2 tygodniach. Na rabaty wysadza\u0107 w maju w rozstawie 30 x 30 cm. Stanowisko s\u0142oneczne. Kwitnie od lipca do pa\u017adziernika. Uprawiana na rabatach i w pojemnikach, stosowana tak\u017ce na ... Read moreNasiona Aster chi\u0144ski kar\u0142owy mieszanka, 1,25g","og_url":"https:\/\/selleetools.com\/pl\/product\/nasiona-aster-chinski-karlowy-mieszanka-125g\/","og_site_name":"Selleetools.com","article_modified_time":"2026-04-15T15:17:10+00:00","og_image":[{"width":940,"height":1769,"url":"https:\/\/selleetools.com\/wp-content\/uploads\/2026\/02\/d58d9b60ac78dd6675f226a5494db86b.jpg","type":"image\/jpeg"}],"twitter_card":"summary_large_image","twitter_misc":{"Est. reading time":"1 minuta"},"schema":{"@context":"https:\/\/schema.org","@graph":[{"@type":"Organization","@id":"https:\/\/selleetools.com\/#organization","name":"Selleetools","url":"https:\/\/selleetools.com\/","sameAs":[],"logo":{"@type":"ImageObject","inLanguage":"pl-PL","@id":"https:\/\/selleetools.com\/#\/schema\/logo\/image\/","url":"https:\/\/selleetools.com\/wp-content\/uploads\/2021\/10\/logo-dark.png","contentUrl":"https:\/\/selleetools.com\/wp-content\/uploads\/2021\/10\/logo-dark.png","width":320,"height":76,"caption":"Selleetools"},"image":{"@id":"https:\/\/selleetools.com\/#\/schema\/logo\/image\/"}},{"@type":"WebSite","@id":"https:\/\/selleetools.com\/#website","url":"https:\/\/selleetools.com\/","name":"Selleetools.com","description":"","publisher":{"@id":"https:\/\/selleetools.com\/#organization"},"potentialAction":[{"@type":"SearchAction","target":{"@type":"EntryPoint","urlTemplate":"https:\/\/selleetools.com\/?s={search_term_string}"},"query-input":"required name=search_term_string"}],"inLanguage":"pl-PL"},{"@type":"WebPage","@id":"https:\/\/selleetools.com\/pl\/product\/nasiona-aster-chinski-karlowy-mieszanka-125g\/","url":"https:\/\/selleetools.com\/pl\/product\/nasiona-aster-chinski-karlowy-mieszanka-125g\/","name":"Nasiona Aster chi\u0144ski kar\u0142owy mieszanka, 1,25g - Selleetools.com","isPartOf":{"@id":"https:\/\/selleetools.com\/#website"},"datePublished":"2026-02-19T15:08:01+00:00","dateModified":"2026-04-15T15:17:10+00:00","breadcrumb":{"@id":"https:\/\/selleetools.com\/pl\/product\/nasiona-aster-chinski-karlowy-mieszanka-125g\/#breadcrumb"},"inLanguage":"pl-PL","potentialAction":[{"@type":"ReadAction","target":["https:\/\/selleetools.com\/pl\/product\/nasiona-aster-chinski-karlowy-mieszanka-125g\/"]}]},{"@type":"BreadcrumbList","@id":"https:\/\/selleetools.com\/pl\/product\/nasiona-aster-chinski-karlowy-mieszanka-125g\/#breadcrumb","itemListElement":[{"@type":"ListItem","position":1,"name":"Home","item":"https:\/\/selleetools.com\/pl\/"},{"@type":"ListItem","position":2,"name":"Katalog","item":"https:\/\/selleetools.com\/pl\/katalog\/"},{"@type":"ListItem","position":3,"name":"Nasiona Aster chi\u0144ski kar\u0142owy mieszanka, 1,25g"}]}]}},"_links":{"self":[{"href":"https:\/\/selleetools.com\/pl\/wp-json\/wp\/v2\/product\/673438"}],"collection":[{"href":"https:\/\/selleetools.com\/pl\/wp-json\/wp\/v2\/product"}],"about":[{"href":"https:\/\/selleetools.com\/pl\/wp-json\/wp\/v2\/types\/product"}],"replies":[{"embeddable":true,"href":"https:\/\/selleetools.com\/pl\/wp-json\/wp\/v2\/comments?post=673438"}],"wp:featuredmedia":[{"embeddable":true,"href":"https:\/\/selleetools.com\/pl\/wp-json\/wp\/v2\/media\/673436"}],"wp:attachment":[{"href":"https:\/\/selleetools.com\/pl\/wp-json\/wp\/v2\/media?parent=673438"}],"curies":[{"name":"wp","href":"https:\/\/api.w.org\/{rel}","templated":true}]}}