{"id":673435,"date":"2026-02-19T16:07:58","date_gmt":"2026-02-19T15:07:58","guid":{"rendered":"https:\/\/selleetools.com\/?post_type=product&#038;p=673435"},"modified":"2026-04-15T17:17:10","modified_gmt":"2026-04-15T15:17:10","slug":"nasiona-fasola-szparagowa-karlowa-berggold-zolta","status":"publish","type":"product","link":"https:\/\/selleetools.com\/pl\/product\/nasiona-fasola-szparagowa-karlowa-berggold-zolta\/","title":{"rendered":"Nasiona Fasola szparagowa kar\u0142owa Berggold-\u017c\u00f3\u0142ta"},"content":{"rendered":"<p>Wczesna odmiana tworz\u0105ca str\u0105ki \u017c\u00f3\u0142te d\u0142ugo\u015bci do 13cm i \u015brednicy do 8-9mm na przekroju poprzecznym okr\u0105g\u0142e. Przydatna do bezpo\u015bredniego spo\u017cycia i przetw\u00f3rstwa. Wysokie osadzenie str\u0105k\u00f3w na ro\u015blinach ma korzystny wp\u0142yw na ich zdrowotno\u015b\u0107.<\/p>\n<p>Odmiana: Berggold<br \/>\nLiczba dni od siewu do zbioru: 65-70<br \/>\nStr\u0105k d\u0142ugo\u015b\u0107\/ szeroko\u015b\u0107 [cm\/mm] 12-13\/8<br \/>\nBarwa: \u017c\u00f3\u0142ta<br \/>\nPrzydatno\u015b\u0107: bezpo\u015brednie spo\u017cycie &#8211; bardzo dobra, konserwowanie &#8211; bardzo dobra, mro\u017cenie \u2013 bardzo dobra<br \/>\nOdporno\u015b\u0107 na choroby: Wirus mozaiki fasoli, Antraknoza fasoli, Bakterioza fasoli<br \/>\nUwagi: nadaje si\u0119 do mechanicznego zbioru<\/p>\n<p>Uprawa:<br \/>\nWysiew nasion od po\u0142owy maja do po\u0142owy lipca rozstawie 35-45x 7-10cm, na g\u0142\u0119boko\u015b\u0107 2-3cm.<\/p>\n<p>Opakowanie: 40g + gratis 10g = 50g nasion<\/p>\n<p>Wczesna odmiana tworz\u0105ca str\u0105ki \u017c\u00f3\u0142te d\u0142ugo\u015bci do 13cm i \u015brednicy do 8-9mm na przekroju poprzecznym okr\u0105g\u0142e. Przydatna do bezpo\u015bredniego spo\u017cycia i przetw\u00f3rstwa. Wysokie osadzenie str\u0105k\u00f3w na ro\u015blinach ma korzystny wp\u0142yw na ich zdrowotno\u015b\u0107.<\/p>\n<p>Odmiana: Berggold<br \/>\nLiczba dni od siewu do zbioru: 65-70<br \/>\nStr\u0105k d\u0142ugo\u015b\u0107\/ szeroko\u015b\u0107 [cm\/mm] 12-13\/8<br \/>\nBarwa: \u017c\u00f3\u0142ta<br \/>\nPrzydatno\u015b\u0107: bezpo\u015brednie spo\u017cycie &#8211; bardzo dobra, konserwowanie &#8211; bardzo dobra, mro\u017cenie \u2013 bardzo dobra<br \/>\nOdporno\u015b\u0107 na choroby: Wirus mozaiki fasoli, Antraknoza fasoli, Bakterioza fasoli<br \/>\nUwagi: nadaje si\u0119 do mechanicznego zbioru<\/p>\n<p>Uprawa:<br \/>\nWysiew nasion od po\u0142owy maja do po\u0142owy lipca rozstawie 35-45x 7-10cm, na g\u0142\u0119boko\u015b\u0107 2-3cm.<\/p>\n<p>Opakowanie: 40g + gratis 10g = 50g nasion<\/p>\n","protected":false},"excerpt":{"rendered":"<p>Wczesna odmiana tworz\u0105ca str\u0105ki \u017c\u00f3\u0142te d\u0142ugo\u015bci do 13cm i \u015brednicy do 8-9mm na przekroju poprzecznym okr\u0105g\u0142e. Przydatna do bezpo\u015bredniego spo\u017cycia i przetw\u00f3rstwa. Wysokie osadzenie str\u0105k\u00f3w na ro\u015blinach ma korzystny wp\u0142yw na ich zdrowotno\u015b\u0107. Odmiana: Berggold Liczba dni od siewu do zbioru: 65-70 Str\u0105k d\u0142ugo\u015b\u0107\/ szeroko\u015b\u0107 [cm\/mm] 12-13\/8 Barwa: \u017c\u00f3\u0142ta Przydatno\u015b\u0107: bezpo\u015brednie spo\u017cycie &#8211; bardzo dobra, &#8230; <a title=\"Nasiona Fasola szparagowa kar\u0142owa Berggold-\u017c\u00f3\u0142ta\" class=\"read-more\" href=\"https:\/\/selleetools.com\/pl\/product\/nasiona-fasola-szparagowa-karlowa-berggold-zolta\/\">Read more<span class=\"screen-reader-text\">Nasiona Fasola szparagowa kar\u0142owa Berggold-\u017c\u00f3\u0142ta<\/span><\/a><\/p>\n","protected":false},"featured_media":673433,"comment_status":"open","ping_status":"closed","template":"","meta":{"_links_to":"","_links_to_target":""},"yoast_head":"<!-- This site is optimized with the Yoast SEO plugin v19.4 - https:\/\/yoast.com\/wordpress\/plugins\/seo\/ -->\n<title>Nasiona Fasola szparagowa kar\u0142owa Berggold-\u017c\u00f3\u0142ta - Selleetools.com<\/title>\n<meta name=\"robots\" content=\"index, follow, max-snippet:-1, max-image-preview:large, max-video-preview:-1\" \/>\n<link rel=\"canonical\" href=\"https:\/\/selleetools.com\/pl\/product\/nasiona-fasola-szparagowa-karlowa-berggold-zolta\/\" \/>\n<meta property=\"og:locale\" content=\"pl_PL\" \/>\n<meta property=\"og:type\" content=\"article\" \/>\n<meta property=\"og:title\" content=\"Nasiona Fasola szparagowa kar\u0142owa Berggold-\u017c\u00f3\u0142ta - Selleetools.com\" \/>\n<meta property=\"og:description\" content=\"Wczesna odmiana tworz\u0105ca str\u0105ki \u017c\u00f3\u0142te d\u0142ugo\u015bci do 13cm i \u015brednicy do 8-9mm na przekroju poprzecznym okr\u0105g\u0142e. Przydatna do bezpo\u015bredniego spo\u017cycia i przetw\u00f3rstwa. Wysokie osadzenie str\u0105k\u00f3w na ro\u015blinach ma korzystny wp\u0142yw na ich zdrowotno\u015b\u0107. Odmiana: Berggold Liczba dni od siewu do zbioru: 65-70 Str\u0105k d\u0142ugo\u015b\u0107\/ szeroko\u015b\u0107 [cm\/mm] 12-13\/8 Barwa: \u017c\u00f3\u0142ta Przydatno\u015b\u0107: bezpo\u015brednie spo\u017cycie &#8211; bardzo dobra, ... Read moreNasiona Fasola szparagowa kar\u0142owa Berggold-\u017c\u00f3\u0142ta\" \/>\n<meta property=\"og:url\" content=\"https:\/\/selleetools.com\/pl\/product\/nasiona-fasola-szparagowa-karlowa-berggold-zolta\/\" \/>\n<meta property=\"og:site_name\" content=\"Selleetools.com\" \/>\n<meta property=\"article:modified_time\" content=\"2026-04-15T15:17:10+00:00\" \/>\n<meta property=\"og:image\" content=\"https:\/\/selleetools.com\/wp-content\/uploads\/2026\/02\/f2a15f1a6ab6b2f25165786572ce046a.jpg\" \/>\n\t<meta property=\"og:image:width\" content=\"1351\" \/>\n\t<meta property=\"og:image:height\" content=\"1881\" \/>\n\t<meta property=\"og:image:type\" content=\"image\/jpeg\" \/>\n<meta name=\"twitter:card\" content=\"summary_large_image\" \/>\n<meta name=\"twitter:label1\" content=\"Est. reading time\" \/>\n\t<meta name=\"twitter:data1\" content=\"1 minuta\" \/>\n<!-- \/ Yoast SEO plugin. -->","yoast_head_json":{"title":"Nasiona Fasola szparagowa kar\u0142owa Berggold-\u017c\u00f3\u0142ta - Selleetools.com","robots":{"index":"index","follow":"follow","max-snippet":"max-snippet:-1","max-image-preview":"max-image-preview:large","max-video-preview":"max-video-preview:-1"},"canonical":"https:\/\/selleetools.com\/pl\/product\/nasiona-fasola-szparagowa-karlowa-berggold-zolta\/","og_locale":"pl_PL","og_type":"article","og_title":"Nasiona Fasola szparagowa kar\u0142owa Berggold-\u017c\u00f3\u0142ta - Selleetools.com","og_description":"Wczesna odmiana tworz\u0105ca str\u0105ki \u017c\u00f3\u0142te d\u0142ugo\u015bci do 13cm i \u015brednicy do 8-9mm na przekroju poprzecznym okr\u0105g\u0142e. Przydatna do bezpo\u015bredniego spo\u017cycia i przetw\u00f3rstwa. Wysokie osadzenie str\u0105k\u00f3w na ro\u015blinach ma korzystny wp\u0142yw na ich zdrowotno\u015b\u0107. Odmiana: Berggold Liczba dni od siewu do zbioru: 65-70 Str\u0105k d\u0142ugo\u015b\u0107\/ szeroko\u015b\u0107 [cm\/mm] 12-13\/8 Barwa: \u017c\u00f3\u0142ta Przydatno\u015b\u0107: bezpo\u015brednie spo\u017cycie &#8211; bardzo dobra, ... Read moreNasiona Fasola szparagowa kar\u0142owa Berggold-\u017c\u00f3\u0142ta","og_url":"https:\/\/selleetools.com\/pl\/product\/nasiona-fasola-szparagowa-karlowa-berggold-zolta\/","og_site_name":"Selleetools.com","article_modified_time":"2026-04-15T15:17:10+00:00","og_image":[{"width":1351,"height":1881,"url":"https:\/\/selleetools.com\/wp-content\/uploads\/2026\/02\/f2a15f1a6ab6b2f25165786572ce046a.jpg","type":"image\/jpeg"}],"twitter_card":"summary_large_image","twitter_misc":{"Est. reading time":"1 minuta"},"schema":{"@context":"https:\/\/schema.org","@graph":[{"@type":"Organization","@id":"https:\/\/selleetools.com\/#organization","name":"Selleetools","url":"https:\/\/selleetools.com\/","sameAs":[],"logo":{"@type":"ImageObject","inLanguage":"pl-PL","@id":"https:\/\/selleetools.com\/#\/schema\/logo\/image\/","url":"https:\/\/selleetools.com\/wp-content\/uploads\/2021\/10\/logo-dark.png","contentUrl":"https:\/\/selleetools.com\/wp-content\/uploads\/2021\/10\/logo-dark.png","width":320,"height":76,"caption":"Selleetools"},"image":{"@id":"https:\/\/selleetools.com\/#\/schema\/logo\/image\/"}},{"@type":"WebSite","@id":"https:\/\/selleetools.com\/#website","url":"https:\/\/selleetools.com\/","name":"Selleetools.com","description":"","publisher":{"@id":"https:\/\/selleetools.com\/#organization"},"potentialAction":[{"@type":"SearchAction","target":{"@type":"EntryPoint","urlTemplate":"https:\/\/selleetools.com\/?s={search_term_string}"},"query-input":"required name=search_term_string"}],"inLanguage":"pl-PL"},{"@type":"WebPage","@id":"https:\/\/selleetools.com\/pl\/product\/nasiona-fasola-szparagowa-karlowa-berggold-zolta\/","url":"https:\/\/selleetools.com\/pl\/product\/nasiona-fasola-szparagowa-karlowa-berggold-zolta\/","name":"Nasiona Fasola szparagowa kar\u0142owa Berggold-\u017c\u00f3\u0142ta - Selleetools.com","isPartOf":{"@id":"https:\/\/selleetools.com\/#website"},"datePublished":"2026-02-19T15:07:58+00:00","dateModified":"2026-04-15T15:17:10+00:00","breadcrumb":{"@id":"https:\/\/selleetools.com\/pl\/product\/nasiona-fasola-szparagowa-karlowa-berggold-zolta\/#breadcrumb"},"inLanguage":"pl-PL","potentialAction":[{"@type":"ReadAction","target":["https:\/\/selleetools.com\/pl\/product\/nasiona-fasola-szparagowa-karlowa-berggold-zolta\/"]}]},{"@type":"BreadcrumbList","@id":"https:\/\/selleetools.com\/pl\/product\/nasiona-fasola-szparagowa-karlowa-berggold-zolta\/#breadcrumb","itemListElement":[{"@type":"ListItem","position":1,"name":"Home","item":"https:\/\/selleetools.com\/pl\/"},{"@type":"ListItem","position":2,"name":"Katalog","item":"https:\/\/selleetools.com\/pl\/katalog\/"},{"@type":"ListItem","position":3,"name":"Nasiona Fasola szparagowa kar\u0142owa Berggold-\u017c\u00f3\u0142ta"}]}]}},"_links":{"self":[{"href":"https:\/\/selleetools.com\/pl\/wp-json\/wp\/v2\/product\/673435"}],"collection":[{"href":"https:\/\/selleetools.com\/pl\/wp-json\/wp\/v2\/product"}],"about":[{"href":"https:\/\/selleetools.com\/pl\/wp-json\/wp\/v2\/types\/product"}],"replies":[{"embeddable":true,"href":"https:\/\/selleetools.com\/pl\/wp-json\/wp\/v2\/comments?post=673435"}],"wp:featuredmedia":[{"embeddable":true,"href":"https:\/\/selleetools.com\/pl\/wp-json\/wp\/v2\/media\/673433"}],"wp:attachment":[{"href":"https:\/\/selleetools.com\/pl\/wp-json\/wp\/v2\/media?parent=673435"}],"curies":[{"name":"wp","href":"https:\/\/api.w.org\/{rel}","templated":true}]}}