{"id":673395,"date":"2026-02-19T16:07:18","date_gmt":"2026-02-19T15:07:18","guid":{"rendered":"https:\/\/selleetools.com\/?post_type=product&#038;p=673395"},"modified":"2026-04-15T17:27:29","modified_gmt":"2026-04-15T15:27:29","slug":"nasiona-nasturcja-niska-night-day-5g","status":"publish","type":"product","link":"https:\/\/selleetools.com\/pl\/product\/nasiona-nasturcja-niska-night-day-5g\/","title":{"rendered":"Nasiona Nasturcja niska Night &#038; Day, 5g"},"content":{"rendered":"<p>Seria nasion &#8221; Domowy Ogr\u00f3d&#8221; umo\u017cliwia stworzenie w\u0142asnego ogr\u00f3dka w doniczce, pojemniku lub skrzyce. Post\u0119puj\u0105c zgodnie z instrukcja znajdu\u0105c\u0105 si\u0119 na opakowniu przekonasz si\u0119 jak w \u0142atwy spos\u00f3b mo\u017ca uprawia\u0107 ro\u015bliny w mieszkaniu na balkonie czy tarasie. Bez potrzeby posiadania ogr\u00f3dka b\u0119dziesz mia\u0142 dost\u0119p do w\u0142asnych warzyw i zi\u00f3\u0142. A kwiaty kwitn\u0105ce w skrzynkach lub donicach b\u0119d\u0105 cieszyszy\u0107 swoim wygl\u0105dem. Nasiona nasturcji po zamarynowaniu mog\u0105 by\u0107 u\u017cyte jako substytut kapar\u00f3w . Nasturcja lubi stanowisko s\u0142oneczne lub p\u00f3\u0142cieniste. Kwitnie od lipca do pa\u017adziernika<\/p>\n<p>Wysiewaj nasiona w maju<\/p>\n<p>Seria nasion &#8221; Domowy Ogr\u00f3d&#8221; umo\u017cliwia stworzenie w\u0142asnego ogr\u00f3dka w doniczce, pojemniku lub skrzyce. Post\u0119puj\u0105c zgodnie z instrukcja znajdu\u0105c\u0105 si\u0119 na opakowniu przekonasz si\u0119 jak w \u0142atwy spos\u00f3b mo\u017ca uprawia\u0107 ro\u015bliny w mieszkaniu na balkonie czy tarasie. Bez potrzeby posiadania ogr\u00f3dka b\u0119dziesz mia\u0142 dost\u0119p do w\u0142asnych warzyw i zi\u00f3\u0142. A kwiaty kwitn\u0105ce w skrzynkach lub donicach b\u0119d\u0105 cieszyszy\u0107 swoim wygl\u0105dem. Nasiona nasturcji po zamarynowaniu mog\u0105 by\u0107 u\u017cyte jako substytut kapar\u00f3w . Nasturcja lubi stanowisko s\u0142oneczne lub p\u00f3\u0142cieniste. Kwitnie od lipca do pa\u017adziernika<\/p>\n<p>Wysiewaj nasiona w maju<\/p>\n","protected":false},"excerpt":{"rendered":"<p>Seria nasion &#8221; Domowy Ogr\u00f3d&#8221; umo\u017cliwia stworzenie w\u0142asnego ogr\u00f3dka w doniczce, pojemniku lub skrzyce. Post\u0119puj\u0105c zgodnie z instrukcja znajdu\u0105c\u0105 si\u0119 na opakowniu przekonasz si\u0119 jak w \u0142atwy spos\u00f3b mo\u017ca uprawia\u0107 ro\u015bliny w mieszkaniu na balkonie czy tarasie. Bez potrzeby posiadania ogr\u00f3dka b\u0119dziesz mia\u0142 dost\u0119p do w\u0142asnych warzyw i zi\u00f3\u0142. A kwiaty kwitn\u0105ce w skrzynkach lub &#8230; <a title=\"Nasiona Nasturcja niska Night &#038; Day, 5g\" class=\"read-more\" href=\"https:\/\/selleetools.com\/pl\/product\/nasiona-nasturcja-niska-night-day-5g\/\">Read more<span class=\"screen-reader-text\">Nasiona Nasturcja niska Night &#038; Day, 5g<\/span><\/a><\/p>\n","protected":false},"featured_media":673393,"comment_status":"open","ping_status":"closed","template":"","meta":{"_links_to":"","_links_to_target":""},"yoast_head":"<!-- This site is optimized with the Yoast SEO plugin v19.4 - https:\/\/yoast.com\/wordpress\/plugins\/seo\/ -->\n<title>Nasiona Nasturcja niska Night &amp; Day, 5g - Selleetools.com<\/title>\n<meta name=\"robots\" content=\"index, follow, max-snippet:-1, max-image-preview:large, max-video-preview:-1\" \/>\n<link rel=\"canonical\" href=\"https:\/\/selleetools.com\/pl\/product\/nasiona-nasturcja-niska-night-day-5g\/\" \/>\n<meta property=\"og:locale\" content=\"pl_PL\" \/>\n<meta property=\"og:type\" content=\"article\" \/>\n<meta property=\"og:title\" content=\"Nasiona Nasturcja niska Night &amp; Day, 5g - Selleetools.com\" \/>\n<meta property=\"og:description\" content=\"Seria nasion &#8221; Domowy Ogr\u00f3d&#8221; umo\u017cliwia stworzenie w\u0142asnego ogr\u00f3dka w doniczce, pojemniku lub skrzyce. Post\u0119puj\u0105c zgodnie z instrukcja znajdu\u0105c\u0105 si\u0119 na opakowniu przekonasz si\u0119 jak w \u0142atwy spos\u00f3b mo\u017ca uprawia\u0107 ro\u015bliny w mieszkaniu na balkonie czy tarasie. Bez potrzeby posiadania ogr\u00f3dka b\u0119dziesz mia\u0142 dost\u0119p do w\u0142asnych warzyw i zi\u00f3\u0142. A kwiaty kwitn\u0105ce w skrzynkach lub ... Read moreNasiona Nasturcja niska Night &#038; Day, 5g\" \/>\n<meta property=\"og:url\" content=\"https:\/\/selleetools.com\/pl\/product\/nasiona-nasturcja-niska-night-day-5g\/\" \/>\n<meta property=\"og:site_name\" content=\"Selleetools.com\" \/>\n<meta property=\"article:modified_time\" content=\"2026-04-15T15:27:29+00:00\" \/>\n<meta property=\"og:image\" content=\"https:\/\/selleetools.com\/wp-content\/uploads\/2026\/02\/3c39595331feb32855249408fae3ef26.jpg\" \/>\n\t<meta property=\"og:image:width\" content=\"1354\" \/>\n\t<meta property=\"og:image:height\" content=\"1882\" \/>\n\t<meta property=\"og:image:type\" content=\"image\/jpeg\" \/>\n<meta name=\"twitter:card\" content=\"summary_large_image\" \/>\n<meta name=\"twitter:label1\" content=\"Est. reading time\" \/>\n\t<meta name=\"twitter:data1\" content=\"1 minuta\" \/>\n<!-- \/ Yoast SEO plugin. -->","yoast_head_json":{"title":"Nasiona Nasturcja niska Night & Day, 5g - Selleetools.com","robots":{"index":"index","follow":"follow","max-snippet":"max-snippet:-1","max-image-preview":"max-image-preview:large","max-video-preview":"max-video-preview:-1"},"canonical":"https:\/\/selleetools.com\/pl\/product\/nasiona-nasturcja-niska-night-day-5g\/","og_locale":"pl_PL","og_type":"article","og_title":"Nasiona Nasturcja niska Night & Day, 5g - Selleetools.com","og_description":"Seria nasion &#8221; Domowy Ogr\u00f3d&#8221; umo\u017cliwia stworzenie w\u0142asnego ogr\u00f3dka w doniczce, pojemniku lub skrzyce. Post\u0119puj\u0105c zgodnie z instrukcja znajdu\u0105c\u0105 si\u0119 na opakowniu przekonasz si\u0119 jak w \u0142atwy spos\u00f3b mo\u017ca uprawia\u0107 ro\u015bliny w mieszkaniu na balkonie czy tarasie. Bez potrzeby posiadania ogr\u00f3dka b\u0119dziesz mia\u0142 dost\u0119p do w\u0142asnych warzyw i zi\u00f3\u0142. A kwiaty kwitn\u0105ce w skrzynkach lub ... Read moreNasiona Nasturcja niska Night &#038; Day, 5g","og_url":"https:\/\/selleetools.com\/pl\/product\/nasiona-nasturcja-niska-night-day-5g\/","og_site_name":"Selleetools.com","article_modified_time":"2026-04-15T15:27:29+00:00","og_image":[{"width":1354,"height":1882,"url":"https:\/\/selleetools.com\/wp-content\/uploads\/2026\/02\/3c39595331feb32855249408fae3ef26.jpg","type":"image\/jpeg"}],"twitter_card":"summary_large_image","twitter_misc":{"Est. reading time":"1 minuta"},"schema":{"@context":"https:\/\/schema.org","@graph":[{"@type":"Organization","@id":"https:\/\/selleetools.com\/#organization","name":"Selleetools","url":"https:\/\/selleetools.com\/","sameAs":[],"logo":{"@type":"ImageObject","inLanguage":"pl-PL","@id":"https:\/\/selleetools.com\/#\/schema\/logo\/image\/","url":"https:\/\/selleetools.com\/wp-content\/uploads\/2021\/10\/logo-dark.png","contentUrl":"https:\/\/selleetools.com\/wp-content\/uploads\/2021\/10\/logo-dark.png","width":320,"height":76,"caption":"Selleetools"},"image":{"@id":"https:\/\/selleetools.com\/#\/schema\/logo\/image\/"}},{"@type":"WebSite","@id":"https:\/\/selleetools.com\/#website","url":"https:\/\/selleetools.com\/","name":"Selleetools.com","description":"","publisher":{"@id":"https:\/\/selleetools.com\/#organization"},"potentialAction":[{"@type":"SearchAction","target":{"@type":"EntryPoint","urlTemplate":"https:\/\/selleetools.com\/?s={search_term_string}"},"query-input":"required name=search_term_string"}],"inLanguage":"pl-PL"},{"@type":"WebPage","@id":"https:\/\/selleetools.com\/pl\/product\/nasiona-nasturcja-niska-night-day-5g\/","url":"https:\/\/selleetools.com\/pl\/product\/nasiona-nasturcja-niska-night-day-5g\/","name":"Nasiona Nasturcja niska Night & Day, 5g - Selleetools.com","isPartOf":{"@id":"https:\/\/selleetools.com\/#website"},"datePublished":"2026-02-19T15:07:18+00:00","dateModified":"2026-04-15T15:27:29+00:00","breadcrumb":{"@id":"https:\/\/selleetools.com\/pl\/product\/nasiona-nasturcja-niska-night-day-5g\/#breadcrumb"},"inLanguage":"pl-PL","potentialAction":[{"@type":"ReadAction","target":["https:\/\/selleetools.com\/pl\/product\/nasiona-nasturcja-niska-night-day-5g\/"]}]},{"@type":"BreadcrumbList","@id":"https:\/\/selleetools.com\/pl\/product\/nasiona-nasturcja-niska-night-day-5g\/#breadcrumb","itemListElement":[{"@type":"ListItem","position":1,"name":"Home","item":"https:\/\/selleetools.com\/pl\/"},{"@type":"ListItem","position":2,"name":"Katalog","item":"https:\/\/selleetools.com\/pl\/katalog\/"},{"@type":"ListItem","position":3,"name":"Nasiona Nasturcja niska Night &#038; Day, 5g"}]}]}},"_links":{"self":[{"href":"https:\/\/selleetools.com\/pl\/wp-json\/wp\/v2\/product\/673395"}],"collection":[{"href":"https:\/\/selleetools.com\/pl\/wp-json\/wp\/v2\/product"}],"about":[{"href":"https:\/\/selleetools.com\/pl\/wp-json\/wp\/v2\/types\/product"}],"replies":[{"embeddable":true,"href":"https:\/\/selleetools.com\/pl\/wp-json\/wp\/v2\/comments?post=673395"}],"wp:featuredmedia":[{"embeddable":true,"href":"https:\/\/selleetools.com\/pl\/wp-json\/wp\/v2\/media\/673393"}],"wp:attachment":[{"href":"https:\/\/selleetools.com\/pl\/wp-json\/wp\/v2\/media?parent=673395"}],"curies":[{"name":"wp","href":"https:\/\/api.w.org\/{rel}","templated":true}]}}