{"id":673380,"date":"2026-02-19T16:07:03","date_gmt":"2026-02-19T15:07:03","guid":{"rendered":"https:\/\/selleetools.com\/?post_type=product&#038;p=673380"},"modified":"2026-04-15T17:27:29","modified_gmt":"2026-04-15T15:27:29","slug":"nasiona-pietruszka-naciowa-festival-68-5g","status":"publish","type":"product","link":"https:\/\/selleetools.com\/pl\/product\/nasiona-pietruszka-naciowa-festival-68-5g\/","title":{"rendered":"Nasiona Pietruszka naciowa Festival 68, 5g"},"content":{"rendered":"<p>Doskona\u0142a odmiana pietruszki li\u015bciowej. Polecana do produkcji natki na bezpo\u015brednie spo\u017cycie, jak i do suszenia. Li\u015bcie g\u0142adkie o silnym aromacie, bogate w witaminy i sole mineralne. Polecana jako dodatek do potraw. Ro\u015bliny nie tworz\u0105 grubego korzenia palowego (korzenie rozwidlone). Pierwszy zbi\u00f3r naci przypada po oko\u0142o 100 dniach od wysiewu nasion. W latach sprzyjaj\u0105cych mo\u017cna uzyska\u0107 trzy zbiory li\u015bci. Odmiana ta nadaje si\u0119 r\u00f3wnie\u017c do uprawy pod os\u0142onami.<\/p>\n<p>Uprawa:<br \/>\nNa zbi\u00f3r wiosenny zaleca si\u0119 wysiewa\u0107 nasiona w sierpniu, natomiast na zbi\u00f3r letni i jesienny od marca do czerwca. Nasiona wysiewa\u0107 w rz\u0119dy co 20-30 cm, na g\u0142\u0119boko\u015b\u0107 1-2 cm. Wschody nast\u0119puj\u0105 po oko\u0142o 3 tygodniach. M\u0142ode ro\u015bliny mo\u017cna przesadza\u0107.<\/p>\n<p>Opakowanie: 5g nasion<\/p>\n<p>Doskona\u0142a odmiana pietruszki li\u015bciowej. Polecana do produkcji natki na bezpo\u015brednie spo\u017cycie, jak i do suszenia. Li\u015bcie g\u0142adkie o silnym aromacie, bogate w witaminy i sole mineralne. Polecana jako dodatek do potraw. Ro\u015bliny nie tworz\u0105 grubego korzenia palowego (korzenie rozwidlone). Pierwszy zbi\u00f3r naci przypada po oko\u0142o 100 dniach od wysiewu nasion. W latach sprzyjaj\u0105cych mo\u017cna uzyska\u0107 trzy zbiory li\u015bci. Odmiana ta nadaje si\u0119 r\u00f3wnie\u017c do uprawy pod os\u0142onami.<\/p>\n<p>Uprawa:<br \/>\nNa zbi\u00f3r wiosenny zaleca si\u0119 wysiewa\u0107 nasiona w sierpniu, natomiast na zbi\u00f3r letni i jesienny od marca do czerwca. Nasiona wysiewa\u0107 w rz\u0119dy co 20-30 cm, na g\u0142\u0119boko\u015b\u0107 1-2 cm. Wschody nast\u0119puj\u0105 po oko\u0142o 3 tygodniach. M\u0142ode ro\u015bliny mo\u017cna przesadza\u0107.<\/p>\n<p>Opakowanie: 5g nasion<\/p>\n","protected":false},"excerpt":{"rendered":"<p>Doskona\u0142a odmiana pietruszki li\u015bciowej. Polecana do produkcji natki na bezpo\u015brednie spo\u017cycie, jak i do suszenia. Li\u015bcie g\u0142adkie o silnym aromacie, bogate w witaminy i sole mineralne. Polecana jako dodatek do potraw. Ro\u015bliny nie tworz\u0105 grubego korzenia palowego (korzenie rozwidlone). Pierwszy zbi\u00f3r naci przypada po oko\u0142o 100 dniach od wysiewu nasion. W latach sprzyjaj\u0105cych mo\u017cna uzyska\u0107 &#8230; <a title=\"Nasiona Pietruszka naciowa Festival 68, 5g\" class=\"read-more\" href=\"https:\/\/selleetools.com\/pl\/product\/nasiona-pietruszka-naciowa-festival-68-5g\/\">Read more<span class=\"screen-reader-text\">Nasiona Pietruszka naciowa Festival 68, 5g<\/span><\/a><\/p>\n","protected":false},"featured_media":673376,"comment_status":"open","ping_status":"closed","template":"","meta":{"_links_to":"","_links_to_target":""},"yoast_head":"<!-- This site is optimized with the Yoast SEO plugin v19.4 - https:\/\/yoast.com\/wordpress\/plugins\/seo\/ -->\n<title>Nasiona Pietruszka naciowa Festival 68, 5g - Selleetools.com<\/title>\n<meta name=\"robots\" content=\"index, follow, max-snippet:-1, max-image-preview:large, max-video-preview:-1\" \/>\n<link rel=\"canonical\" href=\"https:\/\/selleetools.com\/product\/nasiona-pietruszka-naciowa-festival-68-5g\/\" \/>\n<meta property=\"og:locale\" content=\"pl_PL\" \/>\n<meta property=\"og:type\" content=\"article\" \/>\n<meta property=\"og:title\" content=\"Nasiona Pietruszka naciowa Festival 68, 5g - Selleetools.com\" \/>\n<meta property=\"og:description\" content=\"Doskona\u0142a odmiana pietruszki li\u015bciowej. Polecana do produkcji natki na bezpo\u015brednie spo\u017cycie, jak i do suszenia. Li\u015bcie g\u0142adkie o silnym aromacie, bogate w witaminy i sole mineralne. Polecana jako dodatek do potraw. Ro\u015bliny nie tworz\u0105 grubego korzenia palowego (korzenie rozwidlone). Pierwszy zbi\u00f3r naci przypada po oko\u0142o 100 dniach od wysiewu nasion. W latach sprzyjaj\u0105cych mo\u017cna uzyska\u0107 ... Read moreNasiona Pietruszka naciowa Festival 68, 5g\" \/>\n<meta property=\"og:url\" content=\"https:\/\/selleetools.com\/product\/nasiona-pietruszka-naciowa-festival-68-5g\/\" \/>\n<meta property=\"og:site_name\" content=\"Selleetools.com\" \/>\n<meta property=\"article:modified_time\" content=\"2026-04-15T15:27:29+00:00\" \/>\n<meta property=\"og:image\" content=\"https:\/\/selleetools.com\/wp-content\/uploads\/2026\/02\/6bf23a9aa99d56f2ec7e3d30d47f079a.jpg\" \/>\n\t<meta property=\"og:image:width\" content=\"1039\" \/>\n\t<meta property=\"og:image:height\" content=\"1815\" \/>\n\t<meta property=\"og:image:type\" content=\"image\/jpeg\" \/>\n<meta name=\"twitter:card\" content=\"summary_large_image\" \/>\n<meta name=\"twitter:label1\" content=\"Est. reading time\" \/>\n\t<meta name=\"twitter:data1\" content=\"1 minuta\" \/>\n<!-- \/ Yoast SEO plugin. -->","yoast_head_json":{"title":"Nasiona Pietruszka naciowa Festival 68, 5g - Selleetools.com","robots":{"index":"index","follow":"follow","max-snippet":"max-snippet:-1","max-image-preview":"max-image-preview:large","max-video-preview":"max-video-preview:-1"},"canonical":"https:\/\/selleetools.com\/product\/nasiona-pietruszka-naciowa-festival-68-5g\/","og_locale":"pl_PL","og_type":"article","og_title":"Nasiona Pietruszka naciowa Festival 68, 5g - Selleetools.com","og_description":"Doskona\u0142a odmiana pietruszki li\u015bciowej. Polecana do produkcji natki na bezpo\u015brednie spo\u017cycie, jak i do suszenia. Li\u015bcie g\u0142adkie o silnym aromacie, bogate w witaminy i sole mineralne. Polecana jako dodatek do potraw. Ro\u015bliny nie tworz\u0105 grubego korzenia palowego (korzenie rozwidlone). Pierwszy zbi\u00f3r naci przypada po oko\u0142o 100 dniach od wysiewu nasion. W latach sprzyjaj\u0105cych mo\u017cna uzyska\u0107 ... Read moreNasiona Pietruszka naciowa Festival 68, 5g","og_url":"https:\/\/selleetools.com\/product\/nasiona-pietruszka-naciowa-festival-68-5g\/","og_site_name":"Selleetools.com","article_modified_time":"2026-04-15T15:27:29+00:00","og_image":[{"width":1039,"height":1815,"url":"https:\/\/selleetools.com\/wp-content\/uploads\/2026\/02\/6bf23a9aa99d56f2ec7e3d30d47f079a.jpg","type":"image\/jpeg"}],"twitter_card":"summary_large_image","twitter_misc":{"Est. reading time":"1 minuta"},"schema":{"@context":"https:\/\/schema.org","@graph":[{"@type":"Organization","@id":"https:\/\/selleetools.com\/#organization","name":"Selleetools","url":"https:\/\/selleetools.com\/","sameAs":[],"logo":{"@type":"ImageObject","inLanguage":"pl-PL","@id":"https:\/\/selleetools.com\/#\/schema\/logo\/image\/","url":"https:\/\/selleetools.com\/wp-content\/uploads\/2021\/10\/logo-dark.png","contentUrl":"https:\/\/selleetools.com\/wp-content\/uploads\/2021\/10\/logo-dark.png","width":320,"height":76,"caption":"Selleetools"},"image":{"@id":"https:\/\/selleetools.com\/#\/schema\/logo\/image\/"}},{"@type":"WebSite","@id":"https:\/\/selleetools.com\/#website","url":"https:\/\/selleetools.com\/","name":"Selleetools.com","description":"","publisher":{"@id":"https:\/\/selleetools.com\/#organization"},"potentialAction":[{"@type":"SearchAction","target":{"@type":"EntryPoint","urlTemplate":"https:\/\/selleetools.com\/?s={search_term_string}"},"query-input":"required name=search_term_string"}],"inLanguage":"pl-PL"},{"@type":"WebPage","@id":"https:\/\/selleetools.com\/product\/nasiona-pietruszka-naciowa-festival-68-5g\/","url":"https:\/\/selleetools.com\/product\/nasiona-pietruszka-naciowa-festival-68-5g\/","name":"Nasiona Pietruszka naciowa Festival 68, 5g - Selleetools.com","isPartOf":{"@id":"https:\/\/selleetools.com\/#website"},"datePublished":"2026-02-19T15:07:03+00:00","dateModified":"2026-04-15T15:27:29+00:00","breadcrumb":{"@id":"https:\/\/selleetools.com\/product\/nasiona-pietruszka-naciowa-festival-68-5g\/#breadcrumb"},"inLanguage":"pl-PL","potentialAction":[{"@type":"ReadAction","target":["https:\/\/selleetools.com\/product\/nasiona-pietruszka-naciowa-festival-68-5g\/"]}]},{"@type":"BreadcrumbList","@id":"https:\/\/selleetools.com\/product\/nasiona-pietruszka-naciowa-festival-68-5g\/#breadcrumb","itemListElement":[{"@type":"ListItem","position":1,"name":"Home","item":"https:\/\/selleetools.com\/pl\/"},{"@type":"ListItem","position":2,"name":"Katalog","item":"https:\/\/admincentral.selleetools.com\/pl\/katalog\/"},{"@type":"ListItem","position":3,"name":"Nasiona Pietruszka naciowa Festival 68, 5g"}]}]}},"_links":{"self":[{"href":"https:\/\/selleetools.com\/pl\/wp-json\/wp\/v2\/product\/673380"}],"collection":[{"href":"https:\/\/selleetools.com\/pl\/wp-json\/wp\/v2\/product"}],"about":[{"href":"https:\/\/selleetools.com\/pl\/wp-json\/wp\/v2\/types\/product"}],"replies":[{"embeddable":true,"href":"https:\/\/selleetools.com\/pl\/wp-json\/wp\/v2\/comments?post=673380"}],"wp:featuredmedia":[{"embeddable":true,"href":"https:\/\/selleetools.com\/pl\/wp-json\/wp\/v2\/media\/673376"}],"wp:attachment":[{"href":"https:\/\/selleetools.com\/pl\/wp-json\/wp\/v2\/media?parent=673380"}],"curies":[{"name":"wp","href":"https:\/\/api.w.org\/{rel}","templated":true}]}}