{"id":673369,"date":"2026-02-19T16:06:51","date_gmt":"2026-02-19T15:06:51","guid":{"rendered":"https:\/\/selleetools.com\/?post_type=product&#038;p=673369"},"modified":"2026-04-15T17:27:29","modified_gmt":"2026-04-15T15:27:29","slug":"nasiona-pomidor-gruntowy-karlowy-thumbling-tom","status":"publish","type":"product","link":"https:\/\/selleetools.com\/pl\/product\/nasiona-pomidor-gruntowy-karlowy-thumbling-tom\/","title":{"rendered":"Nasiona Pomidor gruntowy kar\u0142owy Thumbling Tom"},"content":{"rendered":"<p>Seria nasion &#8221; Domowy Ogr\u00f3d&#8221; umo\u017cliwia stworzenie w\u0142asnego ogr\u00f3dka w doniczce, pojemniku lub skrzyce. Post\u0119puj\u0105c zgodnie z instrukcja znajdu\u0105c\u0105 si\u0119 na opakowniu przekonasz si\u0119 jak w \u0142atwy spos\u00f3b mo\u017ca uprawia\u0107 ro\u015bliny w mieszkaniu na balkonie czy tarasie. Bez potrzeby posiadania ogr\u00f3dka b\u0119dziesz mia\u0142 dost\u0119p do w\u0142asnych warzyw i zi\u00f3\u0142. Pomidory bogate s\u0105 w potas, witaminy A, B i C oraz kwas foliowy. Stanowi\u0105 idealny dodatek do sa\u0142atek oraz kanapek. Wysiewaj nasiona od marca do kwietnia. Zbieraj pomidory od lipca do wrze\u015bnia. <\/p>\n<p>Lubi stanowisko s\u0142oneczne.<\/p>\n<p>Wysiewaj nasiona od marca do kwietnia.<\/p>\n<p>Seria nasion &#8221; Domowy Ogr\u00f3d&#8221; umo\u017cliwia stworzenie w\u0142asnego ogr\u00f3dka w doniczce, pojemniku lub skrzyce. Post\u0119puj\u0105c zgodnie z instrukcja znajdu\u0105c\u0105 si\u0119 na opakowniu przekonasz si\u0119 jak w \u0142atwy spos\u00f3b mo\u017ca uprawia\u0107 ro\u015bliny w mieszkaniu na balkonie czy tarasie. Bez potrzeby posiadania ogr\u00f3dka b\u0119dziesz mia\u0142 dost\u0119p do w\u0142asnych warzyw i zi\u00f3\u0142. Pomidory bogate s\u0105 w potas, witaminy A, B i C oraz kwas foliowy. Stanowi\u0105 idealny dodatek do sa\u0142atek oraz kanapek. Wysiewaj nasiona od marca do kwietnia. Zbieraj pomidory od lipca do wrze\u015bnia. <\/p>\n<p>Lubi stanowisko s\u0142oneczne.<\/p>\n<p>Wysiewaj nasiona od marca do kwietnia.<\/p>\n","protected":false},"excerpt":{"rendered":"<p>Seria nasion &#8221; Domowy Ogr\u00f3d&#8221; umo\u017cliwia stworzenie w\u0142asnego ogr\u00f3dka w doniczce, pojemniku lub skrzyce. Post\u0119puj\u0105c zgodnie z instrukcja znajdu\u0105c\u0105 si\u0119 na opakowniu przekonasz si\u0119 jak w \u0142atwy spos\u00f3b mo\u017ca uprawia\u0107 ro\u015bliny w mieszkaniu na balkonie czy tarasie. Bez potrzeby posiadania ogr\u00f3dka b\u0119dziesz mia\u0142 dost\u0119p do w\u0142asnych warzyw i zi\u00f3\u0142. Pomidory bogate s\u0105 w potas, witaminy &#8230; <a title=\"Nasiona Pomidor gruntowy kar\u0142owy Thumbling Tom\" class=\"read-more\" href=\"https:\/\/selleetools.com\/pl\/product\/nasiona-pomidor-gruntowy-karlowy-thumbling-tom\/\">Read more<span class=\"screen-reader-text\">Nasiona Pomidor gruntowy kar\u0142owy Thumbling Tom<\/span><\/a><\/p>\n","protected":false},"featured_media":673367,"comment_status":"open","ping_status":"closed","template":"","meta":{"_links_to":"","_links_to_target":""},"yoast_head":"<!-- This site is optimized with the Yoast SEO plugin v19.4 - https:\/\/yoast.com\/wordpress\/plugins\/seo\/ -->\n<title>Nasiona Pomidor gruntowy kar\u0142owy Thumbling Tom - Selleetools.com<\/title>\n<meta name=\"robots\" content=\"index, follow, max-snippet:-1, max-image-preview:large, max-video-preview:-1\" \/>\n<link rel=\"canonical\" href=\"https:\/\/selleetools.com\/pl\/product\/nasiona-pomidor-gruntowy-karlowy-thumbling-tom\/\" \/>\n<meta property=\"og:locale\" content=\"pl_PL\" \/>\n<meta property=\"og:type\" content=\"article\" \/>\n<meta property=\"og:title\" content=\"Nasiona Pomidor gruntowy kar\u0142owy Thumbling Tom - Selleetools.com\" \/>\n<meta property=\"og:description\" content=\"Seria nasion &#8221; Domowy Ogr\u00f3d&#8221; umo\u017cliwia stworzenie w\u0142asnego ogr\u00f3dka w doniczce, pojemniku lub skrzyce. Post\u0119puj\u0105c zgodnie z instrukcja znajdu\u0105c\u0105 si\u0119 na opakowniu przekonasz si\u0119 jak w \u0142atwy spos\u00f3b mo\u017ca uprawia\u0107 ro\u015bliny w mieszkaniu na balkonie czy tarasie. Bez potrzeby posiadania ogr\u00f3dka b\u0119dziesz mia\u0142 dost\u0119p do w\u0142asnych warzyw i zi\u00f3\u0142. Pomidory bogate s\u0105 w potas, witaminy ... Read moreNasiona Pomidor gruntowy kar\u0142owy Thumbling Tom\" \/>\n<meta property=\"og:url\" content=\"https:\/\/selleetools.com\/pl\/product\/nasiona-pomidor-gruntowy-karlowy-thumbling-tom\/\" \/>\n<meta property=\"og:site_name\" content=\"Selleetools.com\" \/>\n<meta property=\"article:modified_time\" content=\"2026-04-15T15:27:29+00:00\" \/>\n<meta property=\"og:image\" content=\"https:\/\/selleetools.com\/wp-content\/uploads\/2026\/02\/4e30c45ea69cc8afebb63ac452bf55c3.jpg\" \/>\n\t<meta property=\"og:image:width\" content=\"1350\" \/>\n\t<meta property=\"og:image:height\" content=\"1883\" \/>\n\t<meta property=\"og:image:type\" content=\"image\/jpeg\" \/>\n<meta name=\"twitter:card\" content=\"summary_large_image\" \/>\n<meta name=\"twitter:label1\" content=\"Est. reading time\" \/>\n\t<meta name=\"twitter:data1\" content=\"1 minuta\" \/>\n<!-- \/ Yoast SEO plugin. -->","yoast_head_json":{"title":"Nasiona Pomidor gruntowy kar\u0142owy Thumbling Tom - Selleetools.com","robots":{"index":"index","follow":"follow","max-snippet":"max-snippet:-1","max-image-preview":"max-image-preview:large","max-video-preview":"max-video-preview:-1"},"canonical":"https:\/\/selleetools.com\/pl\/product\/nasiona-pomidor-gruntowy-karlowy-thumbling-tom\/","og_locale":"pl_PL","og_type":"article","og_title":"Nasiona Pomidor gruntowy kar\u0142owy Thumbling Tom - Selleetools.com","og_description":"Seria nasion &#8221; Domowy Ogr\u00f3d&#8221; umo\u017cliwia stworzenie w\u0142asnego ogr\u00f3dka w doniczce, pojemniku lub skrzyce. Post\u0119puj\u0105c zgodnie z instrukcja znajdu\u0105c\u0105 si\u0119 na opakowniu przekonasz si\u0119 jak w \u0142atwy spos\u00f3b mo\u017ca uprawia\u0107 ro\u015bliny w mieszkaniu na balkonie czy tarasie. Bez potrzeby posiadania ogr\u00f3dka b\u0119dziesz mia\u0142 dost\u0119p do w\u0142asnych warzyw i zi\u00f3\u0142. Pomidory bogate s\u0105 w potas, witaminy ... Read moreNasiona Pomidor gruntowy kar\u0142owy Thumbling Tom","og_url":"https:\/\/selleetools.com\/pl\/product\/nasiona-pomidor-gruntowy-karlowy-thumbling-tom\/","og_site_name":"Selleetools.com","article_modified_time":"2026-04-15T15:27:29+00:00","og_image":[{"width":1350,"height":1883,"url":"https:\/\/selleetools.com\/wp-content\/uploads\/2026\/02\/4e30c45ea69cc8afebb63ac452bf55c3.jpg","type":"image\/jpeg"}],"twitter_card":"summary_large_image","twitter_misc":{"Est. reading time":"1 minuta"},"schema":{"@context":"https:\/\/schema.org","@graph":[{"@type":"Organization","@id":"https:\/\/selleetools.com\/#organization","name":"Selleetools","url":"https:\/\/selleetools.com\/","sameAs":[],"logo":{"@type":"ImageObject","inLanguage":"pl-PL","@id":"https:\/\/selleetools.com\/#\/schema\/logo\/image\/","url":"https:\/\/selleetools.com\/wp-content\/uploads\/2021\/10\/logo-dark.png","contentUrl":"https:\/\/selleetools.com\/wp-content\/uploads\/2021\/10\/logo-dark.png","width":320,"height":76,"caption":"Selleetools"},"image":{"@id":"https:\/\/selleetools.com\/#\/schema\/logo\/image\/"}},{"@type":"WebSite","@id":"https:\/\/selleetools.com\/#website","url":"https:\/\/selleetools.com\/","name":"Selleetools.com","description":"","publisher":{"@id":"https:\/\/selleetools.com\/#organization"},"potentialAction":[{"@type":"SearchAction","target":{"@type":"EntryPoint","urlTemplate":"https:\/\/selleetools.com\/?s={search_term_string}"},"query-input":"required name=search_term_string"}],"inLanguage":"pl-PL"},{"@type":"WebPage","@id":"https:\/\/selleetools.com\/pl\/product\/nasiona-pomidor-gruntowy-karlowy-thumbling-tom\/","url":"https:\/\/selleetools.com\/pl\/product\/nasiona-pomidor-gruntowy-karlowy-thumbling-tom\/","name":"Nasiona Pomidor gruntowy kar\u0142owy Thumbling Tom - Selleetools.com","isPartOf":{"@id":"https:\/\/selleetools.com\/#website"},"datePublished":"2026-02-19T15:06:51+00:00","dateModified":"2026-04-15T15:27:29+00:00","breadcrumb":{"@id":"https:\/\/selleetools.com\/pl\/product\/nasiona-pomidor-gruntowy-karlowy-thumbling-tom\/#breadcrumb"},"inLanguage":"pl-PL","potentialAction":[{"@type":"ReadAction","target":["https:\/\/selleetools.com\/pl\/product\/nasiona-pomidor-gruntowy-karlowy-thumbling-tom\/"]}]},{"@type":"BreadcrumbList","@id":"https:\/\/selleetools.com\/pl\/product\/nasiona-pomidor-gruntowy-karlowy-thumbling-tom\/#breadcrumb","itemListElement":[{"@type":"ListItem","position":1,"name":"Home","item":"https:\/\/selleetools.com\/pl\/"},{"@type":"ListItem","position":2,"name":"Katalog","item":"https:\/\/selleetools.com\/pl\/katalog\/"},{"@type":"ListItem","position":3,"name":"Nasiona Pomidor gruntowy kar\u0142owy Thumbling Tom"}]}]}},"_links":{"self":[{"href":"https:\/\/selleetools.com\/pl\/wp-json\/wp\/v2\/product\/673369"}],"collection":[{"href":"https:\/\/selleetools.com\/pl\/wp-json\/wp\/v2\/product"}],"about":[{"href":"https:\/\/selleetools.com\/pl\/wp-json\/wp\/v2\/types\/product"}],"replies":[{"embeddable":true,"href":"https:\/\/selleetools.com\/pl\/wp-json\/wp\/v2\/comments?post=673369"}],"wp:featuredmedia":[{"embeddable":true,"href":"https:\/\/selleetools.com\/pl\/wp-json\/wp\/v2\/media\/673367"}],"wp:attachment":[{"href":"https:\/\/selleetools.com\/pl\/wp-json\/wp\/v2\/media?parent=673369"}],"curies":[{"name":"wp","href":"https:\/\/api.w.org\/{rel}","templated":true}]}}