{"id":673360,"date":"2026-02-19T16:06:41","date_gmt":"2026-02-19T15:06:41","guid":{"rendered":"https:\/\/selleetools.com\/?post_type=product&#038;p=673360"},"modified":"2026-04-15T17:27:32","modified_gmt":"2026-04-15T15:27:32","slug":"nasiona-jarmuz-halbhoher-gruner-krauser-sr-wysoki","status":"publish","type":"product","link":"https:\/\/selleetools.com\/pl\/product\/nasiona-jarmuz-halbhoher-gruner-krauser-sr-wysoki\/","title":{"rendered":"Nasiona Jarmu\u017c Halbhoher Gr\u00fcner Krauser-\u015br.wysoki"},"content":{"rendered":"<p>Jest jednym z warzyw najbogatszych w witamin\u0119 C i A oraz sole mineralne. Bardzo polecany w \u017cywieniu dzieci. Zbi\u00f3r po oko\u0142o 120 dniach od wysadzenia do gruntu. Wyrasta do 60-80 cm, li\u015bcie zielone k\u0119dzierzawe.<\/p>\n<p>Odmiana: Halbhoher gruner krauser (\u015brednio wysoki, zielony, k\u0119dzierzawy)<br \/>\nWysoko\u015b\u0107 ro\u015bliny: 60-80<br \/>\nBarwa li\u015bci: zielona<br \/>\nOpis li\u015bci: li\u015bcie szerokie k\u0119dzierzawe<br \/>\nZimotrwa\u0142o\u015b\u0107: bardzo dobra<\/p>\n<p>Uprawa:<br \/>\nWysiew od kwietnia do po\u0142owy czerwca na rozsadniku lub wprost do gruntu. Rozsad\u0119 w fazie 3-4 li\u015bci sadzi\u0107 do gruntu w rozstawie 50&#215;40-50 cm.<\/p>\n<p>Opakowanie: 1g nasion<\/p>\n<p>Jest jednym z warzyw najbogatszych w witamin\u0119 C i A oraz sole mineralne. Bardzo polecany w \u017cywieniu dzieci. Zbi\u00f3r po oko\u0142o 120 dniach od wysadzenia do gruntu. Wyrasta do 60-80 cm, li\u015bcie zielone k\u0119dzierzawe.<\/p>\n<p>Odmiana: Halbhoher gruner krauser (\u015brednio wysoki, zielony, k\u0119dzierzawy)<br \/>\nWysoko\u015b\u0107 ro\u015bliny: 60-80<br \/>\nBarwa li\u015bci: zielona<br \/>\nOpis li\u015bci: li\u015bcie szerokie k\u0119dzierzawe<br \/>\nZimotrwa\u0142o\u015b\u0107: bardzo dobra<\/p>\n<p>Uprawa:<br \/>\nWysiew od kwietnia do po\u0142owy czerwca na rozsadniku lub wprost do gruntu. Rozsad\u0119 w fazie 3-4 li\u015bci sadzi\u0107 do gruntu w rozstawie 50&#215;40-50 cm.<\/p>\n<p>Opakowanie: 1g nasion<\/p>\n","protected":false},"excerpt":{"rendered":"<p>Jest jednym z warzyw najbogatszych w witamin\u0119 C i A oraz sole mineralne. Bardzo polecany w \u017cywieniu dzieci. Zbi\u00f3r po oko\u0142o 120 dniach od wysadzenia do gruntu. Wyrasta do 60-80 cm, li\u015bcie zielone k\u0119dzierzawe. Odmiana: Halbhoher gruner krauser (\u015brednio wysoki, zielony, k\u0119dzierzawy) Wysoko\u015b\u0107 ro\u015bliny: 60-80 Barwa li\u015bci: zielona Opis li\u015bci: li\u015bcie szerokie k\u0119dzierzawe Zimotrwa\u0142o\u015b\u0107: bardzo &#8230; <a title=\"Nasiona Jarmu\u017c Halbhoher Gr\u00fcner Krauser-\u015br.wysoki\" class=\"read-more\" href=\"https:\/\/selleetools.com\/pl\/product\/nasiona-jarmuz-halbhoher-gruner-krauser-sr-wysoki\/\">Read more<span class=\"screen-reader-text\">Nasiona Jarmu\u017c Halbhoher Gr\u00fcner Krauser-\u015br.wysoki<\/span><\/a><\/p>\n","protected":false},"featured_media":673358,"comment_status":"open","ping_status":"closed","template":"","meta":{"_links_to":"","_links_to_target":""},"yoast_head":"<!-- This site is optimized with the Yoast SEO plugin v19.4 - https:\/\/yoast.com\/wordpress\/plugins\/seo\/ -->\n<title>Nasiona Jarmu\u017c Halbhoher Gr\u00fcner Krauser-\u015br.wysoki - Selleetools.com<\/title>\n<meta name=\"robots\" content=\"index, follow, max-snippet:-1, max-image-preview:large, max-video-preview:-1\" \/>\n<link rel=\"canonical\" href=\"https:\/\/selleetools.com\/pl\/product\/nasiona-jarmuz-halbhoher-gruner-krauser-sr-wysoki\/\" \/>\n<meta property=\"og:locale\" content=\"pl_PL\" \/>\n<meta property=\"og:type\" content=\"article\" \/>\n<meta property=\"og:title\" content=\"Nasiona Jarmu\u017c Halbhoher Gr\u00fcner Krauser-\u015br.wysoki - Selleetools.com\" \/>\n<meta property=\"og:description\" content=\"Jest jednym z warzyw najbogatszych w witamin\u0119 C i A oraz sole mineralne. Bardzo polecany w \u017cywieniu dzieci. Zbi\u00f3r po oko\u0142o 120 dniach od wysadzenia do gruntu. Wyrasta do 60-80 cm, li\u015bcie zielone k\u0119dzierzawe. Odmiana: Halbhoher gruner krauser (\u015brednio wysoki, zielony, k\u0119dzierzawy) Wysoko\u015b\u0107 ro\u015bliny: 60-80 Barwa li\u015bci: zielona Opis li\u015bci: li\u015bcie szerokie k\u0119dzierzawe Zimotrwa\u0142o\u015b\u0107: bardzo ... Read moreNasiona Jarmu\u017c Halbhoher Gr\u00fcner Krauser-\u015br.wysoki\" \/>\n<meta property=\"og:url\" content=\"https:\/\/selleetools.com\/pl\/product\/nasiona-jarmuz-halbhoher-gruner-krauser-sr-wysoki\/\" \/>\n<meta property=\"og:site_name\" content=\"Selleetools.com\" \/>\n<meta property=\"article:modified_time\" content=\"2026-04-15T15:27:32+00:00\" \/>\n<meta property=\"og:image\" content=\"https:\/\/selleetools.com\/wp-content\/uploads\/2026\/02\/d71348b197c68742d3ac3b2f0fe461b8.png\" \/>\n\t<meta property=\"og:image:width\" content=\"460\" \/>\n\t<meta property=\"og:image:height\" content=\"796\" \/>\n\t<meta property=\"og:image:type\" content=\"image\/png\" \/>\n<meta name=\"twitter:card\" content=\"summary_large_image\" \/>\n<meta name=\"twitter:label1\" content=\"Est. reading time\" \/>\n\t<meta name=\"twitter:data1\" content=\"1 minuta\" \/>\n<!-- \/ Yoast SEO plugin. -->","yoast_head_json":{"title":"Nasiona Jarmu\u017c Halbhoher Gr\u00fcner Krauser-\u015br.wysoki - Selleetools.com","robots":{"index":"index","follow":"follow","max-snippet":"max-snippet:-1","max-image-preview":"max-image-preview:large","max-video-preview":"max-video-preview:-1"},"canonical":"https:\/\/selleetools.com\/pl\/product\/nasiona-jarmuz-halbhoher-gruner-krauser-sr-wysoki\/","og_locale":"pl_PL","og_type":"article","og_title":"Nasiona Jarmu\u017c Halbhoher Gr\u00fcner Krauser-\u015br.wysoki - Selleetools.com","og_description":"Jest jednym z warzyw najbogatszych w witamin\u0119 C i A oraz sole mineralne. Bardzo polecany w \u017cywieniu dzieci. Zbi\u00f3r po oko\u0142o 120 dniach od wysadzenia do gruntu. Wyrasta do 60-80 cm, li\u015bcie zielone k\u0119dzierzawe. Odmiana: Halbhoher gruner krauser (\u015brednio wysoki, zielony, k\u0119dzierzawy) Wysoko\u015b\u0107 ro\u015bliny: 60-80 Barwa li\u015bci: zielona Opis li\u015bci: li\u015bcie szerokie k\u0119dzierzawe Zimotrwa\u0142o\u015b\u0107: bardzo ... Read moreNasiona Jarmu\u017c Halbhoher Gr\u00fcner Krauser-\u015br.wysoki","og_url":"https:\/\/selleetools.com\/pl\/product\/nasiona-jarmuz-halbhoher-gruner-krauser-sr-wysoki\/","og_site_name":"Selleetools.com","article_modified_time":"2026-04-15T15:27:32+00:00","og_image":[{"width":460,"height":796,"url":"https:\/\/selleetools.com\/wp-content\/uploads\/2026\/02\/d71348b197c68742d3ac3b2f0fe461b8.png","type":"image\/png"}],"twitter_card":"summary_large_image","twitter_misc":{"Est. reading time":"1 minuta"},"schema":{"@context":"https:\/\/schema.org","@graph":[{"@type":"Organization","@id":"https:\/\/selleetools.com\/#organization","name":"Selleetools","url":"https:\/\/selleetools.com\/","sameAs":[],"logo":{"@type":"ImageObject","inLanguage":"pl-PL","@id":"https:\/\/selleetools.com\/#\/schema\/logo\/image\/","url":"https:\/\/selleetools.com\/wp-content\/uploads\/2021\/10\/logo-dark.png","contentUrl":"https:\/\/selleetools.com\/wp-content\/uploads\/2021\/10\/logo-dark.png","width":320,"height":76,"caption":"Selleetools"},"image":{"@id":"https:\/\/selleetools.com\/#\/schema\/logo\/image\/"}},{"@type":"WebSite","@id":"https:\/\/selleetools.com\/#website","url":"https:\/\/selleetools.com\/","name":"Selleetools.com","description":"","publisher":{"@id":"https:\/\/selleetools.com\/#organization"},"potentialAction":[{"@type":"SearchAction","target":{"@type":"EntryPoint","urlTemplate":"https:\/\/selleetools.com\/?s={search_term_string}"},"query-input":"required name=search_term_string"}],"inLanguage":"pl-PL"},{"@type":"WebPage","@id":"https:\/\/selleetools.com\/pl\/product\/nasiona-jarmuz-halbhoher-gruner-krauser-sr-wysoki\/","url":"https:\/\/selleetools.com\/pl\/product\/nasiona-jarmuz-halbhoher-gruner-krauser-sr-wysoki\/","name":"Nasiona Jarmu\u017c Halbhoher Gr\u00fcner Krauser-\u015br.wysoki - Selleetools.com","isPartOf":{"@id":"https:\/\/selleetools.com\/#website"},"datePublished":"2026-02-19T15:06:41+00:00","dateModified":"2026-04-15T15:27:32+00:00","breadcrumb":{"@id":"https:\/\/selleetools.com\/pl\/product\/nasiona-jarmuz-halbhoher-gruner-krauser-sr-wysoki\/#breadcrumb"},"inLanguage":"pl-PL","potentialAction":[{"@type":"ReadAction","target":["https:\/\/selleetools.com\/pl\/product\/nasiona-jarmuz-halbhoher-gruner-krauser-sr-wysoki\/"]}]},{"@type":"BreadcrumbList","@id":"https:\/\/selleetools.com\/pl\/product\/nasiona-jarmuz-halbhoher-gruner-krauser-sr-wysoki\/#breadcrumb","itemListElement":[{"@type":"ListItem","position":1,"name":"Home","item":"https:\/\/selleetools.com\/pl\/"},{"@type":"ListItem","position":2,"name":"Katalog","item":"https:\/\/selleetools.com\/pl\/katalog\/"},{"@type":"ListItem","position":3,"name":"Nasiona Jarmu\u017c Halbhoher Gr\u00fcner Krauser-\u015br.wysoki"}]}]}},"_links":{"self":[{"href":"https:\/\/selleetools.com\/pl\/wp-json\/wp\/v2\/product\/673360"}],"collection":[{"href":"https:\/\/selleetools.com\/pl\/wp-json\/wp\/v2\/product"}],"about":[{"href":"https:\/\/selleetools.com\/pl\/wp-json\/wp\/v2\/types\/product"}],"replies":[{"embeddable":true,"href":"https:\/\/selleetools.com\/pl\/wp-json\/wp\/v2\/comments?post=673360"}],"wp:featuredmedia":[{"embeddable":true,"href":"https:\/\/selleetools.com\/pl\/wp-json\/wp\/v2\/media\/673358"}],"wp:attachment":[{"href":"https:\/\/selleetools.com\/pl\/wp-json\/wp\/v2\/media?parent=673360"}],"curies":[{"name":"wp","href":"https:\/\/api.w.org\/{rel}","templated":true}]}}