{"id":673354,"date":"2026-02-19T16:06:35","date_gmt":"2026-02-19T15:06:35","guid":{"rendered":"https:\/\/selleetools.com\/?post_type=product&#038;p=673354"},"modified":"2026-04-15T17:27:31","modified_gmt":"2026-04-15T15:27:31","slug":"nasiona-groszek-pachnacy-mieszanka-karlowa-3g","status":"publish","type":"product","link":"https:\/\/selleetools.com\/pl\/product\/nasiona-groszek-pachnacy-mieszanka-karlowa-3g\/","title":{"rendered":"Nasiona Groszek pachn\u0105cy mieszanka kar\u0142owa, 3g"},"content":{"rendered":"<p>Ro\u015blina jednoroczna, o kr\u00f3tkich, wzniesionych, rozga\u0142\u0119zionych p\u0119dach wys. 25-30 cm. Przez ca\u0142e lato, lu\u017ano u\u0142o\u017cone kwiatostany z\u0142o\u017cone z motylkowych kwiat\u00f3w ciesz\u0105 oczy r\u00f3\u017cnorodno\u015bci\u0105 barw i roztaczaj\u0105 przyjemn\u0105 wo\u0144. Niezast\u0105piona ro\u015blina do uprawy w do-nicach, wisz\u0105cych koszach, na rabatach, a tak\u017ce na kwiat ci\u0119ty. Nasiona po kilka wysiewa\u0107 w marcu &#8211; kwietniu wprost na miejsce sta\u0142e, na g\u0142\u0119boko\u015b\u0107 3-4 cm, w odst\u0119pach 15-20cm. Uprawia\u0107 w \u017ayznym, wilgotnym pod\u0142o\u017cu, w miejscu s\u0142onecznym.<\/p>\n<p>Ro\u015blina jednoroczna, o kr\u00f3tkich, wzniesionych, rozga\u0142\u0119zionych p\u0119dach wys. 25-30 cm. Przez ca\u0142e lato, lu\u017ano u\u0142o\u017cone kwiatostany z\u0142o\u017cone z motylkowych kwiat\u00f3w ciesz\u0105 oczy r\u00f3\u017cnorodno\u015bci\u0105 barw i roztaczaj\u0105 przyjemn\u0105 wo\u0144. Niezast\u0105piona ro\u015blina do uprawy w do-nicach, wisz\u0105cych koszach, na rabatach, a tak\u017ce na kwiat ci\u0119ty. Nasiona po kilka wysiewa\u0107 w marcu &#8211; kwietniu wprost na miejsce sta\u0142e, na g\u0142\u0119boko\u015b\u0107 3-4 cm, w odst\u0119pach 15-20cm. Uprawia\u0107 w \u017ayznym, wilgotnym pod\u0142o\u017cu, w miejscu s\u0142onecznym.<\/p>\n","protected":false},"excerpt":{"rendered":"<p>Ro\u015blina jednoroczna, o kr\u00f3tkich, wzniesionych, rozga\u0142\u0119zionych p\u0119dach wys. 25-30 cm. Przez ca\u0142e lato, lu\u017ano u\u0142o\u017cone kwiatostany z\u0142o\u017cone z motylkowych kwiat\u00f3w ciesz\u0105 oczy r\u00f3\u017cnorodno\u015bci\u0105 barw i roztaczaj\u0105 przyjemn\u0105 wo\u0144. Niezast\u0105piona ro\u015blina do uprawy w do-nicach, wisz\u0105cych koszach, na rabatach, a tak\u017ce na kwiat ci\u0119ty. Nasiona po kilka wysiewa\u0107 w marcu &#8211; kwietniu wprost na miejsce sta\u0142e, &#8230; <a title=\"Nasiona Groszek pachn\u0105cy mieszanka kar\u0142owa, 3g\" class=\"read-more\" href=\"https:\/\/selleetools.com\/pl\/product\/nasiona-groszek-pachnacy-mieszanka-karlowa-3g\/\">Read more<span class=\"screen-reader-text\">Nasiona Groszek pachn\u0105cy mieszanka kar\u0142owa, 3g<\/span><\/a><\/p>\n","protected":false},"featured_media":673352,"comment_status":"open","ping_status":"closed","template":"","meta":{"_links_to":"","_links_to_target":""},"yoast_head":"<!-- This site is optimized with the Yoast SEO plugin v19.4 - https:\/\/yoast.com\/wordpress\/plugins\/seo\/ -->\n<title>Nasiona Groszek pachn\u0105cy mieszanka kar\u0142owa, 3g - Selleetools.com<\/title>\n<meta name=\"robots\" content=\"index, follow, max-snippet:-1, max-image-preview:large, max-video-preview:-1\" \/>\n<link rel=\"canonical\" href=\"https:\/\/selleetools.com\/pl\/product\/nasiona-groszek-pachnacy-mieszanka-karlowa-3g\/\" \/>\n<meta property=\"og:locale\" content=\"pl_PL\" \/>\n<meta property=\"og:type\" content=\"article\" \/>\n<meta property=\"og:title\" content=\"Nasiona Groszek pachn\u0105cy mieszanka kar\u0142owa, 3g - Selleetools.com\" \/>\n<meta property=\"og:description\" content=\"Ro\u015blina jednoroczna, o kr\u00f3tkich, wzniesionych, rozga\u0142\u0119zionych p\u0119dach wys. 25-30 cm. Przez ca\u0142e lato, lu\u017ano u\u0142o\u017cone kwiatostany z\u0142o\u017cone z motylkowych kwiat\u00f3w ciesz\u0105 oczy r\u00f3\u017cnorodno\u015bci\u0105 barw i roztaczaj\u0105 przyjemn\u0105 wo\u0144. Niezast\u0105piona ro\u015blina do uprawy w do-nicach, wisz\u0105cych koszach, na rabatach, a tak\u017ce na kwiat ci\u0119ty. Nasiona po kilka wysiewa\u0107 w marcu &#8211; kwietniu wprost na miejsce sta\u0142e, ... Read moreNasiona Groszek pachn\u0105cy mieszanka kar\u0142owa, 3g\" \/>\n<meta property=\"og:url\" content=\"https:\/\/selleetools.com\/pl\/product\/nasiona-groszek-pachnacy-mieszanka-karlowa-3g\/\" \/>\n<meta property=\"og:site_name\" content=\"Selleetools.com\" \/>\n<meta property=\"article:modified_time\" content=\"2026-04-15T15:27:31+00:00\" \/>\n<meta property=\"og:image\" content=\"https:\/\/selleetools.com\/wp-content\/uploads\/2026\/02\/69164022a18e74ee93154d356afe8984.jpg\" \/>\n\t<meta property=\"og:image:width\" content=\"1007\" \/>\n\t<meta property=\"og:image:height\" content=\"1811\" \/>\n\t<meta property=\"og:image:type\" content=\"image\/jpeg\" \/>\n<meta name=\"twitter:card\" content=\"summary_large_image\" \/>\n<meta name=\"twitter:label1\" content=\"Est. reading time\" \/>\n\t<meta name=\"twitter:data1\" content=\"1 minuta\" \/>\n<!-- \/ Yoast SEO plugin. -->","yoast_head_json":{"title":"Nasiona Groszek pachn\u0105cy mieszanka kar\u0142owa, 3g - Selleetools.com","robots":{"index":"index","follow":"follow","max-snippet":"max-snippet:-1","max-image-preview":"max-image-preview:large","max-video-preview":"max-video-preview:-1"},"canonical":"https:\/\/selleetools.com\/pl\/product\/nasiona-groszek-pachnacy-mieszanka-karlowa-3g\/","og_locale":"pl_PL","og_type":"article","og_title":"Nasiona Groszek pachn\u0105cy mieszanka kar\u0142owa, 3g - Selleetools.com","og_description":"Ro\u015blina jednoroczna, o kr\u00f3tkich, wzniesionych, rozga\u0142\u0119zionych p\u0119dach wys. 25-30 cm. Przez ca\u0142e lato, lu\u017ano u\u0142o\u017cone kwiatostany z\u0142o\u017cone z motylkowych kwiat\u00f3w ciesz\u0105 oczy r\u00f3\u017cnorodno\u015bci\u0105 barw i roztaczaj\u0105 przyjemn\u0105 wo\u0144. Niezast\u0105piona ro\u015blina do uprawy w do-nicach, wisz\u0105cych koszach, na rabatach, a tak\u017ce na kwiat ci\u0119ty. Nasiona po kilka wysiewa\u0107 w marcu &#8211; kwietniu wprost na miejsce sta\u0142e, ... Read moreNasiona Groszek pachn\u0105cy mieszanka kar\u0142owa, 3g","og_url":"https:\/\/selleetools.com\/pl\/product\/nasiona-groszek-pachnacy-mieszanka-karlowa-3g\/","og_site_name":"Selleetools.com","article_modified_time":"2026-04-15T15:27:31+00:00","og_image":[{"width":1007,"height":1811,"url":"https:\/\/selleetools.com\/wp-content\/uploads\/2026\/02\/69164022a18e74ee93154d356afe8984.jpg","type":"image\/jpeg"}],"twitter_card":"summary_large_image","twitter_misc":{"Est. reading time":"1 minuta"},"schema":{"@context":"https:\/\/schema.org","@graph":[{"@type":"Organization","@id":"https:\/\/selleetools.com\/#organization","name":"Selleetools","url":"https:\/\/selleetools.com\/","sameAs":[],"logo":{"@type":"ImageObject","inLanguage":"pl-PL","@id":"https:\/\/selleetools.com\/#\/schema\/logo\/image\/","url":"https:\/\/selleetools.com\/wp-content\/uploads\/2021\/10\/logo-dark.png","contentUrl":"https:\/\/selleetools.com\/wp-content\/uploads\/2021\/10\/logo-dark.png","width":320,"height":76,"caption":"Selleetools"},"image":{"@id":"https:\/\/selleetools.com\/#\/schema\/logo\/image\/"}},{"@type":"WebSite","@id":"https:\/\/selleetools.com\/#website","url":"https:\/\/selleetools.com\/","name":"Selleetools.com","description":"","publisher":{"@id":"https:\/\/selleetools.com\/#organization"},"potentialAction":[{"@type":"SearchAction","target":{"@type":"EntryPoint","urlTemplate":"https:\/\/selleetools.com\/?s={search_term_string}"},"query-input":"required name=search_term_string"}],"inLanguage":"pl-PL"},{"@type":"WebPage","@id":"https:\/\/selleetools.com\/pl\/product\/nasiona-groszek-pachnacy-mieszanka-karlowa-3g\/","url":"https:\/\/selleetools.com\/pl\/product\/nasiona-groszek-pachnacy-mieszanka-karlowa-3g\/","name":"Nasiona Groszek pachn\u0105cy mieszanka kar\u0142owa, 3g - Selleetools.com","isPartOf":{"@id":"https:\/\/selleetools.com\/#website"},"datePublished":"2026-02-19T15:06:35+00:00","dateModified":"2026-04-15T15:27:31+00:00","breadcrumb":{"@id":"https:\/\/selleetools.com\/pl\/product\/nasiona-groszek-pachnacy-mieszanka-karlowa-3g\/#breadcrumb"},"inLanguage":"pl-PL","potentialAction":[{"@type":"ReadAction","target":["https:\/\/selleetools.com\/pl\/product\/nasiona-groszek-pachnacy-mieszanka-karlowa-3g\/"]}]},{"@type":"BreadcrumbList","@id":"https:\/\/selleetools.com\/pl\/product\/nasiona-groszek-pachnacy-mieszanka-karlowa-3g\/#breadcrumb","itemListElement":[{"@type":"ListItem","position":1,"name":"Home","item":"https:\/\/selleetools.com\/pl\/"},{"@type":"ListItem","position":2,"name":"Katalog","item":"https:\/\/selleetools.com\/pl\/katalog\/"},{"@type":"ListItem","position":3,"name":"Nasiona Groszek pachn\u0105cy mieszanka kar\u0142owa, 3g"}]}]}},"_links":{"self":[{"href":"https:\/\/selleetools.com\/pl\/wp-json\/wp\/v2\/product\/673354"}],"collection":[{"href":"https:\/\/selleetools.com\/pl\/wp-json\/wp\/v2\/product"}],"about":[{"href":"https:\/\/selleetools.com\/pl\/wp-json\/wp\/v2\/types\/product"}],"replies":[{"embeddable":true,"href":"https:\/\/selleetools.com\/pl\/wp-json\/wp\/v2\/comments?post=673354"}],"wp:featuredmedia":[{"embeddable":true,"href":"https:\/\/selleetools.com\/pl\/wp-json\/wp\/v2\/media\/673352"}],"wp:attachment":[{"href":"https:\/\/selleetools.com\/pl\/wp-json\/wp\/v2\/media?parent=673354"}],"curies":[{"name":"wp","href":"https:\/\/api.w.org\/{rel}","templated":true}]}}