{"id":673345,"date":"2026-02-19T16:06:26","date_gmt":"2026-02-19T15:06:26","guid":{"rendered":"https:\/\/selleetools.com\/?post_type=product&#038;p=673345"},"modified":"2026-04-15T17:27:30","modified_gmt":"2026-04-15T15:27:30","slug":"nasiona-marchew-jadalna-lenka-sr-wczesna-5g","status":"publish","type":"product","link":"https:\/\/selleetools.com\/pl\/product\/nasiona-marchew-jadalna-lenka-sr-wczesna-5g\/","title":{"rendered":"Nasiona Marchew jadalna Lenka, \u015br. Wczesna, 5g"},"content":{"rendered":"<p>Odmiana \u015brednio wczesna, plenna, na zbi\u00f3r jesienny i zimowy. Dobrze si\u0119 przechowuje. Mi\u0105\u017csz kruchy, soczysty, smaczny, z du\u017c\u0105 zawarto\u015bci\u0105 cukr\u00f3w.<\/p>\n<p>Uprawa:<br \/>\nSiew od po\u0142owy marca do po\u0142owy maja. Rozstawa rz\u0119d\u00f3w 25-40 cm. Grubo\u015b\u0107 przykrycia nasion 1-2 cm. Zbyt g\u0119ste wschody przerwa\u0107 na odleg\u0142o\u015b\u0107 5-8 cm. Uprawia\u0107 na glebach l\u017cejszych.<\/p>\n<p>Opakowanie: 5g nasion<\/p>\n<p>Odmiana \u015brednio wczesna, plenna, na zbi\u00f3r jesienny i zimowy. Dobrze si\u0119 przechowuje. Mi\u0105\u017csz kruchy, soczysty, smaczny, z du\u017c\u0105 zawarto\u015bci\u0105 cukr\u00f3w.<\/p>\n<p>Uprawa:<br \/>\nSiew od po\u0142owy marca do po\u0142owy maja. Rozstawa rz\u0119d\u00f3w 25-40 cm. Grubo\u015b\u0107 przykrycia nasion 1-2 cm. Zbyt g\u0119ste wschody przerwa\u0107 na odleg\u0142o\u015b\u0107 5-8 cm. Uprawia\u0107 na glebach l\u017cejszych.<\/p>\n<p>Opakowanie: 5g nasion<\/p>\n","protected":false},"excerpt":{"rendered":"<p>Odmiana \u015brednio wczesna, plenna, na zbi\u00f3r jesienny i zimowy. Dobrze si\u0119 przechowuje. Mi\u0105\u017csz kruchy, soczysty, smaczny, z du\u017c\u0105 zawarto\u015bci\u0105 cukr\u00f3w. Uprawa: Siew od po\u0142owy marca do po\u0142owy maja. Rozstawa rz\u0119d\u00f3w 25-40 cm. Grubo\u015b\u0107 przykrycia nasion 1-2 cm. Zbyt g\u0119ste wschody przerwa\u0107 na odleg\u0142o\u015b\u0107 5-8 cm. Uprawia\u0107 na glebach l\u017cejszych. Opakowanie: 5g nasion Odmiana \u015brednio wczesna, &#8230; <a title=\"Nasiona Marchew jadalna Lenka, \u015br. Wczesna, 5g\" class=\"read-more\" href=\"https:\/\/selleetools.com\/pl\/product\/nasiona-marchew-jadalna-lenka-sr-wczesna-5g\/\">Read more<span class=\"screen-reader-text\">Nasiona Marchew jadalna Lenka, \u015br. Wczesna, 5g<\/span><\/a><\/p>\n","protected":false},"featured_media":673343,"comment_status":"open","ping_status":"closed","template":"","meta":{"_links_to":"","_links_to_target":""},"yoast_head":"<!-- This site is optimized with the Yoast SEO plugin v19.4 - https:\/\/yoast.com\/wordpress\/plugins\/seo\/ -->\n<title>Nasiona Marchew jadalna Lenka, \u015br. Wczesna, 5g - Selleetools.com<\/title>\n<meta name=\"robots\" content=\"index, follow, max-snippet:-1, max-image-preview:large, max-video-preview:-1\" \/>\n<link rel=\"canonical\" href=\"https:\/\/admincentral.selleetools.com\/pl\/product\/nasiona-marchew-jadalna-lenka-sr-wczesna-5g\/\" \/>\n<meta property=\"og:locale\" content=\"pl_PL\" \/>\n<meta property=\"og:type\" content=\"article\" \/>\n<meta property=\"og:title\" content=\"Nasiona Marchew jadalna Lenka, \u015br. Wczesna, 5g - Selleetools.com\" \/>\n<meta property=\"og:description\" content=\"Odmiana \u015brednio wczesna, plenna, na zbi\u00f3r jesienny i zimowy. Dobrze si\u0119 przechowuje. Mi\u0105\u017csz kruchy, soczysty, smaczny, z du\u017c\u0105 zawarto\u015bci\u0105 cukr\u00f3w. Uprawa: Siew od po\u0142owy marca do po\u0142owy maja. Rozstawa rz\u0119d\u00f3w 25-40 cm. Grubo\u015b\u0107 przykrycia nasion 1-2 cm. Zbyt g\u0119ste wschody przerwa\u0107 na odleg\u0142o\u015b\u0107 5-8 cm. Uprawia\u0107 na glebach l\u017cejszych. Opakowanie: 5g nasion Odmiana \u015brednio wczesna, ... Read moreNasiona Marchew jadalna Lenka, \u015br. Wczesna, 5g\" \/>\n<meta property=\"og:url\" content=\"https:\/\/admincentral.selleetools.com\/pl\/product\/nasiona-marchew-jadalna-lenka-sr-wczesna-5g\/\" \/>\n<meta property=\"og:site_name\" content=\"Selleetools.com\" \/>\n<meta property=\"article:modified_time\" content=\"2026-04-15T15:27:30+00:00\" \/>\n<meta property=\"og:image\" content=\"https:\/\/selleetools.com\/wp-content\/uploads\/2026\/02\/04b7763dd781bc52a42537888c993112.jpg\" \/>\n\t<meta property=\"og:image:width\" content=\"939\" \/>\n\t<meta property=\"og:image:height\" content=\"1767\" \/>\n\t<meta property=\"og:image:type\" content=\"image\/jpeg\" \/>\n<meta name=\"twitter:card\" content=\"summary_large_image\" \/>\n<meta name=\"twitter:label1\" content=\"Est. reading time\" \/>\n\t<meta name=\"twitter:data1\" content=\"1 minuta\" \/>\n<!-- \/ Yoast SEO plugin. -->","yoast_head_json":{"title":"Nasiona Marchew jadalna Lenka, \u015br. Wczesna, 5g - Selleetools.com","robots":{"index":"index","follow":"follow","max-snippet":"max-snippet:-1","max-image-preview":"max-image-preview:large","max-video-preview":"max-video-preview:-1"},"canonical":"https:\/\/admincentral.selleetools.com\/pl\/product\/nasiona-marchew-jadalna-lenka-sr-wczesna-5g\/","og_locale":"pl_PL","og_type":"article","og_title":"Nasiona Marchew jadalna Lenka, \u015br. Wczesna, 5g - Selleetools.com","og_description":"Odmiana \u015brednio wczesna, plenna, na zbi\u00f3r jesienny i zimowy. Dobrze si\u0119 przechowuje. Mi\u0105\u017csz kruchy, soczysty, smaczny, z du\u017c\u0105 zawarto\u015bci\u0105 cukr\u00f3w. Uprawa: Siew od po\u0142owy marca do po\u0142owy maja. Rozstawa rz\u0119d\u00f3w 25-40 cm. Grubo\u015b\u0107 przykrycia nasion 1-2 cm. Zbyt g\u0119ste wschody przerwa\u0107 na odleg\u0142o\u015b\u0107 5-8 cm. Uprawia\u0107 na glebach l\u017cejszych. Opakowanie: 5g nasion Odmiana \u015brednio wczesna, ... Read moreNasiona Marchew jadalna Lenka, \u015br. Wczesna, 5g","og_url":"https:\/\/admincentral.selleetools.com\/pl\/product\/nasiona-marchew-jadalna-lenka-sr-wczesna-5g\/","og_site_name":"Selleetools.com","article_modified_time":"2026-04-15T15:27:30+00:00","og_image":[{"width":939,"height":1767,"url":"https:\/\/selleetools.com\/wp-content\/uploads\/2026\/02\/04b7763dd781bc52a42537888c993112.jpg","type":"image\/jpeg"}],"twitter_card":"summary_large_image","twitter_misc":{"Est. reading time":"1 minuta"},"schema":{"@context":"https:\/\/schema.org","@graph":[{"@type":"Organization","@id":"https:\/\/admincentral.selleetools.com\/pl\/#organization","name":"Selleetools","url":"https:\/\/admincentral.selleetools.com\/pl\/","sameAs":[],"logo":{"@type":"ImageObject","inLanguage":"pl-PL","@id":"https:\/\/admincentral.selleetools.com\/pl\/#\/schema\/logo\/image\/","url":"https:\/\/selleetools.com\/wp-content\/uploads\/2021\/10\/logo-dark.png","contentUrl":"https:\/\/selleetools.com\/wp-content\/uploads\/2021\/10\/logo-dark.png","width":320,"height":76,"caption":"Selleetools"},"image":{"@id":"https:\/\/admincentral.selleetools.com\/pl\/#\/schema\/logo\/image\/"}},{"@type":"WebSite","@id":"https:\/\/admincentral.selleetools.com\/pl\/#website","url":"https:\/\/admincentral.selleetools.com\/pl\/","name":"Selleetools.com","description":"","publisher":{"@id":"https:\/\/admincentral.selleetools.com\/pl\/#organization"},"potentialAction":[{"@type":"SearchAction","target":{"@type":"EntryPoint","urlTemplate":"https:\/\/admincentral.selleetools.com\/pl\/?s={search_term_string}"},"query-input":"required name=search_term_string"}],"inLanguage":"pl-PL"},{"@type":"WebPage","@id":"https:\/\/admincentral.selleetools.com\/pl\/product\/nasiona-marchew-jadalna-lenka-sr-wczesna-5g\/","url":"https:\/\/admincentral.selleetools.com\/pl\/product\/nasiona-marchew-jadalna-lenka-sr-wczesna-5g\/","name":"Nasiona Marchew jadalna Lenka, \u015br. Wczesna, 5g - Selleetools.com","isPartOf":{"@id":"https:\/\/admincentral.selleetools.com\/pl\/#website"},"datePublished":"2026-02-19T15:06:26+00:00","dateModified":"2026-04-15T15:27:30+00:00","breadcrumb":{"@id":"https:\/\/admincentral.selleetools.com\/pl\/product\/nasiona-marchew-jadalna-lenka-sr-wczesna-5g\/#breadcrumb"},"inLanguage":"pl-PL","potentialAction":[{"@type":"ReadAction","target":["https:\/\/admincentral.selleetools.com\/pl\/product\/nasiona-marchew-jadalna-lenka-sr-wczesna-5g\/"]}]},{"@type":"BreadcrumbList","@id":"https:\/\/admincentral.selleetools.com\/pl\/product\/nasiona-marchew-jadalna-lenka-sr-wczesna-5g\/#breadcrumb","itemListElement":[{"@type":"ListItem","position":1,"name":"Home","item":"https:\/\/admincentral.selleetools.com\/pl\/"},{"@type":"ListItem","position":2,"name":"Katalog","item":"https:\/\/selleetools.com\/pl\/katalog\/"},{"@type":"ListItem","position":3,"name":"Nasiona Marchew jadalna Lenka, \u015br. Wczesna, 5g"}]}]}},"_links":{"self":[{"href":"https:\/\/selleetools.com\/pl\/wp-json\/wp\/v2\/product\/673345"}],"collection":[{"href":"https:\/\/selleetools.com\/pl\/wp-json\/wp\/v2\/product"}],"about":[{"href":"https:\/\/selleetools.com\/pl\/wp-json\/wp\/v2\/types\/product"}],"replies":[{"embeddable":true,"href":"https:\/\/selleetools.com\/pl\/wp-json\/wp\/v2\/comments?post=673345"}],"wp:featuredmedia":[{"embeddable":true,"href":"https:\/\/selleetools.com\/pl\/wp-json\/wp\/v2\/media\/673343"}],"wp:attachment":[{"href":"https:\/\/selleetools.com\/pl\/wp-json\/wp\/v2\/media?parent=673345"}],"curies":[{"name":"wp","href":"https:\/\/api.w.org\/{rel}","templated":true}]}}