{"id":673293,"date":"2026-02-19T16:05:56","date_gmt":"2026-02-19T15:05:56","guid":{"rendered":"https:\/\/selleetools.com\/?post_type=product&#038;p=673293"},"modified":"2026-04-18T15:48:54","modified_gmt":"2026-04-18T13:48:54","slug":"slizg-jabluszko-kid-niebieski","status":"publish","type":"product","link":"https:\/\/selleetools.com\/pl\/product\/slizg-jabluszko-kid-niebieski\/","title":{"rendered":"\u015alizg jab\u0142uszko KID | Niebieski"},"content":{"rendered":"<p>\u015alizg jab\u0142uszko KID | Niebieski<br \/>\nSpecyfikacja:<br \/>\n &#8211; d\u0142ugo\u015b\u0107 &#8211; 53cm<br \/>\n &#8211; szeroko\u015b\u0107 &#8211; 34,5cm<br \/>\n &#8211; materia\u0142 &#8211; tworzywo sztuczne<br \/>\n &#8211; Produkt polski<br \/>\n &#8211; Producent &#8211; Prosperplast<br \/>\nWytrzyma\u0142y i elastyczny dzi\u0119ki specjalnym przet\u0142oczeniom. Zadbano w nim o ka\u017cdy szczeg\u00f3\u0142. Bardzo dobre w\u0142a\u015bciwo\u015bci jezdne i komfortowa forma.<br \/>\n &#8211; Posiada certyfikat CE.\u00a0<br \/>\n &#8211; Produkt dla dzieci powy\u017cej 3 lat<\/p>\n<p>\u015alizg jab\u0142uszko KID | Niebieski<br \/>\nSpecyfikacja:<br \/>\n &#8211; d\u0142ugo\u015b\u0107 &#8211; 53cm<br \/>\n &#8211; szeroko\u015b\u0107 &#8211; 34,5cm<br \/>\n &#8211; materia\u0142 &#8211; tworzywo sztuczne<br \/>\n &#8211; Produkt polski<br \/>\n &#8211; Producent &#8211; Prosperplast<br \/>\nWytrzyma\u0142y i elastyczny dzi\u0119ki specjalnym przet\u0142oczeniom. Zadbano w nim o ka\u017cdy szczeg\u00f3\u0142. Bardzo dobre w\u0142a\u015bciwo\u015bci jezdne i komfortowa forma.<br \/>\n &#8211; Posiada certyfikat CE.\u00a0<br \/>\n &#8211; Produkt dla dzieci powy\u017cej 3 lat<\/p>\n","protected":false},"excerpt":{"rendered":"<p>\u015alizg jab\u0142uszko KID | Niebieski Specyfikacja: &#8211; d\u0142ugo\u015b\u0107 &#8211; 53cm &#8211; szeroko\u015b\u0107 &#8211; 34,5cm &#8211; materia\u0142 &#8211; tworzywo sztuczne &#8211; Produkt polski &#8211; Producent &#8211; Prosperplast Wytrzyma\u0142y i elastyczny dzi\u0119ki specjalnym przet\u0142oczeniom. Zadbano w nim o ka\u017cdy szczeg\u00f3\u0142. Bardzo dobre w\u0142a\u015bciwo\u015bci jezdne i komfortowa forma. &#8211; Posiada certyfikat CE.\u00a0 &#8211; Produkt dla dzieci powy\u017cej 3 &#8230; <a title=\"\u015alizg jab\u0142uszko KID | Niebieski\" class=\"read-more\" href=\"https:\/\/selleetools.com\/pl\/product\/slizg-jabluszko-kid-niebieski\/\">Read more<span class=\"screen-reader-text\">\u015alizg jab\u0142uszko KID | Niebieski<\/span><\/a><\/p>\n","protected":false},"featured_media":673273,"comment_status":"open","ping_status":"closed","template":"","meta":{"_links_to":"","_links_to_target":""},"yoast_head":"<!-- This site is optimized with the Yoast SEO plugin v19.4 - https:\/\/yoast.com\/wordpress\/plugins\/seo\/ -->\n<title>\u015alizg jab\u0142uszko KID | Niebieski - Selleetools.com<\/title>\n<meta name=\"robots\" content=\"index, follow, max-snippet:-1, max-image-preview:large, max-video-preview:-1\" \/>\n<link rel=\"canonical\" href=\"https:\/\/selleetools.com\/pl\/product\/slizg-jabluszko-kid-niebieski\/\" \/>\n<meta property=\"og:locale\" content=\"pl_PL\" \/>\n<meta property=\"og:type\" content=\"article\" \/>\n<meta property=\"og:title\" content=\"\u015alizg jab\u0142uszko KID | Niebieski - Selleetools.com\" \/>\n<meta property=\"og:description\" content=\"\u015alizg jab\u0142uszko KID | Niebieski Specyfikacja: &#8211; d\u0142ugo\u015b\u0107 &#8211; 53cm &#8211; szeroko\u015b\u0107 &#8211; 34,5cm &#8211; materia\u0142 &#8211; tworzywo sztuczne &#8211; Produkt polski &#8211; Producent &#8211; Prosperplast Wytrzyma\u0142y i elastyczny dzi\u0119ki specjalnym przet\u0142oczeniom. Zadbano w nim o ka\u017cdy szczeg\u00f3\u0142. Bardzo dobre w\u0142a\u015bciwo\u015bci jezdne i komfortowa forma. &#8211; Posiada certyfikat CE.\u00a0 &#8211; Produkt dla dzieci powy\u017cej 3 ... Read more\u015alizg jab\u0142uszko KID | Niebieski\" \/>\n<meta property=\"og:url\" content=\"https:\/\/selleetools.com\/pl\/product\/slizg-jabluszko-kid-niebieski\/\" \/>\n<meta property=\"og:site_name\" content=\"Selleetools.com\" \/>\n<meta property=\"article:modified_time\" content=\"2026-04-18T13:48:54+00:00\" \/>\n<meta property=\"og:image\" content=\"https:\/\/selleetools.com\/wp-content\/uploads\/2026\/02\/f62aca1a36191a7503ec9b9bd2723835.jpg\" \/>\n\t<meta property=\"og:image:width\" content=\"800\" \/>\n\t<meta property=\"og:image:height\" content=\"600\" \/>\n\t<meta property=\"og:image:type\" content=\"image\/jpeg\" \/>\n<meta name=\"twitter:card\" content=\"summary_large_image\" \/>\n<meta name=\"twitter:label1\" content=\"Est. reading time\" \/>\n\t<meta name=\"twitter:data1\" content=\"1 minuta\" \/>\n<!-- \/ Yoast SEO plugin. -->","yoast_head_json":{"title":"\u015alizg jab\u0142uszko KID | Niebieski - Selleetools.com","robots":{"index":"index","follow":"follow","max-snippet":"max-snippet:-1","max-image-preview":"max-image-preview:large","max-video-preview":"max-video-preview:-1"},"canonical":"https:\/\/selleetools.com\/pl\/product\/slizg-jabluszko-kid-niebieski\/","og_locale":"pl_PL","og_type":"article","og_title":"\u015alizg jab\u0142uszko KID | Niebieski - Selleetools.com","og_description":"\u015alizg jab\u0142uszko KID | Niebieski Specyfikacja: &#8211; d\u0142ugo\u015b\u0107 &#8211; 53cm &#8211; szeroko\u015b\u0107 &#8211; 34,5cm &#8211; materia\u0142 &#8211; tworzywo sztuczne &#8211; Produkt polski &#8211; Producent &#8211; Prosperplast Wytrzyma\u0142y i elastyczny dzi\u0119ki specjalnym przet\u0142oczeniom. Zadbano w nim o ka\u017cdy szczeg\u00f3\u0142. Bardzo dobre w\u0142a\u015bciwo\u015bci jezdne i komfortowa forma. &#8211; Posiada certyfikat CE.\u00a0 &#8211; Produkt dla dzieci powy\u017cej 3 ... Read more\u015alizg jab\u0142uszko KID | Niebieski","og_url":"https:\/\/selleetools.com\/pl\/product\/slizg-jabluszko-kid-niebieski\/","og_site_name":"Selleetools.com","article_modified_time":"2026-04-18T13:48:54+00:00","og_image":[{"width":800,"height":600,"url":"https:\/\/selleetools.com\/wp-content\/uploads\/2026\/02\/f62aca1a36191a7503ec9b9bd2723835.jpg","type":"image\/jpeg"}],"twitter_card":"summary_large_image","twitter_misc":{"Est. reading time":"1 minuta"},"schema":{"@context":"https:\/\/schema.org","@graph":[{"@type":"Organization","@id":"https:\/\/selleetools.com\/#organization","name":"Selleetools","url":"https:\/\/selleetools.com\/","sameAs":[],"logo":{"@type":"ImageObject","inLanguage":"pl-PL","@id":"https:\/\/selleetools.com\/#\/schema\/logo\/image\/","url":"https:\/\/selleetools.com\/wp-content\/uploads\/2021\/10\/logo-dark.png","contentUrl":"https:\/\/selleetools.com\/wp-content\/uploads\/2021\/10\/logo-dark.png","width":320,"height":76,"caption":"Selleetools"},"image":{"@id":"https:\/\/selleetools.com\/#\/schema\/logo\/image\/"}},{"@type":"WebSite","@id":"https:\/\/selleetools.com\/#website","url":"https:\/\/selleetools.com\/","name":"Selleetools.com","description":"","publisher":{"@id":"https:\/\/selleetools.com\/#organization"},"potentialAction":[{"@type":"SearchAction","target":{"@type":"EntryPoint","urlTemplate":"https:\/\/selleetools.com\/?s={search_term_string}"},"query-input":"required name=search_term_string"}],"inLanguage":"pl-PL"},{"@type":"WebPage","@id":"https:\/\/selleetools.com\/pl\/product\/slizg-jabluszko-kid-niebieski\/","url":"https:\/\/selleetools.com\/pl\/product\/slizg-jabluszko-kid-niebieski\/","name":"\u015alizg jab\u0142uszko KID | Niebieski - Selleetools.com","isPartOf":{"@id":"https:\/\/selleetools.com\/#website"},"datePublished":"2026-02-19T15:05:56+00:00","dateModified":"2026-04-18T13:48:54+00:00","breadcrumb":{"@id":"https:\/\/selleetools.com\/pl\/product\/slizg-jabluszko-kid-niebieski\/#breadcrumb"},"inLanguage":"pl-PL","potentialAction":[{"@type":"ReadAction","target":["https:\/\/selleetools.com\/pl\/product\/slizg-jabluszko-kid-niebieski\/"]}]},{"@type":"BreadcrumbList","@id":"https:\/\/selleetools.com\/pl\/product\/slizg-jabluszko-kid-niebieski\/#breadcrumb","itemListElement":[{"@type":"ListItem","position":1,"name":"Home","item":"https:\/\/selleetools.com\/pl\/"},{"@type":"ListItem","position":2,"name":"Katalog","item":"https:\/\/selleetools.com\/pl\/katalog\/"},{"@type":"ListItem","position":3,"name":"\u015alizg jab\u0142uszko KID | Niebieski"}]}]}},"_links":{"self":[{"href":"https:\/\/selleetools.com\/pl\/wp-json\/wp\/v2\/product\/673293"}],"collection":[{"href":"https:\/\/selleetools.com\/pl\/wp-json\/wp\/v2\/product"}],"about":[{"href":"https:\/\/selleetools.com\/pl\/wp-json\/wp\/v2\/types\/product"}],"replies":[{"embeddable":true,"href":"https:\/\/selleetools.com\/pl\/wp-json\/wp\/v2\/comments?post=673293"}],"wp:featuredmedia":[{"embeddable":true,"href":"https:\/\/selleetools.com\/pl\/wp-json\/wp\/v2\/media\/673273"}],"wp:attachment":[{"href":"https:\/\/selleetools.com\/pl\/wp-json\/wp\/v2\/media?parent=673293"}],"curies":[{"name":"wp","href":"https:\/\/api.w.org\/{rel}","templated":true}]}}