{"id":673272,"date":"2026-02-19T16:05:49","date_gmt":"2026-02-19T15:05:49","guid":{"rendered":"https:\/\/selleetools.com\/?post_type=product&#038;p=673272"},"modified":"2026-04-18T15:48:48","modified_gmt":"2026-04-18T13:48:48","slug":"zestaw-maly-ogrodnik-prestige-kpl-4-narzedzi","status":"publish","type":"product","link":"https:\/\/selleetools.com\/pl\/product\/zestaw-maly-ogrodnik-prestige-kpl-4-narzedzi\/","title":{"rendered":"Zestaw Ma\u0142y Ogrodnik Prestige, kpl. 4 narz\u0119dzi"},"content":{"rendered":"<p>Zestaw Ma\u0142y Ogrodnik Prestige, kpl. 4 narz\u0119dzi<br \/>\n4-elementowy zestaw narz\u0119dzi ogrodniczych ma\u0142ych dla ogrodnika.<br \/>\nIdealny do prac ogrodniczych jak i idealny do wykorzytania przy pracach zwi\u0105zanych z dbaniem o kwiaty domowe.<br \/>\nZestaw zawiera:<br \/>\n &#8211; Wycinak do chwast\u00f3w z r\u0105czk\u0105<br \/>\n &#8211; \u0141opatka ogrodnicza do kwiat\u00f3w<br \/>\n &#8211; Wide\u0142ki 3 z\u0119bowe do kwiat\u00f3w<br \/>\n &#8211; \u0141opatka ogrodnicza z podzia\u0142k\u0105<\/p>\n<p>Wycinak do chwast\u00f3w z r\u0105czk\u0105<br \/>\n &#8211; g\u0142owica wykonana z wysokiej jako\u015bci stali<br \/>\n &#8211; drewniana profilowana r\u0105czka<br \/>\n &#8211; szybko i \u0142atwo usuwa najbardziej uci\u0105\u017cliwe chwasty<br \/>\n &#8211; niezast\u0105piony w ogrodzie, na dzia\u0142ce<br \/>\n &#8211; waga: 0,18 kg<br \/>\n &#8211; d\u0142ugo\u015b\u0107: 34 cm<\/p>\n<p>\u0141opatka ogrodnicza do kwiat\u00f3w<br \/>\n &#8211; g\u0142owica wykonana z wysokiej jako\u015bci stali<br \/>\n &#8211; drewniana profilowana r\u0105czka<br \/>\n &#8211; narz\u0119dzie r\u0119cze s\u0142u\u017cace do sadzenia ro\u015blin doniczkowych i rabatowych<br \/>\n &#8211; waga: 0,23 kg<br \/>\n &#8211; d\u0142ugo\u015b\u0107: 31 cm<br \/>\n &#8211; szeroko\u015b\u0107 g\u0142owicy: 8 cm<\/p>\n<p>Wide\u0142ki 3 z\u0119bowe do kwiat\u00f3w<br \/>\n &#8211; g\u0142owica wykonana z wysokiej jako\u015bci stali<br \/>\n &#8211; drewniana profilowana r\u0105czka<br \/>\n &#8211; zaokraglone kraw\u0119dzie nie uszkadzaj\u0105 korzeni ro\u015blin podczas pracy<br \/>\n &#8211; do sadzenia, przesadzania oraz piel\u0119gnacji mniejszych ro\u015blin doniczkowych oraz rabatowych<br \/>\n &#8211; waga: 0,20 kg<br \/>\n &#8211; d\u0142ugo\u015bc: 27 cm<br \/>\n &#8211; szeroko\u015b\u0107 g\u0142owicy: 8,5 cm<\/p>\n<p>\u0141opatka ogrodnicza z podzia\u0142k\u0105<br \/>\n &#8211; g\u0142owica wykonana z wysokiej jako\u015bci stali<br \/>\n &#8211; drewniana profilowana r\u0105czka<br \/>\n &#8211; posiada podzia\u0142k\u0119 wskazuj\u0105c\u0105 g\u0142\u0119bo\u015b\u0107 do 10cm (co 1 cm)<br \/>\n &#8211; waga: 0,14 kg<br \/>\n &#8211; d\u0142ugo\u015b\u0107: 29 cm<br \/>\n &#8211; szeroko\u015b\u0107 g\u0142owicy: 6 cm<\/p>\n<p>Zestaw narz\u0119dzi zapakowany jest w ekologiczne, tekturowe pude\u0142ko.<\/p>\n<p>Zestaw Ma\u0142y Ogrodnik Prestige, kpl. 4 narz\u0119dzi<br \/>\n4-elementowy zestaw narz\u0119dzi ogrodniczych ma\u0142ych dla ogrodnika.<br \/>\nIdealny do prac ogrodniczych jak i idealny do wykorzytania przy pracach zwi\u0105zanych z dbaniem o kwiaty domowe.<br \/>\nZestaw zawiera:<br \/>\n &#8211; Wycinak do chwast\u00f3w z r\u0105czk\u0105<br \/>\n &#8211; \u0141opatka ogrodnicza do kwiat\u00f3w<br \/>\n &#8211; Wide\u0142ki 3 z\u0119bowe do kwiat\u00f3w<br \/>\n &#8211; \u0141opatka ogrodnicza z podzia\u0142k\u0105<\/p>\n<p>Wycinak do chwast\u00f3w z r\u0105czk\u0105<br \/>\n &#8211; g\u0142owica wykonana z wysokiej jako\u015bci stali<br \/>\n &#8211; drewniana profilowana r\u0105czka<br \/>\n &#8211; szybko i \u0142atwo usuwa najbardziej uci\u0105\u017cliwe chwasty<br \/>\n &#8211; niezast\u0105piony w ogrodzie, na dzia\u0142ce<br \/>\n &#8211; waga: 0,18 kg<br \/>\n &#8211; d\u0142ugo\u015b\u0107: 34 cm<\/p>\n<p>\u0141opatka ogrodnicza do kwiat\u00f3w<br \/>\n &#8211; g\u0142owica wykonana z wysokiej jako\u015bci stali<br \/>\n &#8211; drewniana profilowana r\u0105czka<br \/>\n &#8211; narz\u0119dzie r\u0119cze s\u0142u\u017cace do sadzenia ro\u015blin doniczkowych i rabatowych<br \/>\n &#8211; waga: 0,23 kg<br \/>\n &#8211; d\u0142ugo\u015b\u0107: 31 cm<br \/>\n &#8211; szeroko\u015b\u0107 g\u0142owicy: 8 cm<\/p>\n<p>Wide\u0142ki 3 z\u0119bowe do kwiat\u00f3w<br \/>\n &#8211; g\u0142owica wykonana z wysokiej jako\u015bci stali<br \/>\n &#8211; drewniana profilowana r\u0105czka<br \/>\n &#8211; zaokraglone kraw\u0119dzie nie uszkadzaj\u0105 korzeni ro\u015blin podczas pracy<br \/>\n &#8211; do sadzenia, przesadzania oraz piel\u0119gnacji mniejszych ro\u015blin doniczkowych oraz rabatowych<br \/>\n &#8211; waga: 0,20 kg<br \/>\n &#8211; d\u0142ugo\u015bc: 27 cm<br \/>\n &#8211; szeroko\u015b\u0107 g\u0142owicy: 8,5 cm<\/p>\n<p>\u0141opatka ogrodnicza z podzia\u0142k\u0105<br \/>\n &#8211; g\u0142owica wykonana z wysokiej jako\u015bci stali<br \/>\n &#8211; drewniana profilowana r\u0105czka<br \/>\n &#8211; posiada podzia\u0142k\u0119 wskazuj\u0105c\u0105 g\u0142\u0119bo\u015b\u0107 do 10cm (co 1 cm)<br \/>\n &#8211; waga: 0,14 kg<br \/>\n &#8211; d\u0142ugo\u015b\u0107: 29 cm<br \/>\n &#8211; szeroko\u015b\u0107 g\u0142owicy: 6 cm<\/p>\n<p>Zestaw narz\u0119dzi zapakowany jest w ekologiczne, tekturowe pude\u0142ko.<\/p>\n","protected":false},"excerpt":{"rendered":"<p>Zestaw Ma\u0142y Ogrodnik Prestige, kpl. 4 narz\u0119dzi 4-elementowy zestaw narz\u0119dzi ogrodniczych ma\u0142ych dla ogrodnika. Idealny do prac ogrodniczych jak i idealny do wykorzytania przy pracach zwi\u0105zanych z dbaniem o kwiaty domowe. Zestaw zawiera: &#8211; Wycinak do chwast\u00f3w z r\u0105czk\u0105 &#8211; \u0141opatka ogrodnicza do kwiat\u00f3w &#8211; Wide\u0142ki 3 z\u0119bowe do kwiat\u00f3w &#8211; \u0141opatka ogrodnicza z podzia\u0142k\u0105 &#8230; <a title=\"Zestaw Ma\u0142y Ogrodnik Prestige, kpl. 4 narz\u0119dzi\" class=\"read-more\" href=\"https:\/\/selleetools.com\/pl\/product\/zestaw-maly-ogrodnik-prestige-kpl-4-narzedzi\/\">Read more<span class=\"screen-reader-text\">Zestaw Ma\u0142y Ogrodnik Prestige, kpl. 4 narz\u0119dzi<\/span><\/a><\/p>\n","protected":false},"featured_media":673258,"comment_status":"open","ping_status":"closed","template":"","meta":{"_links_to":"","_links_to_target":""},"yoast_head":"<!-- This site is optimized with the Yoast SEO plugin v19.4 - https:\/\/yoast.com\/wordpress\/plugins\/seo\/ -->\n<title>Zestaw Ma\u0142y Ogrodnik Prestige, kpl. 4 narz\u0119dzi - Selleetools.com<\/title>\n<meta name=\"robots\" content=\"index, follow, max-snippet:-1, max-image-preview:large, max-video-preview:-1\" \/>\n<link rel=\"canonical\" href=\"https:\/\/selleetools.com\/pl\/product\/zestaw-maly-ogrodnik-prestige-kpl-4-narzedzi\/\" \/>\n<meta property=\"og:locale\" content=\"pl_PL\" \/>\n<meta property=\"og:type\" content=\"article\" \/>\n<meta property=\"og:title\" content=\"Zestaw Ma\u0142y Ogrodnik Prestige, kpl. 4 narz\u0119dzi - Selleetools.com\" \/>\n<meta property=\"og:description\" content=\"Zestaw Ma\u0142y Ogrodnik Prestige, kpl. 4 narz\u0119dzi 4-elementowy zestaw narz\u0119dzi ogrodniczych ma\u0142ych dla ogrodnika. Idealny do prac ogrodniczych jak i idealny do wykorzytania przy pracach zwi\u0105zanych z dbaniem o kwiaty domowe. Zestaw zawiera: &#8211; Wycinak do chwast\u00f3w z r\u0105czk\u0105 &#8211; \u0141opatka ogrodnicza do kwiat\u00f3w &#8211; Wide\u0142ki 3 z\u0119bowe do kwiat\u00f3w &#8211; \u0141opatka ogrodnicza z podzia\u0142k\u0105 ... Read moreZestaw Ma\u0142y Ogrodnik Prestige, kpl. 4 narz\u0119dzi\" \/>\n<meta property=\"og:url\" content=\"https:\/\/selleetools.com\/pl\/product\/zestaw-maly-ogrodnik-prestige-kpl-4-narzedzi\/\" \/>\n<meta property=\"og:site_name\" content=\"Selleetools.com\" \/>\n<meta property=\"article:modified_time\" content=\"2026-04-18T13:48:48+00:00\" \/>\n<meta property=\"og:image\" content=\"https:\/\/selleetools.com\/wp-content\/uploads\/2026\/02\/58decbfa5d723249aab5b23fe6b422bc.jpg\" \/>\n\t<meta property=\"og:image:width\" content=\"800\" \/>\n\t<meta property=\"og:image:height\" content=\"600\" \/>\n\t<meta property=\"og:image:type\" content=\"image\/jpeg\" \/>\n<meta name=\"twitter:card\" content=\"summary_large_image\" \/>\n<meta name=\"twitter:label1\" content=\"Est. reading time\" \/>\n\t<meta name=\"twitter:data1\" content=\"3 minuty\" \/>\n<!-- \/ Yoast SEO plugin. -->","yoast_head_json":{"title":"Zestaw Ma\u0142y Ogrodnik Prestige, kpl. 4 narz\u0119dzi - Selleetools.com","robots":{"index":"index","follow":"follow","max-snippet":"max-snippet:-1","max-image-preview":"max-image-preview:large","max-video-preview":"max-video-preview:-1"},"canonical":"https:\/\/selleetools.com\/pl\/product\/zestaw-maly-ogrodnik-prestige-kpl-4-narzedzi\/","og_locale":"pl_PL","og_type":"article","og_title":"Zestaw Ma\u0142y Ogrodnik Prestige, kpl. 4 narz\u0119dzi - Selleetools.com","og_description":"Zestaw Ma\u0142y Ogrodnik Prestige, kpl. 4 narz\u0119dzi 4-elementowy zestaw narz\u0119dzi ogrodniczych ma\u0142ych dla ogrodnika. Idealny do prac ogrodniczych jak i idealny do wykorzytania przy pracach zwi\u0105zanych z dbaniem o kwiaty domowe. Zestaw zawiera: &#8211; Wycinak do chwast\u00f3w z r\u0105czk\u0105 &#8211; \u0141opatka ogrodnicza do kwiat\u00f3w &#8211; Wide\u0142ki 3 z\u0119bowe do kwiat\u00f3w &#8211; \u0141opatka ogrodnicza z podzia\u0142k\u0105 ... Read moreZestaw Ma\u0142y Ogrodnik Prestige, kpl. 4 narz\u0119dzi","og_url":"https:\/\/selleetools.com\/pl\/product\/zestaw-maly-ogrodnik-prestige-kpl-4-narzedzi\/","og_site_name":"Selleetools.com","article_modified_time":"2026-04-18T13:48:48+00:00","og_image":[{"width":800,"height":600,"url":"https:\/\/selleetools.com\/wp-content\/uploads\/2026\/02\/58decbfa5d723249aab5b23fe6b422bc.jpg","type":"image\/jpeg"}],"twitter_card":"summary_large_image","twitter_misc":{"Est. reading time":"3 minuty"},"schema":{"@context":"https:\/\/schema.org","@graph":[{"@type":"Organization","@id":"https:\/\/selleetools.com\/#organization","name":"Selleetools","url":"https:\/\/selleetools.com\/","sameAs":[],"logo":{"@type":"ImageObject","inLanguage":"pl-PL","@id":"https:\/\/selleetools.com\/#\/schema\/logo\/image\/","url":"https:\/\/selleetools.com\/wp-content\/uploads\/2021\/10\/logo-dark.png","contentUrl":"https:\/\/selleetools.com\/wp-content\/uploads\/2021\/10\/logo-dark.png","width":320,"height":76,"caption":"Selleetools"},"image":{"@id":"https:\/\/selleetools.com\/#\/schema\/logo\/image\/"}},{"@type":"WebSite","@id":"https:\/\/selleetools.com\/#website","url":"https:\/\/selleetools.com\/","name":"Selleetools.com","description":"","publisher":{"@id":"https:\/\/selleetools.com\/#organization"},"potentialAction":[{"@type":"SearchAction","target":{"@type":"EntryPoint","urlTemplate":"https:\/\/selleetools.com\/?s={search_term_string}"},"query-input":"required name=search_term_string"}],"inLanguage":"pl-PL"},{"@type":"WebPage","@id":"https:\/\/selleetools.com\/pl\/product\/zestaw-maly-ogrodnik-prestige-kpl-4-narzedzi\/","url":"https:\/\/selleetools.com\/pl\/product\/zestaw-maly-ogrodnik-prestige-kpl-4-narzedzi\/","name":"Zestaw Ma\u0142y Ogrodnik Prestige, kpl. 4 narz\u0119dzi - Selleetools.com","isPartOf":{"@id":"https:\/\/selleetools.com\/#website"},"datePublished":"2026-02-19T15:05:49+00:00","dateModified":"2026-04-18T13:48:48+00:00","breadcrumb":{"@id":"https:\/\/selleetools.com\/pl\/product\/zestaw-maly-ogrodnik-prestige-kpl-4-narzedzi\/#breadcrumb"},"inLanguage":"pl-PL","potentialAction":[{"@type":"ReadAction","target":["https:\/\/selleetools.com\/pl\/product\/zestaw-maly-ogrodnik-prestige-kpl-4-narzedzi\/"]}]},{"@type":"BreadcrumbList","@id":"https:\/\/selleetools.com\/pl\/product\/zestaw-maly-ogrodnik-prestige-kpl-4-narzedzi\/#breadcrumb","itemListElement":[{"@type":"ListItem","position":1,"name":"Home","item":"https:\/\/selleetools.com\/pl\/"},{"@type":"ListItem","position":2,"name":"Katalog","item":"https:\/\/selleetools.com\/pl\/katalog\/"},{"@type":"ListItem","position":3,"name":"Zestaw Ma\u0142y Ogrodnik Prestige, kpl. 4 narz\u0119dzi"}]}]}},"_links":{"self":[{"href":"https:\/\/selleetools.com\/pl\/wp-json\/wp\/v2\/product\/673272"}],"collection":[{"href":"https:\/\/selleetools.com\/pl\/wp-json\/wp\/v2\/product"}],"about":[{"href":"https:\/\/selleetools.com\/pl\/wp-json\/wp\/v2\/types\/product"}],"replies":[{"embeddable":true,"href":"https:\/\/selleetools.com\/pl\/wp-json\/wp\/v2\/comments?post=673272"}],"wp:featuredmedia":[{"embeddable":true,"href":"https:\/\/selleetools.com\/pl\/wp-json\/wp\/v2\/media\/673258"}],"wp:attachment":[{"href":"https:\/\/selleetools.com\/pl\/wp-json\/wp\/v2\/media?parent=673272"}],"curies":[{"name":"wp","href":"https:\/\/api.w.org\/{rel}","templated":true}]}}