{"id":673208,"date":"2026-02-19T16:05:23","date_gmt":"2026-02-19T15:05:23","guid":{"rendered":"https:\/\/selleetools.com\/?post_type=product&#038;p=673208"},"modified":"2026-04-18T15:53:11","modified_gmt":"2026-04-18T13:53:11","slug":"zestaw-przylaczeniowy-icanset-6-do-deszczownicy","status":"publish","type":"product","link":"https:\/\/selleetools.com\/pl\/product\/zestaw-przylaczeniowy-icanset-6-do-deszczownicy\/","title":{"rendered":"Zestaw przy\u0142\u0105czeniowy ICANSET 6, do deszczownicy"},"content":{"rendered":"<p>Zestaw przy\u0142\u0105czeniowy ICANSET 6, do deszczownicy (ICANS6)<br \/>\nZestaw przy\u0142\u0105czeniowy ICANSET 6. System przy\u0142\u0105czeniowy, kt\u00f3ry pobiera i przenosi wod\u0119 do zbiornika na deszcz\u00f3wk\u0119.<br \/>\nZestaw sk\u0142ada si\u0119 z 6 element\u00f3w:<br \/>\n &#8211; 2x reduktor<br \/>\n &#8211; w\u0105\u017c ogrodowy d\u0142ugo\u015b\u0107 60 cm<br \/>\n &#8211; \u0142apacz wody<br \/>\n &#8211; uszczelka<br \/>\n &#8211; otwornica do wykonania otwor\u00f3w w zbiorniku oraz rynnie<\/p>\n<p>Bardzo uniwersalny produkt. Jego prosta konstrukcja zapewnia szybk\u0105 instalacj\u0119 i pozwala na \u0142atwy monta\u017c bez wi\u0119kszej ingerencji w rynn\u0119. Mo\u017ce by\u0107 stosowany r\u00f3wnie\u017c ze zbiornikami typu MAUZER.<\/p>\n<p> &#8211; minimalna \u015brednica rynny: 9 cm<br \/>\n &#8211; maksymalna \u015brednica rynny: 11,5 cm<\/p>\n<p>Monta\u017c zbieracza nie wymaga przecinania rynny.<br \/>\nElement zbieraj\u0105cy umieszczamy w rynnie po wykonaniu otworu, za pomoc\u0105 do\u0142aczonej do zestawu otwornicy.<\/p>\n<p>Instrukcja monta\u017cu:<br \/>\n &#8211; Zamontuj otwornic\u0119 w wiertarce<br \/>\n &#8211; Wykonaj otw\u00f3r w deszczownicy, miejsce otworu powinno by\u0107 zgodne z wyt\u0142oczeniem na bocznej \u015bcianie beczki<br \/>\n &#8211; Postaw beczk\u0119 przy rynnie i odmierz miejsce wykonania otworu. Otw\u00f3r w rynnie powinien znajdowa\u0107 si\u0119 od 80 do 90 mm powy\u017cej wykonanego otworu w deszczownicy<br \/>\n &#8211; Wykonaj otw\u00f3r w rynnie<br \/>\n &#8211; Wsu\u0144 reduktor w w\u0105\u017c, na reduktor nale\u017cy za\u0142o\u017cy\u0107 uszczelk\u0119 i ca\u0142o\u015b\u0107 wsun\u0105\u0107 w otw\u00f3r w deszczownicy<br \/>\n &#8211; Wsu\u0144 drugi reduktor w w\u0105\u017c, na reduktor nale\u017cy za\u0142o\u017cy\u0107 gumowy zbieracz wody.<br \/>\n &#8211; \u015aci\u015bnij zbieracz oraz wsu\u0144 w otw\u00f3r w rynnie<\/p>\n<p>Zestaw przy\u0142\u0105czeniowy ICANSET 6, do deszczownicy (ICANS6)<br \/>\nZestaw przy\u0142\u0105czeniowy ICANSET 6. System przy\u0142\u0105czeniowy, kt\u00f3ry pobiera i przenosi wod\u0119 do zbiornika na deszcz\u00f3wk\u0119.<br \/>\nZestaw sk\u0142ada si\u0119 z 6 element\u00f3w:<br \/>\n &#8211; 2x reduktor<br \/>\n &#8211; w\u0105\u017c ogrodowy d\u0142ugo\u015b\u0107 60 cm<br \/>\n &#8211; \u0142apacz wody<br \/>\n &#8211; uszczelka<br \/>\n &#8211; otwornica do wykonania otwor\u00f3w w zbiorniku oraz rynnie<\/p>\n<p>Bardzo uniwersalny produkt. Jego prosta konstrukcja zapewnia szybk\u0105 instalacj\u0119 i pozwala na \u0142atwy monta\u017c bez wi\u0119kszej ingerencji w rynn\u0119. Mo\u017ce by\u0107 stosowany r\u00f3wnie\u017c ze zbiornikami typu MAUZER.<\/p>\n<p> &#8211; minimalna \u015brednica rynny: 9 cm<br \/>\n &#8211; maksymalna \u015brednica rynny: 11,5 cm<\/p>\n<p>Monta\u017c zbieracza nie wymaga przecinania rynny.<br \/>\nElement zbieraj\u0105cy umieszczamy w rynnie po wykonaniu otworu, za pomoc\u0105 do\u0142aczonej do zestawu otwornicy.<\/p>\n<p>Instrukcja monta\u017cu:<br \/>\n &#8211; Zamontuj otwornic\u0119 w wiertarce<br \/>\n &#8211; Wykonaj otw\u00f3r w deszczownicy, miejsce otworu powinno by\u0107 zgodne z wyt\u0142oczeniem na bocznej \u015bcianie beczki<br \/>\n &#8211; Postaw beczk\u0119 przy rynnie i odmierz miejsce wykonania otworu. Otw\u00f3r w rynnie powinien znajdowa\u0107 si\u0119 od 80 do 90 mm powy\u017cej wykonanego otworu w deszczownicy<br \/>\n &#8211; Wykonaj otw\u00f3r w rynnie<br \/>\n &#8211; Wsu\u0144 reduktor w w\u0105\u017c, na reduktor nale\u017cy za\u0142o\u017cy\u0107 uszczelk\u0119 i ca\u0142o\u015b\u0107 wsun\u0105\u0107 w otw\u00f3r w deszczownicy<br \/>\n &#8211; Wsu\u0144 drugi reduktor w w\u0105\u017c, na reduktor nale\u017cy za\u0142o\u017cy\u0107 gumowy zbieracz wody.<br \/>\n &#8211; \u015aci\u015bnij zbieracz oraz wsu\u0144 w otw\u00f3r w rynnie<\/p>\n","protected":false},"excerpt":{"rendered":"<p>Zestaw przy\u0142\u0105czeniowy ICANSET 6, do deszczownicy (ICANS6) Zestaw przy\u0142\u0105czeniowy ICANSET 6. System przy\u0142\u0105czeniowy, kt\u00f3ry pobiera i przenosi wod\u0119 do zbiornika na deszcz\u00f3wk\u0119. Zestaw sk\u0142ada si\u0119 z 6 element\u00f3w: &#8211; 2x reduktor &#8211; w\u0105\u017c ogrodowy d\u0142ugo\u015b\u0107 60 cm &#8211; \u0142apacz wody &#8211; uszczelka &#8211; otwornica do wykonania otwor\u00f3w w zbiorniku oraz rynnie Bardzo uniwersalny produkt. Jego &#8230; <a title=\"Zestaw przy\u0142\u0105czeniowy ICANSET 6, do deszczownicy\" class=\"read-more\" href=\"https:\/\/selleetools.com\/pl\/product\/zestaw-przylaczeniowy-icanset-6-do-deszczownicy\/\">Read more<span class=\"screen-reader-text\">Zestaw przy\u0142\u0105czeniowy ICANSET 6, do deszczownicy<\/span><\/a><\/p>\n","protected":false},"featured_media":673198,"comment_status":"open","ping_status":"closed","template":"","meta":{"_links_to":"","_links_to_target":""},"yoast_head":"<!-- This site is optimized with the Yoast SEO plugin v19.4 - https:\/\/yoast.com\/wordpress\/plugins\/seo\/ -->\n<title>Zestaw przy\u0142\u0105czeniowy ICANSET 6, do deszczownicy - Selleetools.com<\/title>\n<meta name=\"robots\" content=\"index, follow, max-snippet:-1, max-image-preview:large, max-video-preview:-1\" \/>\n<link rel=\"canonical\" href=\"https:\/\/selleetools.com\/pl\/product\/zestaw-przylaczeniowy-icanset-6-do-deszczownicy\/\" \/>\n<meta property=\"og:locale\" content=\"pl_PL\" \/>\n<meta property=\"og:type\" content=\"article\" \/>\n<meta property=\"og:title\" content=\"Zestaw przy\u0142\u0105czeniowy ICANSET 6, do deszczownicy - Selleetools.com\" \/>\n<meta property=\"og:description\" content=\"Zestaw przy\u0142\u0105czeniowy ICANSET 6, do deszczownicy (ICANS6) Zestaw przy\u0142\u0105czeniowy ICANSET 6. System przy\u0142\u0105czeniowy, kt\u00f3ry pobiera i przenosi wod\u0119 do zbiornika na deszcz\u00f3wk\u0119. Zestaw sk\u0142ada si\u0119 z 6 element\u00f3w: &#8211; 2x reduktor &#8211; w\u0105\u017c ogrodowy d\u0142ugo\u015b\u0107 60 cm &#8211; \u0142apacz wody &#8211; uszczelka &#8211; otwornica do wykonania otwor\u00f3w w zbiorniku oraz rynnie Bardzo uniwersalny produkt. Jego ... Read moreZestaw przy\u0142\u0105czeniowy ICANSET 6, do deszczownicy\" \/>\n<meta property=\"og:url\" content=\"https:\/\/selleetools.com\/pl\/product\/zestaw-przylaczeniowy-icanset-6-do-deszczownicy\/\" \/>\n<meta property=\"og:site_name\" content=\"Selleetools.com\" \/>\n<meta property=\"article:modified_time\" content=\"2026-04-18T13:53:11+00:00\" \/>\n<meta property=\"og:image\" content=\"https:\/\/selleetools.com\/wp-content\/uploads\/2026\/02\/518d818db9ea236721bd5d611657f4e7.jpg\" \/>\n\t<meta property=\"og:image:width\" content=\"2560\" \/>\n\t<meta property=\"og:image:height\" content=\"599\" \/>\n\t<meta property=\"og:image:type\" content=\"image\/jpeg\" \/>\n<meta name=\"twitter:card\" content=\"summary_large_image\" \/>\n<meta name=\"twitter:label1\" content=\"Est. reading time\" \/>\n\t<meta name=\"twitter:data1\" content=\"2 minuty\" \/>\n<!-- \/ Yoast SEO plugin. -->","yoast_head_json":{"title":"Zestaw przy\u0142\u0105czeniowy ICANSET 6, do deszczownicy - Selleetools.com","robots":{"index":"index","follow":"follow","max-snippet":"max-snippet:-1","max-image-preview":"max-image-preview:large","max-video-preview":"max-video-preview:-1"},"canonical":"https:\/\/selleetools.com\/pl\/product\/zestaw-przylaczeniowy-icanset-6-do-deszczownicy\/","og_locale":"pl_PL","og_type":"article","og_title":"Zestaw przy\u0142\u0105czeniowy ICANSET 6, do deszczownicy - Selleetools.com","og_description":"Zestaw przy\u0142\u0105czeniowy ICANSET 6, do deszczownicy (ICANS6) Zestaw przy\u0142\u0105czeniowy ICANSET 6. System przy\u0142\u0105czeniowy, kt\u00f3ry pobiera i przenosi wod\u0119 do zbiornika na deszcz\u00f3wk\u0119. Zestaw sk\u0142ada si\u0119 z 6 element\u00f3w: &#8211; 2x reduktor &#8211; w\u0105\u017c ogrodowy d\u0142ugo\u015b\u0107 60 cm &#8211; \u0142apacz wody &#8211; uszczelka &#8211; otwornica do wykonania otwor\u00f3w w zbiorniku oraz rynnie Bardzo uniwersalny produkt. Jego ... Read moreZestaw przy\u0142\u0105czeniowy ICANSET 6, do deszczownicy","og_url":"https:\/\/selleetools.com\/pl\/product\/zestaw-przylaczeniowy-icanset-6-do-deszczownicy\/","og_site_name":"Selleetools.com","article_modified_time":"2026-04-18T13:53:11+00:00","og_image":[{"width":2560,"height":599,"url":"https:\/\/selleetools.com\/wp-content\/uploads\/2026\/02\/518d818db9ea236721bd5d611657f4e7.jpg","type":"image\/jpeg"}],"twitter_card":"summary_large_image","twitter_misc":{"Est. reading time":"2 minuty"},"schema":{"@context":"https:\/\/schema.org","@graph":[{"@type":"Organization","@id":"https:\/\/selleetools.com\/#organization","name":"Selleetools","url":"https:\/\/selleetools.com\/","sameAs":[],"logo":{"@type":"ImageObject","inLanguage":"pl-PL","@id":"https:\/\/selleetools.com\/#\/schema\/logo\/image\/","url":"https:\/\/selleetools.com\/wp-content\/uploads\/2021\/10\/logo-dark.png","contentUrl":"https:\/\/selleetools.com\/wp-content\/uploads\/2021\/10\/logo-dark.png","width":320,"height":76,"caption":"Selleetools"},"image":{"@id":"https:\/\/selleetools.com\/#\/schema\/logo\/image\/"}},{"@type":"WebSite","@id":"https:\/\/selleetools.com\/#website","url":"https:\/\/selleetools.com\/","name":"Selleetools.com","description":"","publisher":{"@id":"https:\/\/selleetools.com\/#organization"},"potentialAction":[{"@type":"SearchAction","target":{"@type":"EntryPoint","urlTemplate":"https:\/\/selleetools.com\/?s={search_term_string}"},"query-input":"required name=search_term_string"}],"inLanguage":"pl-PL"},{"@type":"WebPage","@id":"https:\/\/selleetools.com\/pl\/product\/zestaw-przylaczeniowy-icanset-6-do-deszczownicy\/","url":"https:\/\/selleetools.com\/pl\/product\/zestaw-przylaczeniowy-icanset-6-do-deszczownicy\/","name":"Zestaw przy\u0142\u0105czeniowy ICANSET 6, do deszczownicy - Selleetools.com","isPartOf":{"@id":"https:\/\/selleetools.com\/#website"},"datePublished":"2026-02-19T15:05:23+00:00","dateModified":"2026-04-18T13:53:11+00:00","breadcrumb":{"@id":"https:\/\/selleetools.com\/pl\/product\/zestaw-przylaczeniowy-icanset-6-do-deszczownicy\/#breadcrumb"},"inLanguage":"pl-PL","potentialAction":[{"@type":"ReadAction","target":["https:\/\/selleetools.com\/pl\/product\/zestaw-przylaczeniowy-icanset-6-do-deszczownicy\/"]}]},{"@type":"BreadcrumbList","@id":"https:\/\/selleetools.com\/pl\/product\/zestaw-przylaczeniowy-icanset-6-do-deszczownicy\/#breadcrumb","itemListElement":[{"@type":"ListItem","position":1,"name":"Home","item":"https:\/\/selleetools.com\/pl\/"},{"@type":"ListItem","position":2,"name":"Katalog","item":"https:\/\/selleetools.com\/pl\/katalog\/"},{"@type":"ListItem","position":3,"name":"Zestaw przy\u0142\u0105czeniowy ICANSET 6, do deszczownicy"}]}]}},"_links":{"self":[{"href":"https:\/\/selleetools.com\/pl\/wp-json\/wp\/v2\/product\/673208"}],"collection":[{"href":"https:\/\/selleetools.com\/pl\/wp-json\/wp\/v2\/product"}],"about":[{"href":"https:\/\/selleetools.com\/pl\/wp-json\/wp\/v2\/types\/product"}],"replies":[{"embeddable":true,"href":"https:\/\/selleetools.com\/pl\/wp-json\/wp\/v2\/comments?post=673208"}],"wp:featuredmedia":[{"embeddable":true,"href":"https:\/\/selleetools.com\/pl\/wp-json\/wp\/v2\/media\/673198"}],"wp:attachment":[{"href":"https:\/\/selleetools.com\/pl\/wp-json\/wp\/v2\/media?parent=673208"}],"curies":[{"name":"wp","href":"https:\/\/api.w.org\/{rel}","templated":true}]}}