{"id":673197,"date":"2026-02-19T16:05:17","date_gmt":"2026-02-19T15:05:17","guid":{"rendered":"https:\/\/selleetools.com\/?post_type=product&#038;p=673197"},"modified":"2026-04-18T15:53:04","modified_gmt":"2026-04-18T13:53:04","slug":"zestaw-przylaczeniowy-icanset-7-do-deszczownicy","status":"publish","type":"product","link":"https:\/\/selleetools.com\/pl\/product\/zestaw-przylaczeniowy-icanset-7-do-deszczownicy\/","title":{"rendered":"Zestaw przy\u0142\u0105czeniowy ICANSET 7, do deszczownicy"},"content":{"rendered":"<p>Zestaw przy\u0142\u0105czeniowy ICANSET 7, do deszczownicy (ICANS7)<br \/>\nZestaw przy\u0142\u0105czeniowy ICANSET 7. System doprowadzaj\u0105co-odprowadzaj\u0105cy wod\u0119 deszczow\u0105 gromadzon\u0105 w zbiorniku.<br \/>\nW sk\u0142ad zestawu wchodzi:<br \/>\n &#8211; otwornica<br \/>\n &#8211; kranik<br \/>\n &#8211; uniwersalne przy\u0142\u0105cza<br \/>\n &#8211; w\u0105\u017c ogrodowy &#8211; d\u0142ugo\u015b\u0107 140 cm<br \/>\n &#8211; wylewka<br \/>\n &#8211; wieszak<br \/>\n &#8211; reduktor<br \/>\n &#8211; w\u0105\u017c &#8211; d\u0142ugo\u015b\u0107 60 cm<br \/>\n &#8211; filtr zewn\u0119trzny<br \/>\n &#8211; \u0142apacz<br \/>\n &#8211; Zestaw posiadaj\u0105cy dodatkowo filtr zewn\u0119trzny oczyszczaj\u0105cy wod\u0119 przedostaj\u0105c\u0105 si\u0119 do zbiornika.<br \/>\n &#8211; Zestaw kompletny i uniwersalny.<br \/>\n &#8211; Jego prosta konstrukcja zapewnia szybk\u0105 instalacj\u0119 i pozwala na \u0142atwy monta\u017c.<br \/>\n &#8211; minimalna \u015brednica rynny: 9 cm<br \/>\n &#8211; maksymalna \u015brednica rynny: 11,5 cm<\/p>\n<p>Zestaw przy\u0142\u0105czeniowy ICANSET 7, do deszczownicy (ICANS7)<br \/>\nZestaw przy\u0142\u0105czeniowy ICANSET 7. System doprowadzaj\u0105co-odprowadzaj\u0105cy wod\u0119 deszczow\u0105 gromadzon\u0105 w zbiorniku.<br \/>\nW sk\u0142ad zestawu wchodzi:<br \/>\n &#8211; otwornica<br \/>\n &#8211; kranik<br \/>\n &#8211; uniwersalne przy\u0142\u0105cza<br \/>\n &#8211; w\u0105\u017c ogrodowy &#8211; d\u0142ugo\u015b\u0107 140 cm<br \/>\n &#8211; wylewka<br \/>\n &#8211; wieszak<br \/>\n &#8211; reduktor<br \/>\n &#8211; w\u0105\u017c &#8211; d\u0142ugo\u015b\u0107 60 cm<br \/>\n &#8211; filtr zewn\u0119trzny<br \/>\n &#8211; \u0142apacz<br \/>\n &#8211; Zestaw posiadaj\u0105cy dodatkowo filtr zewn\u0119trzny oczyszczaj\u0105cy wod\u0119 przedostaj\u0105c\u0105 si\u0119 do zbiornika.<br \/>\n &#8211; Zestaw kompletny i uniwersalny.<br \/>\n &#8211; Jego prosta konstrukcja zapewnia szybk\u0105 instalacj\u0119 i pozwala na \u0142atwy monta\u017c.<br \/>\n &#8211; minimalna \u015brednica rynny: 9 cm<br \/>\n &#8211; maksymalna \u015brednica rynny: 11,5 cm<\/p>\n","protected":false},"excerpt":{"rendered":"<p>Zestaw przy\u0142\u0105czeniowy ICANSET 7, do deszczownicy (ICANS7) Zestaw przy\u0142\u0105czeniowy ICANSET 7. System doprowadzaj\u0105co-odprowadzaj\u0105cy wod\u0119 deszczow\u0105 gromadzon\u0105 w zbiorniku. W sk\u0142ad zestawu wchodzi: &#8211; otwornica &#8211; kranik &#8211; uniwersalne przy\u0142\u0105cza &#8211; w\u0105\u017c ogrodowy &#8211; d\u0142ugo\u015b\u0107 140 cm &#8211; wylewka &#8211; wieszak &#8211; reduktor &#8211; w\u0105\u017c &#8211; d\u0142ugo\u015b\u0107 60 cm &#8211; filtr zewn\u0119trzny &#8211; \u0142apacz &#8211; Zestaw &#8230; <a title=\"Zestaw przy\u0142\u0105czeniowy ICANSET 7, do deszczownicy\" class=\"read-more\" href=\"https:\/\/selleetools.com\/pl\/product\/zestaw-przylaczeniowy-icanset-7-do-deszczownicy\/\">Read more<span class=\"screen-reader-text\">Zestaw przy\u0142\u0105czeniowy ICANSET 7, do deszczownicy<\/span><\/a><\/p>\n","protected":false},"featured_media":673187,"comment_status":"open","ping_status":"closed","template":"","meta":{"_links_to":"","_links_to_target":""},"yoast_head":"<!-- This site is optimized with the Yoast SEO plugin v19.4 - https:\/\/yoast.com\/wordpress\/plugins\/seo\/ -->\n<title>Zestaw przy\u0142\u0105czeniowy ICANSET 7, do deszczownicy - Selleetools.com<\/title>\n<meta name=\"robots\" content=\"index, follow, max-snippet:-1, max-image-preview:large, max-video-preview:-1\" \/>\n<link rel=\"canonical\" href=\"https:\/\/selleetools.com\/pl\/product\/zestaw-przylaczeniowy-icanset-7-do-deszczownicy\/\" \/>\n<meta property=\"og:locale\" content=\"pl_PL\" \/>\n<meta property=\"og:type\" content=\"article\" \/>\n<meta property=\"og:title\" content=\"Zestaw przy\u0142\u0105czeniowy ICANSET 7, do deszczownicy - Selleetools.com\" \/>\n<meta property=\"og:description\" content=\"Zestaw przy\u0142\u0105czeniowy ICANSET 7, do deszczownicy (ICANS7) Zestaw przy\u0142\u0105czeniowy ICANSET 7. System doprowadzaj\u0105co-odprowadzaj\u0105cy wod\u0119 deszczow\u0105 gromadzon\u0105 w zbiorniku. W sk\u0142ad zestawu wchodzi: &#8211; otwornica &#8211; kranik &#8211; uniwersalne przy\u0142\u0105cza &#8211; w\u0105\u017c ogrodowy &#8211; d\u0142ugo\u015b\u0107 140 cm &#8211; wylewka &#8211; wieszak &#8211; reduktor &#8211; w\u0105\u017c &#8211; d\u0142ugo\u015b\u0107 60 cm &#8211; filtr zewn\u0119trzny &#8211; \u0142apacz &#8211; Zestaw ... Read moreZestaw przy\u0142\u0105czeniowy ICANSET 7, do deszczownicy\" \/>\n<meta property=\"og:url\" content=\"https:\/\/selleetools.com\/pl\/product\/zestaw-przylaczeniowy-icanset-7-do-deszczownicy\/\" \/>\n<meta property=\"og:site_name\" content=\"Selleetools.com\" \/>\n<meta property=\"article:modified_time\" content=\"2026-04-18T13:53:04+00:00\" \/>\n<meta property=\"og:image\" content=\"https:\/\/selleetools.com\/wp-content\/uploads\/2026\/02\/6c44ff91771f86578faa871479ba400d.jpg\" \/>\n\t<meta property=\"og:image:width\" content=\"2560\" \/>\n\t<meta property=\"og:image:height\" content=\"1046\" \/>\n\t<meta property=\"og:image:type\" content=\"image\/jpeg\" \/>\n<meta name=\"twitter:card\" content=\"summary_large_image\" \/>\n<meta name=\"twitter:label1\" content=\"Est. reading time\" \/>\n\t<meta name=\"twitter:data1\" content=\"1 minuta\" \/>\n<!-- \/ Yoast SEO plugin. -->","yoast_head_json":{"title":"Zestaw przy\u0142\u0105czeniowy ICANSET 7, do deszczownicy - Selleetools.com","robots":{"index":"index","follow":"follow","max-snippet":"max-snippet:-1","max-image-preview":"max-image-preview:large","max-video-preview":"max-video-preview:-1"},"canonical":"https:\/\/selleetools.com\/pl\/product\/zestaw-przylaczeniowy-icanset-7-do-deszczownicy\/","og_locale":"pl_PL","og_type":"article","og_title":"Zestaw przy\u0142\u0105czeniowy ICANSET 7, do deszczownicy - Selleetools.com","og_description":"Zestaw przy\u0142\u0105czeniowy ICANSET 7, do deszczownicy (ICANS7) Zestaw przy\u0142\u0105czeniowy ICANSET 7. System doprowadzaj\u0105co-odprowadzaj\u0105cy wod\u0119 deszczow\u0105 gromadzon\u0105 w zbiorniku. W sk\u0142ad zestawu wchodzi: &#8211; otwornica &#8211; kranik &#8211; uniwersalne przy\u0142\u0105cza &#8211; w\u0105\u017c ogrodowy &#8211; d\u0142ugo\u015b\u0107 140 cm &#8211; wylewka &#8211; wieszak &#8211; reduktor &#8211; w\u0105\u017c &#8211; d\u0142ugo\u015b\u0107 60 cm &#8211; filtr zewn\u0119trzny &#8211; \u0142apacz &#8211; Zestaw ... Read moreZestaw przy\u0142\u0105czeniowy ICANSET 7, do deszczownicy","og_url":"https:\/\/selleetools.com\/pl\/product\/zestaw-przylaczeniowy-icanset-7-do-deszczownicy\/","og_site_name":"Selleetools.com","article_modified_time":"2026-04-18T13:53:04+00:00","og_image":[{"width":2560,"height":1046,"url":"https:\/\/selleetools.com\/wp-content\/uploads\/2026\/02\/6c44ff91771f86578faa871479ba400d.jpg","type":"image\/jpeg"}],"twitter_card":"summary_large_image","twitter_misc":{"Est. reading time":"1 minuta"},"schema":{"@context":"https:\/\/schema.org","@graph":[{"@type":"Organization","@id":"https:\/\/selleetools.com\/#organization","name":"Selleetools","url":"https:\/\/selleetools.com\/","sameAs":[],"logo":{"@type":"ImageObject","inLanguage":"pl-PL","@id":"https:\/\/selleetools.com\/#\/schema\/logo\/image\/","url":"https:\/\/selleetools.com\/wp-content\/uploads\/2021\/10\/logo-dark.png","contentUrl":"https:\/\/selleetools.com\/wp-content\/uploads\/2021\/10\/logo-dark.png","width":320,"height":76,"caption":"Selleetools"},"image":{"@id":"https:\/\/selleetools.com\/#\/schema\/logo\/image\/"}},{"@type":"WebSite","@id":"https:\/\/selleetools.com\/#website","url":"https:\/\/selleetools.com\/","name":"Selleetools.com","description":"","publisher":{"@id":"https:\/\/selleetools.com\/#organization"},"potentialAction":[{"@type":"SearchAction","target":{"@type":"EntryPoint","urlTemplate":"https:\/\/selleetools.com\/?s={search_term_string}"},"query-input":"required name=search_term_string"}],"inLanguage":"pl-PL"},{"@type":"WebPage","@id":"https:\/\/selleetools.com\/pl\/product\/zestaw-przylaczeniowy-icanset-7-do-deszczownicy\/","url":"https:\/\/selleetools.com\/pl\/product\/zestaw-przylaczeniowy-icanset-7-do-deszczownicy\/","name":"Zestaw przy\u0142\u0105czeniowy ICANSET 7, do deszczownicy - Selleetools.com","isPartOf":{"@id":"https:\/\/selleetools.com\/#website"},"datePublished":"2026-02-19T15:05:17+00:00","dateModified":"2026-04-18T13:53:04+00:00","breadcrumb":{"@id":"https:\/\/selleetools.com\/pl\/product\/zestaw-przylaczeniowy-icanset-7-do-deszczownicy\/#breadcrumb"},"inLanguage":"pl-PL","potentialAction":[{"@type":"ReadAction","target":["https:\/\/selleetools.com\/pl\/product\/zestaw-przylaczeniowy-icanset-7-do-deszczownicy\/"]}]},{"@type":"BreadcrumbList","@id":"https:\/\/selleetools.com\/pl\/product\/zestaw-przylaczeniowy-icanset-7-do-deszczownicy\/#breadcrumb","itemListElement":[{"@type":"ListItem","position":1,"name":"Home","item":"https:\/\/selleetools.com\/pl\/"},{"@type":"ListItem","position":2,"name":"Katalog","item":"https:\/\/selleetools.com\/pl\/katalog\/"},{"@type":"ListItem","position":3,"name":"Zestaw przy\u0142\u0105czeniowy ICANSET 7, do deszczownicy"}]}]}},"_links":{"self":[{"href":"https:\/\/selleetools.com\/pl\/wp-json\/wp\/v2\/product\/673197"}],"collection":[{"href":"https:\/\/selleetools.com\/pl\/wp-json\/wp\/v2\/product"}],"about":[{"href":"https:\/\/selleetools.com\/pl\/wp-json\/wp\/v2\/types\/product"}],"replies":[{"embeddable":true,"href":"https:\/\/selleetools.com\/pl\/wp-json\/wp\/v2\/comments?post=673197"}],"wp:featuredmedia":[{"embeddable":true,"href":"https:\/\/selleetools.com\/pl\/wp-json\/wp\/v2\/media\/673187"}],"wp:attachment":[{"href":"https:\/\/selleetools.com\/pl\/wp-json\/wp\/v2\/media?parent=673197"}],"curies":[{"name":"wp","href":"https:\/\/api.w.org\/{rel}","templated":true}]}}