{"id":673159,"date":"2026-02-19T16:05:00","date_gmt":"2026-02-19T15:05:00","guid":{"rendered":"https:\/\/selleetools.com\/?post_type=product&#038;p=673159"},"modified":"2026-04-15T17:51:17","modified_gmt":"2026-04-15T15:51:17","slug":"doniczka-na-balustrade-ratolla-drlb400-umbra","status":"publish","type":"product","link":"https:\/\/selleetools.com\/pl\/product\/doniczka-na-balustrade-ratolla-drlb400-umbra\/","title":{"rendered":"Doniczka na balustrad\u0119 Ratolla DRLB400 | Umbra"},"content":{"rendered":"<p>Doniczka balkonowa RATOLLA DRLB400 &#8211; Umbra<br \/>\nSkrzynki Ratolla o fakturze wiernie imituj\u0105cej plecionk\u0119 z naturalnego rattanu nadaj\u0105 si\u0119 do mocowania do balkonowych barierek i por\u0119czy, nie wymagaj\u0105 dodatkowych uchwyt\u00f3w do zawieszenia.Zaprojektowane wg\u0142\u0119bienie pozwala usztywni\u0107 j\u0105 pod barierk\u0105 za pomoc\u0105 do\u0142\u0105czonych do zestawu zacisk\u00f3w. S\u0105 odporne na uszkodzenia mechaniczne i wykazuje du\u017c\u0105 wytrzyma\u0142o\u015b\u0107 na dzia\u0142anie promieni s\u0142onecznych, dzi\u0119ki kt\u00f3rej zachowuj\u0105 sw\u00f3j kolor. Skrzynki nadaj\u0105 si\u0119 do mocowania na por\u0119czach do 60 mm szeroko\u015bci.<\/p>\n<p>Dane techniczne<br \/>\n &#8211; D\u0142ugo\u015b\u0107 zewn\u0119trzna (g\u00f3ra) &#8211; 40 cm<br \/>\n &#8211; D\u0142ugo\u015b\u0107 zewn\u0119trzna (podstawa) &#8211; 33 cm<br \/>\n &#8211; Szeroko\u015b\u0107 zewn\u0119trzna (g\u00f3ra) &#8211; 27 cm<br \/>\n &#8211; Szeroko\u015b\u0107 zewn\u0119trzna (podstawa) &#8211; 20 cm<br \/>\n &#8211; Wysoko\u015b\u0107 zewn\u0119trzna &#8211; 22 cm<br \/>\n &#8211; Pojemno\u015b\u0107 -12 l<br \/>\n &#8211; Materia\u0142 &#8211; Tworzywo sztuczne<br \/>\n &#8211; Efekt powierzchni &#8211; Rattan<br \/>\n &#8211; Wykorzystanie wewn\u0105trz budynk\u00f3w &#8211; TAK<br \/>\n &#8211; Wykorzystanie na zewn\u0105trz &#8211; TAK<br \/>\n &#8211; Odporno\u015b\u0107 na promienie UV &#8211; TAK<\/p>\n<p>Doniczka balkonowa RATOLLA DRLB400 &#8211; Umbra<br \/>\nSkrzynki Ratolla o fakturze wiernie imituj\u0105cej plecionk\u0119 z naturalnego rattanu nadaj\u0105 si\u0119 do mocowania do balkonowych barierek i por\u0119czy, nie wymagaj\u0105 dodatkowych uchwyt\u00f3w do zawieszenia.Zaprojektowane wg\u0142\u0119bienie pozwala usztywni\u0107 j\u0105 pod barierk\u0105 za pomoc\u0105 do\u0142\u0105czonych do zestawu zacisk\u00f3w. S\u0105 odporne na uszkodzenia mechaniczne i wykazuje du\u017c\u0105 wytrzyma\u0142o\u015b\u0107 na dzia\u0142anie promieni s\u0142onecznych, dzi\u0119ki kt\u00f3rej zachowuj\u0105 sw\u00f3j kolor. Skrzynki nadaj\u0105 si\u0119 do mocowania na por\u0119czach do 60 mm szeroko\u015bci.<\/p>\n<p>Dane techniczne<br \/>\n &#8211; D\u0142ugo\u015b\u0107 zewn\u0119trzna (g\u00f3ra) &#8211; 40 cm<br \/>\n &#8211; D\u0142ugo\u015b\u0107 zewn\u0119trzna (podstawa) &#8211; 33 cm<br \/>\n &#8211; Szeroko\u015b\u0107 zewn\u0119trzna (g\u00f3ra) &#8211; 27 cm<br \/>\n &#8211; Szeroko\u015b\u0107 zewn\u0119trzna (podstawa) &#8211; 20 cm<br \/>\n &#8211; Wysoko\u015b\u0107 zewn\u0119trzna &#8211; 22 cm<br \/>\n &#8211; Pojemno\u015b\u0107 -12 l<br \/>\n &#8211; Materia\u0142 &#8211; Tworzywo sztuczne<br \/>\n &#8211; Efekt powierzchni &#8211; Rattan<br \/>\n &#8211; Wykorzystanie wewn\u0105trz budynk\u00f3w &#8211; TAK<br \/>\n &#8211; Wykorzystanie na zewn\u0105trz &#8211; TAK<br \/>\n &#8211; Odporno\u015b\u0107 na promienie UV &#8211; TAK<\/p>\n","protected":false},"excerpt":{"rendered":"<p>Doniczka balkonowa RATOLLA DRLB400 &#8211; Umbra Skrzynki Ratolla o fakturze wiernie imituj\u0105cej plecionk\u0119 z naturalnego rattanu nadaj\u0105 si\u0119 do mocowania do balkonowych barierek i por\u0119czy, nie wymagaj\u0105 dodatkowych uchwyt\u00f3w do zawieszenia.Zaprojektowane wg\u0142\u0119bienie pozwala usztywni\u0107 j\u0105 pod barierk\u0105 za pomoc\u0105 do\u0142\u0105czonych do zestawu zacisk\u00f3w. S\u0105 odporne na uszkodzenia mechaniczne i wykazuje du\u017c\u0105 wytrzyma\u0142o\u015b\u0107 na dzia\u0142anie promieni &#8230; <a title=\"Doniczka na balustrad\u0119 Ratolla DRLB400 | Umbra\" class=\"read-more\" href=\"https:\/\/selleetools.com\/pl\/product\/doniczka-na-balustrade-ratolla-drlb400-umbra\/\">Read more<span class=\"screen-reader-text\">Doniczka na balustrad\u0119 Ratolla DRLB400 | Umbra<\/span><\/a><\/p>\n","protected":false},"featured_media":673153,"comment_status":"open","ping_status":"closed","template":"","meta":{"_links_to":"","_links_to_target":""},"yoast_head":"<!-- This site is optimized with the Yoast SEO plugin v19.4 - https:\/\/yoast.com\/wordpress\/plugins\/seo\/ -->\n<title>Doniczka na balustrad\u0119 Ratolla DRLB400 | Umbra - Selleetools.com<\/title>\n<meta name=\"robots\" content=\"index, follow, max-snippet:-1, max-image-preview:large, max-video-preview:-1\" \/>\n<link rel=\"canonical\" href=\"https:\/\/selleetools.com\/pl\/product\/doniczka-na-balustrade-ratolla-drlb400-umbra\/\" \/>\n<meta property=\"og:locale\" content=\"pl_PL\" \/>\n<meta property=\"og:type\" content=\"article\" \/>\n<meta property=\"og:title\" content=\"Doniczka na balustrad\u0119 Ratolla DRLB400 | Umbra - Selleetools.com\" \/>\n<meta property=\"og:description\" content=\"Doniczka balkonowa RATOLLA DRLB400 &#8211; Umbra Skrzynki Ratolla o fakturze wiernie imituj\u0105cej plecionk\u0119 z naturalnego rattanu nadaj\u0105 si\u0119 do mocowania do balkonowych barierek i por\u0119czy, nie wymagaj\u0105 dodatkowych uchwyt\u00f3w do zawieszenia.Zaprojektowane wg\u0142\u0119bienie pozwala usztywni\u0107 j\u0105 pod barierk\u0105 za pomoc\u0105 do\u0142\u0105czonych do zestawu zacisk\u00f3w. S\u0105 odporne na uszkodzenia mechaniczne i wykazuje du\u017c\u0105 wytrzyma\u0142o\u015b\u0107 na dzia\u0142anie promieni ... Read moreDoniczka na balustrad\u0119 Ratolla DRLB400 | Umbra\" \/>\n<meta property=\"og:url\" content=\"https:\/\/selleetools.com\/pl\/product\/doniczka-na-balustrade-ratolla-drlb400-umbra\/\" \/>\n<meta property=\"og:site_name\" content=\"Selleetools.com\" \/>\n<meta property=\"article:modified_time\" content=\"2026-04-15T15:51:17+00:00\" \/>\n<meta property=\"og:image\" content=\"https:\/\/selleetools.com\/wp-content\/uploads\/2026\/02\/1409a651035591e3da45d12e6ffeac21.jpg\" \/>\n\t<meta property=\"og:image:width\" content=\"2560\" \/>\n\t<meta property=\"og:image:height\" content=\"2372\" \/>\n\t<meta property=\"og:image:type\" content=\"image\/jpeg\" \/>\n<meta name=\"twitter:card\" content=\"summary_large_image\" \/>\n<meta name=\"twitter:label1\" content=\"Est. reading time\" \/>\n\t<meta name=\"twitter:data1\" content=\"2 minuty\" \/>\n<!-- \/ Yoast SEO plugin. -->","yoast_head_json":{"title":"Doniczka na balustrad\u0119 Ratolla DRLB400 | Umbra - Selleetools.com","robots":{"index":"index","follow":"follow","max-snippet":"max-snippet:-1","max-image-preview":"max-image-preview:large","max-video-preview":"max-video-preview:-1"},"canonical":"https:\/\/selleetools.com\/pl\/product\/doniczka-na-balustrade-ratolla-drlb400-umbra\/","og_locale":"pl_PL","og_type":"article","og_title":"Doniczka na balustrad\u0119 Ratolla DRLB400 | Umbra - Selleetools.com","og_description":"Doniczka balkonowa RATOLLA DRLB400 &#8211; Umbra Skrzynki Ratolla o fakturze wiernie imituj\u0105cej plecionk\u0119 z naturalnego rattanu nadaj\u0105 si\u0119 do mocowania do balkonowych barierek i por\u0119czy, nie wymagaj\u0105 dodatkowych uchwyt\u00f3w do zawieszenia.Zaprojektowane wg\u0142\u0119bienie pozwala usztywni\u0107 j\u0105 pod barierk\u0105 za pomoc\u0105 do\u0142\u0105czonych do zestawu zacisk\u00f3w. S\u0105 odporne na uszkodzenia mechaniczne i wykazuje du\u017c\u0105 wytrzyma\u0142o\u015b\u0107 na dzia\u0142anie promieni ... Read moreDoniczka na balustrad\u0119 Ratolla DRLB400 | Umbra","og_url":"https:\/\/selleetools.com\/pl\/product\/doniczka-na-balustrade-ratolla-drlb400-umbra\/","og_site_name":"Selleetools.com","article_modified_time":"2026-04-15T15:51:17+00:00","og_image":[{"width":2560,"height":2372,"url":"https:\/\/selleetools.com\/wp-content\/uploads\/2026\/02\/1409a651035591e3da45d12e6ffeac21.jpg","type":"image\/jpeg"}],"twitter_card":"summary_large_image","twitter_misc":{"Est. reading time":"2 minuty"},"schema":{"@context":"https:\/\/schema.org","@graph":[{"@type":"Organization","@id":"https:\/\/selleetools.com\/#organization","name":"Selleetools","url":"https:\/\/selleetools.com\/","sameAs":[],"logo":{"@type":"ImageObject","inLanguage":"pl-PL","@id":"https:\/\/selleetools.com\/#\/schema\/logo\/image\/","url":"https:\/\/selleetools.com\/wp-content\/uploads\/2021\/10\/logo-dark.png","contentUrl":"https:\/\/selleetools.com\/wp-content\/uploads\/2021\/10\/logo-dark.png","width":320,"height":76,"caption":"Selleetools"},"image":{"@id":"https:\/\/selleetools.com\/#\/schema\/logo\/image\/"}},{"@type":"WebSite","@id":"https:\/\/selleetools.com\/#website","url":"https:\/\/selleetools.com\/","name":"Selleetools.com","description":"","publisher":{"@id":"https:\/\/selleetools.com\/#organization"},"potentialAction":[{"@type":"SearchAction","target":{"@type":"EntryPoint","urlTemplate":"https:\/\/selleetools.com\/?s={search_term_string}"},"query-input":"required name=search_term_string"}],"inLanguage":"pl-PL"},{"@type":"WebPage","@id":"https:\/\/selleetools.com\/pl\/product\/doniczka-na-balustrade-ratolla-drlb400-umbra\/","url":"https:\/\/selleetools.com\/pl\/product\/doniczka-na-balustrade-ratolla-drlb400-umbra\/","name":"Doniczka na balustrad\u0119 Ratolla DRLB400 | Umbra - Selleetools.com","isPartOf":{"@id":"https:\/\/selleetools.com\/#website"},"datePublished":"2026-02-19T15:05:00+00:00","dateModified":"2026-04-15T15:51:17+00:00","breadcrumb":{"@id":"https:\/\/selleetools.com\/pl\/product\/doniczka-na-balustrade-ratolla-drlb400-umbra\/#breadcrumb"},"inLanguage":"pl-PL","potentialAction":[{"@type":"ReadAction","target":["https:\/\/selleetools.com\/pl\/product\/doniczka-na-balustrade-ratolla-drlb400-umbra\/"]}]},{"@type":"BreadcrumbList","@id":"https:\/\/selleetools.com\/pl\/product\/doniczka-na-balustrade-ratolla-drlb400-umbra\/#breadcrumb","itemListElement":[{"@type":"ListItem","position":1,"name":"Home","item":"https:\/\/selleetools.com\/pl\/"},{"@type":"ListItem","position":2,"name":"Katalog","item":"https:\/\/selleetools.com\/pl\/katalog\/"},{"@type":"ListItem","position":3,"name":"Doniczka na balustrad\u0119 Ratolla DRLB400 | Umbra"}]}]}},"_links":{"self":[{"href":"https:\/\/selleetools.com\/pl\/wp-json\/wp\/v2\/product\/673159"}],"collection":[{"href":"https:\/\/selleetools.com\/pl\/wp-json\/wp\/v2\/product"}],"about":[{"href":"https:\/\/selleetools.com\/pl\/wp-json\/wp\/v2\/types\/product"}],"replies":[{"embeddable":true,"href":"https:\/\/selleetools.com\/pl\/wp-json\/wp\/v2\/comments?post=673159"}],"wp:featuredmedia":[{"embeddable":true,"href":"https:\/\/selleetools.com\/pl\/wp-json\/wp\/v2\/media\/673153"}],"wp:attachment":[{"href":"https:\/\/selleetools.com\/pl\/wp-json\/wp\/v2\/media?parent=673159"}],"curies":[{"name":"wp","href":"https:\/\/api.w.org\/{rel}","templated":true}]}}