{"id":673125,"date":"2026-02-19T16:04:38","date_gmt":"2026-02-19T15:04:38","guid":{"rendered":"https:\/\/selleetools.com\/?post_type=product&#038;p=673125"},"modified":"2026-04-14T19:23:52","modified_gmt":"2026-04-14T17:23:52","slug":"sniezkomat-do-kulek-snieznych-snowballee-2-zielony","status":"publish","type":"product","link":"https:\/\/selleetools.com\/pl\/product\/sniezkomat-do-kulek-snieznych-snowballee-2-zielony\/","title":{"rendered":"\u015anie\u017ckomat do kulek \u015bnie\u017cnych SNOWBALLEE 2 | Zielony"},"content":{"rendered":"<section class=\"section\">\n<div class=\"item item-6\">\n<section class=\"image-item\"><img src=\"https:\/\/upload.cdn.baselinker.com\/products\/3028621\/b7e65afbc1e5bd264359e4104da7d1e1.jpg\"><\/section>\n<\/p><\/div>\n<div class=\"item item-6\">\n<section class=\"text-item\">\n<h1>\u015anie\u017ckomat do kulek \u015bnie\u017cnych SNOWBALLEE 2 &#8211; Zielony<\/h1>\n<p>\u015anie\u017ckomat IKUL80 Snowballee to automat do robienia kulek \u015bnie\u017cnych. Bitwa na \u015bnie\u017cki to \u015bwietna zabawa dla dzieci jak i doros\u0142ych. \u015anie\u017ckomat sprawi, \u017ce b\u0119dzie ona jeszcze\u00a0przyjemniejsza.<\/p>\n<p><b>Zalety:<\/b><\/p>\n<ul>\n<li>Unikniesz przemoczonych r\u0119kawiczek<\/li>\n<li>Unikniesz \u00a0zmarzni\u0119tych d\u0142oni<\/li>\n<li>Wszystkie \u015bnie\u017cki b\u0119d\u0105 r\u00f3wne i\u00a0okr\u0105g\u0142e<\/li>\n<li>Na ka\u017cdej odci\u015bnie si\u0119 u\u015bmiechni\u0119ta bu\u017aka<\/li>\n<li>Robi dwie kulki \u015bniegowe za jednym razem<\/li>\n<\/ul>\n<p><b>Wymiary: 8x11cm<\/b><\/p>\n<\/section><\/div>\n<\/section>\n<section class=\"section\">\n<div class=\"item item-6\">\n<section class=\"text-item\">\n<p><b>Producent:<\/b><\/p>\n<\/section><\/div>\n<div class=\"item item-6\">\n<section class=\"image-item\"><img src=\"https:\/\/upload.cdn.baselinker.com\/products\/3028621\/a32a1d6c98c7e81af010020f93b2181c.jpg\"><\/section>\n<\/p><\/div>\n<\/section>\n<section class=\"section\">\n<div class=\"item item-12\">\n<section class=\"text-item\">\n<p>\u015anie\u017ckomat IKUL80 Snowballee to automat do robienia kulek \u015bnie\u017cnych. Bitwa na \u015bnie\u017cki to \u015bwietna zabawa dla dzieci jak i doros\u0142ych. \u015anie\u017ckomat sprawi, \u017ce b\u0119dzie ona jeszcze\u00a0przyjemniejsza.<\/p>\n<p>Unikniesz przemoczonych r\u0119kawiczek i zmarzni\u0119tych d\u0142oni.Wszystkie \u015bnie\u017cki b\u0119d\u0105 r\u00f3wne, okr\u0105g\u0142e i w dodatku na ka\u017cdej odci\u015bnie si\u0119 u\u015bmiechni\u0119ta bu\u017aka.Podw\u00f3jny zasobnik przy\u015bpieszy produkcj\u0119 \u015bniegowych kul i zwi\u0119kszy szans\u0119 na wygran\u0105! Dzi\u0119ki Snowballee dzieci wzmocni\u0105 swoje zdolno\u015bci manualne\u00a0i polubi\u0105 aktywno\u015b\u0107 na \u015bwie\u017cym powietrzu.\u00a0\u015anie\u017ckomat IKUL80 Snowballee to r\u0119czna maszynka do robienia kulek \u015bnie\u017cnych. \u015anie\u017ckomat wytwarza dwie \u015bnie\u017cki jednocze\u015bnie o \u015brednicy 8 cm. Idealny dla dzieci jak i dla doros\u0142ych.Wymiary:8&#215;11 cm<\/p>\n<\/section><\/div>\n<\/section>\n<section class=\"section\">\n<div class=\"item item-12\">\n<section class=\"image-item\"><img src=\"https:\/\/upload.cdn.baselinker.com\/products\/3028621\/22e07ed65e6d820212455f6692496840.jpg\"><\/section>\n<\/p><\/div>\n<\/section>\n<section class=\"section\">\n<div class=\"item item-12\">\n<section class=\"image-item\"><img src=\"https:\/\/upload.cdn.baselinker.com\/products\/3028621\/df63cb93bd5e83055a20cf4974c42c92.jpg\"><\/section>\n<\/p><\/div>\n<\/section>\n<section class=\"section\">\n<div class=\"item item-6\">\n<section class=\"image-item\"><img src=\"https:\/\/upload.cdn.baselinker.com\/products\/3028621\/b7e65afbc1e5bd264359e4104da7d1e1.jpg\"><\/section>\n<\/p><\/div>\n<div class=\"item item-6\">\n<section class=\"image-item\"><img src=\"https:\/\/upload.cdn.baselinker.com\/products\/3028621\/22e07ed65e6d820212455f6692496840.jpg\"><\/section>\n<\/p><\/div>\n<\/section>\n<section class=\"section\">\n<div class=\"item item-6\">\n<section class=\"image-item\"><img src=\"https:\/\/upload.cdn.baselinker.com\/products\/3028621\/df63cb93bd5e83055a20cf4974c42c92.jpg\"><\/section>\n<\/p><\/div>\n<div class=\"item item-6\">\n<section class=\"image-item\"><img src=\"https:\/\/upload.cdn.baselinker.com\/products\/3028621\/45054f35999d706c38fd5040178bf14e.jpg\"><\/section>\n<\/p><\/div>\n<\/section>\n<section class=\"section\">\n<div class=\"item item-12\">\n<section class=\"image-item\"><img src=\"https:\/\/upload.cdn.baselinker.com\/products\/3028621\/a32a1d6c98c7e81af010020f93b2181c.jpg\"><\/section>\n<\/p><\/div>\n<\/section>\n<p>\u015anie\u017ckomat do kulek \u015bnie\u017cnych SNOWBALLEE 2 &#8211; Zielony<br \/>\n\u015anie\u017ckomat IKUL80 Snowballee to automat do robienia kulek \u015bnie\u017cnych. Bitwa na \u015bnie\u017cki to \u015bwietna zabawa dla dzieci jak i doros\u0142ych. \u015anie\u017ckomat sprawi, \u017ce b\u0119dzie ona jeszcze\u00a0przyjemniejsza.<br \/>\nZalety:<br \/>\n &#8211; Unikniesz przemoczonych r\u0119kawiczek<br \/>\n &#8211; Unikniesz \u00a0zmarzni\u0119tych d\u0142oni<br \/>\n &#8211; Wszystkie \u015bnie\u017cki b\u0119d\u0105 r\u00f3wne i\u00a0okr\u0105g\u0142e<br \/>\n &#8211; Na ka\u017cdej odci\u015bnie si\u0119 u\u015bmiechni\u0119ta bu\u017aka<br \/>\n &#8211; Robi dwie kulki \u015bniegowe za jednym razem<br \/>\nWymiary: 8x11cm<\/p>\n<p>Producent:<\/p>\n<p>\u015anie\u017ckomat IKUL80 Snowballee to automat do robienia kulek \u015bnie\u017cnych. Bitwa na \u015bnie\u017cki to \u015bwietna zabawa dla dzieci jak i doros\u0142ych. \u015anie\u017ckomat sprawi, \u017ce b\u0119dzie ona jeszcze\u00a0przyjemniejsza.<br \/>\nUnikniesz przemoczonych r\u0119kawiczek i zmarzni\u0119tych d\u0142oni.Wszystkie \u015bnie\u017cki b\u0119d\u0105 r\u00f3wne, okr\u0105g\u0142e i w dodatku na ka\u017cdej odci\u015bnie si\u0119 u\u015bmiechni\u0119ta bu\u017aka.Podw\u00f3jny zasobnik przy\u015bpieszy produkcj\u0119 \u015bniegowych kul i zwi\u0119kszy szans\u0119 na wygran\u0105! Dzi\u0119ki Snowballee dzieci wzmocni\u0105 swoje zdolno\u015bci manualne\u00a0i polubi\u0105 aktywno\u015b\u0107 na \u015bwie\u017cym powietrzu.\u00a0\u015anie\u017ckomat IKUL80 Snowballee to r\u0119czna maszynka do robienia kulek \u015bnie\u017cnych. \u015anie\u017ckomat wytwarza dwie \u015bnie\u017cki jednocze\u015bnie o \u015brednicy 8 cm. Idealny dla dzieci jak i dla doros\u0142ych.Wymiary:8&#215;11 cm<\/p>\n","protected":false},"excerpt":{"rendered":"<p>\u015anie\u017ckomat do kulek \u015bnie\u017cnych SNOWBALLEE 2 &#8211; Zielony \u015anie\u017ckomat IKUL80 Snowballee to automat do robienia kulek \u015bnie\u017cnych. Bitwa na \u015bnie\u017cki to \u015bwietna zabawa dla dzieci jak i doros\u0142ych. \u015anie\u017ckomat sprawi, \u017ce b\u0119dzie ona jeszcze\u00a0przyjemniejsza. Zalety: Unikniesz przemoczonych r\u0119kawiczek Unikniesz \u00a0zmarzni\u0119tych d\u0142oni Wszystkie \u015bnie\u017cki b\u0119d\u0105 r\u00f3wne i\u00a0okr\u0105g\u0142e Na ka\u017cdej odci\u015bnie si\u0119 u\u015bmiechni\u0119ta bu\u017aka Robi dwie kulki &#8230; <a title=\"\u015anie\u017ckomat do kulek \u015bnie\u017cnych SNOWBALLEE 2 | Zielony\" class=\"read-more\" href=\"https:\/\/selleetools.com\/pl\/product\/sniezkomat-do-kulek-snieznych-snowballee-2-zielony\/\">Read more<span class=\"screen-reader-text\">\u015anie\u017ckomat do kulek \u015bnie\u017cnych SNOWBALLEE 2 | Zielony<\/span><\/a><\/p>\n","protected":false},"featured_media":673115,"comment_status":"open","ping_status":"closed","template":"","meta":{"_links_to":"","_links_to_target":""},"yoast_head":"<!-- This site is optimized with the Yoast SEO plugin v19.4 - https:\/\/yoast.com\/wordpress\/plugins\/seo\/ -->\n<title>\u015anie\u017ckomat do kulek \u015bnie\u017cnych SNOWBALLEE 2 | Zielony - Selleetools.com<\/title>\n<meta name=\"robots\" content=\"index, follow, max-snippet:-1, max-image-preview:large, max-video-preview:-1\" \/>\n<link rel=\"canonical\" href=\"https:\/\/selleetools.com\/pl\/product\/sniezkomat-do-kulek-snieznych-snowballee-2-zielony\/\" \/>\n<meta property=\"og:locale\" content=\"pl_PL\" \/>\n<meta property=\"og:type\" content=\"article\" \/>\n<meta property=\"og:title\" content=\"\u015anie\u017ckomat do kulek \u015bnie\u017cnych SNOWBALLEE 2 | Zielony - Selleetools.com\" \/>\n<meta property=\"og:description\" content=\"\u015anie\u017ckomat do kulek \u015bnie\u017cnych SNOWBALLEE 2 &#8211; Zielony \u015anie\u017ckomat IKUL80 Snowballee to automat do robienia kulek \u015bnie\u017cnych. Bitwa na \u015bnie\u017cki to \u015bwietna zabawa dla dzieci jak i doros\u0142ych. \u015anie\u017ckomat sprawi, \u017ce b\u0119dzie ona jeszcze\u00a0przyjemniejsza. Zalety: Unikniesz przemoczonych r\u0119kawiczek Unikniesz \u00a0zmarzni\u0119tych d\u0142oni Wszystkie \u015bnie\u017cki b\u0119d\u0105 r\u00f3wne i\u00a0okr\u0105g\u0142e Na ka\u017cdej odci\u015bnie si\u0119 u\u015bmiechni\u0119ta bu\u017aka Robi dwie kulki ... Read more\u015anie\u017ckomat do kulek \u015bnie\u017cnych SNOWBALLEE 2 | Zielony\" \/>\n<meta property=\"og:url\" content=\"https:\/\/selleetools.com\/pl\/product\/sniezkomat-do-kulek-snieznych-snowballee-2-zielony\/\" \/>\n<meta property=\"og:site_name\" content=\"Selleetools.com\" \/>\n<meta property=\"article:modified_time\" content=\"2026-04-14T17:23:52+00:00\" \/>\n<meta property=\"og:image\" content=\"https:\/\/selleetools.com\/wp-content\/uploads\/2026\/02\/b7e65afbc1e5bd264359e4104da7d1e1.jpg\" \/>\n\t<meta property=\"og:image:width\" content=\"600\" \/>\n\t<meta property=\"og:image:height\" content=\"526\" \/>\n\t<meta property=\"og:image:type\" content=\"image\/jpeg\" \/>\n<meta name=\"twitter:card\" content=\"summary_large_image\" \/>\n<meta name=\"twitter:label1\" content=\"Est. reading time\" \/>\n\t<meta name=\"twitter:data1\" content=\"2 minuty\" \/>\n<!-- \/ Yoast SEO plugin. -->","yoast_head_json":{"title":"\u015anie\u017ckomat do kulek \u015bnie\u017cnych SNOWBALLEE 2 | Zielony - Selleetools.com","robots":{"index":"index","follow":"follow","max-snippet":"max-snippet:-1","max-image-preview":"max-image-preview:large","max-video-preview":"max-video-preview:-1"},"canonical":"https:\/\/selleetools.com\/pl\/product\/sniezkomat-do-kulek-snieznych-snowballee-2-zielony\/","og_locale":"pl_PL","og_type":"article","og_title":"\u015anie\u017ckomat do kulek \u015bnie\u017cnych SNOWBALLEE 2 | Zielony - Selleetools.com","og_description":"\u015anie\u017ckomat do kulek \u015bnie\u017cnych SNOWBALLEE 2 &#8211; Zielony \u015anie\u017ckomat IKUL80 Snowballee to automat do robienia kulek \u015bnie\u017cnych. Bitwa na \u015bnie\u017cki to \u015bwietna zabawa dla dzieci jak i doros\u0142ych. \u015anie\u017ckomat sprawi, \u017ce b\u0119dzie ona jeszcze\u00a0przyjemniejsza. Zalety: Unikniesz przemoczonych r\u0119kawiczek Unikniesz \u00a0zmarzni\u0119tych d\u0142oni Wszystkie \u015bnie\u017cki b\u0119d\u0105 r\u00f3wne i\u00a0okr\u0105g\u0142e Na ka\u017cdej odci\u015bnie si\u0119 u\u015bmiechni\u0119ta bu\u017aka Robi dwie kulki ... Read more\u015anie\u017ckomat do kulek \u015bnie\u017cnych SNOWBALLEE 2 | Zielony","og_url":"https:\/\/selleetools.com\/pl\/product\/sniezkomat-do-kulek-snieznych-snowballee-2-zielony\/","og_site_name":"Selleetools.com","article_modified_time":"2026-04-14T17:23:52+00:00","og_image":[{"width":600,"height":526,"url":"https:\/\/selleetools.com\/wp-content\/uploads\/2026\/02\/b7e65afbc1e5bd264359e4104da7d1e1.jpg","type":"image\/jpeg"}],"twitter_card":"summary_large_image","twitter_misc":{"Est. reading time":"2 minuty"},"schema":{"@context":"https:\/\/schema.org","@graph":[{"@type":"Organization","@id":"https:\/\/selleetools.com\/#organization","name":"Selleetools","url":"https:\/\/selleetools.com\/","sameAs":[],"logo":{"@type":"ImageObject","inLanguage":"pl-PL","@id":"https:\/\/selleetools.com\/#\/schema\/logo\/image\/","url":"https:\/\/selleetools.com\/wp-content\/uploads\/2021\/10\/logo-dark.png","contentUrl":"https:\/\/selleetools.com\/wp-content\/uploads\/2021\/10\/logo-dark.png","width":320,"height":76,"caption":"Selleetools"},"image":{"@id":"https:\/\/selleetools.com\/#\/schema\/logo\/image\/"}},{"@type":"WebSite","@id":"https:\/\/selleetools.com\/#website","url":"https:\/\/selleetools.com\/","name":"Selleetools.com","description":"","publisher":{"@id":"https:\/\/selleetools.com\/#organization"},"potentialAction":[{"@type":"SearchAction","target":{"@type":"EntryPoint","urlTemplate":"https:\/\/selleetools.com\/?s={search_term_string}"},"query-input":"required name=search_term_string"}],"inLanguage":"pl-PL"},{"@type":"WebPage","@id":"https:\/\/selleetools.com\/pl\/product\/sniezkomat-do-kulek-snieznych-snowballee-2-zielony\/","url":"https:\/\/selleetools.com\/pl\/product\/sniezkomat-do-kulek-snieznych-snowballee-2-zielony\/","name":"\u015anie\u017ckomat do kulek \u015bnie\u017cnych SNOWBALLEE 2 | Zielony - Selleetools.com","isPartOf":{"@id":"https:\/\/selleetools.com\/#website"},"datePublished":"2026-02-19T15:04:38+00:00","dateModified":"2026-04-14T17:23:52+00:00","breadcrumb":{"@id":"https:\/\/selleetools.com\/pl\/product\/sniezkomat-do-kulek-snieznych-snowballee-2-zielony\/#breadcrumb"},"inLanguage":"pl-PL","potentialAction":[{"@type":"ReadAction","target":["https:\/\/selleetools.com\/pl\/product\/sniezkomat-do-kulek-snieznych-snowballee-2-zielony\/"]}]},{"@type":"BreadcrumbList","@id":"https:\/\/selleetools.com\/pl\/product\/sniezkomat-do-kulek-snieznych-snowballee-2-zielony\/#breadcrumb","itemListElement":[{"@type":"ListItem","position":1,"name":"Home","item":"https:\/\/selleetools.com\/pl\/"},{"@type":"ListItem","position":2,"name":"Katalog","item":"https:\/\/selleetools.com\/pl\/katalog\/"},{"@type":"ListItem","position":3,"name":"\u015anie\u017ckomat do kulek \u015bnie\u017cnych SNOWBALLEE 2 | Zielony"}]}]}},"_links":{"self":[{"href":"https:\/\/selleetools.com\/pl\/wp-json\/wp\/v2\/product\/673125"}],"collection":[{"href":"https:\/\/selleetools.com\/pl\/wp-json\/wp\/v2\/product"}],"about":[{"href":"https:\/\/selleetools.com\/pl\/wp-json\/wp\/v2\/types\/product"}],"replies":[{"embeddable":true,"href":"https:\/\/selleetools.com\/pl\/wp-json\/wp\/v2\/comments?post=673125"}],"wp:featuredmedia":[{"embeddable":true,"href":"https:\/\/selleetools.com\/pl\/wp-json\/wp\/v2\/media\/673115"}],"wp:attachment":[{"href":"https:\/\/selleetools.com\/pl\/wp-json\/wp\/v2\/media?parent=673125"}],"curies":[{"name":"wp","href":"https:\/\/api.w.org\/{rel}","templated":true}]}}