{"id":673101,"date":"2026-02-19T16:04:30","date_gmt":"2026-02-19T15:04:30","guid":{"rendered":"https:\/\/selleetools.com\/?post_type=product&#038;p=673101"},"modified":"2026-04-14T19:23:42","modified_gmt":"2026-04-14T17:23:42","slug":"zestaw-respana-gardening-tools-set-inwn01","status":"publish","type":"product","link":"https:\/\/selleetools.com\/pl\/product\/zestaw-respana-gardening-tools-set-inwn01\/","title":{"rendered":"Zestaw Respana Gardening Tools Set INWN01"},"content":{"rendered":"<p>Zestaw Respana Gardening Tools Set INWN01 &#8211; Antracyt<br \/>\n6-elementowy zestaw narz\u0119dzi ogrodniczych ma\u0142ych dla ogrodnika., sprawia \u017ce praca w ogrodzie staje si\u0119 \u0142atwiejsza i przyjemniejsza.<br \/>\nIdealne narz\u0119dzia do uprawy:<br \/>\n &#8211; kwiat\u00f3w<br \/>\n &#8211; warzyw,<br \/>\n &#8211; ro\u015blin,<br \/>\n &#8211; zi\u00f3\u0142<br \/>\nIdealny do prac ogrodniczych jak i idealny do wykorzytania przy pracach zwi\u0105zanych z dbaniem o kwiaty domowe.<br \/>\nNiezb\u0119dnik ka\u017cdego ogrodnika zapakowany jest w funkcjonalny woreczek w kt\u00f3rym znajduje si\u0119 sze\u015b\u0107 narz\u0119dzi.<br \/>\nW sk\u0142ad zestawu wchodzi:<br \/>\n &#8211; szeroka \u0142opatka,<br \/>\n &#8211; w\u0105ska \u0142opatka,<br \/>\n &#8211; pazurki,<br \/>\n &#8211; podw\u00f3jna motyka z pazurkami,<br \/>\n &#8211; szpikulec,<br \/>\n &#8211; kubek.<\/p>\n<p>\u0141opatka du\u017ca INLD<br \/>\nSpecyfikacja:<br \/>\n &#8211; d\u0142ugo\u015b\u0107 ca\u0142kowita &#8211; 29cm<br \/>\n &#8211; d\u0142ugo\u015b\u0107 robocza &#8211; 16cm<br \/>\n &#8211; d\u0142ugo\u015b\u0107 r\u0119koje\u015bci &#8211; 13cm<br \/>\n &#8211; szeroko\u015b\u0107 &#8211; 8,5cm<br \/>\n &#8211; miarka do g\u0142\u0119boko\u015bci 14cm<br \/>\n &#8211; materia\u0142 &#8211; tworzywo sztuczne<\/p>\n<p>\u0141opatka ma\u0142a INLM<br \/>\nSpecyfikacja:<br \/>\n &#8211; d\u0142ugo\u015b\u0107 ca\u0142kowita &#8211; 29cm<br \/>\n &#8211; d\u0142ugo\u015b\u0107 robocza &#8211; 16cm<br \/>\n &#8211; d\u0142ugo\u015b\u0107 r\u0119koje\u015bci &#8211; 13cm<br \/>\n &#8211; szeroko\u015b\u0107 &#8211; 5,5cm<br \/>\n &#8211; miarka do g\u0142\u0119boko\u015bci 14cm<br \/>\n &#8211; materia\u0142 &#8211; tworzywo sztuczne<\/p>\n<p>Grabki INGR<br \/>\nSpecyfikacja:<br \/>\n &#8211; d\u0142ugo\u015b\u0107 ca\u0142kowita &#8211; 25,5cm<br \/>\n &#8211; d\u0142ugo\u015b\u0107 robocza &#8211; 12cm<br \/>\n &#8211; d\u0142ugo\u015b\u0107 r\u0119koje\u015bci &#8211; 13,5cm<br \/>\n &#8211; szeroko\u015b\u0107 &#8211; 8cm<br \/>\n &#8211; materia\u0142 &#8211; tworzywo sztuczne<\/p>\n<p>Kopaczka r\u0119czna INMO<br \/>\nSpecyfikacja:<br \/>\n &#8211; d\u0142ugo\u015b\u0107 ca\u0142kowita &#8211; 29cm<br \/>\n &#8211; d\u0142ugo\u015b\u0107 r\u0119koje\u015bci &#8211; 29cm<br \/>\n &#8211; d\u0142ugo\u015b\u0107 g\u0142owicy &#8211; 20<br \/>\n &#8211; szeroko\u015b\u0107 g\u0142owicy- 8cm<br \/>\n &#8211; materia\u0142 &#8211; tworzywo sztuczne<\/p>\n<p>Pikownik INPI<br \/>\nSpecyfikacja:<br \/>\n &#8211; d\u0142ugo\u015b\u0107 ca\u0142kowita &#8211; 20,5cm<br \/>\n &#8211; d\u0142ugo\u015b\u0107 robocza &#8211; 15cm<br \/>\n &#8211; d\u0142ugo\u015b\u0107 r\u0119koje\u015bci &#8211; 15cm<br \/>\n &#8211; \u015brednica &#8211; 3cm<br \/>\n &#8211; materia\u0142 &#8211; tworzywo sztuczne<\/p>\n<p>Nabieraczka INNA<br \/>\nSpecyfikacja:<br \/>\n &#8211; d\u0142ugo\u015b\u0107 &#8211; 9cm<br \/>\n &#8211; szeroko\u015b\u0107 &#8211; 10cm<br \/>\n &#8211; wysoko\u015b\u0107 &#8211; 22,5cm<br \/>\n &#8211; materia\u0142 &#8211; tworzywo sztuczne<\/p>\n<p>Producent:<\/p>\n<p>Zestaw Respana Gardening Tools Set INWN01 &#8211; Antracyt<br \/>\n6-elementowy zestaw narz\u0119dzi ogrodniczych ma\u0142ych dla ogrodnika., sprawia \u017ce praca w ogrodzie staje si\u0119 \u0142atwiejsza i przyjemniejsza.<br \/>\nIdealne narz\u0119dzia do uprawy:<br \/>\n &#8211; kwiat\u00f3w<br \/>\n &#8211; warzyw,<br \/>\n &#8211; ro\u015blin,<br \/>\n &#8211; zi\u00f3\u0142<br \/>\nIdealny do prac ogrodniczych jak i idealny do wykorzytania przy pracach zwi\u0105zanych z dbaniem o kwiaty domowe.<br \/>\nNiezb\u0119dnik ka\u017cdego ogrodnika zapakowany jest w funkcjonalny woreczek w kt\u00f3rym znajduje si\u0119 sze\u015b\u0107 narz\u0119dzi.<br \/>\nW sk\u0142ad zestawu wchodzi:<br \/>\n &#8211; szeroka \u0142opatka,<br \/>\n &#8211; w\u0105ska \u0142opatka,<br \/>\n &#8211; pazurki,<br \/>\n &#8211; podw\u00f3jna motyka z pazurkami,<br \/>\n &#8211; szpikulec,<br \/>\n &#8211; kubek.<\/p>\n<p>\u0141opatka du\u017ca INLD<br \/>\nSpecyfikacja:<br \/>\n &#8211; d\u0142ugo\u015b\u0107 ca\u0142kowita &#8211; 29cm<br \/>\n &#8211; d\u0142ugo\u015b\u0107 robocza &#8211; 16cm<br \/>\n &#8211; d\u0142ugo\u015b\u0107 r\u0119koje\u015bci &#8211; 13cm<br \/>\n &#8211; szeroko\u015b\u0107 &#8211; 8,5cm<br \/>\n &#8211; miarka do g\u0142\u0119boko\u015bci 14cm<br \/>\n &#8211; materia\u0142 &#8211; tworzywo sztuczne<\/p>\n<p>\u0141opatka ma\u0142a INLM<br \/>\nSpecyfikacja:<br \/>\n &#8211; d\u0142ugo\u015b\u0107 ca\u0142kowita &#8211; 29cm<br \/>\n &#8211; d\u0142ugo\u015b\u0107 robocza &#8211; 16cm<br \/>\n &#8211; d\u0142ugo\u015b\u0107 r\u0119koje\u015bci &#8211; 13cm<br \/>\n &#8211; szeroko\u015b\u0107 &#8211; 5,5cm<br \/>\n &#8211; miarka do g\u0142\u0119boko\u015bci 14cm<br \/>\n &#8211; materia\u0142 &#8211; tworzywo sztuczne<\/p>\n<p>Grabki INGR<br \/>\nSpecyfikacja:<br \/>\n &#8211; d\u0142ugo\u015b\u0107 ca\u0142kowita &#8211; 25,5cm<br \/>\n &#8211; d\u0142ugo\u015b\u0107 robocza &#8211; 12cm<br \/>\n &#8211; d\u0142ugo\u015b\u0107 r\u0119koje\u015bci &#8211; 13,5cm<br \/>\n &#8211; szeroko\u015b\u0107 &#8211; 8cm<br \/>\n &#8211; materia\u0142 &#8211; tworzywo sztuczne<\/p>\n<p>Kopaczka r\u0119czna INMO<br \/>\nSpecyfikacja:<br \/>\n &#8211; d\u0142ugo\u015b\u0107 ca\u0142kowita &#8211; 29cm<br \/>\n &#8211; d\u0142ugo\u015b\u0107 r\u0119koje\u015bci &#8211; 29cm<br \/>\n &#8211; d\u0142ugo\u015b\u0107 g\u0142owicy &#8211; 20<br \/>\n &#8211; szeroko\u015b\u0107 g\u0142owicy- 8cm<br \/>\n &#8211; materia\u0142 &#8211; tworzywo sztuczne<\/p>\n<p>Pikownik INPI<br \/>\nSpecyfikacja:<br \/>\n &#8211; d\u0142ugo\u015b\u0107 ca\u0142kowita &#8211; 20,5cm<br \/>\n &#8211; d\u0142ugo\u015b\u0107 robocza &#8211; 15cm<br \/>\n &#8211; d\u0142ugo\u015b\u0107 r\u0119koje\u015bci &#8211; 15cm<br \/>\n &#8211; \u015brednica &#8211; 3cm<br \/>\n &#8211; materia\u0142 &#8211; tworzywo sztuczne<\/p>\n<p>Nabieraczka INNA<br \/>\nSpecyfikacja:<br \/>\n &#8211; d\u0142ugo\u015b\u0107 &#8211; 9cm<br \/>\n &#8211; szeroko\u015b\u0107 &#8211; 10cm<br \/>\n &#8211; wysoko\u015b\u0107 &#8211; 22,5cm<br \/>\n &#8211; materia\u0142 &#8211; tworzywo sztuczne<\/p>\n<p>Producent:<\/p>\n","protected":false},"excerpt":{"rendered":"<p>Zestaw Respana Gardening Tools Set INWN01 &#8211; Antracyt 6-elementowy zestaw narz\u0119dzi ogrodniczych ma\u0142ych dla ogrodnika., sprawia \u017ce praca w ogrodzie staje si\u0119 \u0142atwiejsza i przyjemniejsza. Idealne narz\u0119dzia do uprawy: &#8211; kwiat\u00f3w &#8211; warzyw, &#8211; ro\u015blin, &#8211; zi\u00f3\u0142 Idealny do prac ogrodniczych jak i idealny do wykorzytania przy pracach zwi\u0105zanych z dbaniem o kwiaty domowe. Niezb\u0119dnik &#8230; <a title=\"Zestaw Respana Gardening Tools Set INWN01\" class=\"read-more\" href=\"https:\/\/selleetools.com\/pl\/product\/zestaw-respana-gardening-tools-set-inwn01\/\">Read more<span class=\"screen-reader-text\">Zestaw Respana Gardening Tools Set INWN01<\/span><\/a><\/p>\n","protected":false},"featured_media":673075,"comment_status":"open","ping_status":"closed","template":"","meta":{"_links_to":"","_links_to_target":""},"yoast_head":"<!-- This site is optimized with the Yoast SEO plugin v19.4 - https:\/\/yoast.com\/wordpress\/plugins\/seo\/ -->\n<title>Zestaw Respana Gardening Tools Set INWN01 - Selleetools.com<\/title>\n<meta name=\"robots\" content=\"index, follow, max-snippet:-1, max-image-preview:large, max-video-preview:-1\" \/>\n<link rel=\"canonical\" href=\"https:\/\/selleetools.com\/pl\/product\/zestaw-respana-gardening-tools-set-inwn01\/\" \/>\n<meta property=\"og:locale\" content=\"pl_PL\" \/>\n<meta property=\"og:type\" content=\"article\" \/>\n<meta property=\"og:title\" content=\"Zestaw Respana Gardening Tools Set INWN01 - Selleetools.com\" \/>\n<meta property=\"og:description\" content=\"Zestaw Respana Gardening Tools Set INWN01 &#8211; Antracyt 6-elementowy zestaw narz\u0119dzi ogrodniczych ma\u0142ych dla ogrodnika., sprawia \u017ce praca w ogrodzie staje si\u0119 \u0142atwiejsza i przyjemniejsza. Idealne narz\u0119dzia do uprawy: &#8211; kwiat\u00f3w &#8211; warzyw, &#8211; ro\u015blin, &#8211; zi\u00f3\u0142 Idealny do prac ogrodniczych jak i idealny do wykorzytania przy pracach zwi\u0105zanych z dbaniem o kwiaty domowe. Niezb\u0119dnik ... Read moreZestaw Respana Gardening Tools Set INWN01\" \/>\n<meta property=\"og:url\" content=\"https:\/\/selleetools.com\/pl\/product\/zestaw-respana-gardening-tools-set-inwn01\/\" \/>\n<meta property=\"og:site_name\" content=\"Selleetools.com\" \/>\n<meta property=\"article:modified_time\" content=\"2026-04-14T17:23:42+00:00\" \/>\n<meta property=\"og:image\" content=\"https:\/\/selleetools.com\/wp-content\/uploads\/2026\/02\/b5c13514cec15caf0cb4f73825cb991e.jpg\" \/>\n\t<meta property=\"og:image:width\" content=\"1500\" \/>\n\t<meta property=\"og:image:height\" content=\"925\" \/>\n\t<meta property=\"og:image:type\" content=\"image\/jpeg\" \/>\n<meta name=\"twitter:card\" content=\"summary_large_image\" \/>\n<meta name=\"twitter:label1\" content=\"Est. reading time\" \/>\n\t<meta name=\"twitter:data1\" content=\"3 minuty\" \/>\n<!-- \/ Yoast SEO plugin. -->","yoast_head_json":{"title":"Zestaw Respana Gardening Tools Set INWN01 - Selleetools.com","robots":{"index":"index","follow":"follow","max-snippet":"max-snippet:-1","max-image-preview":"max-image-preview:large","max-video-preview":"max-video-preview:-1"},"canonical":"https:\/\/selleetools.com\/pl\/product\/zestaw-respana-gardening-tools-set-inwn01\/","og_locale":"pl_PL","og_type":"article","og_title":"Zestaw Respana Gardening Tools Set INWN01 - Selleetools.com","og_description":"Zestaw Respana Gardening Tools Set INWN01 &#8211; Antracyt 6-elementowy zestaw narz\u0119dzi ogrodniczych ma\u0142ych dla ogrodnika., sprawia \u017ce praca w ogrodzie staje si\u0119 \u0142atwiejsza i przyjemniejsza. Idealne narz\u0119dzia do uprawy: &#8211; kwiat\u00f3w &#8211; warzyw, &#8211; ro\u015blin, &#8211; zi\u00f3\u0142 Idealny do prac ogrodniczych jak i idealny do wykorzytania przy pracach zwi\u0105zanych z dbaniem o kwiaty domowe. Niezb\u0119dnik ... Read moreZestaw Respana Gardening Tools Set INWN01","og_url":"https:\/\/selleetools.com\/pl\/product\/zestaw-respana-gardening-tools-set-inwn01\/","og_site_name":"Selleetools.com","article_modified_time":"2026-04-14T17:23:42+00:00","og_image":[{"width":1500,"height":925,"url":"https:\/\/selleetools.com\/wp-content\/uploads\/2026\/02\/b5c13514cec15caf0cb4f73825cb991e.jpg","type":"image\/jpeg"}],"twitter_card":"summary_large_image","twitter_misc":{"Est. reading time":"3 minuty"},"schema":{"@context":"https:\/\/schema.org","@graph":[{"@type":"Organization","@id":"https:\/\/selleetools.com\/#organization","name":"Selleetools","url":"https:\/\/selleetools.com\/","sameAs":[],"logo":{"@type":"ImageObject","inLanguage":"pl-PL","@id":"https:\/\/selleetools.com\/#\/schema\/logo\/image\/","url":"https:\/\/selleetools.com\/wp-content\/uploads\/2021\/10\/logo-dark.png","contentUrl":"https:\/\/selleetools.com\/wp-content\/uploads\/2021\/10\/logo-dark.png","width":320,"height":76,"caption":"Selleetools"},"image":{"@id":"https:\/\/selleetools.com\/#\/schema\/logo\/image\/"}},{"@type":"WebSite","@id":"https:\/\/selleetools.com\/#website","url":"https:\/\/selleetools.com\/","name":"Selleetools.com","description":"","publisher":{"@id":"https:\/\/selleetools.com\/#organization"},"potentialAction":[{"@type":"SearchAction","target":{"@type":"EntryPoint","urlTemplate":"https:\/\/selleetools.com\/?s={search_term_string}"},"query-input":"required name=search_term_string"}],"inLanguage":"pl-PL"},{"@type":"WebPage","@id":"https:\/\/selleetools.com\/pl\/product\/zestaw-respana-gardening-tools-set-inwn01\/","url":"https:\/\/selleetools.com\/pl\/product\/zestaw-respana-gardening-tools-set-inwn01\/","name":"Zestaw Respana Gardening Tools Set INWN01 - Selleetools.com","isPartOf":{"@id":"https:\/\/selleetools.com\/#website"},"datePublished":"2026-02-19T15:04:30+00:00","dateModified":"2026-04-14T17:23:42+00:00","breadcrumb":{"@id":"https:\/\/selleetools.com\/pl\/product\/zestaw-respana-gardening-tools-set-inwn01\/#breadcrumb"},"inLanguage":"pl-PL","potentialAction":[{"@type":"ReadAction","target":["https:\/\/selleetools.com\/pl\/product\/zestaw-respana-gardening-tools-set-inwn01\/"]}]},{"@type":"BreadcrumbList","@id":"https:\/\/selleetools.com\/pl\/product\/zestaw-respana-gardening-tools-set-inwn01\/#breadcrumb","itemListElement":[{"@type":"ListItem","position":1,"name":"Home","item":"https:\/\/selleetools.com\/pl\/"},{"@type":"ListItem","position":2,"name":"Katalog","item":"https:\/\/selleetools.com\/pl\/katalog\/"},{"@type":"ListItem","position":3,"name":"Zestaw Respana Gardening Tools Set INWN01"}]}]}},"_links":{"self":[{"href":"https:\/\/selleetools.com\/pl\/wp-json\/wp\/v2\/product\/673101"}],"collection":[{"href":"https:\/\/selleetools.com\/pl\/wp-json\/wp\/v2\/product"}],"about":[{"href":"https:\/\/selleetools.com\/pl\/wp-json\/wp\/v2\/types\/product"}],"replies":[{"embeddable":true,"href":"https:\/\/selleetools.com\/pl\/wp-json\/wp\/v2\/comments?post=673101"}],"wp:featuredmedia":[{"embeddable":true,"href":"https:\/\/selleetools.com\/pl\/wp-json\/wp\/v2\/media\/673075"}],"wp:attachment":[{"href":"https:\/\/selleetools.com\/pl\/wp-json\/wp\/v2\/media?parent=673101"}],"curies":[{"name":"wp","href":"https:\/\/api.w.org\/{rel}","templated":true}]}}