{"id":673071,"date":"2026-02-19T16:04:14","date_gmt":"2026-02-19T15:04:14","guid":{"rendered":"https:\/\/selleetools.com\/?post_type=product&#038;p=673071"},"modified":"2026-04-14T19:23:21","modified_gmt":"2026-04-14T17:23:21","slug":"lopata-do-sniegu-alpin-2a","status":"publish","type":"product","link":"https:\/\/selleetools.com\/pl\/product\/lopata-do-sniegu-alpin-2a\/","title":{"rendered":"\u0141opata do \u015bniegu ALPIN 2A"},"content":{"rendered":"<section class=\"section\">\n<div class=\"item item-6\">\n<section class=\"text-item\">\n<h2>\u0141opata do \u015bniegu ALPIN 2A<\/h2>\n<h2>Specyfikacja:<\/h2>\n<ul>\n<li>d\u0142ugo\u015b\u0107 ca\u0142kowita &#8211; 140 cm<\/li>\n<li>szeroko\u015b\u0107 szufli &#8211; 49 cm<\/li>\n<li>g\u0142\u0119boko\u015b\u0107 szufli &#8211; 37,5 cm<\/li>\n<li>materia\u0142 szufli &#8211; tworzywo sztuczne<\/li>\n<li>materia\u0142 sztyla &#8211; drewno<\/li>\n<\/ul>\n<p><b>Zestaw zawiera:<\/b><\/p>\n<ol>\n<li>Szufl\u0119<\/li>\n<li>Stel<\/li>\n<\/ol>\n<\/section><\/div>\n<div class=\"item item-6\">\n<section class=\"image-item\"><img src=\"https:\/\/upload.cdn.baselinker.com\/products\/3028621\/0bbe92a591959013e45ed1d303f19e15.jpg\"><\/section>\n<\/p><\/div>\n<\/section>\n<section class=\"section\">\n<div class=\"item item-12\">\n<section class=\"text-item\">\n<h2>Cechy:<\/h2>\n<ul>\n<li>okucie aluminiowe u\u0142atwia prowadzenie \u0142opaty po r\u00f3\u017cnych nawierzchniach zapobiegaj\u0105c jednocze\u015bnie blokowaniu si\u0119 o nier\u00f3wno\u015bci<\/li>\n<li>wysoka wydajno\u015b\u0107 pracy<\/li>\n<li>solidna, wytrzyma\u0142a, mrozoodporna do -32\u00b0C<\/li>\n<\/ul>\n<\/section><\/div>\n<\/section>\n<section class=\"section\">\n<div class=\"item item-12\">\n<section class=\"text-item\">\n<p>\u0141opata do od\u015bnie\u017cania o uniwersalnym charakterze. Model ten dodatkowo wyposa\u017cyli\u015bmy w mocn\u0105, aluminiow\u0105 kraw\u0119d\u017a natarcia, kt\u00f3ra czyni z niego bardzo wydajne narz\u0119dzie. Geometria tej \u0142opaty i jej wymiary to spory atut gdy trzeba zim\u0105 zadba\u0107 o wi\u0119kszy kawa\u0142ek terenu. Ceniona r\u00f3wnie\u017c przez fachowc\u00f3w, niejednokrotnie sprawdzi\u0142a si\u0119 w trudnych chwilach. Odporna na temperatury do -32oC.<\/p>\n<\/section><\/div>\n<\/section>\n<section class=\"section\">\n<div class=\"item item-6\">\n<section class=\"image-item\"><img src=\"https:\/\/upload.cdn.baselinker.com\/products\/3028621\/9658d509e441c97f8f12cf4bace97063.jpg\"><\/section>\n<\/p><\/div>\n<div class=\"item item-6\">\n<section class=\"image-item\"><img src=\"https:\/\/upload.cdn.baselinker.com\/products\/3028621\/d5f31ab098482ecfc22fe69da39720d5.jpg\"><\/section>\n<\/p><\/div>\n<\/section>\n<section class=\"section\">\n<div class=\"item item-6\">\n<section class=\"image-item\"><img src=\"https:\/\/upload.cdn.baselinker.com\/products\/3028621\/d7bdcec277a719f9c34e6767b8d74749.jpg\"><\/section>\n<\/p><\/div>\n<div class=\"item item-6\">\n<section class=\"image-item\"><img src=\"https:\/\/upload.cdn.baselinker.com\/products\/3028621\/0bbe92a591959013e45ed1d303f19e15.jpg\"><\/section>\n<\/p><\/div>\n<\/section>\n<section class=\"section\">\n<div class=\"item item-6\">\n<section class=\"image-item\"><img src=\"https:\/\/upload.cdn.baselinker.com\/products\/3028621\/d5f31ab098482ecfc22fe69da39720d5.jpg\"><\/section>\n<\/p><\/div>\n<div class=\"item item-6\">\n<section class=\"image-item\"><img src=\"https:\/\/upload.cdn.baselinker.com\/products\/3028621\/9658d509e441c97f8f12cf4bace97063.jpg\"><\/section>\n<\/p><\/div>\n<\/section>\n","protected":false},"excerpt":{"rendered":"<p>\u0141opata do \u015bniegu ALPIN 2A Specyfikacja: d\u0142ugo\u015b\u0107 ca\u0142kowita &#8211; 140 cm szeroko\u015b\u0107 szufli &#8211; 49 cm g\u0142\u0119boko\u015b\u0107 szufli &#8211; 37,5 cm materia\u0142 szufli &#8211; tworzywo sztuczne materia\u0142 sztyla &#8211; drewno Zestaw zawiera: Szufl\u0119 Stel Cechy: okucie aluminiowe u\u0142atwia prowadzenie \u0142opaty po r\u00f3\u017cnych nawierzchniach zapobiegaj\u0105c jednocze\u015bnie blokowaniu si\u0119 o nier\u00f3wno\u015bci wysoka wydajno\u015b\u0107 pracy solidna, wytrzyma\u0142a, mrozoodporna &#8230; <a title=\"\u0141opata do \u015bniegu ALPIN 2A\" class=\"read-more\" href=\"https:\/\/selleetools.com\/pl\/product\/lopata-do-sniegu-alpin-2a\/\">Read more<span class=\"screen-reader-text\">\u0141opata do \u015bniegu ALPIN 2A<\/span><\/a><\/p>\n","protected":false},"featured_media":673063,"comment_status":"open","ping_status":"closed","template":"","meta":{"_links_to":"","_links_to_target":""},"yoast_head":"<!-- This site is optimized with the Yoast SEO plugin v19.4 - https:\/\/yoast.com\/wordpress\/plugins\/seo\/ -->\n<title>\u0141opata do \u015bniegu ALPIN 2A - Selleetools.com<\/title>\n<meta name=\"robots\" content=\"index, follow, max-snippet:-1, max-image-preview:large, max-video-preview:-1\" \/>\n<link rel=\"canonical\" href=\"https:\/\/selleetools.com\/pl\/product\/lopata-do-sniegu-alpin-2a\/\" \/>\n<meta property=\"og:locale\" content=\"pl_PL\" \/>\n<meta property=\"og:type\" content=\"article\" \/>\n<meta property=\"og:title\" content=\"\u0141opata do \u015bniegu ALPIN 2A - Selleetools.com\" \/>\n<meta property=\"og:description\" content=\"\u0141opata do \u015bniegu ALPIN 2A Specyfikacja: d\u0142ugo\u015b\u0107 ca\u0142kowita &#8211; 140 cm szeroko\u015b\u0107 szufli &#8211; 49 cm g\u0142\u0119boko\u015b\u0107 szufli &#8211; 37,5 cm materia\u0142 szufli &#8211; tworzywo sztuczne materia\u0142 sztyla &#8211; drewno Zestaw zawiera: Szufl\u0119 Stel Cechy: okucie aluminiowe u\u0142atwia prowadzenie \u0142opaty po r\u00f3\u017cnych nawierzchniach zapobiegaj\u0105c jednocze\u015bnie blokowaniu si\u0119 o nier\u00f3wno\u015bci wysoka wydajno\u015b\u0107 pracy solidna, wytrzyma\u0142a, mrozoodporna ... Read more\u0141opata do \u015bniegu ALPIN 2A\" \/>\n<meta property=\"og:url\" content=\"https:\/\/selleetools.com\/pl\/product\/lopata-do-sniegu-alpin-2a\/\" \/>\n<meta property=\"og:site_name\" content=\"Selleetools.com\" \/>\n<meta property=\"article:modified_time\" content=\"2026-04-14T17:23:21+00:00\" \/>\n<meta property=\"og:image\" content=\"https:\/\/selleetools.com\/wp-content\/uploads\/2026\/02\/d7bdcec277a719f9c34e6767b8d74749.jpg\" \/>\n\t<meta property=\"og:image:width\" content=\"800\" \/>\n\t<meta property=\"og:image:height\" content=\"600\" \/>\n\t<meta property=\"og:image:type\" content=\"image\/jpeg\" \/>\n<meta name=\"twitter:card\" content=\"summary_large_image\" \/>\n<meta name=\"twitter:label1\" content=\"Est. reading time\" \/>\n\t<meta name=\"twitter:data1\" content=\"1 minuta\" \/>\n<!-- \/ Yoast SEO plugin. -->","yoast_head_json":{"title":"\u0141opata do \u015bniegu ALPIN 2A - Selleetools.com","robots":{"index":"index","follow":"follow","max-snippet":"max-snippet:-1","max-image-preview":"max-image-preview:large","max-video-preview":"max-video-preview:-1"},"canonical":"https:\/\/selleetools.com\/pl\/product\/lopata-do-sniegu-alpin-2a\/","og_locale":"pl_PL","og_type":"article","og_title":"\u0141opata do \u015bniegu ALPIN 2A - Selleetools.com","og_description":"\u0141opata do \u015bniegu ALPIN 2A Specyfikacja: d\u0142ugo\u015b\u0107 ca\u0142kowita &#8211; 140 cm szeroko\u015b\u0107 szufli &#8211; 49 cm g\u0142\u0119boko\u015b\u0107 szufli &#8211; 37,5 cm materia\u0142 szufli &#8211; tworzywo sztuczne materia\u0142 sztyla &#8211; drewno Zestaw zawiera: Szufl\u0119 Stel Cechy: okucie aluminiowe u\u0142atwia prowadzenie \u0142opaty po r\u00f3\u017cnych nawierzchniach zapobiegaj\u0105c jednocze\u015bnie blokowaniu si\u0119 o nier\u00f3wno\u015bci wysoka wydajno\u015b\u0107 pracy solidna, wytrzyma\u0142a, mrozoodporna ... Read more\u0141opata do \u015bniegu ALPIN 2A","og_url":"https:\/\/selleetools.com\/pl\/product\/lopata-do-sniegu-alpin-2a\/","og_site_name":"Selleetools.com","article_modified_time":"2026-04-14T17:23:21+00:00","og_image":[{"width":800,"height":600,"url":"https:\/\/selleetools.com\/wp-content\/uploads\/2026\/02\/d7bdcec277a719f9c34e6767b8d74749.jpg","type":"image\/jpeg"}],"twitter_card":"summary_large_image","twitter_misc":{"Est. reading time":"1 minuta"},"schema":{"@context":"https:\/\/schema.org","@graph":[{"@type":"Organization","@id":"https:\/\/selleetools.com\/#organization","name":"Selleetools","url":"https:\/\/selleetools.com\/","sameAs":[],"logo":{"@type":"ImageObject","inLanguage":"pl-PL","@id":"https:\/\/selleetools.com\/#\/schema\/logo\/image\/","url":"https:\/\/selleetools.com\/wp-content\/uploads\/2021\/10\/logo-dark.png","contentUrl":"https:\/\/selleetools.com\/wp-content\/uploads\/2021\/10\/logo-dark.png","width":320,"height":76,"caption":"Selleetools"},"image":{"@id":"https:\/\/selleetools.com\/#\/schema\/logo\/image\/"}},{"@type":"WebSite","@id":"https:\/\/selleetools.com\/#website","url":"https:\/\/selleetools.com\/","name":"Selleetools.com","description":"","publisher":{"@id":"https:\/\/selleetools.com\/#organization"},"potentialAction":[{"@type":"SearchAction","target":{"@type":"EntryPoint","urlTemplate":"https:\/\/selleetools.com\/?s={search_term_string}"},"query-input":"required name=search_term_string"}],"inLanguage":"pl-PL"},{"@type":"WebPage","@id":"https:\/\/selleetools.com\/pl\/product\/lopata-do-sniegu-alpin-2a\/","url":"https:\/\/selleetools.com\/pl\/product\/lopata-do-sniegu-alpin-2a\/","name":"\u0141opata do \u015bniegu ALPIN 2A - Selleetools.com","isPartOf":{"@id":"https:\/\/selleetools.com\/#website"},"datePublished":"2026-02-19T15:04:14+00:00","dateModified":"2026-04-14T17:23:21+00:00","breadcrumb":{"@id":"https:\/\/selleetools.com\/pl\/product\/lopata-do-sniegu-alpin-2a\/#breadcrumb"},"inLanguage":"pl-PL","potentialAction":[{"@type":"ReadAction","target":["https:\/\/selleetools.com\/pl\/product\/lopata-do-sniegu-alpin-2a\/"]}]},{"@type":"BreadcrumbList","@id":"https:\/\/selleetools.com\/pl\/product\/lopata-do-sniegu-alpin-2a\/#breadcrumb","itemListElement":[{"@type":"ListItem","position":1,"name":"Home","item":"https:\/\/selleetools.com\/pl\/"},{"@type":"ListItem","position":2,"name":"Katalog","item":"https:\/\/selleetools.com\/pl\/katalog\/"},{"@type":"ListItem","position":3,"name":"\u0141opata do \u015bniegu ALPIN 2A"}]}]}},"_links":{"self":[{"href":"https:\/\/selleetools.com\/pl\/wp-json\/wp\/v2\/product\/673071"}],"collection":[{"href":"https:\/\/selleetools.com\/pl\/wp-json\/wp\/v2\/product"}],"about":[{"href":"https:\/\/selleetools.com\/pl\/wp-json\/wp\/v2\/types\/product"}],"replies":[{"embeddable":true,"href":"https:\/\/selleetools.com\/pl\/wp-json\/wp\/v2\/comments?post=673071"}],"wp:featuredmedia":[{"embeddable":true,"href":"https:\/\/selleetools.com\/pl\/wp-json\/wp\/v2\/media\/673063"}],"wp:attachment":[{"href":"https:\/\/selleetools.com\/pl\/wp-json\/wp\/v2\/media?parent=673071"}],"curies":[{"name":"wp","href":"https:\/\/api.w.org\/{rel}","templated":true}]}}