{"id":673004,"date":"2026-02-19T16:03:29","date_gmt":"2026-02-19T15:03:29","guid":{"rendered":"https:\/\/selleetools.com\/?post_type=product&#038;p=673004"},"modified":"2026-04-14T19:22:25","modified_gmt":"2026-04-14T17:22:25","slug":"zgarniacz-do-lisci-i-trawy-iglis1","status":"publish","type":"product","link":"https:\/\/selleetools.com\/pl\/product\/zgarniacz-do-lisci-i-trawy-iglis1\/","title":{"rendered":"Zgarniacz do li\u015bci i trawy IGLIS1"},"content":{"rendered":"<p>Zgarniacz do li\u015bci i trawy IGLIS1<br \/>\nZgarniacz do li\u015bci i trawy to rewolucyjne narz\u0119dzie ogrodnicze u\u0142atwiaj\u0105ce i znacznie skracaj\u0105ce czas po\u015bwi\u0119cony na sprz\u0105tanie ogrodu. \u0141opatki nak\u0142adane na d\u0142onie pozwalaj\u0105ca na czyst\u0105 prac\u0119 bez konieczno\u015bci zak\u0142adania r\u0119kawiczek. Du\u017ca pojemno\u015b\u0107 zgarniaczy znacznie zwi\u0119ksza ilo\u015b\u0107 oraz dok\u0142adno\u015b\u0107 nabieranych li\u015bci lub trawy. Odpowiednio wyprofilowana r\u0119koje\u015b\u0107 pewnie trzyma si\u0119 w d\u0142oni zapewniaj\u0105c najwy\u017cszy komfort pracy.<br \/>\nZestaw zawiera dwie \u0142opatki wykonane z wytrzyma\u0142ego oraz elastycznego tworzywa sztucznego. Narz\u0119dzia dodatkowo zosta\u0142y wyposa\u017cone w otwory do powieszenia na haczyku, dzi\u0119ki czemu mo\u017cna zaoszcz\u0119dzi\u0107 miejsce podczas ich przechowywania.<br \/>\nDane techniczne:<br \/>\n &#8211; szeroko\u015b\u0107 szufli &#8211; 39 cm<br \/>\n &#8211; g\u0142\u0119boko\u015b\u0107 szufli &#8211; 7 cm<br \/>\n &#8211; d\u0142ugo\u015b\u0107 szufli &#8211; 33 cm<br \/>\n &#8211; d\u0142ugo\u015b\u0107 narz\u0119dzia &#8211; 52 cm<br \/>\n &#8211; materia\u0142 &#8211; tworzywo sztuczne<br \/>\n &#8211; waga &#8211; 0,3 kg<\/p>\n<p>Zgarniacz do li\u015bci i trawy IGLIS1<br \/>\nZgarniacz do li\u015bci i trawy to rewolucyjne narz\u0119dzie ogrodnicze u\u0142atwiaj\u0105ce i znacznie skracaj\u0105ce czas po\u015bwi\u0119cony na sprz\u0105tanie ogrodu. \u0141opatki nak\u0142adane na d\u0142onie pozwalaj\u0105ca na czyst\u0105 prac\u0119 bez konieczno\u015bci zak\u0142adania r\u0119kawiczek. Du\u017ca pojemno\u015b\u0107 zgarniaczy znacznie zwi\u0119ksza ilo\u015b\u0107 oraz dok\u0142adno\u015b\u0107 nabieranych li\u015bci lub trawy. Odpowiednio wyprofilowana r\u0119koje\u015b\u0107 pewnie trzyma si\u0119 w d\u0142oni zapewniaj\u0105c najwy\u017cszy komfort pracy.<br \/>\nZestaw zawiera dwie \u0142opatki wykonane z wytrzyma\u0142ego oraz elastycznego tworzywa sztucznego. Narz\u0119dzia dodatkowo zosta\u0142y wyposa\u017cone w otwory do powieszenia na haczyku, dzi\u0119ki czemu mo\u017cna zaoszcz\u0119dzi\u0107 miejsce podczas ich przechowywania.<br \/>\nDane techniczne:<br \/>\n &#8211; szeroko\u015b\u0107 szufli &#8211; 39 cm<br \/>\n &#8211; g\u0142\u0119boko\u015b\u0107 szufli &#8211; 7 cm<br \/>\n &#8211; d\u0142ugo\u015b\u0107 szufli &#8211; 33 cm<br \/>\n &#8211; d\u0142ugo\u015b\u0107 narz\u0119dzia &#8211; 52 cm<br \/>\n &#8211; materia\u0142 &#8211; tworzywo sztuczne<br \/>\n &#8211; waga &#8211; 0,3 kg<\/p>\n","protected":false},"excerpt":{"rendered":"<p>Zgarniacz do li\u015bci i trawy IGLIS1 Zgarniacz do li\u015bci i trawy to rewolucyjne narz\u0119dzie ogrodnicze u\u0142atwiaj\u0105ce i znacznie skracaj\u0105ce czas po\u015bwi\u0119cony na sprz\u0105tanie ogrodu. \u0141opatki nak\u0142adane na d\u0142onie pozwalaj\u0105ca na czyst\u0105 prac\u0119 bez konieczno\u015bci zak\u0142adania r\u0119kawiczek. Du\u017ca pojemno\u015b\u0107 zgarniaczy znacznie zwi\u0119ksza ilo\u015b\u0107 oraz dok\u0142adno\u015b\u0107 nabieranych li\u015bci lub trawy. Odpowiednio wyprofilowana r\u0119koje\u015b\u0107 pewnie trzyma si\u0119 w &#8230; <a title=\"Zgarniacz do li\u015bci i trawy IGLIS1\" class=\"read-more\" href=\"https:\/\/selleetools.com\/pl\/product\/zgarniacz-do-lisci-i-trawy-iglis1\/\">Read more<span class=\"screen-reader-text\">Zgarniacz do li\u015bci i trawy IGLIS1<\/span><\/a><\/p>\n","protected":false},"featured_media":672996,"comment_status":"open","ping_status":"closed","template":"","meta":{"_links_to":"","_links_to_target":""},"yoast_head":"<!-- This site is optimized with the Yoast SEO plugin v19.4 - https:\/\/yoast.com\/wordpress\/plugins\/seo\/ -->\n<title>Zgarniacz do li\u015bci i trawy IGLIS1 - Selleetools.com<\/title>\n<meta name=\"robots\" content=\"index, follow, max-snippet:-1, max-image-preview:large, max-video-preview:-1\" \/>\n<link rel=\"canonical\" href=\"https:\/\/selleetools.com\/pl\/product\/zgarniacz-do-lisci-i-trawy-iglis1\/\" \/>\n<meta property=\"og:locale\" content=\"pl_PL\" \/>\n<meta property=\"og:type\" content=\"article\" \/>\n<meta property=\"og:title\" content=\"Zgarniacz do li\u015bci i trawy IGLIS1 - Selleetools.com\" \/>\n<meta property=\"og:description\" content=\"Zgarniacz do li\u015bci i trawy IGLIS1 Zgarniacz do li\u015bci i trawy to rewolucyjne narz\u0119dzie ogrodnicze u\u0142atwiaj\u0105ce i znacznie skracaj\u0105ce czas po\u015bwi\u0119cony na sprz\u0105tanie ogrodu. \u0141opatki nak\u0142adane na d\u0142onie pozwalaj\u0105ca na czyst\u0105 prac\u0119 bez konieczno\u015bci zak\u0142adania r\u0119kawiczek. Du\u017ca pojemno\u015b\u0107 zgarniaczy znacznie zwi\u0119ksza ilo\u015b\u0107 oraz dok\u0142adno\u015b\u0107 nabieranych li\u015bci lub trawy. Odpowiednio wyprofilowana r\u0119koje\u015b\u0107 pewnie trzyma si\u0119 w ... Read moreZgarniacz do li\u015bci i trawy IGLIS1\" \/>\n<meta property=\"og:url\" content=\"https:\/\/selleetools.com\/pl\/product\/zgarniacz-do-lisci-i-trawy-iglis1\/\" \/>\n<meta property=\"og:site_name\" content=\"Selleetools.com\" \/>\n<meta property=\"article:modified_time\" content=\"2026-04-14T17:22:25+00:00\" \/>\n<meta property=\"og:image\" content=\"https:\/\/selleetools.com\/wp-content\/uploads\/2026\/02\/6e96f7edda2da4128fabf5bcd8b785e7.jpg\" \/>\n\t<meta property=\"og:image:width\" content=\"1181\" \/>\n\t<meta property=\"og:image:height\" content=\"1108\" \/>\n\t<meta property=\"og:image:type\" content=\"image\/jpeg\" \/>\n<meta name=\"twitter:card\" content=\"summary_large_image\" \/>\n<meta name=\"twitter:label1\" content=\"Est. reading time\" \/>\n\t<meta name=\"twitter:data1\" content=\"2 minuty\" \/>\n<!-- \/ Yoast SEO plugin. -->","yoast_head_json":{"title":"Zgarniacz do li\u015bci i trawy IGLIS1 - Selleetools.com","robots":{"index":"index","follow":"follow","max-snippet":"max-snippet:-1","max-image-preview":"max-image-preview:large","max-video-preview":"max-video-preview:-1"},"canonical":"https:\/\/selleetools.com\/pl\/product\/zgarniacz-do-lisci-i-trawy-iglis1\/","og_locale":"pl_PL","og_type":"article","og_title":"Zgarniacz do li\u015bci i trawy IGLIS1 - Selleetools.com","og_description":"Zgarniacz do li\u015bci i trawy IGLIS1 Zgarniacz do li\u015bci i trawy to rewolucyjne narz\u0119dzie ogrodnicze u\u0142atwiaj\u0105ce i znacznie skracaj\u0105ce czas po\u015bwi\u0119cony na sprz\u0105tanie ogrodu. \u0141opatki nak\u0142adane na d\u0142onie pozwalaj\u0105ca na czyst\u0105 prac\u0119 bez konieczno\u015bci zak\u0142adania r\u0119kawiczek. Du\u017ca pojemno\u015b\u0107 zgarniaczy znacznie zwi\u0119ksza ilo\u015b\u0107 oraz dok\u0142adno\u015b\u0107 nabieranych li\u015bci lub trawy. Odpowiednio wyprofilowana r\u0119koje\u015b\u0107 pewnie trzyma si\u0119 w ... Read moreZgarniacz do li\u015bci i trawy IGLIS1","og_url":"https:\/\/selleetools.com\/pl\/product\/zgarniacz-do-lisci-i-trawy-iglis1\/","og_site_name":"Selleetools.com","article_modified_time":"2026-04-14T17:22:25+00:00","og_image":[{"width":1181,"height":1108,"url":"https:\/\/selleetools.com\/wp-content\/uploads\/2026\/02\/6e96f7edda2da4128fabf5bcd8b785e7.jpg","type":"image\/jpeg"}],"twitter_card":"summary_large_image","twitter_misc":{"Est. reading time":"2 minuty"},"schema":{"@context":"https:\/\/schema.org","@graph":[{"@type":"Organization","@id":"https:\/\/selleetools.com\/#organization","name":"Selleetools","url":"https:\/\/selleetools.com\/","sameAs":[],"logo":{"@type":"ImageObject","inLanguage":"pl-PL","@id":"https:\/\/selleetools.com\/#\/schema\/logo\/image\/","url":"https:\/\/selleetools.com\/wp-content\/uploads\/2021\/10\/logo-dark.png","contentUrl":"https:\/\/selleetools.com\/wp-content\/uploads\/2021\/10\/logo-dark.png","width":320,"height":76,"caption":"Selleetools"},"image":{"@id":"https:\/\/selleetools.com\/#\/schema\/logo\/image\/"}},{"@type":"WebSite","@id":"https:\/\/selleetools.com\/#website","url":"https:\/\/selleetools.com\/","name":"Selleetools.com","description":"","publisher":{"@id":"https:\/\/selleetools.com\/#organization"},"potentialAction":[{"@type":"SearchAction","target":{"@type":"EntryPoint","urlTemplate":"https:\/\/selleetools.com\/?s={search_term_string}"},"query-input":"required name=search_term_string"}],"inLanguage":"pl-PL"},{"@type":"WebPage","@id":"https:\/\/selleetools.com\/pl\/product\/zgarniacz-do-lisci-i-trawy-iglis1\/","url":"https:\/\/selleetools.com\/pl\/product\/zgarniacz-do-lisci-i-trawy-iglis1\/","name":"Zgarniacz do li\u015bci i trawy IGLIS1 - Selleetools.com","isPartOf":{"@id":"https:\/\/selleetools.com\/#website"},"datePublished":"2026-02-19T15:03:29+00:00","dateModified":"2026-04-14T17:22:25+00:00","breadcrumb":{"@id":"https:\/\/selleetools.com\/pl\/product\/zgarniacz-do-lisci-i-trawy-iglis1\/#breadcrumb"},"inLanguage":"pl-PL","potentialAction":[{"@type":"ReadAction","target":["https:\/\/selleetools.com\/pl\/product\/zgarniacz-do-lisci-i-trawy-iglis1\/"]}]},{"@type":"BreadcrumbList","@id":"https:\/\/selleetools.com\/pl\/product\/zgarniacz-do-lisci-i-trawy-iglis1\/#breadcrumb","itemListElement":[{"@type":"ListItem","position":1,"name":"Home","item":"https:\/\/selleetools.com\/pl\/"},{"@type":"ListItem","position":2,"name":"Katalog","item":"https:\/\/selleetools.com\/pl\/katalog\/"},{"@type":"ListItem","position":3,"name":"Zgarniacz do li\u015bci i trawy IGLIS1"}]}]}},"_links":{"self":[{"href":"https:\/\/selleetools.com\/pl\/wp-json\/wp\/v2\/product\/673004"}],"collection":[{"href":"https:\/\/selleetools.com\/pl\/wp-json\/wp\/v2\/product"}],"about":[{"href":"https:\/\/selleetools.com\/pl\/wp-json\/wp\/v2\/types\/product"}],"replies":[{"embeddable":true,"href":"https:\/\/selleetools.com\/pl\/wp-json\/wp\/v2\/comments?post=673004"}],"wp:featuredmedia":[{"embeddable":true,"href":"https:\/\/selleetools.com\/pl\/wp-json\/wp\/v2\/media\/672996"}],"wp:attachment":[{"href":"https:\/\/selleetools.com\/pl\/wp-json\/wp\/v2\/media?parent=673004"}],"curies":[{"name":"wp","href":"https:\/\/api.w.org\/{rel}","templated":true}]}}