{"id":672873,"date":"2026-02-19T16:02:02","date_gmt":"2026-02-19T15:02:02","guid":{"rendered":"https:\/\/selleetools.com\/?post_type=product&#038;p=672873"},"modified":"2026-04-14T19:15:11","modified_gmt":"2026-04-14T17:15:11","slug":"doniczka-rato-wysoka-drtus300-z-wkladem-umbra","status":"publish","type":"product","link":"https:\/\/selleetools.com\/pl\/product\/doniczka-rato-wysoka-drtus300-z-wkladem-umbra\/","title":{"rendered":"Doniczka RATO wysoka DRTUS300 z wk\u0142adem | Umbra"},"content":{"rendered":"<p>Doniczka DRTUS300 z wk\u0142adem &#8211; umbra<br \/>\nWysoka, smuk\u0142a doniczka z kolekcji Rato o fakturze wiernie imituj\u0105cej plecionk\u0119 z naturalnego rattanu. Funkcjonalna, o ciep\u0142ym, egzotycznym charakterze, stanowi doskona\u0142e uzupe\u0142nienie stylowej dekoracji wn\u0119trz, aran\u017cacji taras\u00f3w, werandy, ogrod\u00f3w zimowych, ogr\u00f3dk\u00f3w restauracyjnych, barowych oraz kawiarnianych.W zestawie wk\u0142ad.<br \/>\nZestaw zawiera:<br \/>\n &#8211; os\u0142onk\u0119 RATO Tubus<br \/>\n &#8211; wk\u0142ad wewn\u0119trzny<br \/>\nWk\u0142ad wewn\u0119trzny do doniczek RATO Tubus pozwala na zmniejszenie przestrzeni wewn\u0119trznej a tym samym wykorzystanie mniejszej ilo\u015bci ziemi.<br \/>\nDane techniczne doniczki:<br \/>\n &#8211; \u015brednica g\u00f3ry &#8211; 30 cm<br \/>\n &#8211; \u015brednica podstawy &#8211; 20 cm<br \/>\n &#8211; wysoko\u015b\u0107 &#8211; 57 cm<br \/>\n &#8211; pojemno\u015b\u0107 &#8211; 27 l<br \/>\n &#8211; materia\u0142 &#8211; tworzywo sztuczne<br \/>\n &#8211; waga &#8211; 2,10 kg<br \/>\n &#8211; efekt powierzchni &#8211; rattan<br \/>\nDane techniczne wk\u0142adu:<br \/>\n &#8211; \u015brednica g\u00f3ry &#8211; 30 cm<br \/>\n &#8211; \u015brednica podstawy &#8211; 25 cm<br \/>\n &#8211; wysoko\u015b\u0107 &#8211; 24,5 cm<br \/>\n &#8211; pojemno\u015b\u0107 &#8211; 15 l<br \/>\n &#8211; materia\u0142 &#8211; tworzywo sztuczne<\/p>\n<p>Doniczka DRTUS300 z wk\u0142adem &#8211; umbra<br \/>\nWysoka, smuk\u0142a doniczka z kolekcji Rato o fakturze wiernie imituj\u0105cej plecionk\u0119 z naturalnego rattanu. Funkcjonalna, o ciep\u0142ym, egzotycznym charakterze, stanowi doskona\u0142e uzupe\u0142nienie stylowej dekoracji wn\u0119trz, aran\u017cacji taras\u00f3w, werandy, ogrod\u00f3w zimowych, ogr\u00f3dk\u00f3w restauracyjnych, barowych oraz kawiarnianych.W zestawie wk\u0142ad.<br \/>\nZestaw zawiera:<br \/>\n &#8211; os\u0142onk\u0119 RATO Tubus<br \/>\n &#8211; wk\u0142ad wewn\u0119trzny<br \/>\nWk\u0142ad wewn\u0119trzny do doniczek RATO Tubus pozwala na zmniejszenie przestrzeni wewn\u0119trznej a tym samym wykorzystanie mniejszej ilo\u015bci ziemi.<br \/>\nDane techniczne doniczki:<br \/>\n &#8211; \u015brednica g\u00f3ry &#8211; 30 cm<br \/>\n &#8211; \u015brednica podstawy &#8211; 20 cm<br \/>\n &#8211; wysoko\u015b\u0107 &#8211; 57 cm<br \/>\n &#8211; pojemno\u015b\u0107 &#8211; 27 l<br \/>\n &#8211; materia\u0142 &#8211; tworzywo sztuczne<br \/>\n &#8211; waga &#8211; 2,10 kg<br \/>\n &#8211; efekt powierzchni &#8211; rattan<br \/>\nDane techniczne wk\u0142adu:<br \/>\n &#8211; \u015brednica g\u00f3ry &#8211; 30 cm<br \/>\n &#8211; \u015brednica podstawy &#8211; 25 cm<br \/>\n &#8211; wysoko\u015b\u0107 &#8211; 24,5 cm<br \/>\n &#8211; pojemno\u015b\u0107 &#8211; 15 l<br \/>\n &#8211; materia\u0142 &#8211; tworzywo sztuczne<\/p>\n","protected":false},"excerpt":{"rendered":"<p>Doniczka DRTUS300 z wk\u0142adem &#8211; umbra Wysoka, smuk\u0142a doniczka z kolekcji Rato o fakturze wiernie imituj\u0105cej plecionk\u0119 z naturalnego rattanu. Funkcjonalna, o ciep\u0142ym, egzotycznym charakterze, stanowi doskona\u0142e uzupe\u0142nienie stylowej dekoracji wn\u0119trz, aran\u017cacji taras\u00f3w, werandy, ogrod\u00f3w zimowych, ogr\u00f3dk\u00f3w restauracyjnych, barowych oraz kawiarnianych.W zestawie wk\u0142ad. Zestaw zawiera: &#8211; os\u0142onk\u0119 RATO Tubus &#8211; wk\u0142ad wewn\u0119trzny Wk\u0142ad wewn\u0119trzny do &#8230; <a title=\"Doniczka RATO wysoka DRTUS300 z wk\u0142adem | Umbra\" class=\"read-more\" href=\"https:\/\/selleetools.com\/pl\/product\/doniczka-rato-wysoka-drtus300-z-wkladem-umbra\/\">Read more<span class=\"screen-reader-text\">Doniczka RATO wysoka DRTUS300 z wk\u0142adem | Umbra<\/span><\/a><\/p>\n","protected":false},"featured_media":672869,"comment_status":"open","ping_status":"closed","template":"","meta":{"_links_to":"","_links_to_target":""},"yoast_head":"<!-- This site is optimized with the Yoast SEO plugin v19.4 - https:\/\/yoast.com\/wordpress\/plugins\/seo\/ -->\n<title>Doniczka RATO wysoka DRTUS300 z wk\u0142adem | Umbra - Selleetools.com<\/title>\n<meta name=\"robots\" content=\"index, follow, max-snippet:-1, max-image-preview:large, max-video-preview:-1\" \/>\n<link rel=\"canonical\" href=\"https:\/\/selleetools.com\/pl\/product\/doniczka-rato-wysoka-drtus300-z-wkladem-umbra\/\" \/>\n<meta property=\"og:locale\" content=\"pl_PL\" \/>\n<meta property=\"og:type\" content=\"article\" \/>\n<meta property=\"og:title\" content=\"Doniczka RATO wysoka DRTUS300 z wk\u0142adem | Umbra - Selleetools.com\" \/>\n<meta property=\"og:description\" content=\"Doniczka DRTUS300 z wk\u0142adem &#8211; umbra Wysoka, smuk\u0142a doniczka z kolekcji Rato o fakturze wiernie imituj\u0105cej plecionk\u0119 z naturalnego rattanu. Funkcjonalna, o ciep\u0142ym, egzotycznym charakterze, stanowi doskona\u0142e uzupe\u0142nienie stylowej dekoracji wn\u0119trz, aran\u017cacji taras\u00f3w, werandy, ogrod\u00f3w zimowych, ogr\u00f3dk\u00f3w restauracyjnych, barowych oraz kawiarnianych.W zestawie wk\u0142ad. Zestaw zawiera: &#8211; os\u0142onk\u0119 RATO Tubus &#8211; wk\u0142ad wewn\u0119trzny Wk\u0142ad wewn\u0119trzny do ... Read moreDoniczka RATO wysoka DRTUS300 z wk\u0142adem | Umbra\" \/>\n<meta property=\"og:url\" content=\"https:\/\/selleetools.com\/pl\/product\/doniczka-rato-wysoka-drtus300-z-wkladem-umbra\/\" \/>\n<meta property=\"og:site_name\" content=\"Selleetools.com\" \/>\n<meta property=\"article:modified_time\" content=\"2026-04-14T17:15:11+00:00\" \/>\n<meta property=\"og:image\" content=\"https:\/\/selleetools.com\/wp-content\/uploads\/2026\/02\/b1c3619ffdce0f44737154a701910502.jpg\" \/>\n\t<meta property=\"og:image:width\" content=\"1600\" \/>\n\t<meta property=\"og:image:height\" content=\"1600\" \/>\n\t<meta property=\"og:image:type\" content=\"image\/jpeg\" \/>\n<meta name=\"twitter:card\" content=\"summary_large_image\" \/>\n<meta name=\"twitter:label1\" content=\"Est. reading time\" \/>\n\t<meta name=\"twitter:data1\" content=\"2 minuty\" \/>\n<!-- \/ Yoast SEO plugin. -->","yoast_head_json":{"title":"Doniczka RATO wysoka DRTUS300 z wk\u0142adem | Umbra - Selleetools.com","robots":{"index":"index","follow":"follow","max-snippet":"max-snippet:-1","max-image-preview":"max-image-preview:large","max-video-preview":"max-video-preview:-1"},"canonical":"https:\/\/selleetools.com\/pl\/product\/doniczka-rato-wysoka-drtus300-z-wkladem-umbra\/","og_locale":"pl_PL","og_type":"article","og_title":"Doniczka RATO wysoka DRTUS300 z wk\u0142adem | Umbra - Selleetools.com","og_description":"Doniczka DRTUS300 z wk\u0142adem &#8211; umbra Wysoka, smuk\u0142a doniczka z kolekcji Rato o fakturze wiernie imituj\u0105cej plecionk\u0119 z naturalnego rattanu. Funkcjonalna, o ciep\u0142ym, egzotycznym charakterze, stanowi doskona\u0142e uzupe\u0142nienie stylowej dekoracji wn\u0119trz, aran\u017cacji taras\u00f3w, werandy, ogrod\u00f3w zimowych, ogr\u00f3dk\u00f3w restauracyjnych, barowych oraz kawiarnianych.W zestawie wk\u0142ad. Zestaw zawiera: &#8211; os\u0142onk\u0119 RATO Tubus &#8211; wk\u0142ad wewn\u0119trzny Wk\u0142ad wewn\u0119trzny do ... Read moreDoniczka RATO wysoka DRTUS300 z wk\u0142adem | Umbra","og_url":"https:\/\/selleetools.com\/pl\/product\/doniczka-rato-wysoka-drtus300-z-wkladem-umbra\/","og_site_name":"Selleetools.com","article_modified_time":"2026-04-14T17:15:11+00:00","og_image":[{"width":1600,"height":1600,"url":"https:\/\/selleetools.com\/wp-content\/uploads\/2026\/02\/b1c3619ffdce0f44737154a701910502.jpg","type":"image\/jpeg"}],"twitter_card":"summary_large_image","twitter_misc":{"Est. reading time":"2 minuty"},"schema":{"@context":"https:\/\/schema.org","@graph":[{"@type":"Organization","@id":"https:\/\/selleetools.com\/#organization","name":"Selleetools","url":"https:\/\/selleetools.com\/","sameAs":[],"logo":{"@type":"ImageObject","inLanguage":"pl-PL","@id":"https:\/\/selleetools.com\/#\/schema\/logo\/image\/","url":"https:\/\/selleetools.com\/wp-content\/uploads\/2021\/10\/logo-dark.png","contentUrl":"https:\/\/selleetools.com\/wp-content\/uploads\/2021\/10\/logo-dark.png","width":320,"height":76,"caption":"Selleetools"},"image":{"@id":"https:\/\/selleetools.com\/#\/schema\/logo\/image\/"}},{"@type":"WebSite","@id":"https:\/\/selleetools.com\/#website","url":"https:\/\/selleetools.com\/","name":"Selleetools.com","description":"","publisher":{"@id":"https:\/\/selleetools.com\/#organization"},"potentialAction":[{"@type":"SearchAction","target":{"@type":"EntryPoint","urlTemplate":"https:\/\/selleetools.com\/?s={search_term_string}"},"query-input":"required name=search_term_string"}],"inLanguage":"pl-PL"},{"@type":"WebPage","@id":"https:\/\/selleetools.com\/pl\/product\/doniczka-rato-wysoka-drtus300-z-wkladem-umbra\/","url":"https:\/\/selleetools.com\/pl\/product\/doniczka-rato-wysoka-drtus300-z-wkladem-umbra\/","name":"Doniczka RATO wysoka DRTUS300 z wk\u0142adem | Umbra - Selleetools.com","isPartOf":{"@id":"https:\/\/selleetools.com\/#website"},"datePublished":"2026-02-19T15:02:02+00:00","dateModified":"2026-04-14T17:15:11+00:00","breadcrumb":{"@id":"https:\/\/selleetools.com\/pl\/product\/doniczka-rato-wysoka-drtus300-z-wkladem-umbra\/#breadcrumb"},"inLanguage":"pl-PL","potentialAction":[{"@type":"ReadAction","target":["https:\/\/selleetools.com\/pl\/product\/doniczka-rato-wysoka-drtus300-z-wkladem-umbra\/"]}]},{"@type":"BreadcrumbList","@id":"https:\/\/selleetools.com\/pl\/product\/doniczka-rato-wysoka-drtus300-z-wkladem-umbra\/#breadcrumb","itemListElement":[{"@type":"ListItem","position":1,"name":"Home","item":"https:\/\/selleetools.com\/pl\/"},{"@type":"ListItem","position":2,"name":"Katalog","item":"https:\/\/selleetools.com\/pl\/katalog\/"},{"@type":"ListItem","position":3,"name":"Doniczka RATO wysoka DRTUS300 z wk\u0142adem | Umbra"}]}]}},"_links":{"self":[{"href":"https:\/\/selleetools.com\/pl\/wp-json\/wp\/v2\/product\/672873"}],"collection":[{"href":"https:\/\/selleetools.com\/pl\/wp-json\/wp\/v2\/product"}],"about":[{"href":"https:\/\/selleetools.com\/pl\/wp-json\/wp\/v2\/types\/product"}],"replies":[{"embeddable":true,"href":"https:\/\/selleetools.com\/pl\/wp-json\/wp\/v2\/comments?post=672873"}],"wp:featuredmedia":[{"embeddable":true,"href":"https:\/\/selleetools.com\/pl\/wp-json\/wp\/v2\/media\/672869"}],"wp:attachment":[{"href":"https:\/\/selleetools.com\/pl\/wp-json\/wp\/v2\/media?parent=672873"}],"curies":[{"name":"wp","href":"https:\/\/api.w.org\/{rel}","templated":true}]}}