{"id":672854,"date":"2026-02-19T16:01:48","date_gmt":"2026-02-19T15:01:48","guid":{"rendered":"https:\/\/selleetools.com\/?post_type=product&#038;p=672854"},"modified":"2026-04-14T19:14:53","modified_gmt":"2026-04-14T17:14:53","slug":"doniczka-ratolla-kwadrat-drlk250-z-podstawka-antracyt","status":"publish","type":"product","link":"https:\/\/selleetools.com\/pl\/product\/doniczka-ratolla-kwadrat-drlk250-z-podstawka-antracyt\/","title":{"rendered":"Doniczka RATOLLA kwadrat DRLK250 z podstawk\u0105 | Antracyt"},"content":{"rendered":"<p>Doniczka RATOLLA Square DRLK250 z podstawk\u0105 &#8211; antracyt<br \/>\nDoniczka kwadratowa Ratolla square o fakturze wiernie imituj\u0105cej plecionk\u0119 z naturalnego rattanu, pozwala kreowa\u0107 pi\u0119kne unikatowe wn\u0119trza i bez ogranicze\u0144 aran\u017cowa\u0107 przestrze\u0144 wok\u00f3\u0142 domu. Dzi\u0119ki klasycznej, czystej formie nadaje si\u0119 do wszystkich pomieszcze\u0144, godz\u0105c r\u00f3\u017cne style i upodobania. Jej funkcjonalno\u015b\u0107 wyra\u017ca si\u0119 przede wszystkim w komforcie u\u017cytkowania bez wzgl\u0119du na aur\u0119. Doniczka wyposa\u017cona w podstawk\u0119. \u00a0<br \/>\nZestaw zawiera:<br \/>\n &#8211; doniczk\u0119 RATOLLA DRLK<br \/>\n &#8211; podstawk\u0119 DRLK<br \/>\nDane techniczne:<br \/>\n &#8211; d\u0142ugo\u015b\u0107 &#8211; 24 cm<br \/>\n &#8211; szeroko\u015b\u0107 &#8211; 24 cm<br \/>\n &#8211; wysoko\u015b\u0107 &#8211; 22 cm<br \/>\n &#8211; pojemno\u015b\u0107 &#8211; 8,2 l<br \/>\n &#8211; materia\u0142 &#8211; tworzywo sztuczne<br \/>\n &#8211; efekt powierzchni &#8211; rattan<\/p>\n<p>Doniczka RATOLLA Square DRLK250 z podstawk\u0105 &#8211; antracyt<br \/>\nDoniczka kwadratowa Ratolla square o fakturze wiernie imituj\u0105cej plecionk\u0119 z naturalnego rattanu, pozwala kreowa\u0107 pi\u0119kne unikatowe wn\u0119trza i bez ogranicze\u0144 aran\u017cowa\u0107 przestrze\u0144 wok\u00f3\u0142 domu. Dzi\u0119ki klasycznej, czystej formie nadaje si\u0119 do wszystkich pomieszcze\u0144, godz\u0105c r\u00f3\u017cne style i upodobania. Jej funkcjonalno\u015b\u0107 wyra\u017ca si\u0119 przede wszystkim w komforcie u\u017cytkowania bez wzgl\u0119du na aur\u0119. Doniczka wyposa\u017cona w podstawk\u0119. \u00a0<br \/>\nZestaw zawiera:<br \/>\n &#8211; doniczk\u0119 RATOLLA DRLK<br \/>\n &#8211; podstawk\u0119 DRLK<br \/>\nDane techniczne:<br \/>\n &#8211; d\u0142ugo\u015b\u0107 &#8211; 24 cm<br \/>\n &#8211; szeroko\u015b\u0107 &#8211; 24 cm<br \/>\n &#8211; wysoko\u015b\u0107 &#8211; 22 cm<br \/>\n &#8211; pojemno\u015b\u0107 &#8211; 8,2 l<br \/>\n &#8211; materia\u0142 &#8211; tworzywo sztuczne<br \/>\n &#8211; efekt powierzchni &#8211; rattan<\/p>\n","protected":false},"excerpt":{"rendered":"<p>Doniczka RATOLLA Square DRLK250 z podstawk\u0105 &#8211; antracyt Doniczka kwadratowa Ratolla square o fakturze wiernie imituj\u0105cej plecionk\u0119 z naturalnego rattanu, pozwala kreowa\u0107 pi\u0119kne unikatowe wn\u0119trza i bez ogranicze\u0144 aran\u017cowa\u0107 przestrze\u0144 wok\u00f3\u0142 domu. Dzi\u0119ki klasycznej, czystej formie nadaje si\u0119 do wszystkich pomieszcze\u0144, godz\u0105c r\u00f3\u017cne style i upodobania. Jej funkcjonalno\u015b\u0107 wyra\u017ca si\u0119 przede wszystkim w komforcie u\u017cytkowania &#8230; <a title=\"Doniczka RATOLLA kwadrat DRLK250 z podstawk\u0105 | Antracyt\" class=\"read-more\" href=\"https:\/\/selleetools.com\/pl\/product\/doniczka-ratolla-kwadrat-drlk250-z-podstawka-antracyt\/\">Read more<span class=\"screen-reader-text\">Doniczka RATOLLA kwadrat DRLK250 z podstawk\u0105 | Antracyt<\/span><\/a><\/p>\n","protected":false},"featured_media":672848,"comment_status":"open","ping_status":"closed","template":"","meta":{"_links_to":"","_links_to_target":""},"yoast_head":"<!-- This site is optimized with the Yoast SEO plugin v19.4 - https:\/\/yoast.com\/wordpress\/plugins\/seo\/ -->\n<title>Doniczka RATOLLA kwadrat DRLK250 z podstawk\u0105 | Antracyt - Selleetools.com<\/title>\n<meta name=\"robots\" content=\"index, follow, max-snippet:-1, max-image-preview:large, max-video-preview:-1\" \/>\n<link rel=\"canonical\" href=\"https:\/\/selleetools.com\/pl\/product\/doniczka-ratolla-kwadrat-drlk250-z-podstawka-antracyt\/\" \/>\n<meta property=\"og:locale\" content=\"pl_PL\" \/>\n<meta property=\"og:type\" content=\"article\" \/>\n<meta property=\"og:title\" content=\"Doniczka RATOLLA kwadrat DRLK250 z podstawk\u0105 | Antracyt - Selleetools.com\" \/>\n<meta property=\"og:description\" content=\"Doniczka RATOLLA Square DRLK250 z podstawk\u0105 &#8211; antracyt Doniczka kwadratowa Ratolla square o fakturze wiernie imituj\u0105cej plecionk\u0119 z naturalnego rattanu, pozwala kreowa\u0107 pi\u0119kne unikatowe wn\u0119trza i bez ogranicze\u0144 aran\u017cowa\u0107 przestrze\u0144 wok\u00f3\u0142 domu. Dzi\u0119ki klasycznej, czystej formie nadaje si\u0119 do wszystkich pomieszcze\u0144, godz\u0105c r\u00f3\u017cne style i upodobania. Jej funkcjonalno\u015b\u0107 wyra\u017ca si\u0119 przede wszystkim w komforcie u\u017cytkowania ... Read moreDoniczka RATOLLA kwadrat DRLK250 z podstawk\u0105 | Antracyt\" \/>\n<meta property=\"og:url\" content=\"https:\/\/selleetools.com\/pl\/product\/doniczka-ratolla-kwadrat-drlk250-z-podstawka-antracyt\/\" \/>\n<meta property=\"og:site_name\" content=\"Selleetools.com\" \/>\n<meta property=\"article:modified_time\" content=\"2026-04-14T17:14:53+00:00\" \/>\n<meta property=\"og:image\" content=\"https:\/\/selleetools.com\/wp-content\/uploads\/2026\/02\/646e7eea0e256fc570a518ebd0a368da.jpg\" \/>\n\t<meta property=\"og:image:width\" content=\"1905\" \/>\n\t<meta property=\"og:image:height\" content=\"1358\" \/>\n\t<meta property=\"og:image:type\" content=\"image\/jpeg\" \/>\n<meta name=\"twitter:card\" content=\"summary_large_image\" \/>\n<meta name=\"twitter:label1\" content=\"Est. reading time\" \/>\n\t<meta name=\"twitter:data1\" content=\"1 minuta\" \/>\n<!-- \/ Yoast SEO plugin. -->","yoast_head_json":{"title":"Doniczka RATOLLA kwadrat DRLK250 z podstawk\u0105 | Antracyt - Selleetools.com","robots":{"index":"index","follow":"follow","max-snippet":"max-snippet:-1","max-image-preview":"max-image-preview:large","max-video-preview":"max-video-preview:-1"},"canonical":"https:\/\/selleetools.com\/pl\/product\/doniczka-ratolla-kwadrat-drlk250-z-podstawka-antracyt\/","og_locale":"pl_PL","og_type":"article","og_title":"Doniczka RATOLLA kwadrat DRLK250 z podstawk\u0105 | Antracyt - Selleetools.com","og_description":"Doniczka RATOLLA Square DRLK250 z podstawk\u0105 &#8211; antracyt Doniczka kwadratowa Ratolla square o fakturze wiernie imituj\u0105cej plecionk\u0119 z naturalnego rattanu, pozwala kreowa\u0107 pi\u0119kne unikatowe wn\u0119trza i bez ogranicze\u0144 aran\u017cowa\u0107 przestrze\u0144 wok\u00f3\u0142 domu. Dzi\u0119ki klasycznej, czystej formie nadaje si\u0119 do wszystkich pomieszcze\u0144, godz\u0105c r\u00f3\u017cne style i upodobania. Jej funkcjonalno\u015b\u0107 wyra\u017ca si\u0119 przede wszystkim w komforcie u\u017cytkowania ... Read moreDoniczka RATOLLA kwadrat DRLK250 z podstawk\u0105 | Antracyt","og_url":"https:\/\/selleetools.com\/pl\/product\/doniczka-ratolla-kwadrat-drlk250-z-podstawka-antracyt\/","og_site_name":"Selleetools.com","article_modified_time":"2026-04-14T17:14:53+00:00","og_image":[{"width":1905,"height":1358,"url":"https:\/\/selleetools.com\/wp-content\/uploads\/2026\/02\/646e7eea0e256fc570a518ebd0a368da.jpg","type":"image\/jpeg"}],"twitter_card":"summary_large_image","twitter_misc":{"Est. reading time":"1 minuta"},"schema":{"@context":"https:\/\/schema.org","@graph":[{"@type":"Organization","@id":"https:\/\/selleetools.com\/#organization","name":"Selleetools","url":"https:\/\/selleetools.com\/","sameAs":[],"logo":{"@type":"ImageObject","inLanguage":"pl-PL","@id":"https:\/\/selleetools.com\/#\/schema\/logo\/image\/","url":"https:\/\/selleetools.com\/wp-content\/uploads\/2021\/10\/logo-dark.png","contentUrl":"https:\/\/selleetools.com\/wp-content\/uploads\/2021\/10\/logo-dark.png","width":320,"height":76,"caption":"Selleetools"},"image":{"@id":"https:\/\/selleetools.com\/#\/schema\/logo\/image\/"}},{"@type":"WebSite","@id":"https:\/\/selleetools.com\/#website","url":"https:\/\/selleetools.com\/","name":"Selleetools.com","description":"","publisher":{"@id":"https:\/\/selleetools.com\/#organization"},"potentialAction":[{"@type":"SearchAction","target":{"@type":"EntryPoint","urlTemplate":"https:\/\/selleetools.com\/?s={search_term_string}"},"query-input":"required name=search_term_string"}],"inLanguage":"pl-PL"},{"@type":"WebPage","@id":"https:\/\/selleetools.com\/pl\/product\/doniczka-ratolla-kwadrat-drlk250-z-podstawka-antracyt\/","url":"https:\/\/selleetools.com\/pl\/product\/doniczka-ratolla-kwadrat-drlk250-z-podstawka-antracyt\/","name":"Doniczka RATOLLA kwadrat DRLK250 z podstawk\u0105 | Antracyt - Selleetools.com","isPartOf":{"@id":"https:\/\/selleetools.com\/#website"},"datePublished":"2026-02-19T15:01:48+00:00","dateModified":"2026-04-14T17:14:53+00:00","breadcrumb":{"@id":"https:\/\/selleetools.com\/pl\/product\/doniczka-ratolla-kwadrat-drlk250-z-podstawka-antracyt\/#breadcrumb"},"inLanguage":"pl-PL","potentialAction":[{"@type":"ReadAction","target":["https:\/\/selleetools.com\/pl\/product\/doniczka-ratolla-kwadrat-drlk250-z-podstawka-antracyt\/"]}]},{"@type":"BreadcrumbList","@id":"https:\/\/selleetools.com\/pl\/product\/doniczka-ratolla-kwadrat-drlk250-z-podstawka-antracyt\/#breadcrumb","itemListElement":[{"@type":"ListItem","position":1,"name":"Home","item":"https:\/\/selleetools.com\/pl\/"},{"@type":"ListItem","position":2,"name":"Katalog","item":"https:\/\/selleetools.com\/pl\/katalog\/"},{"@type":"ListItem","position":3,"name":"Doniczka RATOLLA kwadrat DRLK250 z podstawk\u0105 | Antracyt"}]}]}},"_links":{"self":[{"href":"https:\/\/selleetools.com\/pl\/wp-json\/wp\/v2\/product\/672854"}],"collection":[{"href":"https:\/\/selleetools.com\/pl\/wp-json\/wp\/v2\/product"}],"about":[{"href":"https:\/\/selleetools.com\/pl\/wp-json\/wp\/v2\/types\/product"}],"replies":[{"embeddable":true,"href":"https:\/\/selleetools.com\/pl\/wp-json\/wp\/v2\/comments?post=672854"}],"wp:featuredmedia":[{"embeddable":true,"href":"https:\/\/selleetools.com\/pl\/wp-json\/wp\/v2\/media\/672848"}],"wp:attachment":[{"href":"https:\/\/selleetools.com\/pl\/wp-json\/wp\/v2\/media?parent=672854"}],"curies":[{"name":"wp","href":"https:\/\/api.w.org\/{rel}","templated":true}]}}