{"id":672840,"date":"2026-02-19T16:01:36","date_gmt":"2026-02-19T15:01:36","guid":{"rendered":"https:\/\/selleetools.com\/?post_type=product&#038;p=672840"},"modified":"2026-04-14T10:02:01","modified_gmt":"2026-04-14T08:02:01","slug":"doniczka-balkonowa-drl500pw-z-podstawka-antracyt","status":"publish","type":"product","link":"https:\/\/selleetools.com\/pl\/product\/doniczka-balkonowa-drl500pw-z-podstawka-antracyt\/","title":{"rendered":"Doniczka balkonowa DRL500PW z podstawk\u0105 | Antracyt"},"content":{"rendered":"<p>Doniczka balkonowa DRL500PW z podstawk\u0105 &#8211; antracyt<br \/>\nPod\u0142u\u017cna doniczka balkonowa z podstawk\u0105\u00a0 RATOLLA PW o fakturze wiernie imituj\u0105cej plecionk\u0119 z naturalnego rattanu. Pozwala kreowa\u0107 pi\u0119kne unikatowe wn\u0119trza i bez ogranicze\u0144 aran\u017cowa\u0107 przestrze\u0144 wok\u00f3\u0142 domu. Dzi\u0119ki klasycznej, czystej formie nadaje si\u0119 do wszystkich pomieszcze\u0144, godz\u0105c r\u00f3\u017cne style i upodobania. Jej funkcjonalno\u015b\u0107 wyra\u017ca si\u0119 przede wszystkim w komforcie u\u017cytkowania bez wzgl\u0119du na aur\u0119.\u00a0 Doniczka posiada\u00a0 w zestawie wk\u0142ad umo\u017cliwiaj\u0105cy prawid\u0142owe nawadnianie ro\u015blin oraz haki i zabezpieczenia do monta\u017cu na balustradach.<br \/>\nZestaw zawiera:<br \/>\n &#8211; doniczk\u0119 RATOLLA<br \/>\n &#8211; podstawk\u0119<br \/>\n &#8211; wk\u0142ad wewn\u0119trzny do nawadniania<br \/>\n &#8211; komplet hak\u00f3w i zabezpiecze\u0144 do monta\u017cu na balustradzie<br \/>\nDane techniczne:<br \/>\n &#8211; d\u0142ugo\u015b\u0107 g\u00f3ra &#8211; 49,2 cm<br \/>\n &#8211; d\u0142ugo\u015b\u0107 podstawa &#8211; 43,8 cm<br \/>\n &#8211; szeroko\u015b\u0107 g\u00f3ry &#8211; 17,2 cm<br \/>\n &#8211; szeroko\u015b\u0107 podstawy &#8211; 11,8 cm<br \/>\n &#8211; wysoko\u015b\u0107 &#8211; 17,4 cm<br \/>\n &#8211; pojemno\u015b\u0107 &#8211; 12 l<br \/>\n &#8211; materia\u0142 &#8211; tworzywo sztuczne<br \/>\n &#8211; waga &#8211; 1,00 kg<\/p>\n<p>Doniczka balkonowa DRL500PW z podstawk\u0105 &#8211; antracyt<br \/>\nPod\u0142u\u017cna doniczka balkonowa z podstawk\u0105\u00a0 RATOLLA PW o fakturze wiernie imituj\u0105cej plecionk\u0119 z naturalnego rattanu. Pozwala kreowa\u0107 pi\u0119kne unikatowe wn\u0119trza i bez ogranicze\u0144 aran\u017cowa\u0107 przestrze\u0144 wok\u00f3\u0142 domu. Dzi\u0119ki klasycznej, czystej formie nadaje si\u0119 do wszystkich pomieszcze\u0144, godz\u0105c r\u00f3\u017cne style i upodobania. Jej funkcjonalno\u015b\u0107 wyra\u017ca si\u0119 przede wszystkim w komforcie u\u017cytkowania bez wzgl\u0119du na aur\u0119.\u00a0 Doniczka posiada\u00a0 w zestawie wk\u0142ad umo\u017cliwiaj\u0105cy prawid\u0142owe nawadnianie ro\u015blin oraz haki i zabezpieczenia do monta\u017cu na balustradach.<br \/>\nZestaw zawiera:<br \/>\n &#8211; doniczk\u0119 RATOLLA<br \/>\n &#8211; podstawk\u0119<br \/>\n &#8211; wk\u0142ad wewn\u0119trzny do nawadniania<br \/>\n &#8211; komplet hak\u00f3w i zabezpiecze\u0144 do monta\u017cu na balustradzie<br \/>\nDane techniczne:<br \/>\n &#8211; d\u0142ugo\u015b\u0107 g\u00f3ra &#8211; 49,2 cm<br \/>\n &#8211; d\u0142ugo\u015b\u0107 podstawa &#8211; 43,8 cm<br \/>\n &#8211; szeroko\u015b\u0107 g\u00f3ry &#8211; 17,2 cm<br \/>\n &#8211; szeroko\u015b\u0107 podstawy &#8211; 11,8 cm<br \/>\n &#8211; wysoko\u015b\u0107 &#8211; 17,4 cm<br \/>\n &#8211; pojemno\u015b\u0107 &#8211; 12 l<br \/>\n &#8211; materia\u0142 &#8211; tworzywo sztuczne<br \/>\n &#8211; waga &#8211; 1,00 kg<\/p>\n","protected":false},"excerpt":{"rendered":"<p>Doniczka balkonowa DRL500PW z podstawk\u0105 &#8211; antracyt Pod\u0142u\u017cna doniczka balkonowa z podstawk\u0105\u00a0 RATOLLA PW o fakturze wiernie imituj\u0105cej plecionk\u0119 z naturalnego rattanu. Pozwala kreowa\u0107 pi\u0119kne unikatowe wn\u0119trza i bez ogranicze\u0144 aran\u017cowa\u0107 przestrze\u0144 wok\u00f3\u0142 domu. Dzi\u0119ki klasycznej, czystej formie nadaje si\u0119 do wszystkich pomieszcze\u0144, godz\u0105c r\u00f3\u017cne style i upodobania. Jej funkcjonalno\u015b\u0107 wyra\u017ca si\u0119 przede wszystkim w &#8230; <a title=\"Doniczka balkonowa DRL500PW z podstawk\u0105 | Antracyt\" class=\"read-more\" href=\"https:\/\/selleetools.com\/pl\/product\/doniczka-balkonowa-drl500pw-z-podstawka-antracyt\/\">Read more<span class=\"screen-reader-text\">Doniczka balkonowa DRL500PW z podstawk\u0105 | Antracyt<\/span><\/a><\/p>\n","protected":false},"featured_media":672830,"comment_status":"open","ping_status":"closed","template":"","meta":{"_links_to":"","_links_to_target":""},"yoast_head":"<!-- This site is optimized with the Yoast SEO plugin v19.4 - https:\/\/yoast.com\/wordpress\/plugins\/seo\/ -->\n<title>Doniczka balkonowa DRL500PW z podstawk\u0105 | Antracyt - Selleetools.com<\/title>\n<meta name=\"robots\" content=\"index, follow, max-snippet:-1, max-image-preview:large, max-video-preview:-1\" \/>\n<link rel=\"canonical\" href=\"https:\/\/selleetools.com\/pl\/product\/doniczka-balkonowa-drl500pw-z-podstawka-antracyt\/\" \/>\n<meta property=\"og:locale\" content=\"pl_PL\" \/>\n<meta property=\"og:type\" content=\"article\" \/>\n<meta property=\"og:title\" content=\"Doniczka balkonowa DRL500PW z podstawk\u0105 | Antracyt - Selleetools.com\" \/>\n<meta property=\"og:description\" content=\"Doniczka balkonowa DRL500PW z podstawk\u0105 &#8211; antracyt Pod\u0142u\u017cna doniczka balkonowa z podstawk\u0105\u00a0 RATOLLA PW o fakturze wiernie imituj\u0105cej plecionk\u0119 z naturalnego rattanu. Pozwala kreowa\u0107 pi\u0119kne unikatowe wn\u0119trza i bez ogranicze\u0144 aran\u017cowa\u0107 przestrze\u0144 wok\u00f3\u0142 domu. Dzi\u0119ki klasycznej, czystej formie nadaje si\u0119 do wszystkich pomieszcze\u0144, godz\u0105c r\u00f3\u017cne style i upodobania. Jej funkcjonalno\u015b\u0107 wyra\u017ca si\u0119 przede wszystkim w ... Read moreDoniczka balkonowa DRL500PW z podstawk\u0105 | Antracyt\" \/>\n<meta property=\"og:url\" content=\"https:\/\/selleetools.com\/pl\/product\/doniczka-balkonowa-drl500pw-z-podstawka-antracyt\/\" \/>\n<meta property=\"og:site_name\" content=\"Selleetools.com\" \/>\n<meta property=\"article:modified_time\" content=\"2026-04-14T08:02:01+00:00\" \/>\n<meta property=\"og:image\" content=\"https:\/\/selleetools.com\/wp-content\/uploads\/2026\/02\/f641bbab1713db67f40901213936071b.jpg\" \/>\n\t<meta property=\"og:image:width\" content=\"2500\" \/>\n\t<meta property=\"og:image:height\" content=\"1500\" \/>\n\t<meta property=\"og:image:type\" content=\"image\/jpeg\" \/>\n<meta name=\"twitter:card\" content=\"summary_large_image\" \/>\n<meta name=\"twitter:label1\" content=\"Est. reading time\" \/>\n\t<meta name=\"twitter:data1\" content=\"2 minuty\" \/>\n<!-- \/ Yoast SEO plugin. -->","yoast_head_json":{"title":"Doniczka balkonowa DRL500PW z podstawk\u0105 | Antracyt - Selleetools.com","robots":{"index":"index","follow":"follow","max-snippet":"max-snippet:-1","max-image-preview":"max-image-preview:large","max-video-preview":"max-video-preview:-1"},"canonical":"https:\/\/selleetools.com\/pl\/product\/doniczka-balkonowa-drl500pw-z-podstawka-antracyt\/","og_locale":"pl_PL","og_type":"article","og_title":"Doniczka balkonowa DRL500PW z podstawk\u0105 | Antracyt - Selleetools.com","og_description":"Doniczka balkonowa DRL500PW z podstawk\u0105 &#8211; antracyt Pod\u0142u\u017cna doniczka balkonowa z podstawk\u0105\u00a0 RATOLLA PW o fakturze wiernie imituj\u0105cej plecionk\u0119 z naturalnego rattanu. Pozwala kreowa\u0107 pi\u0119kne unikatowe wn\u0119trza i bez ogranicze\u0144 aran\u017cowa\u0107 przestrze\u0144 wok\u00f3\u0142 domu. Dzi\u0119ki klasycznej, czystej formie nadaje si\u0119 do wszystkich pomieszcze\u0144, godz\u0105c r\u00f3\u017cne style i upodobania. Jej funkcjonalno\u015b\u0107 wyra\u017ca si\u0119 przede wszystkim w ... Read moreDoniczka balkonowa DRL500PW z podstawk\u0105 | Antracyt","og_url":"https:\/\/selleetools.com\/pl\/product\/doniczka-balkonowa-drl500pw-z-podstawka-antracyt\/","og_site_name":"Selleetools.com","article_modified_time":"2026-04-14T08:02:01+00:00","og_image":[{"width":2500,"height":1500,"url":"https:\/\/selleetools.com\/wp-content\/uploads\/2026\/02\/f641bbab1713db67f40901213936071b.jpg","type":"image\/jpeg"}],"twitter_card":"summary_large_image","twitter_misc":{"Est. reading time":"2 minuty"},"schema":{"@context":"https:\/\/schema.org","@graph":[{"@type":"Organization","@id":"https:\/\/selleetools.com\/#organization","name":"Selleetools","url":"https:\/\/selleetools.com\/","sameAs":[],"logo":{"@type":"ImageObject","inLanguage":"pl-PL","@id":"https:\/\/selleetools.com\/#\/schema\/logo\/image\/","url":"https:\/\/selleetools.com\/wp-content\/uploads\/2021\/10\/logo-dark.png","contentUrl":"https:\/\/selleetools.com\/wp-content\/uploads\/2021\/10\/logo-dark.png","width":320,"height":76,"caption":"Selleetools"},"image":{"@id":"https:\/\/selleetools.com\/#\/schema\/logo\/image\/"}},{"@type":"WebSite","@id":"https:\/\/selleetools.com\/#website","url":"https:\/\/selleetools.com\/","name":"Selleetools.com","description":"","publisher":{"@id":"https:\/\/selleetools.com\/#organization"},"potentialAction":[{"@type":"SearchAction","target":{"@type":"EntryPoint","urlTemplate":"https:\/\/selleetools.com\/?s={search_term_string}"},"query-input":"required name=search_term_string"}],"inLanguage":"pl-PL"},{"@type":"WebPage","@id":"https:\/\/selleetools.com\/pl\/product\/doniczka-balkonowa-drl500pw-z-podstawka-antracyt\/","url":"https:\/\/selleetools.com\/pl\/product\/doniczka-balkonowa-drl500pw-z-podstawka-antracyt\/","name":"Doniczka balkonowa DRL500PW z podstawk\u0105 | Antracyt - Selleetools.com","isPartOf":{"@id":"https:\/\/selleetools.com\/#website"},"datePublished":"2026-02-19T15:01:36+00:00","dateModified":"2026-04-14T08:02:01+00:00","breadcrumb":{"@id":"https:\/\/selleetools.com\/pl\/product\/doniczka-balkonowa-drl500pw-z-podstawka-antracyt\/#breadcrumb"},"inLanguage":"pl-PL","potentialAction":[{"@type":"ReadAction","target":["https:\/\/selleetools.com\/pl\/product\/doniczka-balkonowa-drl500pw-z-podstawka-antracyt\/"]}]},{"@type":"BreadcrumbList","@id":"https:\/\/selleetools.com\/pl\/product\/doniczka-balkonowa-drl500pw-z-podstawka-antracyt\/#breadcrumb","itemListElement":[{"@type":"ListItem","position":1,"name":"Home","item":"https:\/\/selleetools.com\/pl\/"},{"@type":"ListItem","position":2,"name":"Katalog","item":"https:\/\/selleetools.com\/pl\/katalog\/"},{"@type":"ListItem","position":3,"name":"Doniczka balkonowa DRL500PW z podstawk\u0105 | Antracyt"}]}]}},"_links":{"self":[{"href":"https:\/\/selleetools.com\/pl\/wp-json\/wp\/v2\/product\/672840"}],"collection":[{"href":"https:\/\/selleetools.com\/pl\/wp-json\/wp\/v2\/product"}],"about":[{"href":"https:\/\/selleetools.com\/pl\/wp-json\/wp\/v2\/types\/product"}],"replies":[{"embeddable":true,"href":"https:\/\/selleetools.com\/pl\/wp-json\/wp\/v2\/comments?post=672840"}],"wp:featuredmedia":[{"embeddable":true,"href":"https:\/\/selleetools.com\/pl\/wp-json\/wp\/v2\/media\/672830"}],"wp:attachment":[{"href":"https:\/\/selleetools.com\/pl\/wp-json\/wp\/v2\/media?parent=672840"}],"curies":[{"name":"wp","href":"https:\/\/api.w.org\/{rel}","templated":true}]}}