{"id":672765,"date":"2026-02-19T16:00:37","date_gmt":"2026-02-19T15:00:37","guid":{"rendered":"https:\/\/selleetools.com\/?post_type=product&#038;p=672765"},"modified":"2026-04-14T19:09:55","modified_gmt":"2026-04-14T17:09:55","slug":"doniczka-rato-okragla-drtus300l-z-wkladem-bialy","status":"publish","type":"product","link":"https:\/\/selleetools.com\/pl\/product\/doniczka-rato-okragla-drtus300l-z-wkladem-bialy\/","title":{"rendered":"Doniczka Rato okr\u0105g\u0142a DRTUS300L z wk\u0142adem | Bia\u0142y"},"content":{"rendered":"<p>Doniczka Rato Round DRTUS300L z wk\u0142adem &#8211; bia\u0142a<br \/>\nWysokie, smuk\u0142e doniczki o bardzo nowoczesnym designie i fakturze wiernie imituj\u0105cej plecionk\u0119 z naturalnego rattanu. Pozwalaj\u0105 kreowa\u0107 pi\u0119kne unikatowe wn\u0119trza i bez ogranicze\u0144 aran\u017cowa\u0107 przestrze\u0144 wok\u00f3\u0142 domu. Wykonane z wysokiej jako\u015bci tworzywa sztucznego, odpornego na warunki atmosferyczne oraz promienie UV. Produkt z przeznaczeniem do wewn\u0105trz oraz na zewn\u0105trz budynk\u00f3w.Zestaw zawiera:<br \/>\n &#8211; os\u0142onk\u0119 RATO Round<br \/>\n &#8211; wk\u0142ad wewn\u0119trzny<br \/>\nDane techniczne doniczki:<br \/>\n &#8211; \u015brednica g\u00f3ry &#8211; 30 cm<br \/>\n &#8211; \u015brednica podstawy &#8211; 25 cm<br \/>\n &#8211; wysoko\u015b\u0107 &#8211; 27 cm<br \/>\n &#8211; pojemno\u015b\u0107 &#8211; 20 l<br \/>\n &#8211; materia\u0142 &#8211; tworzywo sztuczne<br \/>\n &#8211; efekt powierzchni &#8211; rattan<br \/>\n &#8211; waga 1,20 kg<br \/>\nWk\u0142ad wewn\u0119trzny do doniczek RATO Tubus pozwala na zmniejszenie przestrzeni wewn\u0119trznej a tym samy wykorzystanie mniejszej ilo\u015bci ziemi, system do nawadniania przeznaczony jest do zamontowania we wk\u0142adzie wewn\u0119trznym.<br \/>\nDane techniczne wk\u0142adu:<br \/>\n &#8211; \u015brednica g\u00f3ry &#8211; 30 cm<br \/>\n &#8211; \u015brednica podstawy &#8211; 25 cm<br \/>\n &#8211; wysoko\u015b\u0107 &#8211; 24,5 cm<br \/>\n &#8211; pojemno\u015b\u0107 &#8211; 15 l<br \/>\n &#8211; materia\u0142 &#8211; tworzywo sztuczne<\/p>\n<p>Doniczka Rato Round DRTUS300L z wk\u0142adem &#8211; bia\u0142a<br \/>\nWysokie, smuk\u0142e doniczki o bardzo nowoczesnym designie i fakturze wiernie imituj\u0105cej plecionk\u0119 z naturalnego rattanu. Pozwalaj\u0105 kreowa\u0107 pi\u0119kne unikatowe wn\u0119trza i bez ogranicze\u0144 aran\u017cowa\u0107 przestrze\u0144 wok\u00f3\u0142 domu. Wykonane z wysokiej jako\u015bci tworzywa sztucznego, odpornego na warunki atmosferyczne oraz promienie UV. Produkt z przeznaczeniem do wewn\u0105trz oraz na zewn\u0105trz budynk\u00f3w.Zestaw zawiera:<br \/>\n &#8211; os\u0142onk\u0119 RATO Round<br \/>\n &#8211; wk\u0142ad wewn\u0119trzny<br \/>\nDane techniczne doniczki:<br \/>\n &#8211; \u015brednica g\u00f3ry &#8211; 30 cm<br \/>\n &#8211; \u015brednica podstawy &#8211; 25 cm<br \/>\n &#8211; wysoko\u015b\u0107 &#8211; 27 cm<br \/>\n &#8211; pojemno\u015b\u0107 &#8211; 20 l<br \/>\n &#8211; materia\u0142 &#8211; tworzywo sztuczne<br \/>\n &#8211; efekt powierzchni &#8211; rattan<br \/>\n &#8211; waga 1,20 kg<br \/>\nWk\u0142ad wewn\u0119trzny do doniczek RATO Tubus pozwala na zmniejszenie przestrzeni wewn\u0119trznej a tym samy wykorzystanie mniejszej ilo\u015bci ziemi, system do nawadniania przeznaczony jest do zamontowania we wk\u0142adzie wewn\u0119trznym.<br \/>\nDane techniczne wk\u0142adu:<br \/>\n &#8211; \u015brednica g\u00f3ry &#8211; 30 cm<br \/>\n &#8211; \u015brednica podstawy &#8211; 25 cm<br \/>\n &#8211; wysoko\u015b\u0107 &#8211; 24,5 cm<br \/>\n &#8211; pojemno\u015b\u0107 &#8211; 15 l<br \/>\n &#8211; materia\u0142 &#8211; tworzywo sztuczne<\/p>\n","protected":false},"excerpt":{"rendered":"<p>Doniczka Rato Round DRTUS300L z wk\u0142adem &#8211; bia\u0142a Wysokie, smuk\u0142e doniczki o bardzo nowoczesnym designie i fakturze wiernie imituj\u0105cej plecionk\u0119 z naturalnego rattanu. Pozwalaj\u0105 kreowa\u0107 pi\u0119kne unikatowe wn\u0119trza i bez ogranicze\u0144 aran\u017cowa\u0107 przestrze\u0144 wok\u00f3\u0142 domu. Wykonane z wysokiej jako\u015bci tworzywa sztucznego, odpornego na warunki atmosferyczne oraz promienie UV. Produkt z przeznaczeniem do wewn\u0105trz oraz na &#8230; <a title=\"Doniczka Rato okr\u0105g\u0142a DRTUS300L z wk\u0142adem | Bia\u0142y\" class=\"read-more\" href=\"https:\/\/selleetools.com\/pl\/product\/doniczka-rato-okragla-drtus300l-z-wkladem-bialy\/\">Read more<span class=\"screen-reader-text\">Doniczka Rato okr\u0105g\u0142a DRTUS300L z wk\u0142adem | Bia\u0142y<\/span><\/a><\/p>\n","protected":false},"featured_media":672757,"comment_status":"open","ping_status":"closed","template":"","meta":{"_links_to":"","_links_to_target":""},"yoast_head":"<!-- This site is optimized with the Yoast SEO plugin v19.4 - https:\/\/yoast.com\/wordpress\/plugins\/seo\/ -->\n<title>Doniczka Rato okr\u0105g\u0142a DRTUS300L z wk\u0142adem | Bia\u0142y - Selleetools.com<\/title>\n<meta name=\"robots\" content=\"index, follow, max-snippet:-1, max-image-preview:large, max-video-preview:-1\" \/>\n<link rel=\"canonical\" href=\"https:\/\/selleetools.com\/pl\/product\/doniczka-rato-okragla-drtus300l-z-wkladem-bialy\/\" \/>\n<meta property=\"og:locale\" content=\"pl_PL\" \/>\n<meta property=\"og:type\" content=\"article\" \/>\n<meta property=\"og:title\" content=\"Doniczka Rato okr\u0105g\u0142a DRTUS300L z wk\u0142adem | Bia\u0142y - Selleetools.com\" \/>\n<meta property=\"og:description\" content=\"Doniczka Rato Round DRTUS300L z wk\u0142adem &#8211; bia\u0142a Wysokie, smuk\u0142e doniczki o bardzo nowoczesnym designie i fakturze wiernie imituj\u0105cej plecionk\u0119 z naturalnego rattanu. Pozwalaj\u0105 kreowa\u0107 pi\u0119kne unikatowe wn\u0119trza i bez ogranicze\u0144 aran\u017cowa\u0107 przestrze\u0144 wok\u00f3\u0142 domu. Wykonane z wysokiej jako\u015bci tworzywa sztucznego, odpornego na warunki atmosferyczne oraz promienie UV. Produkt z przeznaczeniem do wewn\u0105trz oraz na ... Read moreDoniczka Rato okr\u0105g\u0142a DRTUS300L z wk\u0142adem | Bia\u0142y\" \/>\n<meta property=\"og:url\" content=\"https:\/\/selleetools.com\/pl\/product\/doniczka-rato-okragla-drtus300l-z-wkladem-bialy\/\" \/>\n<meta property=\"og:site_name\" content=\"Selleetools.com\" \/>\n<meta property=\"article:modified_time\" content=\"2026-04-14T17:09:55+00:00\" \/>\n<meta property=\"og:image\" content=\"https:\/\/selleetools.com\/wp-content\/uploads\/2026\/02\/3c6dcc91a12b41980192811ecf231261.jpg\" \/>\n\t<meta property=\"og:image:width\" content=\"2500\" \/>\n\t<meta property=\"og:image:height\" content=\"2500\" \/>\n\t<meta property=\"og:image:type\" content=\"image\/jpeg\" \/>\n<meta name=\"twitter:card\" content=\"summary_large_image\" \/>\n<meta name=\"twitter:label1\" content=\"Est. reading time\" \/>\n\t<meta name=\"twitter:data1\" content=\"2 minuty\" \/>\n<!-- \/ Yoast SEO plugin. -->","yoast_head_json":{"title":"Doniczka Rato okr\u0105g\u0142a DRTUS300L z wk\u0142adem | Bia\u0142y - Selleetools.com","robots":{"index":"index","follow":"follow","max-snippet":"max-snippet:-1","max-image-preview":"max-image-preview:large","max-video-preview":"max-video-preview:-1"},"canonical":"https:\/\/selleetools.com\/pl\/product\/doniczka-rato-okragla-drtus300l-z-wkladem-bialy\/","og_locale":"pl_PL","og_type":"article","og_title":"Doniczka Rato okr\u0105g\u0142a DRTUS300L z wk\u0142adem | Bia\u0142y - Selleetools.com","og_description":"Doniczka Rato Round DRTUS300L z wk\u0142adem &#8211; bia\u0142a Wysokie, smuk\u0142e doniczki o bardzo nowoczesnym designie i fakturze wiernie imituj\u0105cej plecionk\u0119 z naturalnego rattanu. Pozwalaj\u0105 kreowa\u0107 pi\u0119kne unikatowe wn\u0119trza i bez ogranicze\u0144 aran\u017cowa\u0107 przestrze\u0144 wok\u00f3\u0142 domu. Wykonane z wysokiej jako\u015bci tworzywa sztucznego, odpornego na warunki atmosferyczne oraz promienie UV. Produkt z przeznaczeniem do wewn\u0105trz oraz na ... Read moreDoniczka Rato okr\u0105g\u0142a DRTUS300L z wk\u0142adem | Bia\u0142y","og_url":"https:\/\/selleetools.com\/pl\/product\/doniczka-rato-okragla-drtus300l-z-wkladem-bialy\/","og_site_name":"Selleetools.com","article_modified_time":"2026-04-14T17:09:55+00:00","og_image":[{"width":2500,"height":2500,"url":"https:\/\/selleetools.com\/wp-content\/uploads\/2026\/02\/3c6dcc91a12b41980192811ecf231261.jpg","type":"image\/jpeg"}],"twitter_card":"summary_large_image","twitter_misc":{"Est. reading time":"2 minuty"},"schema":{"@context":"https:\/\/schema.org","@graph":[{"@type":"Organization","@id":"https:\/\/selleetools.com\/#organization","name":"Selleetools","url":"https:\/\/selleetools.com\/","sameAs":[],"logo":{"@type":"ImageObject","inLanguage":"pl-PL","@id":"https:\/\/selleetools.com\/#\/schema\/logo\/image\/","url":"https:\/\/selleetools.com\/wp-content\/uploads\/2021\/10\/logo-dark.png","contentUrl":"https:\/\/selleetools.com\/wp-content\/uploads\/2021\/10\/logo-dark.png","width":320,"height":76,"caption":"Selleetools"},"image":{"@id":"https:\/\/selleetools.com\/#\/schema\/logo\/image\/"}},{"@type":"WebSite","@id":"https:\/\/selleetools.com\/#website","url":"https:\/\/selleetools.com\/","name":"Selleetools.com","description":"","publisher":{"@id":"https:\/\/selleetools.com\/#organization"},"potentialAction":[{"@type":"SearchAction","target":{"@type":"EntryPoint","urlTemplate":"https:\/\/selleetools.com\/?s={search_term_string}"},"query-input":"required name=search_term_string"}],"inLanguage":"pl-PL"},{"@type":"WebPage","@id":"https:\/\/selleetools.com\/pl\/product\/doniczka-rato-okragla-drtus300l-z-wkladem-bialy\/","url":"https:\/\/selleetools.com\/pl\/product\/doniczka-rato-okragla-drtus300l-z-wkladem-bialy\/","name":"Doniczka Rato okr\u0105g\u0142a DRTUS300L z wk\u0142adem | Bia\u0142y - Selleetools.com","isPartOf":{"@id":"https:\/\/selleetools.com\/#website"},"datePublished":"2026-02-19T15:00:37+00:00","dateModified":"2026-04-14T17:09:55+00:00","breadcrumb":{"@id":"https:\/\/selleetools.com\/pl\/product\/doniczka-rato-okragla-drtus300l-z-wkladem-bialy\/#breadcrumb"},"inLanguage":"pl-PL","potentialAction":[{"@type":"ReadAction","target":["https:\/\/selleetools.com\/pl\/product\/doniczka-rato-okragla-drtus300l-z-wkladem-bialy\/"]}]},{"@type":"BreadcrumbList","@id":"https:\/\/selleetools.com\/pl\/product\/doniczka-rato-okragla-drtus300l-z-wkladem-bialy\/#breadcrumb","itemListElement":[{"@type":"ListItem","position":1,"name":"Home","item":"https:\/\/selleetools.com\/pl\/"},{"@type":"ListItem","position":2,"name":"Katalog","item":"https:\/\/selleetools.com\/pl\/katalog\/"},{"@type":"ListItem","position":3,"name":"Doniczka Rato okr\u0105g\u0142a DRTUS300L z wk\u0142adem | Bia\u0142y"}]}]}},"_links":{"self":[{"href":"https:\/\/selleetools.com\/pl\/wp-json\/wp\/v2\/product\/672765"}],"collection":[{"href":"https:\/\/selleetools.com\/pl\/wp-json\/wp\/v2\/product"}],"about":[{"href":"https:\/\/selleetools.com\/pl\/wp-json\/wp\/v2\/types\/product"}],"replies":[{"embeddable":true,"href":"https:\/\/selleetools.com\/pl\/wp-json\/wp\/v2\/comments?post=672765"}],"wp:featuredmedia":[{"embeddable":true,"href":"https:\/\/selleetools.com\/pl\/wp-json\/wp\/v2\/media\/672757"}],"wp:attachment":[{"href":"https:\/\/selleetools.com\/pl\/wp-json\/wp\/v2\/media?parent=672765"}],"curies":[{"name":"wp","href":"https:\/\/api.w.org\/{rel}","templated":true}]}}