{"id":672709,"date":"2026-02-19T15:59:57","date_gmt":"2026-02-19T14:59:57","guid":{"rendered":"https:\/\/selleetools.com\/?post_type=product&#038;p=672709"},"modified":"2026-04-14T19:08:50","modified_gmt":"2026-04-14T17:08:50","slug":"plotek-ogrodowy-pleciona-wiklina-ibwi-szary","status":"publish","type":"product","link":"https:\/\/selleetools.com\/pl\/product\/plotek-ogrodowy-pleciona-wiklina-ibwi-szary\/","title":{"rendered":"P\u0142otek ogrodowy pleciona wiklina IBWI | Szary"},"content":{"rendered":"<p>P\u0142otek ogrodowy IBWI &#8211; szara<br \/>\nTo pe\u0142en uroku kraw\u0119\u017cnik, kt\u00f3ry mo\u017cemy we w\u0142asnym zakresie szybko u\u0142o\u017cy\u0107 w ogrodzie lub na dzia\u0142ce. W\u0142a\u015bnie ten nieskomplikowany spos\u00f3b monta\u017cu zdecydowa\u0142 o jego sukcesie. Opakowanie zawiera 3,9 mb (5 prz\u0119se\u0142).<br \/>\nDane techniczne:<br \/>\n &#8211; wysoko\u015b\u0107 &#8211; 9 cm<br \/>\n &#8211; wysoko\u015b\u0107 ca\u0142kowita &#8211; 18, 5 cm<br \/>\n &#8211; d\u0142ugo\u015b\u0107 prz\u0119s\u0142a &#8211; 80 cm<br \/>\n &#8211; d\u0142ugo\u015b\u0107 ca\u0142kowita (1 opak.) &#8211; 3,9 m<br \/>\n &#8211; materia\u0142 &#8211; tworzywo sztuczne<\/p>\n<p>P\u0142otek ogrodowy IBWI &#8211; szara<br \/>\nTo pe\u0142en uroku kraw\u0119\u017cnik, kt\u00f3ry mo\u017cemy we w\u0142asnym zakresie szybko u\u0142o\u017cy\u0107 w ogrodzie lub na dzia\u0142ce. W\u0142a\u015bnie ten nieskomplikowany spos\u00f3b monta\u017cu zdecydowa\u0142 o jego sukcesie. Opakowanie zawiera 3,9 mb (5 prz\u0119se\u0142).<br \/>\nDane techniczne:<br \/>\n &#8211; wysoko\u015b\u0107 &#8211; 9 cm<br \/>\n &#8211; wysoko\u015b\u0107 ca\u0142kowita &#8211; 18, 5 cm<br \/>\n &#8211; d\u0142ugo\u015b\u0107 prz\u0119s\u0142a &#8211; 80 cm<br \/>\n &#8211; d\u0142ugo\u015b\u0107 ca\u0142kowita (1 opak.) &#8211; 3,9 m<br \/>\n &#8211; materia\u0142 &#8211; tworzywo sztuczne<\/p>\n","protected":false},"excerpt":{"rendered":"<p>P\u0142otek ogrodowy IBWI &#8211; szara To pe\u0142en uroku kraw\u0119\u017cnik, kt\u00f3ry mo\u017cemy we w\u0142asnym zakresie szybko u\u0142o\u017cy\u0107 w ogrodzie lub na dzia\u0142ce. W\u0142a\u015bnie ten nieskomplikowany spos\u00f3b monta\u017cu zdecydowa\u0142 o jego sukcesie. Opakowanie zawiera 3,9 mb (5 prz\u0119se\u0142). Dane techniczne: &#8211; wysoko\u015b\u0107 &#8211; 9 cm &#8211; wysoko\u015b\u0107 ca\u0142kowita &#8211; 18, 5 cm &#8211; d\u0142ugo\u015b\u0107 prz\u0119s\u0142a &#8211; 80 &#8230; <a title=\"P\u0142otek ogrodowy pleciona wiklina IBWI | Szary\" class=\"read-more\" href=\"https:\/\/selleetools.com\/pl\/product\/plotek-ogrodowy-pleciona-wiklina-ibwi-szary\/\">Read more<span class=\"screen-reader-text\">P\u0142otek ogrodowy pleciona wiklina IBWI | Szary<\/span><\/a><\/p>\n","protected":false},"featured_media":672701,"comment_status":"open","ping_status":"closed","template":"","meta":{"_links_to":"","_links_to_target":""},"yoast_head":"<!-- This site is optimized with the Yoast SEO plugin v19.4 - https:\/\/yoast.com\/wordpress\/plugins\/seo\/ -->\n<title>P\u0142otek ogrodowy pleciona wiklina IBWI | Szary - Selleetools.com<\/title>\n<meta name=\"robots\" content=\"index, follow, max-snippet:-1, max-image-preview:large, max-video-preview:-1\" \/>\n<link rel=\"canonical\" href=\"https:\/\/selleetools.com\/pl\/product\/plotek-ogrodowy-pleciona-wiklina-ibwi-szary\/\" \/>\n<meta property=\"og:locale\" content=\"pl_PL\" \/>\n<meta property=\"og:type\" content=\"article\" \/>\n<meta property=\"og:title\" content=\"P\u0142otek ogrodowy pleciona wiklina IBWI | Szary - Selleetools.com\" \/>\n<meta property=\"og:description\" content=\"P\u0142otek ogrodowy IBWI &#8211; szara To pe\u0142en uroku kraw\u0119\u017cnik, kt\u00f3ry mo\u017cemy we w\u0142asnym zakresie szybko u\u0142o\u017cy\u0107 w ogrodzie lub na dzia\u0142ce. W\u0142a\u015bnie ten nieskomplikowany spos\u00f3b monta\u017cu zdecydowa\u0142 o jego sukcesie. Opakowanie zawiera 3,9 mb (5 prz\u0119se\u0142). Dane techniczne: &#8211; wysoko\u015b\u0107 &#8211; 9 cm &#8211; wysoko\u015b\u0107 ca\u0142kowita &#8211; 18, 5 cm &#8211; d\u0142ugo\u015b\u0107 prz\u0119s\u0142a &#8211; 80 ... Read moreP\u0142otek ogrodowy pleciona wiklina IBWI | Szary\" \/>\n<meta property=\"og:url\" content=\"https:\/\/selleetools.com\/pl\/product\/plotek-ogrodowy-pleciona-wiklina-ibwi-szary\/\" \/>\n<meta property=\"og:site_name\" content=\"Selleetools.com\" \/>\n<meta property=\"article:modified_time\" content=\"2026-04-14T17:08:50+00:00\" \/>\n<meta property=\"og:image\" content=\"https:\/\/selleetools.com\/wp-content\/uploads\/2026\/02\/5f0a850e9e456bc2c9f792a528be1b2b.jpg\" \/>\n\t<meta property=\"og:image:width\" content=\"960\" \/>\n\t<meta property=\"og:image:height\" content=\"960\" \/>\n\t<meta property=\"og:image:type\" content=\"image\/jpeg\" \/>\n<meta name=\"twitter:card\" content=\"summary_large_image\" \/>\n<meta name=\"twitter:label1\" content=\"Est. reading time\" \/>\n\t<meta name=\"twitter:data1\" content=\"1 minuta\" \/>\n<!-- \/ Yoast SEO plugin. -->","yoast_head_json":{"title":"P\u0142otek ogrodowy pleciona wiklina IBWI | Szary - Selleetools.com","robots":{"index":"index","follow":"follow","max-snippet":"max-snippet:-1","max-image-preview":"max-image-preview:large","max-video-preview":"max-video-preview:-1"},"canonical":"https:\/\/selleetools.com\/pl\/product\/plotek-ogrodowy-pleciona-wiklina-ibwi-szary\/","og_locale":"pl_PL","og_type":"article","og_title":"P\u0142otek ogrodowy pleciona wiklina IBWI | Szary - Selleetools.com","og_description":"P\u0142otek ogrodowy IBWI &#8211; szara To pe\u0142en uroku kraw\u0119\u017cnik, kt\u00f3ry mo\u017cemy we w\u0142asnym zakresie szybko u\u0142o\u017cy\u0107 w ogrodzie lub na dzia\u0142ce. W\u0142a\u015bnie ten nieskomplikowany spos\u00f3b monta\u017cu zdecydowa\u0142 o jego sukcesie. Opakowanie zawiera 3,9 mb (5 prz\u0119se\u0142). Dane techniczne: &#8211; wysoko\u015b\u0107 &#8211; 9 cm &#8211; wysoko\u015b\u0107 ca\u0142kowita &#8211; 18, 5 cm &#8211; d\u0142ugo\u015b\u0107 prz\u0119s\u0142a &#8211; 80 ... Read moreP\u0142otek ogrodowy pleciona wiklina IBWI | Szary","og_url":"https:\/\/selleetools.com\/pl\/product\/plotek-ogrodowy-pleciona-wiklina-ibwi-szary\/","og_site_name":"Selleetools.com","article_modified_time":"2026-04-14T17:08:50+00:00","og_image":[{"width":960,"height":960,"url":"https:\/\/selleetools.com\/wp-content\/uploads\/2026\/02\/5f0a850e9e456bc2c9f792a528be1b2b.jpg","type":"image\/jpeg"}],"twitter_card":"summary_large_image","twitter_misc":{"Est. reading time":"1 minuta"},"schema":{"@context":"https:\/\/schema.org","@graph":[{"@type":"Organization","@id":"https:\/\/selleetools.com\/#organization","name":"Selleetools","url":"https:\/\/selleetools.com\/","sameAs":[],"logo":{"@type":"ImageObject","inLanguage":"pl-PL","@id":"https:\/\/selleetools.com\/#\/schema\/logo\/image\/","url":"https:\/\/selleetools.com\/wp-content\/uploads\/2021\/10\/logo-dark.png","contentUrl":"https:\/\/selleetools.com\/wp-content\/uploads\/2021\/10\/logo-dark.png","width":320,"height":76,"caption":"Selleetools"},"image":{"@id":"https:\/\/selleetools.com\/#\/schema\/logo\/image\/"}},{"@type":"WebSite","@id":"https:\/\/selleetools.com\/#website","url":"https:\/\/selleetools.com\/","name":"Selleetools.com","description":"","publisher":{"@id":"https:\/\/selleetools.com\/#organization"},"potentialAction":[{"@type":"SearchAction","target":{"@type":"EntryPoint","urlTemplate":"https:\/\/selleetools.com\/?s={search_term_string}"},"query-input":"required name=search_term_string"}],"inLanguage":"pl-PL"},{"@type":"WebPage","@id":"https:\/\/selleetools.com\/pl\/product\/plotek-ogrodowy-pleciona-wiklina-ibwi-szary\/","url":"https:\/\/selleetools.com\/pl\/product\/plotek-ogrodowy-pleciona-wiklina-ibwi-szary\/","name":"P\u0142otek ogrodowy pleciona wiklina IBWI | Szary - Selleetools.com","isPartOf":{"@id":"https:\/\/selleetools.com\/#website"},"datePublished":"2026-02-19T14:59:57+00:00","dateModified":"2026-04-14T17:08:50+00:00","breadcrumb":{"@id":"https:\/\/selleetools.com\/pl\/product\/plotek-ogrodowy-pleciona-wiklina-ibwi-szary\/#breadcrumb"},"inLanguage":"pl-PL","potentialAction":[{"@type":"ReadAction","target":["https:\/\/selleetools.com\/pl\/product\/plotek-ogrodowy-pleciona-wiklina-ibwi-szary\/"]}]},{"@type":"BreadcrumbList","@id":"https:\/\/selleetools.com\/pl\/product\/plotek-ogrodowy-pleciona-wiklina-ibwi-szary\/#breadcrumb","itemListElement":[{"@type":"ListItem","position":1,"name":"Home","item":"https:\/\/selleetools.com\/pl\/"},{"@type":"ListItem","position":2,"name":"Katalog","item":"https:\/\/selleetools.com\/pl\/katalog\/"},{"@type":"ListItem","position":3,"name":"P\u0142otek ogrodowy pleciona wiklina IBWI | Szary"}]}]}},"_links":{"self":[{"href":"https:\/\/selleetools.com\/pl\/wp-json\/wp\/v2\/product\/672709"}],"collection":[{"href":"https:\/\/selleetools.com\/pl\/wp-json\/wp\/v2\/product"}],"about":[{"href":"https:\/\/selleetools.com\/pl\/wp-json\/wp\/v2\/types\/product"}],"replies":[{"embeddable":true,"href":"https:\/\/selleetools.com\/pl\/wp-json\/wp\/v2\/comments?post=672709"}],"wp:featuredmedia":[{"embeddable":true,"href":"https:\/\/selleetools.com\/pl\/wp-json\/wp\/v2\/media\/672701"}],"wp:attachment":[{"href":"https:\/\/selleetools.com\/pl\/wp-json\/wp\/v2\/media?parent=672709"}],"curies":[{"name":"wp","href":"https:\/\/api.w.org\/{rel}","templated":true}]}}