{"id":672666,"date":"2026-02-19T15:59:28","date_gmt":"2026-02-19T14:59:28","guid":{"rendered":"https:\/\/selleetools.com\/?post_type=product&#038;p=672666"},"modified":"2026-04-14T19:08:05","modified_gmt":"2026-04-14T17:08:05","slug":"doniczka-wiszaca-rato-drtw260-antracyt","status":"publish","type":"product","link":"https:\/\/selleetools.com\/pl\/product\/doniczka-wiszaca-rato-drtw260-antracyt\/","title":{"rendered":"Doniczka wisz\u0105ca RATO DRTW260 | Antracyt"},"content":{"rendered":"<p>Doniczka wisz\u0105ca RATO DRTW260 &#8211; antracyt<br \/>\nDoniczka wisz\u0105ca okr\u0105g\u0142a Rato o fakturze wiernie imituj\u0105cej plecionk\u0119 z naturalnego rattanu, pozwala kreowa\u0107 pi\u0119kne unikatowe wn\u0119trza i bez ogranicze\u0144 aran\u017cowa\u0107 przestrze\u0144 wok\u00f3\u0142 domu.\u00a0Dzi\u0119ki do\u0142\u0105czonej lince stalowej mo\u017cna powiesi\u0107 doniczki na balustradzie czy balkonie . Jej funkcjonalno\u015b\u0107 wyra\u017ca si\u0119 przede wszystkim w komforcie u\u017cytkowania bez wzgl\u0119du na aur\u0119.\u00a0<br \/>\nZestaw zawiera:<br \/>\n &#8211; doniczk\u0119 Rato DRTW260<br \/>\n &#8211; link\u0119 stalow\u0105<br \/>\n &#8211; wk\u0142ad wewn\u0119trzny<br \/>\n &#8211; system do nawadniania<br \/>\nDane techniczne doniczki:<br \/>\n &#8211; \u015brednica g\u00f3ry &#8211; 25,5 cm<br \/>\n &#8211; \u015brednica podstawy &#8211; 20,5 cm<br \/>\n &#8211; wysoko\u015b\u0107 &#8211; 22 cm<br \/>\n &#8211; pojemno\u015b\u0107 &#8211; 12 l<br \/>\n &#8211; materia\u0142 &#8211; tworzywo sztuczne<br \/>\n &#8211; efekt powierzchni &#8211; rattan<br \/>\nZalety systemu nawadniania:<br \/>\n &#8211; wygodny spos\u00f3b prawid\u0142owego nawadniania ro\u015blin<br \/>\n &#8211; wyd\u0142u\u017ca czas, w kt\u00f3rym ziemia jest wilgotna<br \/>\n &#8211; zmniejsza cz\u0119stotliwo\u015b\u0107 podlewania<br \/>\n &#8211; pozwala kontrolowa\u0107 poziom wody w doniczce<br \/>\n &#8211; pozwala zaoszcz\u0119dzi\u0107 do 50% wody przez mniejsze odparowanie<br \/>\n &#8211; wyje\u017cd\u017caj\u0105c zostawiasz ro\u015blin\u0119 w dobrych r\u0119kach systemu nawadniania<br \/>\nWk\u0142ad wewn\u0119trzny do doniczek RATO pozwala na zmniejszenie przestrzeni wewn\u0119trznej a tym samy wykorzystanie mniejszej ilo\u015bci ziemi, system do nawadniania przeznaczony jest do zamontowania we wk\u0142adzie wewn\u0119trznym.<\/p>\n<p>Doniczka wisz\u0105ca RATO DRTW260 &#8211; antracyt<br \/>\nDoniczka wisz\u0105ca okr\u0105g\u0142a Rato o fakturze wiernie imituj\u0105cej plecionk\u0119 z naturalnego rattanu, pozwala kreowa\u0107 pi\u0119kne unikatowe wn\u0119trza i bez ogranicze\u0144 aran\u017cowa\u0107 przestrze\u0144 wok\u00f3\u0142 domu.\u00a0Dzi\u0119ki do\u0142\u0105czonej lince stalowej mo\u017cna powiesi\u0107 doniczki na balustradzie czy balkonie . Jej funkcjonalno\u015b\u0107 wyra\u017ca si\u0119 przede wszystkim w komforcie u\u017cytkowania bez wzgl\u0119du na aur\u0119.\u00a0<br \/>\nZestaw zawiera:<br \/>\n &#8211; doniczk\u0119 Rato DRTW260<br \/>\n &#8211; link\u0119 stalow\u0105<br \/>\n &#8211; wk\u0142ad wewn\u0119trzny<br \/>\n &#8211; system do nawadniania<br \/>\nDane techniczne doniczki:<br \/>\n &#8211; \u015brednica g\u00f3ry &#8211; 25,5 cm<br \/>\n &#8211; \u015brednica podstawy &#8211; 20,5 cm<br \/>\n &#8211; wysoko\u015b\u0107 &#8211; 22 cm<br \/>\n &#8211; pojemno\u015b\u0107 &#8211; 12 l<br \/>\n &#8211; materia\u0142 &#8211; tworzywo sztuczne<br \/>\n &#8211; efekt powierzchni &#8211; rattan<br \/>\nZalety systemu nawadniania:<br \/>\n &#8211; wygodny spos\u00f3b prawid\u0142owego nawadniania ro\u015blin<br \/>\n &#8211; wyd\u0142u\u017ca czas, w kt\u00f3rym ziemia jest wilgotna<br \/>\n &#8211; zmniejsza cz\u0119stotliwo\u015b\u0107 podlewania<br \/>\n &#8211; pozwala kontrolowa\u0107 poziom wody w doniczce<br \/>\n &#8211; pozwala zaoszcz\u0119dzi\u0107 do 50% wody przez mniejsze odparowanie<br \/>\n &#8211; wyje\u017cd\u017caj\u0105c zostawiasz ro\u015blin\u0119 w dobrych r\u0119kach systemu nawadniania<br \/>\nWk\u0142ad wewn\u0119trzny do doniczek RATO pozwala na zmniejszenie przestrzeni wewn\u0119trznej a tym samy wykorzystanie mniejszej ilo\u015bci ziemi, system do nawadniania przeznaczony jest do zamontowania we wk\u0142adzie wewn\u0119trznym.<\/p>\n","protected":false},"excerpt":{"rendered":"<p>Doniczka wisz\u0105ca RATO DRTW260 &#8211; antracyt Doniczka wisz\u0105ca okr\u0105g\u0142a Rato o fakturze wiernie imituj\u0105cej plecionk\u0119 z naturalnego rattanu, pozwala kreowa\u0107 pi\u0119kne unikatowe wn\u0119trza i bez ogranicze\u0144 aran\u017cowa\u0107 przestrze\u0144 wok\u00f3\u0142 domu.\u00a0Dzi\u0119ki do\u0142\u0105czonej lince stalowej mo\u017cna powiesi\u0107 doniczki na balustradzie czy balkonie . Jej funkcjonalno\u015b\u0107 wyra\u017ca si\u0119 przede wszystkim w komforcie u\u017cytkowania bez wzgl\u0119du na aur\u0119.\u00a0 Zestaw &#8230; <a title=\"Doniczka wisz\u0105ca RATO DRTW260 | Antracyt\" class=\"read-more\" href=\"https:\/\/selleetools.com\/pl\/product\/doniczka-wiszaca-rato-drtw260-antracyt\/\">Read more<span class=\"screen-reader-text\">Doniczka wisz\u0105ca RATO DRTW260 | Antracyt<\/span><\/a><\/p>\n","protected":false},"featured_media":672650,"comment_status":"open","ping_status":"closed","template":"","meta":{"_links_to":"","_links_to_target":""},"yoast_head":"<!-- This site is optimized with the Yoast SEO plugin v19.4 - https:\/\/yoast.com\/wordpress\/plugins\/seo\/ -->\n<title>Doniczka wisz\u0105ca RATO DRTW260 | Antracyt - Selleetools.com<\/title>\n<meta name=\"robots\" content=\"index, follow, max-snippet:-1, max-image-preview:large, max-video-preview:-1\" \/>\n<link rel=\"canonical\" href=\"https:\/\/selleetools.com\/pl\/product\/doniczka-wiszaca-rato-drtw260-antracyt\/\" \/>\n<meta property=\"og:locale\" content=\"pl_PL\" \/>\n<meta property=\"og:type\" content=\"article\" \/>\n<meta property=\"og:title\" content=\"Doniczka wisz\u0105ca RATO DRTW260 | Antracyt - Selleetools.com\" \/>\n<meta property=\"og:description\" content=\"Doniczka wisz\u0105ca RATO DRTW260 &#8211; antracyt Doniczka wisz\u0105ca okr\u0105g\u0142a Rato o fakturze wiernie imituj\u0105cej plecionk\u0119 z naturalnego rattanu, pozwala kreowa\u0107 pi\u0119kne unikatowe wn\u0119trza i bez ogranicze\u0144 aran\u017cowa\u0107 przestrze\u0144 wok\u00f3\u0142 domu.\u00a0Dzi\u0119ki do\u0142\u0105czonej lince stalowej mo\u017cna powiesi\u0107 doniczki na balustradzie czy balkonie . Jej funkcjonalno\u015b\u0107 wyra\u017ca si\u0119 przede wszystkim w komforcie u\u017cytkowania bez wzgl\u0119du na aur\u0119.\u00a0 Zestaw ... Read moreDoniczka wisz\u0105ca RATO DRTW260 | Antracyt\" \/>\n<meta property=\"og:url\" content=\"https:\/\/selleetools.com\/pl\/product\/doniczka-wiszaca-rato-drtw260-antracyt\/\" \/>\n<meta property=\"og:site_name\" content=\"Selleetools.com\" \/>\n<meta property=\"article:modified_time\" content=\"2026-04-14T17:08:05+00:00\" \/>\n<meta property=\"og:image\" content=\"https:\/\/selleetools.com\/wp-content\/uploads\/2026\/02\/5738932a2bf21762742670bf3fe43711.jpg\" \/>\n\t<meta property=\"og:image:width\" content=\"600\" \/>\n\t<meta property=\"og:image:height\" content=\"600\" \/>\n\t<meta property=\"og:image:type\" content=\"image\/jpeg\" \/>\n<meta name=\"twitter:card\" content=\"summary_large_image\" \/>\n<meta name=\"twitter:label1\" content=\"Est. reading time\" \/>\n\t<meta name=\"twitter:data1\" content=\"2 minuty\" \/>\n<!-- \/ Yoast SEO plugin. -->","yoast_head_json":{"title":"Doniczka wisz\u0105ca RATO DRTW260 | Antracyt - Selleetools.com","robots":{"index":"index","follow":"follow","max-snippet":"max-snippet:-1","max-image-preview":"max-image-preview:large","max-video-preview":"max-video-preview:-1"},"canonical":"https:\/\/selleetools.com\/pl\/product\/doniczka-wiszaca-rato-drtw260-antracyt\/","og_locale":"pl_PL","og_type":"article","og_title":"Doniczka wisz\u0105ca RATO DRTW260 | Antracyt - Selleetools.com","og_description":"Doniczka wisz\u0105ca RATO DRTW260 &#8211; antracyt Doniczka wisz\u0105ca okr\u0105g\u0142a Rato o fakturze wiernie imituj\u0105cej plecionk\u0119 z naturalnego rattanu, pozwala kreowa\u0107 pi\u0119kne unikatowe wn\u0119trza i bez ogranicze\u0144 aran\u017cowa\u0107 przestrze\u0144 wok\u00f3\u0142 domu.\u00a0Dzi\u0119ki do\u0142\u0105czonej lince stalowej mo\u017cna powiesi\u0107 doniczki na balustradzie czy balkonie . Jej funkcjonalno\u015b\u0107 wyra\u017ca si\u0119 przede wszystkim w komforcie u\u017cytkowania bez wzgl\u0119du na aur\u0119.\u00a0 Zestaw ... Read moreDoniczka wisz\u0105ca RATO DRTW260 | Antracyt","og_url":"https:\/\/selleetools.com\/pl\/product\/doniczka-wiszaca-rato-drtw260-antracyt\/","og_site_name":"Selleetools.com","article_modified_time":"2026-04-14T17:08:05+00:00","og_image":[{"width":600,"height":600,"url":"https:\/\/selleetools.com\/wp-content\/uploads\/2026\/02\/5738932a2bf21762742670bf3fe43711.jpg","type":"image\/jpeg"}],"twitter_card":"summary_large_image","twitter_misc":{"Est. reading time":"2 minuty"},"schema":{"@context":"https:\/\/schema.org","@graph":[{"@type":"Organization","@id":"https:\/\/selleetools.com\/#organization","name":"Selleetools","url":"https:\/\/selleetools.com\/","sameAs":[],"logo":{"@type":"ImageObject","inLanguage":"pl-PL","@id":"https:\/\/selleetools.com\/#\/schema\/logo\/image\/","url":"https:\/\/selleetools.com\/wp-content\/uploads\/2021\/10\/logo-dark.png","contentUrl":"https:\/\/selleetools.com\/wp-content\/uploads\/2021\/10\/logo-dark.png","width":320,"height":76,"caption":"Selleetools"},"image":{"@id":"https:\/\/selleetools.com\/#\/schema\/logo\/image\/"}},{"@type":"WebSite","@id":"https:\/\/selleetools.com\/#website","url":"https:\/\/selleetools.com\/","name":"Selleetools.com","description":"","publisher":{"@id":"https:\/\/selleetools.com\/#organization"},"potentialAction":[{"@type":"SearchAction","target":{"@type":"EntryPoint","urlTemplate":"https:\/\/selleetools.com\/?s={search_term_string}"},"query-input":"required name=search_term_string"}],"inLanguage":"pl-PL"},{"@type":"WebPage","@id":"https:\/\/selleetools.com\/pl\/product\/doniczka-wiszaca-rato-drtw260-antracyt\/","url":"https:\/\/selleetools.com\/pl\/product\/doniczka-wiszaca-rato-drtw260-antracyt\/","name":"Doniczka wisz\u0105ca RATO DRTW260 | Antracyt - Selleetools.com","isPartOf":{"@id":"https:\/\/selleetools.com\/#website"},"datePublished":"2026-02-19T14:59:28+00:00","dateModified":"2026-04-14T17:08:05+00:00","breadcrumb":{"@id":"https:\/\/selleetools.com\/pl\/product\/doniczka-wiszaca-rato-drtw260-antracyt\/#breadcrumb"},"inLanguage":"pl-PL","potentialAction":[{"@type":"ReadAction","target":["https:\/\/selleetools.com\/pl\/product\/doniczka-wiszaca-rato-drtw260-antracyt\/"]}]},{"@type":"BreadcrumbList","@id":"https:\/\/selleetools.com\/pl\/product\/doniczka-wiszaca-rato-drtw260-antracyt\/#breadcrumb","itemListElement":[{"@type":"ListItem","position":1,"name":"Home","item":"https:\/\/selleetools.com\/pl\/"},{"@type":"ListItem","position":2,"name":"Katalog","item":"https:\/\/selleetools.com\/pl\/katalog\/"},{"@type":"ListItem","position":3,"name":"Doniczka wisz\u0105ca RATO DRTW260 | Antracyt"}]}]}},"_links":{"self":[{"href":"https:\/\/selleetools.com\/pl\/wp-json\/wp\/v2\/product\/672666"}],"collection":[{"href":"https:\/\/selleetools.com\/pl\/wp-json\/wp\/v2\/product"}],"about":[{"href":"https:\/\/selleetools.com\/pl\/wp-json\/wp\/v2\/types\/product"}],"replies":[{"embeddable":true,"href":"https:\/\/selleetools.com\/pl\/wp-json\/wp\/v2\/comments?post=672666"}],"wp:featuredmedia":[{"embeddable":true,"href":"https:\/\/selleetools.com\/pl\/wp-json\/wp\/v2\/media\/672650"}],"wp:attachment":[{"href":"https:\/\/selleetools.com\/pl\/wp-json\/wp\/v2\/media?parent=672666"}],"curies":[{"name":"wp","href":"https:\/\/api.w.org\/{rel}","templated":true}]}}