{"id":672606,"date":"2026-02-19T15:58:51","date_gmt":"2026-02-19T14:58:51","guid":{"rendered":"https:\/\/selleetools.com\/?post_type=product&#038;p=672606"},"modified":"2026-04-14T19:07:11","modified_gmt":"2026-04-14T17:07:11","slug":"doniczka-na-balustrade-crown-dcro600-bialy","status":"publish","type":"product","link":"https:\/\/selleetools.com\/pl\/product\/doniczka-na-balustrade-crown-dcro600-bialy\/","title":{"rendered":"Doniczka na balustrad\u0119 CROWN DCRO600 | Bia\u0142y"},"content":{"rendered":"<p>Skrzynki Crown wyr\u00f3\u017cnia innowacyjna konstrukcja: doniczki nadaj\u0105 si\u0119 do mocowania do balkonowych barierek i por\u0119czy, nie wymagaj\u0105 dodatkowych uchwyt\u00f3w do zawieszenia .Zaprojektowane wg\u0142\u0119bienie pozwala usztywni\u0107 j\u0105 pod barierk\u0105 za pomoc\u0105 do\u0142\u0105czonych do zestawu zacisk\u00f3w. S\u0105 odporne na uszkodzenia mechaniczne i wykazuje du\u017c\u0105 wytrzyma\u0142o\u015b\u0107 na dzia\u0142anie promieni s\u0142onecznych, dzi\u0119ki kt\u00f3rej zachowuj\u0105 sw\u00f3j kolor. Skrzynki nadaj\u0105 si\u0119 do mocowania na por\u0119czach do 65 mm szeroko\u015bci.<\/p>\n<p>Dane techniczne:<br \/>\n &#8211; d\u0142ugo\u015b\u0107 &#8211; 58 cm<br \/>\n &#8211; szeroko\u015b\u0107 &#8211; 28 cm<br \/>\n &#8211; wysoko\u015b\u0107 &#8211; 20 cm<br \/>\n &#8211; pojemno\u015b\u0107 &#8211; 18 l<br \/>\n &#8211; materia\u0142 &#8211; tworzywo sztuczne<\/p>\n<p>Skrzynki Crown wyr\u00f3\u017cnia innowacyjna konstrukcja: doniczki nadaj\u0105 si\u0119 do mocowania do balkonowych barierek i por\u0119czy, nie wymagaj\u0105 dodatkowych uchwyt\u00f3w do zawieszenia .Zaprojektowane wg\u0142\u0119bienie pozwala usztywni\u0107 j\u0105 pod barierk\u0105 za pomoc\u0105 do\u0142\u0105czonych do zestawu zacisk\u00f3w. S\u0105 odporne na uszkodzenia mechaniczne i wykazuje du\u017c\u0105 wytrzyma\u0142o\u015b\u0107 na dzia\u0142anie promieni s\u0142onecznych, dzi\u0119ki kt\u00f3rej zachowuj\u0105 sw\u00f3j kolor. Skrzynki nadaj\u0105 si\u0119 do mocowania na por\u0119czach do 65 mm szeroko\u015bci.<\/p>\n<p>Dane techniczne:<br \/>\n &#8211; d\u0142ugo\u015b\u0107 &#8211; 58 cm<br \/>\n &#8211; szeroko\u015b\u0107 &#8211; 28 cm<br \/>\n &#8211; wysoko\u015b\u0107 &#8211; 20 cm<br \/>\n &#8211; pojemno\u015b\u0107 &#8211; 18 l<br \/>\n &#8211; materia\u0142 &#8211; tworzywo sztuczne<\/p>\n","protected":false},"excerpt":{"rendered":"<p>Skrzynki Crown wyr\u00f3\u017cnia innowacyjna konstrukcja: doniczki nadaj\u0105 si\u0119 do mocowania do balkonowych barierek i por\u0119czy, nie wymagaj\u0105 dodatkowych uchwyt\u00f3w do zawieszenia .Zaprojektowane wg\u0142\u0119bienie pozwala usztywni\u0107 j\u0105 pod barierk\u0105 za pomoc\u0105 do\u0142\u0105czonych do zestawu zacisk\u00f3w. S\u0105 odporne na uszkodzenia mechaniczne i wykazuje du\u017c\u0105 wytrzyma\u0142o\u015b\u0107 na dzia\u0142anie promieni s\u0142onecznych, dzi\u0119ki kt\u00f3rej zachowuj\u0105 sw\u00f3j kolor. Skrzynki nadaj\u0105 si\u0119 &#8230; <a title=\"Doniczka na balustrad\u0119 CROWN DCRO600 | Bia\u0142y\" class=\"read-more\" href=\"https:\/\/selleetools.com\/pl\/product\/doniczka-na-balustrade-crown-dcro600-bialy\/\">Read more<span class=\"screen-reader-text\">Doniczka na balustrad\u0119 CROWN DCRO600 | Bia\u0142y<\/span><\/a><\/p>\n","protected":false},"featured_media":672592,"comment_status":"open","ping_status":"closed","template":"","meta":{"_links_to":"","_links_to_target":""},"yoast_head":"<!-- This site is optimized with the Yoast SEO plugin v19.4 - https:\/\/yoast.com\/wordpress\/plugins\/seo\/ -->\n<title>Doniczka na balustrad\u0119 CROWN DCRO600 | Bia\u0142y - Selleetools.com<\/title>\n<meta name=\"robots\" content=\"index, follow, max-snippet:-1, max-image-preview:large, max-video-preview:-1\" \/>\n<link rel=\"canonical\" href=\"https:\/\/selleetools.com\/pl\/product\/doniczka-na-balustrade-crown-dcro600-bialy\/\" \/>\n<meta property=\"og:locale\" content=\"pl_PL\" \/>\n<meta property=\"og:type\" content=\"article\" \/>\n<meta property=\"og:title\" content=\"Doniczka na balustrad\u0119 CROWN DCRO600 | Bia\u0142y - Selleetools.com\" \/>\n<meta property=\"og:description\" content=\"Skrzynki Crown wyr\u00f3\u017cnia innowacyjna konstrukcja: doniczki nadaj\u0105 si\u0119 do mocowania do balkonowych barierek i por\u0119czy, nie wymagaj\u0105 dodatkowych uchwyt\u00f3w do zawieszenia .Zaprojektowane wg\u0142\u0119bienie pozwala usztywni\u0107 j\u0105 pod barierk\u0105 za pomoc\u0105 do\u0142\u0105czonych do zestawu zacisk\u00f3w. S\u0105 odporne na uszkodzenia mechaniczne i wykazuje du\u017c\u0105 wytrzyma\u0142o\u015b\u0107 na dzia\u0142anie promieni s\u0142onecznych, dzi\u0119ki kt\u00f3rej zachowuj\u0105 sw\u00f3j kolor. Skrzynki nadaj\u0105 si\u0119 ... Read moreDoniczka na balustrad\u0119 CROWN DCRO600 | Bia\u0142y\" \/>\n<meta property=\"og:url\" content=\"https:\/\/selleetools.com\/pl\/product\/doniczka-na-balustrade-crown-dcro600-bialy\/\" \/>\n<meta property=\"og:site_name\" content=\"Selleetools.com\" \/>\n<meta property=\"article:modified_time\" content=\"2026-04-14T17:07:11+00:00\" \/>\n<meta property=\"og:image\" content=\"https:\/\/selleetools.com\/wp-content\/uploads\/2026\/02\/cd5ee7c74158d3c0023688f5810f3685.jpg\" \/>\n\t<meta property=\"og:image:width\" content=\"800\" \/>\n\t<meta property=\"og:image:height\" content=\"600\" \/>\n\t<meta property=\"og:image:type\" content=\"image\/jpeg\" \/>\n<meta name=\"twitter:card\" content=\"summary_large_image\" \/>\n<meta name=\"twitter:label1\" content=\"Est. reading time\" \/>\n\t<meta name=\"twitter:data1\" content=\"1 minuta\" \/>\n<!-- \/ Yoast SEO plugin. -->","yoast_head_json":{"title":"Doniczka na balustrad\u0119 CROWN DCRO600 | Bia\u0142y - Selleetools.com","robots":{"index":"index","follow":"follow","max-snippet":"max-snippet:-1","max-image-preview":"max-image-preview:large","max-video-preview":"max-video-preview:-1"},"canonical":"https:\/\/selleetools.com\/pl\/product\/doniczka-na-balustrade-crown-dcro600-bialy\/","og_locale":"pl_PL","og_type":"article","og_title":"Doniczka na balustrad\u0119 CROWN DCRO600 | Bia\u0142y - Selleetools.com","og_description":"Skrzynki Crown wyr\u00f3\u017cnia innowacyjna konstrukcja: doniczki nadaj\u0105 si\u0119 do mocowania do balkonowych barierek i por\u0119czy, nie wymagaj\u0105 dodatkowych uchwyt\u00f3w do zawieszenia .Zaprojektowane wg\u0142\u0119bienie pozwala usztywni\u0107 j\u0105 pod barierk\u0105 za pomoc\u0105 do\u0142\u0105czonych do zestawu zacisk\u00f3w. S\u0105 odporne na uszkodzenia mechaniczne i wykazuje du\u017c\u0105 wytrzyma\u0142o\u015b\u0107 na dzia\u0142anie promieni s\u0142onecznych, dzi\u0119ki kt\u00f3rej zachowuj\u0105 sw\u00f3j kolor. Skrzynki nadaj\u0105 si\u0119 ... Read moreDoniczka na balustrad\u0119 CROWN DCRO600 | Bia\u0142y","og_url":"https:\/\/selleetools.com\/pl\/product\/doniczka-na-balustrade-crown-dcro600-bialy\/","og_site_name":"Selleetools.com","article_modified_time":"2026-04-14T17:07:11+00:00","og_image":[{"width":800,"height":600,"url":"https:\/\/selleetools.com\/wp-content\/uploads\/2026\/02\/cd5ee7c74158d3c0023688f5810f3685.jpg","type":"image\/jpeg"}],"twitter_card":"summary_large_image","twitter_misc":{"Est. reading time":"1 minuta"},"schema":{"@context":"https:\/\/schema.org","@graph":[{"@type":"Organization","@id":"https:\/\/selleetools.com\/#organization","name":"Selleetools","url":"https:\/\/selleetools.com\/","sameAs":[],"logo":{"@type":"ImageObject","inLanguage":"pl-PL","@id":"https:\/\/selleetools.com\/#\/schema\/logo\/image\/","url":"https:\/\/selleetools.com\/wp-content\/uploads\/2021\/10\/logo-dark.png","contentUrl":"https:\/\/selleetools.com\/wp-content\/uploads\/2021\/10\/logo-dark.png","width":320,"height":76,"caption":"Selleetools"},"image":{"@id":"https:\/\/selleetools.com\/#\/schema\/logo\/image\/"}},{"@type":"WebSite","@id":"https:\/\/selleetools.com\/#website","url":"https:\/\/selleetools.com\/","name":"Selleetools.com","description":"","publisher":{"@id":"https:\/\/selleetools.com\/#organization"},"potentialAction":[{"@type":"SearchAction","target":{"@type":"EntryPoint","urlTemplate":"https:\/\/selleetools.com\/?s={search_term_string}"},"query-input":"required name=search_term_string"}],"inLanguage":"pl-PL"},{"@type":"WebPage","@id":"https:\/\/selleetools.com\/pl\/product\/doniczka-na-balustrade-crown-dcro600-bialy\/","url":"https:\/\/selleetools.com\/pl\/product\/doniczka-na-balustrade-crown-dcro600-bialy\/","name":"Doniczka na balustrad\u0119 CROWN DCRO600 | Bia\u0142y - Selleetools.com","isPartOf":{"@id":"https:\/\/selleetools.com\/#website"},"datePublished":"2026-02-19T14:58:51+00:00","dateModified":"2026-04-14T17:07:11+00:00","breadcrumb":{"@id":"https:\/\/selleetools.com\/pl\/product\/doniczka-na-balustrade-crown-dcro600-bialy\/#breadcrumb"},"inLanguage":"pl-PL","potentialAction":[{"@type":"ReadAction","target":["https:\/\/selleetools.com\/pl\/product\/doniczka-na-balustrade-crown-dcro600-bialy\/"]}]},{"@type":"BreadcrumbList","@id":"https:\/\/selleetools.com\/pl\/product\/doniczka-na-balustrade-crown-dcro600-bialy\/#breadcrumb","itemListElement":[{"@type":"ListItem","position":1,"name":"Home","item":"https:\/\/selleetools.com\/pl\/"},{"@type":"ListItem","position":2,"name":"Katalog","item":"https:\/\/selleetools.com\/pl\/katalog\/"},{"@type":"ListItem","position":3,"name":"Doniczka na balustrad\u0119 CROWN DCRO600 | Bia\u0142y"}]}]}},"_links":{"self":[{"href":"https:\/\/selleetools.com\/pl\/wp-json\/wp\/v2\/product\/672606"}],"collection":[{"href":"https:\/\/selleetools.com\/pl\/wp-json\/wp\/v2\/product"}],"about":[{"href":"https:\/\/selleetools.com\/pl\/wp-json\/wp\/v2\/types\/product"}],"replies":[{"embeddable":true,"href":"https:\/\/selleetools.com\/pl\/wp-json\/wp\/v2\/comments?post=672606"}],"wp:featuredmedia":[{"embeddable":true,"href":"https:\/\/selleetools.com\/pl\/wp-json\/wp\/v2\/media\/672592"}],"wp:attachment":[{"href":"https:\/\/selleetools.com\/pl\/wp-json\/wp\/v2\/media?parent=672606"}],"curies":[{"name":"wp","href":"https:\/\/api.w.org\/{rel}","templated":true}]}}