{"id":672494,"date":"2026-02-19T15:57:57","date_gmt":"2026-02-19T14:57:57","guid":{"rendered":"https:\/\/selleetools.com\/?post_type=product&#038;p=672494"},"modified":"2026-04-18T15:52:03","modified_gmt":"2026-04-18T13:52:03","slug":"biopon-chusteczka-do-lisci-1-szt","status":"publish","type":"product","link":"https:\/\/selleetools.com\/pl\/product\/biopon-chusteczka-do-lisci-1-szt\/","title":{"rendered":"BIOPON Chusteczka do li\u015bci 1 szt."},"content":{"rendered":"<p>Biopon chusteczki piel\u0119gnuj\u0105ce do li\u015bci (BIOPON-NA0056)<br \/>\nChusteczka do piel\u0119gnacji li\u015bci ro\u015blin ozdobnych. Czy\u015bci, nab\u0142yszcza i piel\u0119gnuje oraz ogranicza osadzanie si\u0119 kurzu.<\/p>\n<p>Biopon chusteczki piel\u0119gnuj\u0105ce do li\u015bci (BIOPON-NA0056)<br \/>\nChusteczka do piel\u0119gnacji li\u015bci ro\u015blin ozdobnych. Czy\u015bci, nab\u0142yszcza i piel\u0119gnuje oraz ogranicza osadzanie si\u0119 kurzu.<\/p>\n","protected":false},"excerpt":{"rendered":"<p>Biopon chusteczki piel\u0119gnuj\u0105ce do li\u015bci (BIOPON-NA0056) Chusteczka do piel\u0119gnacji li\u015bci ro\u015blin ozdobnych. Czy\u015bci, nab\u0142yszcza i piel\u0119gnuje oraz ogranicza osadzanie si\u0119 kurzu. Biopon chusteczki piel\u0119gnuj\u0105ce do li\u015bci (BIOPON-NA0056) Chusteczka do piel\u0119gnacji li\u015bci ro\u015blin ozdobnych. Czy\u015bci, nab\u0142yszcza i piel\u0119gnuje oraz ogranicza osadzanie si\u0119 kurzu.<\/p>\n","protected":false},"featured_media":672490,"comment_status":"open","ping_status":"closed","template":"","meta":{"_links_to":"","_links_to_target":""},"yoast_head":"<!-- This site is optimized with the Yoast SEO plugin v19.4 - https:\/\/yoast.com\/wordpress\/plugins\/seo\/ -->\n<title>BIOPON Chusteczka do li\u015bci 1 szt. - Selleetools.com<\/title>\n<meta name=\"robots\" content=\"index, follow, max-snippet:-1, max-image-preview:large, max-video-preview:-1\" \/>\n<link rel=\"canonical\" href=\"https:\/\/selleetools.com\/pl\/product\/biopon-chusteczka-do-lisci-1-szt\/\" \/>\n<meta property=\"og:locale\" content=\"pl_PL\" \/>\n<meta property=\"og:type\" content=\"article\" \/>\n<meta property=\"og:title\" content=\"BIOPON Chusteczka do li\u015bci 1 szt. - Selleetools.com\" \/>\n<meta property=\"og:description\" content=\"Biopon chusteczki piel\u0119gnuj\u0105ce do li\u015bci (BIOPON-NA0056) Chusteczka do piel\u0119gnacji li\u015bci ro\u015blin ozdobnych. Czy\u015bci, nab\u0142yszcza i piel\u0119gnuje oraz ogranicza osadzanie si\u0119 kurzu. Biopon chusteczki piel\u0119gnuj\u0105ce do li\u015bci (BIOPON-NA0056) Chusteczka do piel\u0119gnacji li\u015bci ro\u015blin ozdobnych. Czy\u015bci, nab\u0142yszcza i piel\u0119gnuje oraz ogranicza osadzanie si\u0119 kurzu.\" \/>\n<meta property=\"og:url\" content=\"https:\/\/selleetools.com\/pl\/product\/biopon-chusteczka-do-lisci-1-szt\/\" \/>\n<meta property=\"og:site_name\" content=\"Selleetools.com\" \/>\n<meta property=\"article:modified_time\" content=\"2026-04-18T13:52:03+00:00\" \/>\n<meta property=\"og:image\" content=\"https:\/\/selleetools.com\/wp-content\/uploads\/2026\/02\/ada743c97732d2b095607b57718520b9.jpg\" \/>\n\t<meta property=\"og:image:width\" content=\"934\" \/>\n\t<meta property=\"og:image:height\" content=\"1200\" \/>\n\t<meta property=\"og:image:type\" content=\"image\/jpeg\" \/>\n<meta name=\"twitter:card\" content=\"summary_large_image\" \/>\n<!-- \/ Yoast SEO plugin. -->","yoast_head_json":{"title":"BIOPON Chusteczka do li\u015bci 1 szt. - Selleetools.com","robots":{"index":"index","follow":"follow","max-snippet":"max-snippet:-1","max-image-preview":"max-image-preview:large","max-video-preview":"max-video-preview:-1"},"canonical":"https:\/\/selleetools.com\/pl\/product\/biopon-chusteczka-do-lisci-1-szt\/","og_locale":"pl_PL","og_type":"article","og_title":"BIOPON Chusteczka do li\u015bci 1 szt. - Selleetools.com","og_description":"Biopon chusteczki piel\u0119gnuj\u0105ce do li\u015bci (BIOPON-NA0056) Chusteczka do piel\u0119gnacji li\u015bci ro\u015blin ozdobnych. Czy\u015bci, nab\u0142yszcza i piel\u0119gnuje oraz ogranicza osadzanie si\u0119 kurzu. Biopon chusteczki piel\u0119gnuj\u0105ce do li\u015bci (BIOPON-NA0056) Chusteczka do piel\u0119gnacji li\u015bci ro\u015blin ozdobnych. Czy\u015bci, nab\u0142yszcza i piel\u0119gnuje oraz ogranicza osadzanie si\u0119 kurzu.","og_url":"https:\/\/selleetools.com\/pl\/product\/biopon-chusteczka-do-lisci-1-szt\/","og_site_name":"Selleetools.com","article_modified_time":"2026-04-18T13:52:03+00:00","og_image":[{"width":934,"height":1200,"url":"https:\/\/selleetools.com\/wp-content\/uploads\/2026\/02\/ada743c97732d2b095607b57718520b9.jpg","type":"image\/jpeg"}],"twitter_card":"summary_large_image","schema":{"@context":"https:\/\/schema.org","@graph":[{"@type":"Organization","@id":"https:\/\/selleetools.com\/#organization","name":"Selleetools","url":"https:\/\/selleetools.com\/","sameAs":[],"logo":{"@type":"ImageObject","inLanguage":"pl-PL","@id":"https:\/\/selleetools.com\/#\/schema\/logo\/image\/","url":"https:\/\/selleetools.com\/wp-content\/uploads\/2021\/10\/logo-dark.png","contentUrl":"https:\/\/selleetools.com\/wp-content\/uploads\/2021\/10\/logo-dark.png","width":320,"height":76,"caption":"Selleetools"},"image":{"@id":"https:\/\/selleetools.com\/#\/schema\/logo\/image\/"}},{"@type":"WebSite","@id":"https:\/\/selleetools.com\/#website","url":"https:\/\/selleetools.com\/","name":"Selleetools.com","description":"","publisher":{"@id":"https:\/\/selleetools.com\/#organization"},"potentialAction":[{"@type":"SearchAction","target":{"@type":"EntryPoint","urlTemplate":"https:\/\/selleetools.com\/?s={search_term_string}"},"query-input":"required name=search_term_string"}],"inLanguage":"pl-PL"},{"@type":"WebPage","@id":"https:\/\/selleetools.com\/pl\/product\/biopon-chusteczka-do-lisci-1-szt\/","url":"https:\/\/selleetools.com\/pl\/product\/biopon-chusteczka-do-lisci-1-szt\/","name":"BIOPON Chusteczka do li\u015bci 1 szt. - Selleetools.com","isPartOf":{"@id":"https:\/\/selleetools.com\/#website"},"datePublished":"2026-02-19T14:57:57+00:00","dateModified":"2026-04-18T13:52:03+00:00","breadcrumb":{"@id":"https:\/\/selleetools.com\/pl\/product\/biopon-chusteczka-do-lisci-1-szt\/#breadcrumb"},"inLanguage":"pl-PL","potentialAction":[{"@type":"ReadAction","target":["https:\/\/selleetools.com\/pl\/product\/biopon-chusteczka-do-lisci-1-szt\/"]}]},{"@type":"BreadcrumbList","@id":"https:\/\/selleetools.com\/pl\/product\/biopon-chusteczka-do-lisci-1-szt\/#breadcrumb","itemListElement":[{"@type":"ListItem","position":1,"name":"Home","item":"https:\/\/selleetools.com\/pl\/"},{"@type":"ListItem","position":2,"name":"Katalog","item":"https:\/\/selleetools.com\/pl\/katalog\/"},{"@type":"ListItem","position":3,"name":"BIOPON Chusteczka do li\u015bci 1 szt."}]}]}},"_links":{"self":[{"href":"https:\/\/selleetools.com\/pl\/wp-json\/wp\/v2\/product\/672494"}],"collection":[{"href":"https:\/\/selleetools.com\/pl\/wp-json\/wp\/v2\/product"}],"about":[{"href":"https:\/\/selleetools.com\/pl\/wp-json\/wp\/v2\/types\/product"}],"replies":[{"embeddable":true,"href":"https:\/\/selleetools.com\/pl\/wp-json\/wp\/v2\/comments?post=672494"}],"wp:featuredmedia":[{"embeddable":true,"href":"https:\/\/selleetools.com\/pl\/wp-json\/wp\/v2\/media\/672490"}],"wp:attachment":[{"href":"https:\/\/selleetools.com\/pl\/wp-json\/wp\/v2\/media?parent=672494"}],"curies":[{"name":"wp","href":"https:\/\/api.w.org\/{rel}","templated":true}]}}