{"id":672483,"date":"2026-02-19T15:57:48","date_gmt":"2026-02-19T14:57:48","guid":{"rendered":"https:\/\/selleetools.com\/?post_type=product&#038;p=672483"},"modified":"2026-04-18T15:51:57","modified_gmt":"2026-04-18T13:51:57","slug":"biopon-paleczki-nawozowe-do-roslin-zielonych-30szt","status":"publish","type":"product","link":"https:\/\/selleetools.com\/pl\/product\/biopon-paleczki-nawozowe-do-roslin-zielonych-30szt\/","title":{"rendered":"BIOPON Pa\u0142eczki nawozowe do ro\u015blin zielonych 30szt"},"content":{"rendered":"<p>Biopon pa\u0142eczki do ro\u015blin zielonych 30szt. (BIOPON-NA0044)<br \/>\nBIOPON pa\u0142eczki nawozowe do ro\u015blin zielonych.AZOT 12%, FOSFOR 6%, POTAS 9% z mikroelementami Skoncentrowany naw\u00f3z w wygodnej do stosowania formie pa\u0142eczek. Wystarczy umie\u015bci\u0107 pa\u0142eczk\u0119 w doniczce, aby uaktywni\u0107 uwalnianie sk\u0142adnik\u00f3w mineralnych niezb\u0119dnych do prawid\u0142owego wzrostu ro\u015blin zielonych. Opakowanie daje mo\u017cliwo\u015b\u0107 wielokrotnego, wygodnego wyci\u0105gania kolejnych pa\u0142eczek.<\/p>\n<p>Biopon pa\u0142eczki do ro\u015blin zielonych 30szt. (BIOPON-NA0044)<br \/>\nBIOPON pa\u0142eczki nawozowe do ro\u015blin zielonych.AZOT 12%, FOSFOR 6%, POTAS 9% z mikroelementami Skoncentrowany naw\u00f3z w wygodnej do stosowania formie pa\u0142eczek. Wystarczy umie\u015bci\u0107 pa\u0142eczk\u0119 w doniczce, aby uaktywni\u0107 uwalnianie sk\u0142adnik\u00f3w mineralnych niezb\u0119dnych do prawid\u0142owego wzrostu ro\u015blin zielonych. Opakowanie daje mo\u017cliwo\u015b\u0107 wielokrotnego, wygodnego wyci\u0105gania kolejnych pa\u0142eczek.<\/p>\n","protected":false},"excerpt":{"rendered":"<p>Biopon pa\u0142eczki do ro\u015blin zielonych 30szt. (BIOPON-NA0044) BIOPON pa\u0142eczki nawozowe do ro\u015blin zielonych.AZOT 12%, FOSFOR 6%, POTAS 9% z mikroelementami Skoncentrowany naw\u00f3z w wygodnej do stosowania formie pa\u0142eczek. Wystarczy umie\u015bci\u0107 pa\u0142eczk\u0119 w doniczce, aby uaktywni\u0107 uwalnianie sk\u0142adnik\u00f3w mineralnych niezb\u0119dnych do prawid\u0142owego wzrostu ro\u015blin zielonych. Opakowanie daje mo\u017cliwo\u015b\u0107 wielokrotnego, wygodnego wyci\u0105gania kolejnych pa\u0142eczek. Biopon pa\u0142eczki do &#8230; <a title=\"BIOPON Pa\u0142eczki nawozowe do ro\u015blin zielonych 30szt\" class=\"read-more\" href=\"https:\/\/selleetools.com\/pl\/product\/biopon-paleczki-nawozowe-do-roslin-zielonych-30szt\/\">Read more<span class=\"screen-reader-text\">BIOPON Pa\u0142eczki nawozowe do ro\u015blin zielonych 30szt<\/span><\/a><\/p>\n","protected":false},"featured_media":672481,"comment_status":"open","ping_status":"closed","template":"","meta":{"_links_to":"","_links_to_target":""},"yoast_head":"<!-- This site is optimized with the Yoast SEO plugin v19.4 - https:\/\/yoast.com\/wordpress\/plugins\/seo\/ -->\n<title>BIOPON Pa\u0142eczki nawozowe do ro\u015blin zielonych 30szt - Selleetools.com<\/title>\n<meta name=\"robots\" content=\"index, follow, max-snippet:-1, max-image-preview:large, max-video-preview:-1\" \/>\n<link rel=\"canonical\" href=\"https:\/\/selleetools.com\/pl\/product\/biopon-paleczki-nawozowe-do-roslin-zielonych-30szt\/\" \/>\n<meta property=\"og:locale\" content=\"pl_PL\" \/>\n<meta property=\"og:type\" content=\"article\" \/>\n<meta property=\"og:title\" content=\"BIOPON Pa\u0142eczki nawozowe do ro\u015blin zielonych 30szt - Selleetools.com\" \/>\n<meta property=\"og:description\" content=\"Biopon pa\u0142eczki do ro\u015blin zielonych 30szt. (BIOPON-NA0044) BIOPON pa\u0142eczki nawozowe do ro\u015blin zielonych.AZOT 12%, FOSFOR 6%, POTAS 9% z mikroelementami Skoncentrowany naw\u00f3z w wygodnej do stosowania formie pa\u0142eczek. Wystarczy umie\u015bci\u0107 pa\u0142eczk\u0119 w doniczce, aby uaktywni\u0107 uwalnianie sk\u0142adnik\u00f3w mineralnych niezb\u0119dnych do prawid\u0142owego wzrostu ro\u015blin zielonych. Opakowanie daje mo\u017cliwo\u015b\u0107 wielokrotnego, wygodnego wyci\u0105gania kolejnych pa\u0142eczek. Biopon pa\u0142eczki do ... Read moreBIOPON Pa\u0142eczki nawozowe do ro\u015blin zielonych 30szt\" \/>\n<meta property=\"og:url\" content=\"https:\/\/selleetools.com\/pl\/product\/biopon-paleczki-nawozowe-do-roslin-zielonych-30szt\/\" \/>\n<meta property=\"og:site_name\" content=\"Selleetools.com\" \/>\n<meta property=\"article:modified_time\" content=\"2026-04-18T13:51:57+00:00\" \/>\n<meta property=\"og:image\" content=\"https:\/\/selleetools.com\/wp-content\/uploads\/2026\/02\/6485bf1ef9b05b0cc83a024c5f0887e1.jpg\" \/>\n\t<meta property=\"og:image:width\" content=\"647\" \/>\n\t<meta property=\"og:image:height\" content=\"1200\" \/>\n\t<meta property=\"og:image:type\" content=\"image\/jpeg\" \/>\n<meta name=\"twitter:card\" content=\"summary_large_image\" \/>\n<meta name=\"twitter:label1\" content=\"Est. reading time\" \/>\n\t<meta name=\"twitter:data1\" content=\"1 minuta\" \/>\n<!-- \/ Yoast SEO plugin. -->","yoast_head_json":{"title":"BIOPON Pa\u0142eczki nawozowe do ro\u015blin zielonych 30szt - Selleetools.com","robots":{"index":"index","follow":"follow","max-snippet":"max-snippet:-1","max-image-preview":"max-image-preview:large","max-video-preview":"max-video-preview:-1"},"canonical":"https:\/\/selleetools.com\/pl\/product\/biopon-paleczki-nawozowe-do-roslin-zielonych-30szt\/","og_locale":"pl_PL","og_type":"article","og_title":"BIOPON Pa\u0142eczki nawozowe do ro\u015blin zielonych 30szt - Selleetools.com","og_description":"Biopon pa\u0142eczki do ro\u015blin zielonych 30szt. (BIOPON-NA0044) BIOPON pa\u0142eczki nawozowe do ro\u015blin zielonych.AZOT 12%, FOSFOR 6%, POTAS 9% z mikroelementami Skoncentrowany naw\u00f3z w wygodnej do stosowania formie pa\u0142eczek. Wystarczy umie\u015bci\u0107 pa\u0142eczk\u0119 w doniczce, aby uaktywni\u0107 uwalnianie sk\u0142adnik\u00f3w mineralnych niezb\u0119dnych do prawid\u0142owego wzrostu ro\u015blin zielonych. Opakowanie daje mo\u017cliwo\u015b\u0107 wielokrotnego, wygodnego wyci\u0105gania kolejnych pa\u0142eczek. Biopon pa\u0142eczki do ... Read moreBIOPON Pa\u0142eczki nawozowe do ro\u015blin zielonych 30szt","og_url":"https:\/\/selleetools.com\/pl\/product\/biopon-paleczki-nawozowe-do-roslin-zielonych-30szt\/","og_site_name":"Selleetools.com","article_modified_time":"2026-04-18T13:51:57+00:00","og_image":[{"width":647,"height":1200,"url":"https:\/\/selleetools.com\/wp-content\/uploads\/2026\/02\/6485bf1ef9b05b0cc83a024c5f0887e1.jpg","type":"image\/jpeg"}],"twitter_card":"summary_large_image","twitter_misc":{"Est. reading time":"1 minuta"},"schema":{"@context":"https:\/\/schema.org","@graph":[{"@type":"Organization","@id":"https:\/\/selleetools.com\/#organization","name":"Selleetools","url":"https:\/\/selleetools.com\/","sameAs":[],"logo":{"@type":"ImageObject","inLanguage":"pl-PL","@id":"https:\/\/selleetools.com\/#\/schema\/logo\/image\/","url":"https:\/\/selleetools.com\/wp-content\/uploads\/2021\/10\/logo-dark.png","contentUrl":"https:\/\/selleetools.com\/wp-content\/uploads\/2021\/10\/logo-dark.png","width":320,"height":76,"caption":"Selleetools"},"image":{"@id":"https:\/\/selleetools.com\/#\/schema\/logo\/image\/"}},{"@type":"WebSite","@id":"https:\/\/selleetools.com\/#website","url":"https:\/\/selleetools.com\/","name":"Selleetools.com","description":"","publisher":{"@id":"https:\/\/selleetools.com\/#organization"},"potentialAction":[{"@type":"SearchAction","target":{"@type":"EntryPoint","urlTemplate":"https:\/\/selleetools.com\/?s={search_term_string}"},"query-input":"required name=search_term_string"}],"inLanguage":"pl-PL"},{"@type":"WebPage","@id":"https:\/\/selleetools.com\/pl\/product\/biopon-paleczki-nawozowe-do-roslin-zielonych-30szt\/","url":"https:\/\/selleetools.com\/pl\/product\/biopon-paleczki-nawozowe-do-roslin-zielonych-30szt\/","name":"BIOPON Pa\u0142eczki nawozowe do ro\u015blin zielonych 30szt - Selleetools.com","isPartOf":{"@id":"https:\/\/selleetools.com\/#website"},"datePublished":"2026-02-19T14:57:48+00:00","dateModified":"2026-04-18T13:51:57+00:00","breadcrumb":{"@id":"https:\/\/selleetools.com\/pl\/product\/biopon-paleczki-nawozowe-do-roslin-zielonych-30szt\/#breadcrumb"},"inLanguage":"pl-PL","potentialAction":[{"@type":"ReadAction","target":["https:\/\/selleetools.com\/pl\/product\/biopon-paleczki-nawozowe-do-roslin-zielonych-30szt\/"]}]},{"@type":"BreadcrumbList","@id":"https:\/\/selleetools.com\/pl\/product\/biopon-paleczki-nawozowe-do-roslin-zielonych-30szt\/#breadcrumb","itemListElement":[{"@type":"ListItem","position":1,"name":"Home","item":"https:\/\/selleetools.com\/pl\/"},{"@type":"ListItem","position":2,"name":"Katalog","item":"https:\/\/selleetools.com\/pl\/katalog\/"},{"@type":"ListItem","position":3,"name":"BIOPON Pa\u0142eczki nawozowe do ro\u015blin zielonych 30szt"}]}]}},"_links":{"self":[{"href":"https:\/\/selleetools.com\/pl\/wp-json\/wp\/v2\/product\/672483"}],"collection":[{"href":"https:\/\/selleetools.com\/pl\/wp-json\/wp\/v2\/product"}],"about":[{"href":"https:\/\/selleetools.com\/pl\/wp-json\/wp\/v2\/types\/product"}],"replies":[{"embeddable":true,"href":"https:\/\/selleetools.com\/pl\/wp-json\/wp\/v2\/comments?post=672483"}],"wp:featuredmedia":[{"embeddable":true,"href":"https:\/\/selleetools.com\/pl\/wp-json\/wp\/v2\/media\/672481"}],"wp:attachment":[{"href":"https:\/\/selleetools.com\/pl\/wp-json\/wp\/v2\/media?parent=672483"}],"curies":[{"name":"wp","href":"https:\/\/api.w.org\/{rel}","templated":true}]}}