{"id":672451,"date":"2026-02-19T15:57:19","date_gmt":"2026-02-19T14:57:19","guid":{"rendered":"https:\/\/selleetools.com\/?post_type=product&#038;p=672451"},"modified":"2026-04-14T18:59:25","modified_gmt":"2026-04-14T16:59:25","slug":"doniczka-balkonowa-terra-dtt600-antracyt","status":"publish","type":"product","link":"https:\/\/selleetools.com\/pl\/product\/doniczka-balkonowa-terra-dtt600-antracyt\/","title":{"rendered":"Doniczka balkonowa Terra DTT600 | Antracyt"},"content":{"rendered":"<p>Doniczka balkonowa Terra DTT600 | Antracyt<br \/>\nProstok\u0105tna, klasyczna skrzynka. Solidny przedmiot, wykonany zosta\u0142 z tworzywa sztucznego bardzo wysokiej jako\u015bci. Skrzynia jest lekka, ale wytrzyma\u0142a. Przedmiot posiada specjalistyczn\u0105 pow\u0142ok\u0119, kt\u00f3ra odporna jest na promienie UV. Dodatkowo mo\u017cna j\u0105 czy\u015bci\u0107 stosuj\u0105c standardowe \u015brodki czysto\u015bci. Mo\u017cna j\u0105 po\u0142o\u017cy\u0107 w dowolnym miejscu \u2013 na zewn\u0105trz: na deskach tarasowych lub zawiesi\u0107 przy altanie, wewn\u0105trz: na parapecie. Klasyczna forma i wz\u00f3r, sprawiaj\u0105 \u017ce doniczka Terra jest niezwykle uniwersalna. Doniczka dost\u0119pna jest w 3 rozmiarach.<br \/>\nDane techniczne:<br \/>\n &#8211; Szeroko\u015b\u0107: 60 cm<br \/>\n &#8211; G\u0142\u0119boko\u015b\u0107: 25,7 cm<br \/>\n &#8211; Wysoko\u015b\u0107: 23,8 cm<br \/>\n &#8211; Pojemno\u015b\u0107: 18L<\/p>\n<p>Doniczka balkonowa Terra DTT600 | Antracyt<br \/>\nProstok\u0105tna, klasyczna skrzynka. Solidny przedmiot, wykonany zosta\u0142 z tworzywa sztucznego bardzo wysokiej jako\u015bci. Skrzynia jest lekka, ale wytrzyma\u0142a. Przedmiot posiada specjalistyczn\u0105 pow\u0142ok\u0119, kt\u00f3ra odporna jest na promienie UV. Dodatkowo mo\u017cna j\u0105 czy\u015bci\u0107 stosuj\u0105c standardowe \u015brodki czysto\u015bci. Mo\u017cna j\u0105 po\u0142o\u017cy\u0107 w dowolnym miejscu \u2013 na zewn\u0105trz: na deskach tarasowych lub zawiesi\u0107 przy altanie, wewn\u0105trz: na parapecie. Klasyczna forma i wz\u00f3r, sprawiaj\u0105 \u017ce doniczka Terra jest niezwykle uniwersalna. Doniczka dost\u0119pna jest w 3 rozmiarach.<br \/>\nDane techniczne:<br \/>\n &#8211; Szeroko\u015b\u0107: 60 cm<br \/>\n &#8211; G\u0142\u0119boko\u015b\u0107: 25,7 cm<br \/>\n &#8211; Wysoko\u015b\u0107: 23,8 cm<br \/>\n &#8211; Pojemno\u015b\u0107: 18L<\/p>\n","protected":false},"excerpt":{"rendered":"<p>Doniczka balkonowa Terra DTT600 | Antracyt Prostok\u0105tna, klasyczna skrzynka. Solidny przedmiot, wykonany zosta\u0142 z tworzywa sztucznego bardzo wysokiej jako\u015bci. Skrzynia jest lekka, ale wytrzyma\u0142a. Przedmiot posiada specjalistyczn\u0105 pow\u0142ok\u0119, kt\u00f3ra odporna jest na promienie UV. Dodatkowo mo\u017cna j\u0105 czy\u015bci\u0107 stosuj\u0105c standardowe \u015brodki czysto\u015bci. Mo\u017cna j\u0105 po\u0142o\u017cy\u0107 w dowolnym miejscu \u2013 na zewn\u0105trz: na deskach tarasowych lub &#8230; <a title=\"Doniczka balkonowa Terra DTT600 | Antracyt\" class=\"read-more\" href=\"https:\/\/selleetools.com\/pl\/product\/doniczka-balkonowa-terra-dtt600-antracyt\/\">Read more<span class=\"screen-reader-text\">Doniczka balkonowa Terra DTT600 | Antracyt<\/span><\/a><\/p>\n","protected":false},"featured_media":672445,"comment_status":"open","ping_status":"closed","template":"","meta":{"_links_to":"","_links_to_target":""},"yoast_head":"<!-- This site is optimized with the Yoast SEO plugin v19.4 - https:\/\/yoast.com\/wordpress\/plugins\/seo\/ -->\n<title>Doniczka balkonowa Terra DTT600 | Antracyt - Selleetools.com<\/title>\n<meta name=\"robots\" content=\"index, follow, max-snippet:-1, max-image-preview:large, max-video-preview:-1\" \/>\n<link rel=\"canonical\" href=\"https:\/\/selleetools.com\/pl\/product\/doniczka-balkonowa-terra-dtt600-antracyt\/\" \/>\n<meta property=\"og:locale\" content=\"pl_PL\" \/>\n<meta property=\"og:type\" content=\"article\" \/>\n<meta property=\"og:title\" content=\"Doniczka balkonowa Terra DTT600 | Antracyt - Selleetools.com\" \/>\n<meta property=\"og:description\" content=\"Doniczka balkonowa Terra DTT600 | Antracyt Prostok\u0105tna, klasyczna skrzynka. Solidny przedmiot, wykonany zosta\u0142 z tworzywa sztucznego bardzo wysokiej jako\u015bci. Skrzynia jest lekka, ale wytrzyma\u0142a. Przedmiot posiada specjalistyczn\u0105 pow\u0142ok\u0119, kt\u00f3ra odporna jest na promienie UV. Dodatkowo mo\u017cna j\u0105 czy\u015bci\u0107 stosuj\u0105c standardowe \u015brodki czysto\u015bci. Mo\u017cna j\u0105 po\u0142o\u017cy\u0107 w dowolnym miejscu \u2013 na zewn\u0105trz: na deskach tarasowych lub ... Read moreDoniczka balkonowa Terra DTT600 | Antracyt\" \/>\n<meta property=\"og:url\" content=\"https:\/\/selleetools.com\/pl\/product\/doniczka-balkonowa-terra-dtt600-antracyt\/\" \/>\n<meta property=\"og:site_name\" content=\"Selleetools.com\" \/>\n<meta property=\"article:modified_time\" content=\"2026-04-14T16:59:25+00:00\" \/>\n<meta property=\"og:image\" content=\"https:\/\/selleetools.com\/wp-content\/uploads\/2026\/02\/71cd73c63ecef3dea2b7cfa7c3816248.jpg\" \/>\n\t<meta property=\"og:image:width\" content=\"2488\" \/>\n\t<meta property=\"og:image:height\" content=\"1093\" \/>\n\t<meta property=\"og:image:type\" content=\"image\/jpeg\" \/>\n<meta name=\"twitter:card\" content=\"summary_large_image\" \/>\n<meta name=\"twitter:label1\" content=\"Est. reading time\" \/>\n\t<meta name=\"twitter:data1\" content=\"1 minuta\" \/>\n<!-- \/ Yoast SEO plugin. -->","yoast_head_json":{"title":"Doniczka balkonowa Terra DTT600 | Antracyt - Selleetools.com","robots":{"index":"index","follow":"follow","max-snippet":"max-snippet:-1","max-image-preview":"max-image-preview:large","max-video-preview":"max-video-preview:-1"},"canonical":"https:\/\/selleetools.com\/pl\/product\/doniczka-balkonowa-terra-dtt600-antracyt\/","og_locale":"pl_PL","og_type":"article","og_title":"Doniczka balkonowa Terra DTT600 | Antracyt - Selleetools.com","og_description":"Doniczka balkonowa Terra DTT600 | Antracyt Prostok\u0105tna, klasyczna skrzynka. Solidny przedmiot, wykonany zosta\u0142 z tworzywa sztucznego bardzo wysokiej jako\u015bci. Skrzynia jest lekka, ale wytrzyma\u0142a. Przedmiot posiada specjalistyczn\u0105 pow\u0142ok\u0119, kt\u00f3ra odporna jest na promienie UV. Dodatkowo mo\u017cna j\u0105 czy\u015bci\u0107 stosuj\u0105c standardowe \u015brodki czysto\u015bci. Mo\u017cna j\u0105 po\u0142o\u017cy\u0107 w dowolnym miejscu \u2013 na zewn\u0105trz: na deskach tarasowych lub ... Read moreDoniczka balkonowa Terra DTT600 | Antracyt","og_url":"https:\/\/selleetools.com\/pl\/product\/doniczka-balkonowa-terra-dtt600-antracyt\/","og_site_name":"Selleetools.com","article_modified_time":"2026-04-14T16:59:25+00:00","og_image":[{"width":2488,"height":1093,"url":"https:\/\/selleetools.com\/wp-content\/uploads\/2026\/02\/71cd73c63ecef3dea2b7cfa7c3816248.jpg","type":"image\/jpeg"}],"twitter_card":"summary_large_image","twitter_misc":{"Est. reading time":"1 minuta"},"schema":{"@context":"https:\/\/schema.org","@graph":[{"@type":"Organization","@id":"https:\/\/selleetools.com\/#organization","name":"Selleetools","url":"https:\/\/selleetools.com\/","sameAs":[],"logo":{"@type":"ImageObject","inLanguage":"pl-PL","@id":"https:\/\/selleetools.com\/#\/schema\/logo\/image\/","url":"https:\/\/selleetools.com\/wp-content\/uploads\/2021\/10\/logo-dark.png","contentUrl":"https:\/\/selleetools.com\/wp-content\/uploads\/2021\/10\/logo-dark.png","width":320,"height":76,"caption":"Selleetools"},"image":{"@id":"https:\/\/selleetools.com\/#\/schema\/logo\/image\/"}},{"@type":"WebSite","@id":"https:\/\/selleetools.com\/#website","url":"https:\/\/selleetools.com\/","name":"Selleetools.com","description":"","publisher":{"@id":"https:\/\/selleetools.com\/#organization"},"potentialAction":[{"@type":"SearchAction","target":{"@type":"EntryPoint","urlTemplate":"https:\/\/selleetools.com\/?s={search_term_string}"},"query-input":"required name=search_term_string"}],"inLanguage":"pl-PL"},{"@type":"WebPage","@id":"https:\/\/selleetools.com\/pl\/product\/doniczka-balkonowa-terra-dtt600-antracyt\/","url":"https:\/\/selleetools.com\/pl\/product\/doniczka-balkonowa-terra-dtt600-antracyt\/","name":"Doniczka balkonowa Terra DTT600 | Antracyt - Selleetools.com","isPartOf":{"@id":"https:\/\/selleetools.com\/#website"},"datePublished":"2026-02-19T14:57:19+00:00","dateModified":"2026-04-14T16:59:25+00:00","breadcrumb":{"@id":"https:\/\/selleetools.com\/pl\/product\/doniczka-balkonowa-terra-dtt600-antracyt\/#breadcrumb"},"inLanguage":"pl-PL","potentialAction":[{"@type":"ReadAction","target":["https:\/\/selleetools.com\/pl\/product\/doniczka-balkonowa-terra-dtt600-antracyt\/"]}]},{"@type":"BreadcrumbList","@id":"https:\/\/selleetools.com\/pl\/product\/doniczka-balkonowa-terra-dtt600-antracyt\/#breadcrumb","itemListElement":[{"@type":"ListItem","position":1,"name":"Home","item":"https:\/\/selleetools.com\/pl\/"},{"@type":"ListItem","position":2,"name":"Katalog","item":"https:\/\/selleetools.com\/pl\/katalog\/"},{"@type":"ListItem","position":3,"name":"Doniczka balkonowa Terra DTT600 | Antracyt"}]}]}},"_links":{"self":[{"href":"https:\/\/selleetools.com\/pl\/wp-json\/wp\/v2\/product\/672451"}],"collection":[{"href":"https:\/\/selleetools.com\/pl\/wp-json\/wp\/v2\/product"}],"about":[{"href":"https:\/\/selleetools.com\/pl\/wp-json\/wp\/v2\/types\/product"}],"replies":[{"embeddable":true,"href":"https:\/\/selleetools.com\/pl\/wp-json\/wp\/v2\/comments?post=672451"}],"wp:featuredmedia":[{"embeddable":true,"href":"https:\/\/selleetools.com\/pl\/wp-json\/wp\/v2\/media\/672445"}],"wp:attachment":[{"href":"https:\/\/selleetools.com\/pl\/wp-json\/wp\/v2\/media?parent=672451"}],"curies":[{"name":"wp","href":"https:\/\/api.w.org\/{rel}","templated":true}]}}