{"id":672444,"date":"2026-02-19T15:57:13","date_gmt":"2026-02-19T14:57:13","guid":{"rendered":"https:\/\/selleetools.com\/?post_type=product&#038;p=672444"},"modified":"2026-04-18T15:54:59","modified_gmt":"2026-04-18T13:54:59","slug":"biopon-nawoz-do-borowek-1kg","status":"publish","type":"product","link":"https:\/\/selleetools.com\/pl\/product\/biopon-nawoz-do-borowek-1kg\/","title":{"rendered":"BIOPON Naw\u00f3z do bor\u00f3wek 1kg"},"content":{"rendered":"<section class=\"section\">\n<div class=\"item item-12\">\n<section class=\"text-item\">\n<h1>BIOPON Naw\u00f3z do bor\u00f3wek 1kg (BI-009448)<\/h1>\n<p>Wielosk\u0142adnikowy naw\u00f3z granulowany przeznaczony do nawo\u017cenia bor\u00f3wek oraz pozosta\u0142ych ro\u015blin kwasolubnych. Specjalistyczny naw\u00f3z zawiera odpowiednio zbilansowane sk\u0142adniki niezb\u0119dne do utrzymania optymalnej kwasowo\u015bci pod\u0142o\u017ca. Jego systematyczne stosowanie zapewnia idealne warunki do rozwoju ro\u015blin. Zawarto\u015b\u0107 potasu gwarantuje obfite owocowanie.<\/p>\n<p>SK\u0141AD:<\/p>\n<ul>\n<li>AZOT 4,7%,<\/li>\n<li>FOSFOR 5%,<\/li>\n<li>POTAS 15%,<\/li>\n<li>WAP\u0143 2%,<\/li>\n<li>MAGNEZ 5%,<\/li>\n<li>SIARKA 27% + mikroelementy.<\/li>\n<\/ul>\n<\/section><\/div>\n<\/section>\n<section class=\"section\">\n<div class=\"item item-12\">\n<section class=\"image-item\"><img src=\"https:\/\/upload.cdn.baselinker.com\/products\/3028621\/892b561d01615fb1fe96d4e5d328ee5d.jpg\"><\/section>\n<\/p><\/div>\n<\/section>\n<section class=\"section\">\n<div class=\"item item-12\">\n<section class=\"image-item\"><img src=\"https:\/\/upload.cdn.baselinker.com\/products\/3028621\/892b561d01615fb1fe96d4e5d328ee5d.jpg\"><\/section>\n<\/p><\/div>\n<\/section>\n","protected":false},"excerpt":{"rendered":"<p>BIOPON Naw\u00f3z do bor\u00f3wek 1kg (BI-009448) Wielosk\u0142adnikowy naw\u00f3z granulowany przeznaczony do nawo\u017cenia bor\u00f3wek oraz pozosta\u0142ych ro\u015blin kwasolubnych. Specjalistyczny naw\u00f3z zawiera odpowiednio zbilansowane sk\u0142adniki niezb\u0119dne do utrzymania optymalnej kwasowo\u015bci pod\u0142o\u017ca. Jego systematyczne stosowanie zapewnia idealne warunki do rozwoju ro\u015blin. Zawarto\u015b\u0107 potasu gwarantuje obfite owocowanie. SK\u0141AD: AZOT 4,7%, FOSFOR 5%, POTAS 15%, WAP\u0143 2%, MAGNEZ 5%, SIARKA &#8230; <a title=\"BIOPON Naw\u00f3z do bor\u00f3wek 1kg\" class=\"read-more\" href=\"https:\/\/selleetools.com\/pl\/product\/biopon-nawoz-do-borowek-1kg\/\">Read more<span class=\"screen-reader-text\">BIOPON Naw\u00f3z do bor\u00f3wek 1kg<\/span><\/a><\/p>\n","protected":false},"featured_media":672442,"comment_status":"open","ping_status":"closed","template":"","meta":{"_links_to":"","_links_to_target":""},"yoast_head":"<!-- This site is optimized with the Yoast SEO plugin v19.4 - https:\/\/yoast.com\/wordpress\/plugins\/seo\/ -->\n<title>BIOPON Naw\u00f3z do bor\u00f3wek 1kg - Selleetools.com<\/title>\n<meta name=\"robots\" content=\"index, follow, max-snippet:-1, max-image-preview:large, max-video-preview:-1\" \/>\n<link rel=\"canonical\" href=\"https:\/\/selleetools.com\/pl\/product\/biopon-nawoz-do-borowek-1kg\/\" \/>\n<meta property=\"og:locale\" content=\"pl_PL\" \/>\n<meta property=\"og:type\" content=\"article\" \/>\n<meta property=\"og:title\" content=\"BIOPON Naw\u00f3z do bor\u00f3wek 1kg - Selleetools.com\" \/>\n<meta property=\"og:description\" content=\"BIOPON Naw\u00f3z do bor\u00f3wek 1kg (BI-009448) Wielosk\u0142adnikowy naw\u00f3z granulowany przeznaczony do nawo\u017cenia bor\u00f3wek oraz pozosta\u0142ych ro\u015blin kwasolubnych. Specjalistyczny naw\u00f3z zawiera odpowiednio zbilansowane sk\u0142adniki niezb\u0119dne do utrzymania optymalnej kwasowo\u015bci pod\u0142o\u017ca. Jego systematyczne stosowanie zapewnia idealne warunki do rozwoju ro\u015blin. Zawarto\u015b\u0107 potasu gwarantuje obfite owocowanie. SK\u0141AD: AZOT 4,7%, FOSFOR 5%, POTAS 15%, WAP\u0143 2%, MAGNEZ 5%, SIARKA ... Read moreBIOPON Naw\u00f3z do bor\u00f3wek 1kg\" \/>\n<meta property=\"og:url\" content=\"https:\/\/selleetools.com\/pl\/product\/biopon-nawoz-do-borowek-1kg\/\" \/>\n<meta property=\"og:site_name\" content=\"Selleetools.com\" \/>\n<meta property=\"article:modified_time\" content=\"2026-04-18T13:54:59+00:00\" \/>\n<meta property=\"og:image\" content=\"https:\/\/selleetools.com\/wp-content\/uploads\/2026\/02\/892b561d01615fb1fe96d4e5d328ee5d.jpg\" \/>\n\t<meta property=\"og:image:width\" content=\"835\" \/>\n\t<meta property=\"og:image:height\" content=\"1200\" \/>\n\t<meta property=\"og:image:type\" content=\"image\/jpeg\" \/>\n<meta name=\"twitter:card\" content=\"summary_large_image\" \/>\n<!-- \/ Yoast SEO plugin. -->","yoast_head_json":{"title":"BIOPON Naw\u00f3z do bor\u00f3wek 1kg - Selleetools.com","robots":{"index":"index","follow":"follow","max-snippet":"max-snippet:-1","max-image-preview":"max-image-preview:large","max-video-preview":"max-video-preview:-1"},"canonical":"https:\/\/selleetools.com\/pl\/product\/biopon-nawoz-do-borowek-1kg\/","og_locale":"pl_PL","og_type":"article","og_title":"BIOPON Naw\u00f3z do bor\u00f3wek 1kg - Selleetools.com","og_description":"BIOPON Naw\u00f3z do bor\u00f3wek 1kg (BI-009448) Wielosk\u0142adnikowy naw\u00f3z granulowany przeznaczony do nawo\u017cenia bor\u00f3wek oraz pozosta\u0142ych ro\u015blin kwasolubnych. Specjalistyczny naw\u00f3z zawiera odpowiednio zbilansowane sk\u0142adniki niezb\u0119dne do utrzymania optymalnej kwasowo\u015bci pod\u0142o\u017ca. Jego systematyczne stosowanie zapewnia idealne warunki do rozwoju ro\u015blin. Zawarto\u015b\u0107 potasu gwarantuje obfite owocowanie. SK\u0141AD: AZOT 4,7%, FOSFOR 5%, POTAS 15%, WAP\u0143 2%, MAGNEZ 5%, SIARKA ... Read moreBIOPON Naw\u00f3z do bor\u00f3wek 1kg","og_url":"https:\/\/selleetools.com\/pl\/product\/biopon-nawoz-do-borowek-1kg\/","og_site_name":"Selleetools.com","article_modified_time":"2026-04-18T13:54:59+00:00","og_image":[{"width":835,"height":1200,"url":"https:\/\/selleetools.com\/wp-content\/uploads\/2026\/02\/892b561d01615fb1fe96d4e5d328ee5d.jpg","type":"image\/jpeg"}],"twitter_card":"summary_large_image","schema":{"@context":"https:\/\/schema.org","@graph":[{"@type":"Organization","@id":"https:\/\/selleetools.com\/#organization","name":"Selleetools","url":"https:\/\/selleetools.com\/","sameAs":[],"logo":{"@type":"ImageObject","inLanguage":"pl-PL","@id":"https:\/\/selleetools.com\/#\/schema\/logo\/image\/","url":"https:\/\/selleetools.com\/wp-content\/uploads\/2021\/10\/logo-dark.png","contentUrl":"https:\/\/selleetools.com\/wp-content\/uploads\/2021\/10\/logo-dark.png","width":320,"height":76,"caption":"Selleetools"},"image":{"@id":"https:\/\/selleetools.com\/#\/schema\/logo\/image\/"}},{"@type":"WebSite","@id":"https:\/\/selleetools.com\/#website","url":"https:\/\/selleetools.com\/","name":"Selleetools.com","description":"","publisher":{"@id":"https:\/\/selleetools.com\/#organization"},"potentialAction":[{"@type":"SearchAction","target":{"@type":"EntryPoint","urlTemplate":"https:\/\/selleetools.com\/?s={search_term_string}"},"query-input":"required name=search_term_string"}],"inLanguage":"pl-PL"},{"@type":"WebPage","@id":"https:\/\/selleetools.com\/pl\/product\/biopon-nawoz-do-borowek-1kg\/","url":"https:\/\/selleetools.com\/pl\/product\/biopon-nawoz-do-borowek-1kg\/","name":"BIOPON Naw\u00f3z do bor\u00f3wek 1kg - Selleetools.com","isPartOf":{"@id":"https:\/\/selleetools.com\/#website"},"datePublished":"2026-02-19T14:57:13+00:00","dateModified":"2026-04-18T13:54:59+00:00","breadcrumb":{"@id":"https:\/\/selleetools.com\/pl\/product\/biopon-nawoz-do-borowek-1kg\/#breadcrumb"},"inLanguage":"pl-PL","potentialAction":[{"@type":"ReadAction","target":["https:\/\/selleetools.com\/pl\/product\/biopon-nawoz-do-borowek-1kg\/"]}]},{"@type":"BreadcrumbList","@id":"https:\/\/selleetools.com\/pl\/product\/biopon-nawoz-do-borowek-1kg\/#breadcrumb","itemListElement":[{"@type":"ListItem","position":1,"name":"Home","item":"https:\/\/selleetools.com\/pl\/"},{"@type":"ListItem","position":2,"name":"Katalog","item":"https:\/\/selleetools.com\/pl\/katalog\/"},{"@type":"ListItem","position":3,"name":"BIOPON Naw\u00f3z do bor\u00f3wek 1kg"}]}]}},"_links":{"self":[{"href":"https:\/\/selleetools.com\/pl\/wp-json\/wp\/v2\/product\/672444"}],"collection":[{"href":"https:\/\/selleetools.com\/pl\/wp-json\/wp\/v2\/product"}],"about":[{"href":"https:\/\/selleetools.com\/pl\/wp-json\/wp\/v2\/types\/product"}],"replies":[{"embeddable":true,"href":"https:\/\/selleetools.com\/pl\/wp-json\/wp\/v2\/comments?post=672444"}],"wp:featuredmedia":[{"embeddable":true,"href":"https:\/\/selleetools.com\/pl\/wp-json\/wp\/v2\/media\/672442"}],"wp:attachment":[{"href":"https:\/\/selleetools.com\/pl\/wp-json\/wp\/v2\/media?parent=672444"}],"curies":[{"name":"wp","href":"https:\/\/api.w.org\/{rel}","templated":true}]}}