{"id":672441,"date":"2026-02-19T15:57:09","date_gmt":"2026-02-19T14:57:09","guid":{"rendered":"https:\/\/selleetools.com\/?post_type=product&#038;p=672441"},"modified":"2026-04-18T15:54:57","modified_gmt":"2026-04-18T13:54:57","slug":"biopon-nawoz-do-pnaczy-i-powojnikow-1kg","status":"publish","type":"product","link":"https:\/\/selleetools.com\/pl\/product\/biopon-nawoz-do-pnaczy-i-powojnikow-1kg\/","title":{"rendered":"BIOPON Naw\u00f3z do pn\u0105czy i powojnik\u00f3w 1kg"},"content":{"rendered":"<p>BIOPON Naw\u00f3z do pn\u0105czy i powojnik\u00f3w 1kg (BI-044029)<br \/>\nWielosk\u0142adnikowy naw\u00f3z w postaci granulatu przeznaczony do zasilania wszystkich odmian powojnik\u00f3w, bluszczy, winobluszczy i innych pn\u0105czy. Odpowiednio dobrany zestaw sk\u0142adnik\u00f3w mineralnych stwarza optymalne warunki rozwoju. Regularne stosowanie nawozu zapewnia bujny wzrost, soczyst\u0105 ziele\u0144 li\u015bci oraz obfite kwitnienie i intensywne wybarwienie kwiat\u00f3w. Nawo\u017cone ro\u015bliny zachowuj\u0105 zdrowy wygl\u0105d i s\u0105 mniej wra\u017cliwe na wiatr oraz lekkie przymrozki. Naw\u00f3z \u0142atwo wnika w g\u0142\u0105b gleby, jest wydajny i \u0142atwo przyswajany przez ro\u015bliny.<br \/>\nSK\u0141AD:<br \/>\n &#8211; AZOT 4%,<br \/>\n &#8211; FOSFOR 9,5%,<br \/>\n &#8211; POTAS 20%,<br \/>\n &#8211; WAP\u0143 4%,<br \/>\n &#8211; MAGNEZ 2%,<br \/>\n &#8211; SIARKA 8%.<\/p>\n<p>BIOPON Naw\u00f3z do pn\u0105czy i powojnik\u00f3w 1kg (BI-044029)<br \/>\nWielosk\u0142adnikowy naw\u00f3z w postaci granulatu przeznaczony do zasilania wszystkich odmian powojnik\u00f3w, bluszczy, winobluszczy i innych pn\u0105czy. Odpowiednio dobrany zestaw sk\u0142adnik\u00f3w mineralnych stwarza optymalne warunki rozwoju. Regularne stosowanie nawozu zapewnia bujny wzrost, soczyst\u0105 ziele\u0144 li\u015bci oraz obfite kwitnienie i intensywne wybarwienie kwiat\u00f3w. Nawo\u017cone ro\u015bliny zachowuj\u0105 zdrowy wygl\u0105d i s\u0105 mniej wra\u017cliwe na wiatr oraz lekkie przymrozki. Naw\u00f3z \u0142atwo wnika w g\u0142\u0105b gleby, jest wydajny i \u0142atwo przyswajany przez ro\u015bliny.<br \/>\nSK\u0141AD:<br \/>\n &#8211; AZOT 4%,<br \/>\n &#8211; FOSFOR 9,5%,<br \/>\n &#8211; POTAS 20%,<br \/>\n &#8211; WAP\u0143 4%,<br \/>\n &#8211; MAGNEZ 2%,<br \/>\n &#8211; SIARKA 8%.<\/p>\n","protected":false},"excerpt":{"rendered":"<p>BIOPON Naw\u00f3z do pn\u0105czy i powojnik\u00f3w 1kg (BI-044029) Wielosk\u0142adnikowy naw\u00f3z w postaci granulatu przeznaczony do zasilania wszystkich odmian powojnik\u00f3w, bluszczy, winobluszczy i innych pn\u0105czy. Odpowiednio dobrany zestaw sk\u0142adnik\u00f3w mineralnych stwarza optymalne warunki rozwoju. Regularne stosowanie nawozu zapewnia bujny wzrost, soczyst\u0105 ziele\u0144 li\u015bci oraz obfite kwitnienie i intensywne wybarwienie kwiat\u00f3w. Nawo\u017cone ro\u015bliny zachowuj\u0105 zdrowy wygl\u0105d i &#8230; <a title=\"BIOPON Naw\u00f3z do pn\u0105czy i powojnik\u00f3w 1kg\" class=\"read-more\" href=\"https:\/\/selleetools.com\/pl\/product\/biopon-nawoz-do-pnaczy-i-powojnikow-1kg\/\">Read more<span class=\"screen-reader-text\">BIOPON Naw\u00f3z do pn\u0105czy i powojnik\u00f3w 1kg<\/span><\/a><\/p>\n","protected":false},"featured_media":672439,"comment_status":"open","ping_status":"closed","template":"","meta":{"_links_to":"","_links_to_target":""},"yoast_head":"<!-- This site is optimized with the Yoast SEO plugin v19.4 - https:\/\/yoast.com\/wordpress\/plugins\/seo\/ -->\n<title>BIOPON Naw\u00f3z do pn\u0105czy i powojnik\u00f3w 1kg - Selleetools.com<\/title>\n<meta name=\"robots\" content=\"index, follow, max-snippet:-1, max-image-preview:large, max-video-preview:-1\" \/>\n<link rel=\"canonical\" href=\"https:\/\/selleetools.com\/pl\/product\/biopon-nawoz-do-pnaczy-i-powojnikow-1kg\/\" \/>\n<meta property=\"og:locale\" content=\"pl_PL\" \/>\n<meta property=\"og:type\" content=\"article\" \/>\n<meta property=\"og:title\" content=\"BIOPON Naw\u00f3z do pn\u0105czy i powojnik\u00f3w 1kg - Selleetools.com\" \/>\n<meta property=\"og:description\" content=\"BIOPON Naw\u00f3z do pn\u0105czy i powojnik\u00f3w 1kg (BI-044029) Wielosk\u0142adnikowy naw\u00f3z w postaci granulatu przeznaczony do zasilania wszystkich odmian powojnik\u00f3w, bluszczy, winobluszczy i innych pn\u0105czy. Odpowiednio dobrany zestaw sk\u0142adnik\u00f3w mineralnych stwarza optymalne warunki rozwoju. Regularne stosowanie nawozu zapewnia bujny wzrost, soczyst\u0105 ziele\u0144 li\u015bci oraz obfite kwitnienie i intensywne wybarwienie kwiat\u00f3w. Nawo\u017cone ro\u015bliny zachowuj\u0105 zdrowy wygl\u0105d i ... Read moreBIOPON Naw\u00f3z do pn\u0105czy i powojnik\u00f3w 1kg\" \/>\n<meta property=\"og:url\" content=\"https:\/\/selleetools.com\/pl\/product\/biopon-nawoz-do-pnaczy-i-powojnikow-1kg\/\" \/>\n<meta property=\"og:site_name\" content=\"Selleetools.com\" \/>\n<meta property=\"article:modified_time\" content=\"2026-04-18T13:54:57+00:00\" \/>\n<meta property=\"og:image\" content=\"https:\/\/selleetools.com\/wp-content\/uploads\/2026\/02\/03024af17f8bc4df5c84e964828c23ae.jpg\" \/>\n\t<meta property=\"og:image:width\" content=\"835\" \/>\n\t<meta property=\"og:image:height\" content=\"1200\" \/>\n\t<meta property=\"og:image:type\" content=\"image\/jpeg\" \/>\n<meta name=\"twitter:card\" content=\"summary_large_image\" \/>\n<meta name=\"twitter:label1\" content=\"Est. reading time\" \/>\n\t<meta name=\"twitter:data1\" content=\"1 minuta\" \/>\n<!-- \/ Yoast SEO plugin. -->","yoast_head_json":{"title":"BIOPON Naw\u00f3z do pn\u0105czy i powojnik\u00f3w 1kg - Selleetools.com","robots":{"index":"index","follow":"follow","max-snippet":"max-snippet:-1","max-image-preview":"max-image-preview:large","max-video-preview":"max-video-preview:-1"},"canonical":"https:\/\/selleetools.com\/pl\/product\/biopon-nawoz-do-pnaczy-i-powojnikow-1kg\/","og_locale":"pl_PL","og_type":"article","og_title":"BIOPON Naw\u00f3z do pn\u0105czy i powojnik\u00f3w 1kg - Selleetools.com","og_description":"BIOPON Naw\u00f3z do pn\u0105czy i powojnik\u00f3w 1kg (BI-044029) Wielosk\u0142adnikowy naw\u00f3z w postaci granulatu przeznaczony do zasilania wszystkich odmian powojnik\u00f3w, bluszczy, winobluszczy i innych pn\u0105czy. Odpowiednio dobrany zestaw sk\u0142adnik\u00f3w mineralnych stwarza optymalne warunki rozwoju. Regularne stosowanie nawozu zapewnia bujny wzrost, soczyst\u0105 ziele\u0144 li\u015bci oraz obfite kwitnienie i intensywne wybarwienie kwiat\u00f3w. Nawo\u017cone ro\u015bliny zachowuj\u0105 zdrowy wygl\u0105d i ... Read moreBIOPON Naw\u00f3z do pn\u0105czy i powojnik\u00f3w 1kg","og_url":"https:\/\/selleetools.com\/pl\/product\/biopon-nawoz-do-pnaczy-i-powojnikow-1kg\/","og_site_name":"Selleetools.com","article_modified_time":"2026-04-18T13:54:57+00:00","og_image":[{"width":835,"height":1200,"url":"https:\/\/selleetools.com\/wp-content\/uploads\/2026\/02\/03024af17f8bc4df5c84e964828c23ae.jpg","type":"image\/jpeg"}],"twitter_card":"summary_large_image","twitter_misc":{"Est. reading time":"1 minuta"},"schema":{"@context":"https:\/\/schema.org","@graph":[{"@type":"Organization","@id":"https:\/\/selleetools.com\/#organization","name":"Selleetools","url":"https:\/\/selleetools.com\/","sameAs":[],"logo":{"@type":"ImageObject","inLanguage":"pl-PL","@id":"https:\/\/selleetools.com\/#\/schema\/logo\/image\/","url":"https:\/\/selleetools.com\/wp-content\/uploads\/2021\/10\/logo-dark.png","contentUrl":"https:\/\/selleetools.com\/wp-content\/uploads\/2021\/10\/logo-dark.png","width":320,"height":76,"caption":"Selleetools"},"image":{"@id":"https:\/\/selleetools.com\/#\/schema\/logo\/image\/"}},{"@type":"WebSite","@id":"https:\/\/selleetools.com\/#website","url":"https:\/\/selleetools.com\/","name":"Selleetools.com","description":"","publisher":{"@id":"https:\/\/selleetools.com\/#organization"},"potentialAction":[{"@type":"SearchAction","target":{"@type":"EntryPoint","urlTemplate":"https:\/\/selleetools.com\/?s={search_term_string}"},"query-input":"required name=search_term_string"}],"inLanguage":"pl-PL"},{"@type":"WebPage","@id":"https:\/\/selleetools.com\/pl\/product\/biopon-nawoz-do-pnaczy-i-powojnikow-1kg\/","url":"https:\/\/selleetools.com\/pl\/product\/biopon-nawoz-do-pnaczy-i-powojnikow-1kg\/","name":"BIOPON Naw\u00f3z do pn\u0105czy i powojnik\u00f3w 1kg - Selleetools.com","isPartOf":{"@id":"https:\/\/selleetools.com\/#website"},"datePublished":"2026-02-19T14:57:09+00:00","dateModified":"2026-04-18T13:54:57+00:00","breadcrumb":{"@id":"https:\/\/selleetools.com\/pl\/product\/biopon-nawoz-do-pnaczy-i-powojnikow-1kg\/#breadcrumb"},"inLanguage":"pl-PL","potentialAction":[{"@type":"ReadAction","target":["https:\/\/selleetools.com\/pl\/product\/biopon-nawoz-do-pnaczy-i-powojnikow-1kg\/"]}]},{"@type":"BreadcrumbList","@id":"https:\/\/selleetools.com\/pl\/product\/biopon-nawoz-do-pnaczy-i-powojnikow-1kg\/#breadcrumb","itemListElement":[{"@type":"ListItem","position":1,"name":"Home","item":"https:\/\/selleetools.com\/pl\/"},{"@type":"ListItem","position":2,"name":"Katalog","item":"https:\/\/selleetools.com\/pl\/katalog\/"},{"@type":"ListItem","position":3,"name":"BIOPON Naw\u00f3z do pn\u0105czy i powojnik\u00f3w 1kg"}]}]}},"_links":{"self":[{"href":"https:\/\/selleetools.com\/pl\/wp-json\/wp\/v2\/product\/672441"}],"collection":[{"href":"https:\/\/selleetools.com\/pl\/wp-json\/wp\/v2\/product"}],"about":[{"href":"https:\/\/selleetools.com\/pl\/wp-json\/wp\/v2\/types\/product"}],"replies":[{"embeddable":true,"href":"https:\/\/selleetools.com\/pl\/wp-json\/wp\/v2\/comments?post=672441"}],"wp:featuredmedia":[{"embeddable":true,"href":"https:\/\/selleetools.com\/pl\/wp-json\/wp\/v2\/media\/672439"}],"wp:attachment":[{"href":"https:\/\/selleetools.com\/pl\/wp-json\/wp\/v2\/media?parent=672441"}],"curies":[{"name":"wp","href":"https:\/\/api.w.org\/{rel}","templated":true}]}}