{"id":672438,"date":"2026-02-19T15:57:06","date_gmt":"2026-02-19T14:57:06","guid":{"rendered":"https:\/\/selleetools.com\/?post_type=product&#038;p=672438"},"modified":"2026-04-14T18:59:15","modified_gmt":"2026-04-14T16:59:15","slug":"doniczka-okragla-classic-dbc46-antracyt","status":"publish","type":"product","link":"https:\/\/selleetools.com\/pl\/product\/doniczka-okragla-classic-dbc46-antracyt\/","title":{"rendered":"Doniczka okr\u0105g\u0142a Classic DBC46 | Antracyt"},"content":{"rendered":"<p>Doniczka Classic z kolekcji Massive faktur\u0105 przypomina kamie\u0144, pozostaj\u0105c przy tym lekka i por\u0119czna. Wykazuje zwi\u0119kszon\u0105 wytrzyma\u0142o\u015b\u0107 na dzia\u0142anie zar\u00f3wno promieni s\u0142onecznych, jak i niskich temperatur, ponadto jest odporna na uszkodzenia mechaniczne, dlatego fantastycznie sprawdzi si\u0119 w ogrodzie.<\/p>\n<p>Dane techniczne:<br \/>\n &#8211; Wysoko\u015b\u0107:\u00a039 cm<br \/>\n &#8211; \u015arednica:\u00a045 cm<br \/>\n &#8211; Pojemno\u015b\u0107:\u00a036 l.<br \/>\n &#8211; Produkt polski<br \/>\n &#8211; Odporna na promienie UV<br \/>\n &#8211; Mrozoodporna<\/p>\n<p>Doniczka Classic z kolekcji Massive faktur\u0105 przypomina kamie\u0144, pozostaj\u0105c przy tym lekka i por\u0119czna. Wykazuje zwi\u0119kszon\u0105 wytrzyma\u0142o\u015b\u0107 na dzia\u0142anie zar\u00f3wno promieni s\u0142onecznych, jak i niskich temperatur, ponadto jest odporna na uszkodzenia mechaniczne, dlatego fantastycznie sprawdzi si\u0119 w ogrodzie.<\/p>\n<p>Dane techniczne:<br \/>\n &#8211; Wysoko\u015b\u0107:\u00a039 cm<br \/>\n &#8211; \u015arednica:\u00a045 cm<br \/>\n &#8211; Pojemno\u015b\u0107:\u00a036 l.<br \/>\n &#8211; Produkt polski<br \/>\n &#8211; Odporna na promienie UV<br \/>\n &#8211; Mrozoodporna<\/p>\n","protected":false},"excerpt":{"rendered":"<p>Doniczka Classic z kolekcji Massive faktur\u0105 przypomina kamie\u0144, pozostaj\u0105c przy tym lekka i por\u0119czna. Wykazuje zwi\u0119kszon\u0105 wytrzyma\u0142o\u015b\u0107 na dzia\u0142anie zar\u00f3wno promieni s\u0142onecznych, jak i niskich temperatur, ponadto jest odporna na uszkodzenia mechaniczne, dlatego fantastycznie sprawdzi si\u0119 w ogrodzie. Dane techniczne: &#8211; Wysoko\u015b\u0107:\u00a039 cm &#8211; \u015arednica:\u00a045 cm &#8211; Pojemno\u015b\u0107:\u00a036 l. &#8211; Produkt polski &#8211; Odporna na &#8230; <a title=\"Doniczka okr\u0105g\u0142a Classic DBC46 | Antracyt\" class=\"read-more\" href=\"https:\/\/selleetools.com\/pl\/product\/doniczka-okragla-classic-dbc46-antracyt\/\">Read more<span class=\"screen-reader-text\">Doniczka okr\u0105g\u0142a Classic DBC46 | Antracyt<\/span><\/a><\/p>\n","protected":false},"featured_media":672432,"comment_status":"open","ping_status":"closed","template":"","meta":{"_links_to":"","_links_to_target":""},"yoast_head":"<!-- This site is optimized with the Yoast SEO plugin v19.4 - https:\/\/yoast.com\/wordpress\/plugins\/seo\/ -->\n<title>Doniczka okr\u0105g\u0142a Classic DBC46 | Antracyt - Selleetools.com<\/title>\n<meta name=\"robots\" content=\"index, follow, max-snippet:-1, max-image-preview:large, max-video-preview:-1\" \/>\n<link rel=\"canonical\" href=\"https:\/\/selleetools.com\/pl\/product\/doniczka-okragla-classic-dbc46-antracyt\/\" \/>\n<meta property=\"og:locale\" content=\"pl_PL\" \/>\n<meta property=\"og:type\" content=\"article\" \/>\n<meta property=\"og:title\" content=\"Doniczka okr\u0105g\u0142a Classic DBC46 | Antracyt - Selleetools.com\" \/>\n<meta property=\"og:description\" content=\"Doniczka Classic z kolekcji Massive faktur\u0105 przypomina kamie\u0144, pozostaj\u0105c przy tym lekka i por\u0119czna. Wykazuje zwi\u0119kszon\u0105 wytrzyma\u0142o\u015b\u0107 na dzia\u0142anie zar\u00f3wno promieni s\u0142onecznych, jak i niskich temperatur, ponadto jest odporna na uszkodzenia mechaniczne, dlatego fantastycznie sprawdzi si\u0119 w ogrodzie. Dane techniczne: &#8211; Wysoko\u015b\u0107:\u00a039 cm &#8211; \u015arednica:\u00a045 cm &#8211; Pojemno\u015b\u0107:\u00a036 l. &#8211; Produkt polski &#8211; Odporna na ... Read moreDoniczka okr\u0105g\u0142a Classic DBC46 | Antracyt\" \/>\n<meta property=\"og:url\" content=\"https:\/\/selleetools.com\/pl\/product\/doniczka-okragla-classic-dbc46-antracyt\/\" \/>\n<meta property=\"og:site_name\" content=\"Selleetools.com\" \/>\n<meta property=\"article:modified_time\" content=\"2026-04-14T16:59:15+00:00\" \/>\n<meta property=\"og:image\" content=\"https:\/\/selleetools.com\/wp-content\/uploads\/2026\/02\/06647b0574528846d4b794323aa373c4.jpg\" \/>\n\t<meta property=\"og:image:width\" content=\"1365\" \/>\n\t<meta property=\"og:image:height\" content=\"1158\" \/>\n\t<meta property=\"og:image:type\" content=\"image\/jpeg\" \/>\n<meta name=\"twitter:card\" content=\"summary_large_image\" \/>\n<meta name=\"twitter:label1\" content=\"Est. reading time\" \/>\n\t<meta name=\"twitter:data1\" content=\"1 minuta\" \/>\n<!-- \/ Yoast SEO plugin. -->","yoast_head_json":{"title":"Doniczka okr\u0105g\u0142a Classic DBC46 | Antracyt - Selleetools.com","robots":{"index":"index","follow":"follow","max-snippet":"max-snippet:-1","max-image-preview":"max-image-preview:large","max-video-preview":"max-video-preview:-1"},"canonical":"https:\/\/selleetools.com\/pl\/product\/doniczka-okragla-classic-dbc46-antracyt\/","og_locale":"pl_PL","og_type":"article","og_title":"Doniczka okr\u0105g\u0142a Classic DBC46 | Antracyt - Selleetools.com","og_description":"Doniczka Classic z kolekcji Massive faktur\u0105 przypomina kamie\u0144, pozostaj\u0105c przy tym lekka i por\u0119czna. Wykazuje zwi\u0119kszon\u0105 wytrzyma\u0142o\u015b\u0107 na dzia\u0142anie zar\u00f3wno promieni s\u0142onecznych, jak i niskich temperatur, ponadto jest odporna na uszkodzenia mechaniczne, dlatego fantastycznie sprawdzi si\u0119 w ogrodzie. Dane techniczne: &#8211; Wysoko\u015b\u0107:\u00a039 cm &#8211; \u015arednica:\u00a045 cm &#8211; Pojemno\u015b\u0107:\u00a036 l. &#8211; Produkt polski &#8211; Odporna na ... Read moreDoniczka okr\u0105g\u0142a Classic DBC46 | Antracyt","og_url":"https:\/\/selleetools.com\/pl\/product\/doniczka-okragla-classic-dbc46-antracyt\/","og_site_name":"Selleetools.com","article_modified_time":"2026-04-14T16:59:15+00:00","og_image":[{"width":1365,"height":1158,"url":"https:\/\/selleetools.com\/wp-content\/uploads\/2026\/02\/06647b0574528846d4b794323aa373c4.jpg","type":"image\/jpeg"}],"twitter_card":"summary_large_image","twitter_misc":{"Est. reading time":"1 minuta"},"schema":{"@context":"https:\/\/schema.org","@graph":[{"@type":"Organization","@id":"https:\/\/selleetools.com\/#organization","name":"Selleetools","url":"https:\/\/selleetools.com\/","sameAs":[],"logo":{"@type":"ImageObject","inLanguage":"pl-PL","@id":"https:\/\/selleetools.com\/#\/schema\/logo\/image\/","url":"https:\/\/selleetools.com\/wp-content\/uploads\/2021\/10\/logo-dark.png","contentUrl":"https:\/\/selleetools.com\/wp-content\/uploads\/2021\/10\/logo-dark.png","width":320,"height":76,"caption":"Selleetools"},"image":{"@id":"https:\/\/selleetools.com\/#\/schema\/logo\/image\/"}},{"@type":"WebSite","@id":"https:\/\/selleetools.com\/#website","url":"https:\/\/selleetools.com\/","name":"Selleetools.com","description":"","publisher":{"@id":"https:\/\/selleetools.com\/#organization"},"potentialAction":[{"@type":"SearchAction","target":{"@type":"EntryPoint","urlTemplate":"https:\/\/selleetools.com\/?s={search_term_string}"},"query-input":"required name=search_term_string"}],"inLanguage":"pl-PL"},{"@type":"WebPage","@id":"https:\/\/selleetools.com\/pl\/product\/doniczka-okragla-classic-dbc46-antracyt\/","url":"https:\/\/selleetools.com\/pl\/product\/doniczka-okragla-classic-dbc46-antracyt\/","name":"Doniczka okr\u0105g\u0142a Classic DBC46 | Antracyt - Selleetools.com","isPartOf":{"@id":"https:\/\/selleetools.com\/#website"},"datePublished":"2026-02-19T14:57:06+00:00","dateModified":"2026-04-14T16:59:15+00:00","breadcrumb":{"@id":"https:\/\/selleetools.com\/pl\/product\/doniczka-okragla-classic-dbc46-antracyt\/#breadcrumb"},"inLanguage":"pl-PL","potentialAction":[{"@type":"ReadAction","target":["https:\/\/selleetools.com\/pl\/product\/doniczka-okragla-classic-dbc46-antracyt\/"]}]},{"@type":"BreadcrumbList","@id":"https:\/\/selleetools.com\/pl\/product\/doniczka-okragla-classic-dbc46-antracyt\/#breadcrumb","itemListElement":[{"@type":"ListItem","position":1,"name":"Home","item":"https:\/\/selleetools.com\/pl\/"},{"@type":"ListItem","position":2,"name":"Katalog","item":"https:\/\/selleetools.com\/pl\/katalog\/"},{"@type":"ListItem","position":3,"name":"Doniczka okr\u0105g\u0142a Classic DBC46 | Antracyt"}]}]}},"_links":{"self":[{"href":"https:\/\/selleetools.com\/pl\/wp-json\/wp\/v2\/product\/672438"}],"collection":[{"href":"https:\/\/selleetools.com\/pl\/wp-json\/wp\/v2\/product"}],"about":[{"href":"https:\/\/selleetools.com\/pl\/wp-json\/wp\/v2\/types\/product"}],"replies":[{"embeddable":true,"href":"https:\/\/selleetools.com\/pl\/wp-json\/wp\/v2\/comments?post=672438"}],"wp:featuredmedia":[{"embeddable":true,"href":"https:\/\/selleetools.com\/pl\/wp-json\/wp\/v2\/media\/672432"}],"wp:attachment":[{"href":"https:\/\/selleetools.com\/pl\/wp-json\/wp\/v2\/media?parent=672438"}],"curies":[{"name":"wp","href":"https:\/\/api.w.org\/{rel}","templated":true}]}}