{"id":672424,"date":"2026-02-19T15:56:56","date_gmt":"2026-02-19T14:56:56","guid":{"rendered":"https:\/\/selleetools.com\/?post_type=product&#038;p=672424"},"modified":"2026-04-18T13:09:21","modified_gmt":"2026-04-18T11:09:21","slug":"rekawice-robocze-ocieplane-pomaranczowe-r-10","status":"publish","type":"product","link":"https:\/\/selleetools.com\/pl\/product\/rekawice-robocze-ocieplane-pomaranczowe-r-10\/","title":{"rendered":"R\u0119kawice robocze ocieplane pomara\u0144czowe R.10"},"content":{"rendered":"<p>R\u0119kawice robocze ocieplane pomara\u0144czowe R. 10 XL<\/p>\n<p>Stosowane do pracy:<br \/>\n &#8211; na budowach<br \/>\n &#8211; na magazynach<br \/>\n &#8211; w ch\u0142odniach<br \/>\n &#8211; w przemy\u015ble transportowym<\/p>\n<p> &#8211; idealne do prac w niskich temperaturach<br \/>\n &#8211; bardzo dobra przyczepno\u015b\u0107<br \/>\n &#8211; elastyczne<br \/>\n &#8211; zako\u0144czone \u015bci\u0105gaczem<\/p>\n<p>R\u0119kawica z elastycznej ocieplanej dzianiny powlekana lateksem. \u015aci\u0105gacz na nadgarstku, wentylowany grzbiet.<br \/>\nR\u0119kawice s\u0105 elastyczne dzi\u0119ki czemu \u015bwietnie dopasowuj\u0105 si\u0119 do d\u0142oni.<br \/>\nPrzeznaczone do ochrony indywidualnej przed minimalnymi zagro\u017ceniami.<br \/>\nPowlekane gum\u0105, dzi\u0119ki czemu s\u0105 odporne na przecieranie, zako\u0144czone \u015bci\u0105gaczem<\/p>\n<p>R\u0119kawice robocze ocieplane pomara\u0144czowe R. 10 XL<\/p>\n<p>Stosowane do pracy:<br \/>\n &#8211; na budowach<br \/>\n &#8211; na magazynach<br \/>\n &#8211; w ch\u0142odniach<br \/>\n &#8211; w przemy\u015ble transportowym<\/p>\n<p> &#8211; idealne do prac w niskich temperaturach<br \/>\n &#8211; bardzo dobra przyczepno\u015b\u0107<br \/>\n &#8211; elastyczne<br \/>\n &#8211; zako\u0144czone \u015bci\u0105gaczem<\/p>\n<p>R\u0119kawica z elastycznej ocieplanej dzianiny powlekana lateksem. \u015aci\u0105gacz na nadgarstku, wentylowany grzbiet.<br \/>\nR\u0119kawice s\u0105 elastyczne dzi\u0119ki czemu \u015bwietnie dopasowuj\u0105 si\u0119 do d\u0142oni.<br \/>\nPrzeznaczone do ochrony indywidualnej przed minimalnymi zagro\u017ceniami.<br \/>\nPowlekane gum\u0105, dzi\u0119ki czemu s\u0105 odporne na przecieranie, zako\u0144czone \u015bci\u0105gaczem<\/p>\n","protected":false},"excerpt":{"rendered":"<p>R\u0119kawice robocze ocieplane pomara\u0144czowe R. 10 XL Stosowane do pracy: &#8211; na budowach &#8211; na magazynach &#8211; w ch\u0142odniach &#8211; w przemy\u015ble transportowym &#8211; idealne do prac w niskich temperaturach &#8211; bardzo dobra przyczepno\u015b\u0107 &#8211; elastyczne &#8211; zako\u0144czone \u015bci\u0105gaczem R\u0119kawica z elastycznej ocieplanej dzianiny powlekana lateksem. \u015aci\u0105gacz na nadgarstku, wentylowany grzbiet. R\u0119kawice s\u0105 elastyczne dzi\u0119ki &#8230; <a title=\"R\u0119kawice robocze ocieplane pomara\u0144czowe R.10\" class=\"read-more\" href=\"https:\/\/selleetools.com\/pl\/product\/rekawice-robocze-ocieplane-pomaranczowe-r-10\/\">Read more<span class=\"screen-reader-text\">R\u0119kawice robocze ocieplane pomara\u0144czowe R.10<\/span><\/a><\/p>\n","protected":false},"featured_media":672420,"comment_status":"open","ping_status":"closed","template":"","meta":{"_links_to":"","_links_to_target":""},"yoast_head":"<!-- This site is optimized with the Yoast SEO plugin v19.4 - https:\/\/yoast.com\/wordpress\/plugins\/seo\/ -->\n<title>R\u0119kawice robocze ocieplane pomara\u0144czowe R.10 - Selleetools.com<\/title>\n<meta name=\"robots\" content=\"index, follow, max-snippet:-1, max-image-preview:large, max-video-preview:-1\" \/>\n<link rel=\"canonical\" href=\"https:\/\/selleetools.com\/pl\/product\/rekawice-robocze-ocieplane-pomaranczowe-r-10\/\" \/>\n<meta property=\"og:locale\" content=\"pl_PL\" \/>\n<meta property=\"og:type\" content=\"article\" \/>\n<meta property=\"og:title\" content=\"R\u0119kawice robocze ocieplane pomara\u0144czowe R.10 - Selleetools.com\" \/>\n<meta property=\"og:description\" content=\"R\u0119kawice robocze ocieplane pomara\u0144czowe R. 10 XL Stosowane do pracy: &#8211; na budowach &#8211; na magazynach &#8211; w ch\u0142odniach &#8211; w przemy\u015ble transportowym &#8211; idealne do prac w niskich temperaturach &#8211; bardzo dobra przyczepno\u015b\u0107 &#8211; elastyczne &#8211; zako\u0144czone \u015bci\u0105gaczem R\u0119kawica z elastycznej ocieplanej dzianiny powlekana lateksem. \u015aci\u0105gacz na nadgarstku, wentylowany grzbiet. R\u0119kawice s\u0105 elastyczne dzi\u0119ki ... Read moreR\u0119kawice robocze ocieplane pomara\u0144czowe R.10\" \/>\n<meta property=\"og:url\" content=\"https:\/\/selleetools.com\/pl\/product\/rekawice-robocze-ocieplane-pomaranczowe-r-10\/\" \/>\n<meta property=\"og:site_name\" content=\"Selleetools.com\" \/>\n<meta property=\"article:modified_time\" content=\"2026-04-18T11:09:21+00:00\" \/>\n<meta property=\"og:image\" content=\"https:\/\/selleetools.com\/wp-content\/uploads\/2026\/02\/84622716d1f79daa6e0c1a9c844079e2.jpg\" \/>\n\t<meta property=\"og:image:width\" content=\"977\" \/>\n\t<meta property=\"og:image:height\" content=\"1000\" \/>\n\t<meta property=\"og:image:type\" content=\"image\/jpeg\" \/>\n<meta name=\"twitter:card\" content=\"summary_large_image\" \/>\n<meta name=\"twitter:label1\" content=\"Est. reading time\" \/>\n\t<meta name=\"twitter:data1\" content=\"1 minuta\" \/>\n<!-- \/ Yoast SEO plugin. -->","yoast_head_json":{"title":"R\u0119kawice robocze ocieplane pomara\u0144czowe R.10 - Selleetools.com","robots":{"index":"index","follow":"follow","max-snippet":"max-snippet:-1","max-image-preview":"max-image-preview:large","max-video-preview":"max-video-preview:-1"},"canonical":"https:\/\/selleetools.com\/pl\/product\/rekawice-robocze-ocieplane-pomaranczowe-r-10\/","og_locale":"pl_PL","og_type":"article","og_title":"R\u0119kawice robocze ocieplane pomara\u0144czowe R.10 - Selleetools.com","og_description":"R\u0119kawice robocze ocieplane pomara\u0144czowe R. 10 XL Stosowane do pracy: &#8211; na budowach &#8211; na magazynach &#8211; w ch\u0142odniach &#8211; w przemy\u015ble transportowym &#8211; idealne do prac w niskich temperaturach &#8211; bardzo dobra przyczepno\u015b\u0107 &#8211; elastyczne &#8211; zako\u0144czone \u015bci\u0105gaczem R\u0119kawica z elastycznej ocieplanej dzianiny powlekana lateksem. \u015aci\u0105gacz na nadgarstku, wentylowany grzbiet. R\u0119kawice s\u0105 elastyczne dzi\u0119ki ... Read moreR\u0119kawice robocze ocieplane pomara\u0144czowe R.10","og_url":"https:\/\/selleetools.com\/pl\/product\/rekawice-robocze-ocieplane-pomaranczowe-r-10\/","og_site_name":"Selleetools.com","article_modified_time":"2026-04-18T11:09:21+00:00","og_image":[{"width":977,"height":1000,"url":"https:\/\/selleetools.com\/wp-content\/uploads\/2026\/02\/84622716d1f79daa6e0c1a9c844079e2.jpg","type":"image\/jpeg"}],"twitter_card":"summary_large_image","twitter_misc":{"Est. reading time":"1 minuta"},"schema":{"@context":"https:\/\/schema.org","@graph":[{"@type":"Organization","@id":"https:\/\/selleetools.com\/#organization","name":"Selleetools","url":"https:\/\/selleetools.com\/","sameAs":[],"logo":{"@type":"ImageObject","inLanguage":"pl-PL","@id":"https:\/\/selleetools.com\/#\/schema\/logo\/image\/","url":"https:\/\/selleetools.com\/wp-content\/uploads\/2021\/10\/logo-dark.png","contentUrl":"https:\/\/selleetools.com\/wp-content\/uploads\/2021\/10\/logo-dark.png","width":320,"height":76,"caption":"Selleetools"},"image":{"@id":"https:\/\/selleetools.com\/#\/schema\/logo\/image\/"}},{"@type":"WebSite","@id":"https:\/\/selleetools.com\/#website","url":"https:\/\/selleetools.com\/","name":"Selleetools.com","description":"","publisher":{"@id":"https:\/\/selleetools.com\/#organization"},"potentialAction":[{"@type":"SearchAction","target":{"@type":"EntryPoint","urlTemplate":"https:\/\/selleetools.com\/?s={search_term_string}"},"query-input":"required name=search_term_string"}],"inLanguage":"pl-PL"},{"@type":"WebPage","@id":"https:\/\/selleetools.com\/pl\/product\/rekawice-robocze-ocieplane-pomaranczowe-r-10\/","url":"https:\/\/selleetools.com\/pl\/product\/rekawice-robocze-ocieplane-pomaranczowe-r-10\/","name":"R\u0119kawice robocze ocieplane pomara\u0144czowe R.10 - Selleetools.com","isPartOf":{"@id":"https:\/\/selleetools.com\/#website"},"datePublished":"2026-02-19T14:56:56+00:00","dateModified":"2026-04-18T11:09:21+00:00","breadcrumb":{"@id":"https:\/\/selleetools.com\/pl\/product\/rekawice-robocze-ocieplane-pomaranczowe-r-10\/#breadcrumb"},"inLanguage":"pl-PL","potentialAction":[{"@type":"ReadAction","target":["https:\/\/selleetools.com\/pl\/product\/rekawice-robocze-ocieplane-pomaranczowe-r-10\/"]}]},{"@type":"BreadcrumbList","@id":"https:\/\/selleetools.com\/pl\/product\/rekawice-robocze-ocieplane-pomaranczowe-r-10\/#breadcrumb","itemListElement":[{"@type":"ListItem","position":1,"name":"Home","item":"https:\/\/selleetools.com\/pl\/"},{"@type":"ListItem","position":2,"name":"Katalog","item":"https:\/\/selleetools.com\/pl\/katalog\/"},{"@type":"ListItem","position":3,"name":"R\u0119kawice robocze ocieplane pomara\u0144czowe R.10"}]}]}},"_links":{"self":[{"href":"https:\/\/selleetools.com\/pl\/wp-json\/wp\/v2\/product\/672424"}],"collection":[{"href":"https:\/\/selleetools.com\/pl\/wp-json\/wp\/v2\/product"}],"about":[{"href":"https:\/\/selleetools.com\/pl\/wp-json\/wp\/v2\/types\/product"}],"replies":[{"embeddable":true,"href":"https:\/\/selleetools.com\/pl\/wp-json\/wp\/v2\/comments?post=672424"}],"wp:featuredmedia":[{"embeddable":true,"href":"https:\/\/selleetools.com\/pl\/wp-json\/wp\/v2\/media\/672420"}],"wp:attachment":[{"href":"https:\/\/selleetools.com\/pl\/wp-json\/wp\/v2\/media?parent=672424"}],"curies":[{"name":"wp","href":"https:\/\/api.w.org\/{rel}","templated":true}]}}