{"id":672419,"date":"2026-02-19T15:56:53","date_gmt":"2026-02-19T14:56:53","guid":{"rendered":"https:\/\/selleetools.com\/?post_type=product&#038;p=672419"},"modified":"2026-04-14T18:58:59","modified_gmt":"2026-04-14T16:58:59","slug":"doniczka-wysoka-effect-urbi-durs265e-z-wkladem-beton","status":"publish","type":"product","link":"https:\/\/selleetools.com\/pl\/product\/doniczka-wysoka-effect-urbi-durs265e-z-wkladem-beton\/","title":{"rendered":"Doniczka wysoka Effect Urbi DURS265E z wk\u0142adem | Beton"},"content":{"rendered":"<p>Doniczka wysoka Beton Urbi DURS265B z wk\u0142adem<br \/>\nSpecyfikacja doniczki:<br \/>\n &#8211; d\u0142ugo\u015b\u0107 g\u00f3ry &#8211; 26,5 cm<br \/>\n &#8211; d\u0142ugo\u015b\u0107 podstawy &#8211; 20,5 cm<br \/>\n &#8211; wysoko\u015b\u0107 &#8211; 50 cm<br \/>\n &#8211; pojemno\u015b\u0107 &#8211; 26,5 l<br \/>\n &#8211; materia\u0142 &#8211; tworzywo sztuczne<br \/>\n &#8211; efekt powierzchni &#8211; matowa<br \/>\n &#8211; waga &#8211; 1,20 kg<br \/>\nZestaw zawiera:<br \/>\n &#8211; os\u0142onk\u0119 Beton\u00a0URBI<br \/>\n &#8211; wk\u0142ad wewn\u0119trzny<\/p>\n<p>Wk\u0142ad wewn\u0119trzny do doniczek URBI pozwala na zmniejszenie przestrzeni wewn\u0119trznej a tym samy wykorzystanie mniejszej ilo\u015bci ziemi.<br \/>\nSpecyfikacja\u00a0wk\u0142adu:<br \/>\n &#8211; d\u0142ugo\u015b\u0107 g\u00f3ry &#8211; 26 cm<br \/>\n &#8211; d\u0142ugo\u015b\u0107 podstawy &#8211; 24 cm<br \/>\n &#8211; wysoko\u015b\u0107 &#8211; 25,5 cm<br \/>\n &#8211; pojemno\u015b\u0107 &#8211; 20,5 l<br \/>\n &#8211; materia\u0142 &#8211; tworzywo sztuczne<\/p>\n<p>Producent:<\/p>\n<p>Doniczki wykonane z trwa\u0142ego plastiku, kt\u00f3ry imituje beton. Nowoczesnym design, doda ka\u017cdemu wn\u0119trzu stylu i elegancji. Mog\u0105 s\u0142u\u017cy\u0107 jako os\u0142onki, ale tak\u017ce jako doniczki.<br \/>\n &#8211; Charakteryzuje si\u0119 zgrabn\u0105, form\u0105 zw\u0119\u017can\u0105 ku do\u0142owi.<br \/>\n &#8211; Lekka i nowoczesna,<br \/>\n &#8211; Stanowi elegancki i stylowy element zar\u00f3wno we wn\u0119trzach nowoczesnych, jak i tradycyjnych.<br \/>\n &#8211; \u0141atwa w utrzymaniu czysto\u015bci.<br \/>\n &#8211; Odporna na dzia\u0142anie warunk\u00f3w atmosferycznych i promieni UV.<br \/>\nMo\u017cemy j\u0105 umie\u015bci\u0107:<br \/>\n &#8211; w domu<br \/>\n &#8211; przestronnym wn\u0119trzu<br \/>\n &#8211; na tarasie<br \/>\n &#8211; na balkonie<br \/>\n &#8211; w ogrodzie<\/p>\n<p>Galeria:<\/p>\n<p>Doniczka wysoka Beton Urbi DURS265B z wk\u0142adem<br \/>\nSpecyfikacja doniczki:<br \/>\n &#8211; d\u0142ugo\u015b\u0107 g\u00f3ry &#8211; 26,5 cm<br \/>\n &#8211; d\u0142ugo\u015b\u0107 podstawy &#8211; 20,5 cm<br \/>\n &#8211; wysoko\u015b\u0107 &#8211; 50 cm<br \/>\n &#8211; pojemno\u015b\u0107 &#8211; 26,5 l<br \/>\n &#8211; materia\u0142 &#8211; tworzywo sztuczne<br \/>\n &#8211; efekt powierzchni &#8211; matowa<br \/>\n &#8211; waga &#8211; 1,20 kg<br \/>\nZestaw zawiera:<br \/>\n &#8211; os\u0142onk\u0119 Beton\u00a0URBI<br \/>\n &#8211; wk\u0142ad wewn\u0119trzny<\/p>\n<p>Wk\u0142ad wewn\u0119trzny do doniczek URBI pozwala na zmniejszenie przestrzeni wewn\u0119trznej a tym samy wykorzystanie mniejszej ilo\u015bci ziemi.<br \/>\nSpecyfikacja\u00a0wk\u0142adu:<br \/>\n &#8211; d\u0142ugo\u015b\u0107 g\u00f3ry &#8211; 26 cm<br \/>\n &#8211; d\u0142ugo\u015b\u0107 podstawy &#8211; 24 cm<br \/>\n &#8211; wysoko\u015b\u0107 &#8211; 25,5 cm<br \/>\n &#8211; pojemno\u015b\u0107 &#8211; 20,5 l<br \/>\n &#8211; materia\u0142 &#8211; tworzywo sztuczne<\/p>\n<p>Producent:<\/p>\n<p>Doniczki wykonane z trwa\u0142ego plastiku, kt\u00f3ry imituje beton. Nowoczesnym design, doda ka\u017cdemu wn\u0119trzu stylu i elegancji. Mog\u0105 s\u0142u\u017cy\u0107 jako os\u0142onki, ale tak\u017ce jako doniczki.<br \/>\n &#8211; Charakteryzuje si\u0119 zgrabn\u0105, form\u0105 zw\u0119\u017can\u0105 ku do\u0142owi.<br \/>\n &#8211; Lekka i nowoczesna,<br \/>\n &#8211; Stanowi elegancki i stylowy element zar\u00f3wno we wn\u0119trzach nowoczesnych, jak i tradycyjnych.<br \/>\n &#8211; \u0141atwa w utrzymaniu czysto\u015bci.<br \/>\n &#8211; Odporna na dzia\u0142anie warunk\u00f3w atmosferycznych i promieni UV.<br \/>\nMo\u017cemy j\u0105 umie\u015bci\u0107:<br \/>\n &#8211; w domu<br \/>\n &#8211; przestronnym wn\u0119trzu<br \/>\n &#8211; na tarasie<br \/>\n &#8211; na balkonie<br \/>\n &#8211; w ogrodzie<\/p>\n<p>Galeria:<\/p>\n","protected":false},"excerpt":{"rendered":"<p>Doniczka wysoka Beton Urbi DURS265B z wk\u0142adem Specyfikacja doniczki: &#8211; d\u0142ugo\u015b\u0107 g\u00f3ry &#8211; 26,5 cm &#8211; d\u0142ugo\u015b\u0107 podstawy &#8211; 20,5 cm &#8211; wysoko\u015b\u0107 &#8211; 50 cm &#8211; pojemno\u015b\u0107 &#8211; 26,5 l &#8211; materia\u0142 &#8211; tworzywo sztuczne &#8211; efekt powierzchni &#8211; matowa &#8211; waga &#8211; 1,20 kg Zestaw zawiera: &#8211; os\u0142onk\u0119 Beton\u00a0URBI &#8211; wk\u0142ad wewn\u0119trzny Wk\u0142ad &#8230; <a title=\"Doniczka wysoka Effect Urbi DURS265E z wk\u0142adem | Beton\" class=\"read-more\" href=\"https:\/\/selleetools.com\/pl\/product\/doniczka-wysoka-effect-urbi-durs265e-z-wkladem-beton\/\">Read more<span class=\"screen-reader-text\">Doniczka wysoka Effect Urbi DURS265E z wk\u0142adem | Beton<\/span><\/a><\/p>\n","protected":false},"featured_media":672405,"comment_status":"open","ping_status":"closed","template":"","meta":{"_links_to":"","_links_to_target":""},"yoast_head":"<!-- This site is optimized with the Yoast SEO plugin v19.4 - https:\/\/yoast.com\/wordpress\/plugins\/seo\/ -->\n<title>Doniczka wysoka Effect Urbi DURS265E z wk\u0142adem | Beton - Selleetools.com<\/title>\n<meta name=\"robots\" content=\"index, follow, max-snippet:-1, max-image-preview:large, max-video-preview:-1\" \/>\n<link rel=\"canonical\" href=\"https:\/\/selleetools.com\/pl\/product\/doniczka-wysoka-effect-urbi-durs265e-z-wkladem-beton\/\" \/>\n<meta property=\"og:locale\" content=\"pl_PL\" \/>\n<meta property=\"og:type\" content=\"article\" \/>\n<meta property=\"og:title\" content=\"Doniczka wysoka Effect Urbi DURS265E z wk\u0142adem | Beton - Selleetools.com\" \/>\n<meta property=\"og:description\" content=\"Doniczka wysoka Beton Urbi DURS265B z wk\u0142adem Specyfikacja doniczki: &#8211; d\u0142ugo\u015b\u0107 g\u00f3ry &#8211; 26,5 cm &#8211; d\u0142ugo\u015b\u0107 podstawy &#8211; 20,5 cm &#8211; wysoko\u015b\u0107 &#8211; 50 cm &#8211; pojemno\u015b\u0107 &#8211; 26,5 l &#8211; materia\u0142 &#8211; tworzywo sztuczne &#8211; efekt powierzchni &#8211; matowa &#8211; waga &#8211; 1,20 kg Zestaw zawiera: &#8211; os\u0142onk\u0119 Beton\u00a0URBI &#8211; wk\u0142ad wewn\u0119trzny Wk\u0142ad ... Read moreDoniczka wysoka Effect Urbi DURS265E z wk\u0142adem | Beton\" \/>\n<meta property=\"og:url\" content=\"https:\/\/selleetools.com\/pl\/product\/doniczka-wysoka-effect-urbi-durs265e-z-wkladem-beton\/\" \/>\n<meta property=\"og:site_name\" content=\"Selleetools.com\" \/>\n<meta property=\"article:modified_time\" content=\"2026-04-14T16:58:59+00:00\" \/>\n<meta property=\"og:image\" content=\"https:\/\/selleetools.com\/wp-content\/uploads\/2026\/02\/2d38594325bd4b6e5c744f3fb31f880a.jpg\" \/>\n\t<meta property=\"og:image:width\" content=\"1206\" \/>\n\t<meta property=\"og:image:height\" content=\"1000\" \/>\n\t<meta property=\"og:image:type\" content=\"image\/jpeg\" \/>\n<meta name=\"twitter:card\" content=\"summary_large_image\" \/>\n<meta name=\"twitter:label1\" content=\"Est. reading time\" \/>\n\t<meta name=\"twitter:data1\" content=\"2 minuty\" \/>\n<!-- \/ Yoast SEO plugin. -->","yoast_head_json":{"title":"Doniczka wysoka Effect Urbi DURS265E z wk\u0142adem | Beton - Selleetools.com","robots":{"index":"index","follow":"follow","max-snippet":"max-snippet:-1","max-image-preview":"max-image-preview:large","max-video-preview":"max-video-preview:-1"},"canonical":"https:\/\/selleetools.com\/pl\/product\/doniczka-wysoka-effect-urbi-durs265e-z-wkladem-beton\/","og_locale":"pl_PL","og_type":"article","og_title":"Doniczka wysoka Effect Urbi DURS265E z wk\u0142adem | Beton - Selleetools.com","og_description":"Doniczka wysoka Beton Urbi DURS265B z wk\u0142adem Specyfikacja doniczki: &#8211; d\u0142ugo\u015b\u0107 g\u00f3ry &#8211; 26,5 cm &#8211; d\u0142ugo\u015b\u0107 podstawy &#8211; 20,5 cm &#8211; wysoko\u015b\u0107 &#8211; 50 cm &#8211; pojemno\u015b\u0107 &#8211; 26,5 l &#8211; materia\u0142 &#8211; tworzywo sztuczne &#8211; efekt powierzchni &#8211; matowa &#8211; waga &#8211; 1,20 kg Zestaw zawiera: &#8211; os\u0142onk\u0119 Beton\u00a0URBI &#8211; wk\u0142ad wewn\u0119trzny Wk\u0142ad ... Read moreDoniczka wysoka Effect Urbi DURS265E z wk\u0142adem | Beton","og_url":"https:\/\/selleetools.com\/pl\/product\/doniczka-wysoka-effect-urbi-durs265e-z-wkladem-beton\/","og_site_name":"Selleetools.com","article_modified_time":"2026-04-14T16:58:59+00:00","og_image":[{"width":1206,"height":1000,"url":"https:\/\/selleetools.com\/wp-content\/uploads\/2026\/02\/2d38594325bd4b6e5c744f3fb31f880a.jpg","type":"image\/jpeg"}],"twitter_card":"summary_large_image","twitter_misc":{"Est. reading time":"2 minuty"},"schema":{"@context":"https:\/\/schema.org","@graph":[{"@type":"Organization","@id":"https:\/\/selleetools.com\/#organization","name":"Selleetools","url":"https:\/\/selleetools.com\/","sameAs":[],"logo":{"@type":"ImageObject","inLanguage":"pl-PL","@id":"https:\/\/selleetools.com\/#\/schema\/logo\/image\/","url":"https:\/\/selleetools.com\/wp-content\/uploads\/2021\/10\/logo-dark.png","contentUrl":"https:\/\/selleetools.com\/wp-content\/uploads\/2021\/10\/logo-dark.png","width":320,"height":76,"caption":"Selleetools"},"image":{"@id":"https:\/\/selleetools.com\/#\/schema\/logo\/image\/"}},{"@type":"WebSite","@id":"https:\/\/selleetools.com\/#website","url":"https:\/\/selleetools.com\/","name":"Selleetools.com","description":"","publisher":{"@id":"https:\/\/selleetools.com\/#organization"},"potentialAction":[{"@type":"SearchAction","target":{"@type":"EntryPoint","urlTemplate":"https:\/\/selleetools.com\/?s={search_term_string}"},"query-input":"required name=search_term_string"}],"inLanguage":"pl-PL"},{"@type":"WebPage","@id":"https:\/\/selleetools.com\/pl\/product\/doniczka-wysoka-effect-urbi-durs265e-z-wkladem-beton\/","url":"https:\/\/selleetools.com\/pl\/product\/doniczka-wysoka-effect-urbi-durs265e-z-wkladem-beton\/","name":"Doniczka wysoka Effect Urbi DURS265E z wk\u0142adem | Beton - Selleetools.com","isPartOf":{"@id":"https:\/\/selleetools.com\/#website"},"datePublished":"2026-02-19T14:56:53+00:00","dateModified":"2026-04-14T16:58:59+00:00","breadcrumb":{"@id":"https:\/\/selleetools.com\/pl\/product\/doniczka-wysoka-effect-urbi-durs265e-z-wkladem-beton\/#breadcrumb"},"inLanguage":"pl-PL","potentialAction":[{"@type":"ReadAction","target":["https:\/\/selleetools.com\/pl\/product\/doniczka-wysoka-effect-urbi-durs265e-z-wkladem-beton\/"]}]},{"@type":"BreadcrumbList","@id":"https:\/\/selleetools.com\/pl\/product\/doniczka-wysoka-effect-urbi-durs265e-z-wkladem-beton\/#breadcrumb","itemListElement":[{"@type":"ListItem","position":1,"name":"Home","item":"https:\/\/selleetools.com\/pl\/"},{"@type":"ListItem","position":2,"name":"Katalog","item":"https:\/\/selleetools.com\/pl\/katalog\/"},{"@type":"ListItem","position":3,"name":"Doniczka wysoka Effect Urbi DURS265E z wk\u0142adem | Beton"}]}]}},"_links":{"self":[{"href":"https:\/\/selleetools.com\/pl\/wp-json\/wp\/v2\/product\/672419"}],"collection":[{"href":"https:\/\/selleetools.com\/pl\/wp-json\/wp\/v2\/product"}],"about":[{"href":"https:\/\/selleetools.com\/pl\/wp-json\/wp\/v2\/types\/product"}],"replies":[{"embeddable":true,"href":"https:\/\/selleetools.com\/pl\/wp-json\/wp\/v2\/comments?post=672419"}],"wp:featuredmedia":[{"embeddable":true,"href":"https:\/\/selleetools.com\/pl\/wp-json\/wp\/v2\/media\/672405"}],"wp:attachment":[{"href":"https:\/\/selleetools.com\/pl\/wp-json\/wp\/v2\/media?parent=672419"}],"curies":[{"name":"wp","href":"https:\/\/api.w.org\/{rel}","templated":true}]}}