{"id":672262,"date":"2026-02-19T15:55:44","date_gmt":"2026-02-19T14:55:44","guid":{"rendered":"https:\/\/selleetools.com\/?post_type=product&#038;p=672262"},"modified":"2026-04-18T15:54:38","modified_gmt":"2026-04-18T13:54:38","slug":"biopon-nawoz-do-truskawek-i-poziomek-1kg","status":"publish","type":"product","link":"https:\/\/selleetools.com\/pl\/product\/biopon-nawoz-do-truskawek-i-poziomek-1kg\/","title":{"rendered":"BIOPON Naw\u00f3z do truskawek i poziomek 1kg"},"content":{"rendered":"<p>BIOPON Naw\u00f3z do truskawek i poziomek 1kg<br \/>\nWielosk\u0142adnikowy naw\u00f3z granulowany przeznaczony do nawo\u017cenia truskawek i poziomek w uprawach gruntowych. Odpowiednio dobrana zawarto\u015b\u0107 azotu stymuluje prawid\u0142owy wzrost krzew\u00f3w nie powoduj\u0105c gromadzenia si\u0119 szkodliwych azotan\u00f3w w owocach. Dodatek potasu poprawia plenno\u015b\u0107 ro\u015blin, pobudza je do kwitnienia i obfitego owocowania.<br \/>\nSK\u0141AD:<br \/>\n &#8211; AZOT 20%,<br \/>\n &#8211; FOSFOR 7%,<br \/>\n &#8211; POTAS 10%,<br \/>\n &#8211; MAGNEZ 2%,<br \/>\n &#8211; SIARKA 7%.<\/p>\n<p>Producent:<\/p>\n<p>BIOPON Naw\u00f3z do truskawek i poziomek 1kg<br \/>\nWielosk\u0142adnikowy naw\u00f3z granulowany przeznaczony do nawo\u017cenia truskawek i poziomek w uprawach gruntowych. Odpowiednio dobrana zawarto\u015b\u0107 azotu stymuluje prawid\u0142owy wzrost krzew\u00f3w nie powoduj\u0105c gromadzenia si\u0119 szkodliwych azotan\u00f3w w owocach. Dodatek potasu poprawia plenno\u015b\u0107 ro\u015blin, pobudza je do kwitnienia i obfitego owocowania.<br \/>\nSK\u0141AD:<br \/>\n &#8211; AZOT 20%,<br \/>\n &#8211; FOSFOR 7%,<br \/>\n &#8211; POTAS 10%,<br \/>\n &#8211; MAGNEZ 2%,<br \/>\n &#8211; SIARKA 7%.<\/p>\n<p>Producent:<\/p>\n","protected":false},"excerpt":{"rendered":"<p>BIOPON Naw\u00f3z do truskawek i poziomek 1kg Wielosk\u0142adnikowy naw\u00f3z granulowany przeznaczony do nawo\u017cenia truskawek i poziomek w uprawach gruntowych. Odpowiednio dobrana zawarto\u015b\u0107 azotu stymuluje prawid\u0142owy wzrost krzew\u00f3w nie powoduj\u0105c gromadzenia si\u0119 szkodliwych azotan\u00f3w w owocach. Dodatek potasu poprawia plenno\u015b\u0107 ro\u015blin, pobudza je do kwitnienia i obfitego owocowania. SK\u0141AD: &#8211; AZOT 20%, &#8211; FOSFOR 7%, &#8211; &#8230; <a title=\"BIOPON Naw\u00f3z do truskawek i poziomek 1kg\" class=\"read-more\" href=\"https:\/\/selleetools.com\/pl\/product\/biopon-nawoz-do-truskawek-i-poziomek-1kg\/\">Read more<span class=\"screen-reader-text\">BIOPON Naw\u00f3z do truskawek i poziomek 1kg<\/span><\/a><\/p>\n","protected":false},"featured_media":672258,"comment_status":"open","ping_status":"closed","template":"","meta":{"_links_to":"","_links_to_target":""},"yoast_head":"<!-- This site is optimized with the Yoast SEO plugin v19.4 - https:\/\/yoast.com\/wordpress\/plugins\/seo\/ -->\n<title>BIOPON Naw\u00f3z do truskawek i poziomek 1kg - Selleetools.com<\/title>\n<meta name=\"robots\" content=\"index, follow, max-snippet:-1, max-image-preview:large, max-video-preview:-1\" \/>\n<link rel=\"canonical\" href=\"https:\/\/selleetools.com\/pl\/product\/biopon-nawoz-do-truskawek-i-poziomek-1kg\/\" \/>\n<meta property=\"og:locale\" content=\"pl_PL\" \/>\n<meta property=\"og:type\" content=\"article\" \/>\n<meta property=\"og:title\" content=\"BIOPON Naw\u00f3z do truskawek i poziomek 1kg - Selleetools.com\" \/>\n<meta property=\"og:description\" content=\"BIOPON Naw\u00f3z do truskawek i poziomek 1kg Wielosk\u0142adnikowy naw\u00f3z granulowany przeznaczony do nawo\u017cenia truskawek i poziomek w uprawach gruntowych. Odpowiednio dobrana zawarto\u015b\u0107 azotu stymuluje prawid\u0142owy wzrost krzew\u00f3w nie powoduj\u0105c gromadzenia si\u0119 szkodliwych azotan\u00f3w w owocach. Dodatek potasu poprawia plenno\u015b\u0107 ro\u015blin, pobudza je do kwitnienia i obfitego owocowania. SK\u0141AD: &#8211; AZOT 20%, &#8211; FOSFOR 7%, &#8211; ... Read moreBIOPON Naw\u00f3z do truskawek i poziomek 1kg\" \/>\n<meta property=\"og:url\" content=\"https:\/\/selleetools.com\/pl\/product\/biopon-nawoz-do-truskawek-i-poziomek-1kg\/\" \/>\n<meta property=\"og:site_name\" content=\"Selleetools.com\" \/>\n<meta property=\"article:modified_time\" content=\"2026-04-18T13:54:38+00:00\" \/>\n<meta property=\"og:image\" content=\"https:\/\/selleetools.com\/wp-content\/uploads\/2026\/02\/a23de44e3c8c56404dbba087bdb04805.jpg\" \/>\n\t<meta property=\"og:image:width\" content=\"835\" \/>\n\t<meta property=\"og:image:height\" content=\"1200\" \/>\n\t<meta property=\"og:image:type\" content=\"image\/jpeg\" \/>\n<meta name=\"twitter:card\" content=\"summary_large_image\" \/>\n<meta name=\"twitter:label1\" content=\"Est. reading time\" \/>\n\t<meta name=\"twitter:data1\" content=\"1 minuta\" \/>\n<!-- \/ Yoast SEO plugin. -->","yoast_head_json":{"title":"BIOPON Naw\u00f3z do truskawek i poziomek 1kg - Selleetools.com","robots":{"index":"index","follow":"follow","max-snippet":"max-snippet:-1","max-image-preview":"max-image-preview:large","max-video-preview":"max-video-preview:-1"},"canonical":"https:\/\/selleetools.com\/pl\/product\/biopon-nawoz-do-truskawek-i-poziomek-1kg\/","og_locale":"pl_PL","og_type":"article","og_title":"BIOPON Naw\u00f3z do truskawek i poziomek 1kg - Selleetools.com","og_description":"BIOPON Naw\u00f3z do truskawek i poziomek 1kg Wielosk\u0142adnikowy naw\u00f3z granulowany przeznaczony do nawo\u017cenia truskawek i poziomek w uprawach gruntowych. Odpowiednio dobrana zawarto\u015b\u0107 azotu stymuluje prawid\u0142owy wzrost krzew\u00f3w nie powoduj\u0105c gromadzenia si\u0119 szkodliwych azotan\u00f3w w owocach. Dodatek potasu poprawia plenno\u015b\u0107 ro\u015blin, pobudza je do kwitnienia i obfitego owocowania. SK\u0141AD: &#8211; AZOT 20%, &#8211; FOSFOR 7%, &#8211; ... Read moreBIOPON Naw\u00f3z do truskawek i poziomek 1kg","og_url":"https:\/\/selleetools.com\/pl\/product\/biopon-nawoz-do-truskawek-i-poziomek-1kg\/","og_site_name":"Selleetools.com","article_modified_time":"2026-04-18T13:54:38+00:00","og_image":[{"width":835,"height":1200,"url":"https:\/\/selleetools.com\/wp-content\/uploads\/2026\/02\/a23de44e3c8c56404dbba087bdb04805.jpg","type":"image\/jpeg"}],"twitter_card":"summary_large_image","twitter_misc":{"Est. reading time":"1 minuta"},"schema":{"@context":"https:\/\/schema.org","@graph":[{"@type":"Organization","@id":"https:\/\/selleetools.com\/#organization","name":"Selleetools","url":"https:\/\/selleetools.com\/","sameAs":[],"logo":{"@type":"ImageObject","inLanguage":"pl-PL","@id":"https:\/\/selleetools.com\/#\/schema\/logo\/image\/","url":"https:\/\/selleetools.com\/wp-content\/uploads\/2021\/10\/logo-dark.png","contentUrl":"https:\/\/selleetools.com\/wp-content\/uploads\/2021\/10\/logo-dark.png","width":320,"height":76,"caption":"Selleetools"},"image":{"@id":"https:\/\/selleetools.com\/#\/schema\/logo\/image\/"}},{"@type":"WebSite","@id":"https:\/\/selleetools.com\/#website","url":"https:\/\/selleetools.com\/","name":"Selleetools.com","description":"","publisher":{"@id":"https:\/\/selleetools.com\/#organization"},"potentialAction":[{"@type":"SearchAction","target":{"@type":"EntryPoint","urlTemplate":"https:\/\/selleetools.com\/?s={search_term_string}"},"query-input":"required name=search_term_string"}],"inLanguage":"pl-PL"},{"@type":"WebPage","@id":"https:\/\/selleetools.com\/pl\/product\/biopon-nawoz-do-truskawek-i-poziomek-1kg\/","url":"https:\/\/selleetools.com\/pl\/product\/biopon-nawoz-do-truskawek-i-poziomek-1kg\/","name":"BIOPON Naw\u00f3z do truskawek i poziomek 1kg - Selleetools.com","isPartOf":{"@id":"https:\/\/selleetools.com\/#website"},"datePublished":"2026-02-19T14:55:44+00:00","dateModified":"2026-04-18T13:54:38+00:00","breadcrumb":{"@id":"https:\/\/selleetools.com\/pl\/product\/biopon-nawoz-do-truskawek-i-poziomek-1kg\/#breadcrumb"},"inLanguage":"pl-PL","potentialAction":[{"@type":"ReadAction","target":["https:\/\/selleetools.com\/pl\/product\/biopon-nawoz-do-truskawek-i-poziomek-1kg\/"]}]},{"@type":"BreadcrumbList","@id":"https:\/\/selleetools.com\/pl\/product\/biopon-nawoz-do-truskawek-i-poziomek-1kg\/#breadcrumb","itemListElement":[{"@type":"ListItem","position":1,"name":"Home","item":"https:\/\/selleetools.com\/pl\/"},{"@type":"ListItem","position":2,"name":"Katalog","item":"https:\/\/selleetools.com\/pl\/katalog\/"},{"@type":"ListItem","position":3,"name":"BIOPON Naw\u00f3z do truskawek i poziomek 1kg"}]}]}},"_links":{"self":[{"href":"https:\/\/selleetools.com\/pl\/wp-json\/wp\/v2\/product\/672262"}],"collection":[{"href":"https:\/\/selleetools.com\/pl\/wp-json\/wp\/v2\/product"}],"about":[{"href":"https:\/\/selleetools.com\/pl\/wp-json\/wp\/v2\/types\/product"}],"replies":[{"embeddable":true,"href":"https:\/\/selleetools.com\/pl\/wp-json\/wp\/v2\/comments?post=672262"}],"wp:featuredmedia":[{"embeddable":true,"href":"https:\/\/selleetools.com\/pl\/wp-json\/wp\/v2\/media\/672258"}],"wp:attachment":[{"href":"https:\/\/selleetools.com\/pl\/wp-json\/wp\/v2\/media?parent=672262"}],"curies":[{"name":"wp","href":"https:\/\/api.w.org\/{rel}","templated":true}]}}