{"id":672199,"date":"2026-02-19T15:55:05","date_gmt":"2026-02-19T14:55:05","guid":{"rendered":"https:\/\/selleetools.com\/?post_type=product&#038;p=672199"},"modified":"2026-04-15T17:52:45","modified_gmt":"2026-04-15T15:52:45","slug":"skrzynka-balkonowa-elba-40-z-uchwytami-antracyt","status":"publish","type":"product","link":"https:\/\/selleetools.com\/pl\/product\/skrzynka-balkonowa-elba-40-z-uchwytami-antracyt\/","title":{"rendered":"Skrzynka balkonowa Elba 40 z uchwytami | Antracyt"},"content":{"rendered":"<p>Skrzynka balkonowa Elba 40 z uchwytami\u00a0&#8211; Antracyt<br \/>\nSpecyfikacja:<br \/>\n &#8211; d\u0142ugo\u015b\u0107 &#8211; 39cm<br \/>\n &#8211; szeroko\u015b\u0107 &#8211; 17cm<br \/>\n &#8211; wysoko\u015b\u0107 &#8211; 15cm<br \/>\n &#8211; materia\u0142 &#8211; tworzywo sztuczne\/drewno<br \/>\nZastosowanie:<br \/>\n &#8211; zewn\u0119trzne<br \/>\nInformacje dodatkowe:<br \/>\n &#8211; Doniczka posiada dwa uchwyty do powieszenia na balustradzie<br \/>\n &#8211; Nie posiada podstawki.<br \/>\nW sk\u0142ad zestawu wchodzi:<br \/>\n &#8211; Doniczka &#8211; 1szt.<br \/>\n &#8211; Uchwyt do powieszenia na barierce\u00a0&#8211; 2szt.<br \/>\nSkrzynka ELBA o fakturze do z\u0142udzenia przypominaj\u0105cej drewno. Klasyczna i elegancka, uatrakcyjni wn\u0119trza, jak r\u00f3wnie\u017c aran\u017cacje balkonowe i ogrodowe.<\/p>\n<p>Mo\u017cemy j\u0105 umie\u015bci\u0107:<br \/>\n &#8211; na tarasie<br \/>\n &#8211; na balkonie<br \/>\n &#8211; w ogrodzie<br \/>\nSkrzynka ELBA o fakturze do z\u0142udzenia przypominaj\u0105cej drewno. Klasyczna i elegancka, uatrakcyjni wn\u0119trza, jak r\u00f3wnie\u017c aran\u017cacje balkonowe i ogrodowe.<br \/>\n &#8211; Tradycyjny, prosty kszta\u0142t doniczek form\u0105 przypominaj\u0105cy naczynie zbudowane z listewek<br \/>\n &#8211; Rustykalny charakter produktu doskonale komponuje si\u0119 z nowoczesnymi wn\u0119trzami<br \/>\n &#8211; Uzupe\u0142nia przestrzenie ogrodowe i tarasowe<br \/>\n &#8211; Spokojna kolorystyka, nawi\u0105zuj\u0105ca do kolor\u00f3w ziemi, pasuj\u0105ca do wi\u0119kszo\u015bci aran\u017cacji.<\/p>\n<p>Producent:<\/p>\n<p>Skrzynka balkonowa Elba 40 z uchwytami\u00a0&#8211; Antracyt<br \/>\nSpecyfikacja:<br \/>\n &#8211; d\u0142ugo\u015b\u0107 &#8211; 39cm<br \/>\n &#8211; szeroko\u015b\u0107 &#8211; 17cm<br \/>\n &#8211; wysoko\u015b\u0107 &#8211; 15cm<br \/>\n &#8211; materia\u0142 &#8211; tworzywo sztuczne\/drewno<br \/>\nZastosowanie:<br \/>\n &#8211; zewn\u0119trzne<br \/>\nInformacje dodatkowe:<br \/>\n &#8211; Doniczka posiada dwa uchwyty do powieszenia na balustradzie<br \/>\n &#8211; Nie posiada podstawki.<br \/>\nW sk\u0142ad zestawu wchodzi:<br \/>\n &#8211; Doniczka &#8211; 1szt.<br \/>\n &#8211; Uchwyt do powieszenia na barierce\u00a0&#8211; 2szt.<br \/>\nSkrzynka ELBA o fakturze do z\u0142udzenia przypominaj\u0105cej drewno. Klasyczna i elegancka, uatrakcyjni wn\u0119trza, jak r\u00f3wnie\u017c aran\u017cacje balkonowe i ogrodowe.<\/p>\n<p>Mo\u017cemy j\u0105 umie\u015bci\u0107:<br \/>\n &#8211; na tarasie<br \/>\n &#8211; na balkonie<br \/>\n &#8211; w ogrodzie<br \/>\nSkrzynka ELBA o fakturze do z\u0142udzenia przypominaj\u0105cej drewno. Klasyczna i elegancka, uatrakcyjni wn\u0119trza, jak r\u00f3wnie\u017c aran\u017cacje balkonowe i ogrodowe.<br \/>\n &#8211; Tradycyjny, prosty kszta\u0142t doniczek form\u0105 przypominaj\u0105cy naczynie zbudowane z listewek<br \/>\n &#8211; Rustykalny charakter produktu doskonale komponuje si\u0119 z nowoczesnymi wn\u0119trzami<br \/>\n &#8211; Uzupe\u0142nia przestrzenie ogrodowe i tarasowe<br \/>\n &#8211; Spokojna kolorystyka, nawi\u0105zuj\u0105ca do kolor\u00f3w ziemi, pasuj\u0105ca do wi\u0119kszo\u015bci aran\u017cacji.<\/p>\n<p>Producent:<\/p>\n","protected":false},"excerpt":{"rendered":"<p>Skrzynka balkonowa Elba 40 z uchwytami\u00a0&#8211; Antracyt Specyfikacja: &#8211; d\u0142ugo\u015b\u0107 &#8211; 39cm &#8211; szeroko\u015b\u0107 &#8211; 17cm &#8211; wysoko\u015b\u0107 &#8211; 15cm &#8211; materia\u0142 &#8211; tworzywo sztuczne\/drewno Zastosowanie: &#8211; zewn\u0119trzne Informacje dodatkowe: &#8211; Doniczka posiada dwa uchwyty do powieszenia na balustradzie &#8211; Nie posiada podstawki. W sk\u0142ad zestawu wchodzi: &#8211; Doniczka &#8211; 1szt. &#8211; Uchwyt do powieszenia &#8230; <a title=\"Skrzynka balkonowa Elba 40 z uchwytami | Antracyt\" class=\"read-more\" href=\"https:\/\/selleetools.com\/pl\/product\/skrzynka-balkonowa-elba-40-z-uchwytami-antracyt\/\">Read more<span class=\"screen-reader-text\">Skrzynka balkonowa Elba 40 z uchwytami | Antracyt<\/span><\/a><\/p>\n","protected":false},"featured_media":672191,"comment_status":"open","ping_status":"closed","template":"","meta":{"_links_to":"","_links_to_target":""},"yoast_head":"<!-- This site is optimized with the Yoast SEO plugin v19.4 - https:\/\/yoast.com\/wordpress\/plugins\/seo\/ -->\n<title>Skrzynka balkonowa Elba 40 z uchwytami | Antracyt - Selleetools.com<\/title>\n<meta name=\"robots\" content=\"index, follow, max-snippet:-1, max-image-preview:large, max-video-preview:-1\" \/>\n<link rel=\"canonical\" href=\"https:\/\/selleetools.com\/pl\/product\/skrzynka-balkonowa-elba-40-z-uchwytami-antracyt\/\" \/>\n<meta property=\"og:locale\" content=\"pl_PL\" \/>\n<meta property=\"og:type\" content=\"article\" \/>\n<meta property=\"og:title\" content=\"Skrzynka balkonowa Elba 40 z uchwytami | Antracyt - Selleetools.com\" \/>\n<meta property=\"og:description\" content=\"Skrzynka balkonowa Elba 40 z uchwytami\u00a0&#8211; Antracyt Specyfikacja: &#8211; d\u0142ugo\u015b\u0107 &#8211; 39cm &#8211; szeroko\u015b\u0107 &#8211; 17cm &#8211; wysoko\u015b\u0107 &#8211; 15cm &#8211; materia\u0142 &#8211; tworzywo sztuczne\/drewno Zastosowanie: &#8211; zewn\u0119trzne Informacje dodatkowe: &#8211; Doniczka posiada dwa uchwyty do powieszenia na balustradzie &#8211; Nie posiada podstawki. W sk\u0142ad zestawu wchodzi: &#8211; Doniczka &#8211; 1szt. &#8211; Uchwyt do powieszenia ... Read moreSkrzynka balkonowa Elba 40 z uchwytami | Antracyt\" \/>\n<meta property=\"og:url\" content=\"https:\/\/selleetools.com\/pl\/product\/skrzynka-balkonowa-elba-40-z-uchwytami-antracyt\/\" \/>\n<meta property=\"og:site_name\" content=\"Selleetools.com\" \/>\n<meta property=\"article:modified_time\" content=\"2026-04-15T15:52:45+00:00\" \/>\n<meta property=\"og:image\" content=\"https:\/\/selleetools.com\/wp-content\/uploads\/2026\/02\/a99ee0593687aa5d80a939400b908d7a.jpg\" \/>\n\t<meta property=\"og:image:width\" content=\"2560\" \/>\n\t<meta property=\"og:image:height\" content=\"1920\" \/>\n\t<meta property=\"og:image:type\" content=\"image\/jpeg\" \/>\n<meta name=\"twitter:card\" content=\"summary_large_image\" \/>\n<meta name=\"twitter:label1\" content=\"Est. reading time\" \/>\n\t<meta name=\"twitter:data1\" content=\"2 minuty\" \/>\n<!-- \/ Yoast SEO plugin. -->","yoast_head_json":{"title":"Skrzynka balkonowa Elba 40 z uchwytami | Antracyt - Selleetools.com","robots":{"index":"index","follow":"follow","max-snippet":"max-snippet:-1","max-image-preview":"max-image-preview:large","max-video-preview":"max-video-preview:-1"},"canonical":"https:\/\/selleetools.com\/pl\/product\/skrzynka-balkonowa-elba-40-z-uchwytami-antracyt\/","og_locale":"pl_PL","og_type":"article","og_title":"Skrzynka balkonowa Elba 40 z uchwytami | Antracyt - Selleetools.com","og_description":"Skrzynka balkonowa Elba 40 z uchwytami\u00a0&#8211; Antracyt Specyfikacja: &#8211; d\u0142ugo\u015b\u0107 &#8211; 39cm &#8211; szeroko\u015b\u0107 &#8211; 17cm &#8211; wysoko\u015b\u0107 &#8211; 15cm &#8211; materia\u0142 &#8211; tworzywo sztuczne\/drewno Zastosowanie: &#8211; zewn\u0119trzne Informacje dodatkowe: &#8211; Doniczka posiada dwa uchwyty do powieszenia na balustradzie &#8211; Nie posiada podstawki. W sk\u0142ad zestawu wchodzi: &#8211; Doniczka &#8211; 1szt. &#8211; Uchwyt do powieszenia ... Read moreSkrzynka balkonowa Elba 40 z uchwytami | Antracyt","og_url":"https:\/\/selleetools.com\/pl\/product\/skrzynka-balkonowa-elba-40-z-uchwytami-antracyt\/","og_site_name":"Selleetools.com","article_modified_time":"2026-04-15T15:52:45+00:00","og_image":[{"width":2560,"height":1920,"url":"https:\/\/selleetools.com\/wp-content\/uploads\/2026\/02\/a99ee0593687aa5d80a939400b908d7a.jpg","type":"image\/jpeg"}],"twitter_card":"summary_large_image","twitter_misc":{"Est. reading time":"2 minuty"},"schema":{"@context":"https:\/\/schema.org","@graph":[{"@type":"Organization","@id":"https:\/\/selleetools.com\/#organization","name":"Selleetools","url":"https:\/\/selleetools.com\/","sameAs":[],"logo":{"@type":"ImageObject","inLanguage":"pl-PL","@id":"https:\/\/selleetools.com\/#\/schema\/logo\/image\/","url":"https:\/\/selleetools.com\/wp-content\/uploads\/2021\/10\/logo-dark.png","contentUrl":"https:\/\/selleetools.com\/wp-content\/uploads\/2021\/10\/logo-dark.png","width":320,"height":76,"caption":"Selleetools"},"image":{"@id":"https:\/\/selleetools.com\/#\/schema\/logo\/image\/"}},{"@type":"WebSite","@id":"https:\/\/selleetools.com\/#website","url":"https:\/\/selleetools.com\/","name":"Selleetools.com","description":"","publisher":{"@id":"https:\/\/selleetools.com\/#organization"},"potentialAction":[{"@type":"SearchAction","target":{"@type":"EntryPoint","urlTemplate":"https:\/\/selleetools.com\/?s={search_term_string}"},"query-input":"required name=search_term_string"}],"inLanguage":"pl-PL"},{"@type":"WebPage","@id":"https:\/\/selleetools.com\/pl\/product\/skrzynka-balkonowa-elba-40-z-uchwytami-antracyt\/","url":"https:\/\/selleetools.com\/pl\/product\/skrzynka-balkonowa-elba-40-z-uchwytami-antracyt\/","name":"Skrzynka balkonowa Elba 40 z uchwytami | Antracyt - Selleetools.com","isPartOf":{"@id":"https:\/\/selleetools.com\/#website"},"datePublished":"2026-02-19T14:55:05+00:00","dateModified":"2026-04-15T15:52:45+00:00","breadcrumb":{"@id":"https:\/\/selleetools.com\/pl\/product\/skrzynka-balkonowa-elba-40-z-uchwytami-antracyt\/#breadcrumb"},"inLanguage":"pl-PL","potentialAction":[{"@type":"ReadAction","target":["https:\/\/selleetools.com\/pl\/product\/skrzynka-balkonowa-elba-40-z-uchwytami-antracyt\/"]}]},{"@type":"BreadcrumbList","@id":"https:\/\/selleetools.com\/pl\/product\/skrzynka-balkonowa-elba-40-z-uchwytami-antracyt\/#breadcrumb","itemListElement":[{"@type":"ListItem","position":1,"name":"Home","item":"https:\/\/selleetools.com\/pl\/"},{"@type":"ListItem","position":2,"name":"Katalog","item":"https:\/\/selleetools.com\/pl\/katalog\/"},{"@type":"ListItem","position":3,"name":"Skrzynka balkonowa Elba 40 z uchwytami | Antracyt"}]}]}},"_links":{"self":[{"href":"https:\/\/selleetools.com\/pl\/wp-json\/wp\/v2\/product\/672199"}],"collection":[{"href":"https:\/\/selleetools.com\/pl\/wp-json\/wp\/v2\/product"}],"about":[{"href":"https:\/\/selleetools.com\/pl\/wp-json\/wp\/v2\/types\/product"}],"replies":[{"embeddable":true,"href":"https:\/\/selleetools.com\/pl\/wp-json\/wp\/v2\/comments?post=672199"}],"wp:featuredmedia":[{"embeddable":true,"href":"https:\/\/selleetools.com\/pl\/wp-json\/wp\/v2\/media\/672191"}],"wp:attachment":[{"href":"https:\/\/selleetools.com\/pl\/wp-json\/wp\/v2\/media?parent=672199"}],"curies":[{"name":"wp","href":"https:\/\/api.w.org\/{rel}","templated":true}]}}