{"id":672168,"date":"2026-02-19T15:54:46","date_gmt":"2026-02-19T14:54:46","guid":{"rendered":"https:\/\/selleetools.com\/?post_type=product&#038;p=672168"},"modified":"2026-04-18T15:54:18","modified_gmt":"2026-04-18T13:54:18","slug":"rekawice-robocze-nitrylowe-szare-r-8","status":"publish","type":"product","link":"https:\/\/selleetools.com\/pl\/product\/rekawice-robocze-nitrylowe-szare-r-8\/","title":{"rendered":"R\u0119kawice robocze nitrylowe szare | R.8"},"content":{"rendered":"<p>R\u0119kawice robocze nitrylowe szare | R. 8<br \/>\nR\u0119kawica dziana w 100% z poliestru, bezszwowa.<br \/>\nPow\u0142oka z nitrylu antypo\u015blizgowego na stronie chwytnej i ko\u0144cach palc\u00f3w (strona grzbietowa z dost\u0119pem powietrza).<br \/>\nW nadgarstku \u015bci\u0105gacz obrzucony \u015bciegiem. R\u0119kawice doskonale przylegaj\u0105 do d\u0142oni.<br \/>\nMateria\u0142y:<br \/>\n&#8211; Podszewka: 100% poliester kolor bia\u0142y.<br \/>\n&#8211; Pow\u0142oka: 100% nitryl kolor szary.<br \/>\nZalety:<br \/>\n&#8211; Rekawica lekka, komfortowa.<br \/>\n&#8211; Zapewnia doskona\u0142\u0105 wygod\u0119 u\u017cytkowania oraz ochron\u0119 dotykanego przedmiotu (odciski palc\u00f3w, zapocenia), antypo\u015blizgowa.<br \/>\n&#8211; Bardzo dobra odporno\u015b\u0107 na \u015bcieranie, na oleje i na smary.<br \/>\n&#8211; Strona chwytna i ko\u0144ce palc\u00f3w powlekane nitrylem.<br \/>\n&#8211; Kszta\u0142t anatomiczny dopasowany do r\u0119ki.<br \/>\n&#8211; Odporno\u015b\u0107 na mikroprzeci\u0119cia.<\/p>\n<p>R\u0119kawice robocze nitrylowe szare | R. 8<br \/>\nR\u0119kawica dziana w 100% z poliestru, bezszwowa.<br \/>\nPow\u0142oka z nitrylu antypo\u015blizgowego na stronie chwytnej i ko\u0144cach palc\u00f3w (strona grzbietowa z dost\u0119pem powietrza).<br \/>\nW nadgarstku \u015bci\u0105gacz obrzucony \u015bciegiem. R\u0119kawice doskonale przylegaj\u0105 do d\u0142oni.<br \/>\nMateria\u0142y:<br \/>\n&#8211; Podszewka: 100% poliester kolor bia\u0142y.<br \/>\n&#8211; Pow\u0142oka: 100% nitryl kolor szary.<br \/>\nZalety:<br \/>\n&#8211; Rekawica lekka, komfortowa.<br \/>\n&#8211; Zapewnia doskona\u0142\u0105 wygod\u0119 u\u017cytkowania oraz ochron\u0119 dotykanego przedmiotu (odciski palc\u00f3w, zapocenia), antypo\u015blizgowa.<br \/>\n&#8211; Bardzo dobra odporno\u015b\u0107 na \u015bcieranie, na oleje i na smary.<br \/>\n&#8211; Strona chwytna i ko\u0144ce palc\u00f3w powlekane nitrylem.<br \/>\n&#8211; Kszta\u0142t anatomiczny dopasowany do r\u0119ki.<br \/>\n&#8211; Odporno\u015b\u0107 na mikroprzeci\u0119cia.<\/p>\n","protected":false},"excerpt":{"rendered":"<p>R\u0119kawice robocze nitrylowe szare | R. 8 R\u0119kawica dziana w 100% z poliestru, bezszwowa. Pow\u0142oka z nitrylu antypo\u015blizgowego na stronie chwytnej i ko\u0144cach palc\u00f3w (strona grzbietowa z dost\u0119pem powietrza). W nadgarstku \u015bci\u0105gacz obrzucony \u015bciegiem. R\u0119kawice doskonale przylegaj\u0105 do d\u0142oni. Materia\u0142y: &#8211; Podszewka: 100% poliester kolor bia\u0142y. &#8211; Pow\u0142oka: 100% nitryl kolor szary. Zalety: &#8211; Rekawica &#8230; <a title=\"R\u0119kawice robocze nitrylowe szare | R.8\" class=\"read-more\" href=\"https:\/\/selleetools.com\/pl\/product\/rekawice-robocze-nitrylowe-szare-r-8\/\">Read more<span class=\"screen-reader-text\">R\u0119kawice robocze nitrylowe szare | R.8<\/span><\/a><\/p>\n","protected":false},"featured_media":672164,"comment_status":"open","ping_status":"closed","template":"","meta":{"_links_to":"","_links_to_target":""},"yoast_head":"<!-- This site is optimized with the Yoast SEO plugin v19.4 - https:\/\/yoast.com\/wordpress\/plugins\/seo\/ -->\n<title>R\u0119kawice robocze nitrylowe szare | R.8 - Selleetools.com<\/title>\n<meta name=\"robots\" content=\"index, follow, max-snippet:-1, max-image-preview:large, max-video-preview:-1\" \/>\n<link rel=\"canonical\" href=\"https:\/\/selleetools.com\/pl\/product\/rekawice-robocze-nitrylowe-szare-r-8\/\" \/>\n<meta property=\"og:locale\" content=\"pl_PL\" \/>\n<meta property=\"og:type\" content=\"article\" \/>\n<meta property=\"og:title\" content=\"R\u0119kawice robocze nitrylowe szare | R.8 - Selleetools.com\" \/>\n<meta property=\"og:description\" content=\"R\u0119kawice robocze nitrylowe szare | R. 8 R\u0119kawica dziana w 100% z poliestru, bezszwowa. Pow\u0142oka z nitrylu antypo\u015blizgowego na stronie chwytnej i ko\u0144cach palc\u00f3w (strona grzbietowa z dost\u0119pem powietrza). W nadgarstku \u015bci\u0105gacz obrzucony \u015bciegiem. R\u0119kawice doskonale przylegaj\u0105 do d\u0142oni. Materia\u0142y: &#8211; Podszewka: 100% poliester kolor bia\u0142y. &#8211; Pow\u0142oka: 100% nitryl kolor szary. Zalety: &#8211; Rekawica ... Read moreR\u0119kawice robocze nitrylowe szare | R.8\" \/>\n<meta property=\"og:url\" content=\"https:\/\/selleetools.com\/pl\/product\/rekawice-robocze-nitrylowe-szare-r-8\/\" \/>\n<meta property=\"og:site_name\" content=\"Selleetools.com\" \/>\n<meta property=\"article:modified_time\" content=\"2026-04-18T13:54:18+00:00\" \/>\n<meta property=\"og:image\" content=\"https:\/\/selleetools.com\/wp-content\/uploads\/2026\/02\/aeb8049a8ff3909dcfe972711f4e97d0.jpg\" \/>\n\t<meta property=\"og:image:width\" content=\"1012\" \/>\n\t<meta property=\"og:image:height\" content=\"1873\" \/>\n\t<meta property=\"og:image:type\" content=\"image\/jpeg\" \/>\n<meta name=\"twitter:card\" content=\"summary_large_image\" \/>\n<meta name=\"twitter:label1\" content=\"Est. reading time\" \/>\n\t<meta name=\"twitter:data1\" content=\"1 minuta\" \/>\n<!-- \/ Yoast SEO plugin. -->","yoast_head_json":{"title":"R\u0119kawice robocze nitrylowe szare | R.8 - Selleetools.com","robots":{"index":"index","follow":"follow","max-snippet":"max-snippet:-1","max-image-preview":"max-image-preview:large","max-video-preview":"max-video-preview:-1"},"canonical":"https:\/\/selleetools.com\/pl\/product\/rekawice-robocze-nitrylowe-szare-r-8\/","og_locale":"pl_PL","og_type":"article","og_title":"R\u0119kawice robocze nitrylowe szare | R.8 - Selleetools.com","og_description":"R\u0119kawice robocze nitrylowe szare | R. 8 R\u0119kawica dziana w 100% z poliestru, bezszwowa. Pow\u0142oka z nitrylu antypo\u015blizgowego na stronie chwytnej i ko\u0144cach palc\u00f3w (strona grzbietowa z dost\u0119pem powietrza). W nadgarstku \u015bci\u0105gacz obrzucony \u015bciegiem. R\u0119kawice doskonale przylegaj\u0105 do d\u0142oni. Materia\u0142y: &#8211; Podszewka: 100% poliester kolor bia\u0142y. &#8211; Pow\u0142oka: 100% nitryl kolor szary. Zalety: &#8211; Rekawica ... Read moreR\u0119kawice robocze nitrylowe szare | R.8","og_url":"https:\/\/selleetools.com\/pl\/product\/rekawice-robocze-nitrylowe-szare-r-8\/","og_site_name":"Selleetools.com","article_modified_time":"2026-04-18T13:54:18+00:00","og_image":[{"width":1012,"height":1873,"url":"https:\/\/selleetools.com\/wp-content\/uploads\/2026\/02\/aeb8049a8ff3909dcfe972711f4e97d0.jpg","type":"image\/jpeg"}],"twitter_card":"summary_large_image","twitter_misc":{"Est. reading time":"1 minuta"},"schema":{"@context":"https:\/\/schema.org","@graph":[{"@type":"Organization","@id":"https:\/\/selleetools.com\/#organization","name":"Selleetools","url":"https:\/\/selleetools.com\/","sameAs":[],"logo":{"@type":"ImageObject","inLanguage":"pl-PL","@id":"https:\/\/selleetools.com\/#\/schema\/logo\/image\/","url":"https:\/\/selleetools.com\/wp-content\/uploads\/2021\/10\/logo-dark.png","contentUrl":"https:\/\/selleetools.com\/wp-content\/uploads\/2021\/10\/logo-dark.png","width":320,"height":76,"caption":"Selleetools"},"image":{"@id":"https:\/\/selleetools.com\/#\/schema\/logo\/image\/"}},{"@type":"WebSite","@id":"https:\/\/selleetools.com\/#website","url":"https:\/\/selleetools.com\/","name":"Selleetools.com","description":"","publisher":{"@id":"https:\/\/selleetools.com\/#organization"},"potentialAction":[{"@type":"SearchAction","target":{"@type":"EntryPoint","urlTemplate":"https:\/\/selleetools.com\/?s={search_term_string}"},"query-input":"required name=search_term_string"}],"inLanguage":"pl-PL"},{"@type":"WebPage","@id":"https:\/\/selleetools.com\/pl\/product\/rekawice-robocze-nitrylowe-szare-r-8\/","url":"https:\/\/selleetools.com\/pl\/product\/rekawice-robocze-nitrylowe-szare-r-8\/","name":"R\u0119kawice robocze nitrylowe szare | R.8 - Selleetools.com","isPartOf":{"@id":"https:\/\/selleetools.com\/#website"},"datePublished":"2026-02-19T14:54:46+00:00","dateModified":"2026-04-18T13:54:18+00:00","breadcrumb":{"@id":"https:\/\/selleetools.com\/pl\/product\/rekawice-robocze-nitrylowe-szare-r-8\/#breadcrumb"},"inLanguage":"pl-PL","potentialAction":[{"@type":"ReadAction","target":["https:\/\/selleetools.com\/pl\/product\/rekawice-robocze-nitrylowe-szare-r-8\/"]}]},{"@type":"BreadcrumbList","@id":"https:\/\/selleetools.com\/pl\/product\/rekawice-robocze-nitrylowe-szare-r-8\/#breadcrumb","itemListElement":[{"@type":"ListItem","position":1,"name":"Home","item":"https:\/\/selleetools.com\/pl\/"},{"@type":"ListItem","position":2,"name":"Katalog","item":"https:\/\/selleetools.com\/pl\/katalog\/"},{"@type":"ListItem","position":3,"name":"R\u0119kawice robocze nitrylowe szare | R.8"}]}]}},"_links":{"self":[{"href":"https:\/\/selleetools.com\/pl\/wp-json\/wp\/v2\/product\/672168"}],"collection":[{"href":"https:\/\/selleetools.com\/pl\/wp-json\/wp\/v2\/product"}],"about":[{"href":"https:\/\/selleetools.com\/pl\/wp-json\/wp\/v2\/types\/product"}],"replies":[{"embeddable":true,"href":"https:\/\/selleetools.com\/pl\/wp-json\/wp\/v2\/comments?post=672168"}],"wp:featuredmedia":[{"embeddable":true,"href":"https:\/\/selleetools.com\/pl\/wp-json\/wp\/v2\/media\/672164"}],"wp:attachment":[{"href":"https:\/\/selleetools.com\/pl\/wp-json\/wp\/v2\/media?parent=672168"}],"curies":[{"name":"wp","href":"https:\/\/api.w.org\/{rel}","templated":true}]}}