{"id":672163,"date":"2026-02-19T15:54:42","date_gmt":"2026-02-19T14:54:42","guid":{"rendered":"https:\/\/selleetools.com\/?post_type=product&#038;p=672163"},"modified":"2026-04-18T15:54:16","modified_gmt":"2026-04-18T13:54:16","slug":"palisada-ogrodowa-z-kolnierzem-ipal7-szary","status":"publish","type":"product","link":"https:\/\/selleetools.com\/pl\/product\/palisada-ogrodowa-z-kolnierzem-ipal7-szary\/","title":{"rendered":"Palisada ogrodowa z ko\u0142nierzem IPAL7 | Szary"},"content":{"rendered":"<p>Palisada Ogrodowa IPAL7 &#8211; szara<br \/>\nSpecyfikacja:<br \/>\n &#8211; \u015brednica palisady &#8211; 6 cm<br \/>\n &#8211; d\u0142ugo\u015b\u0107 ca\u0142kowita &#8211; 4,05 m<br \/>\n &#8211; wysoko\u015b\u0107 &#8211; 6 cm<br \/>\n &#8211; materia\u0142 &#8211; tworzywo sztuczne<br \/>\n &#8211; waga &#8211; 2 kg<\/p>\n<p>Producent:<\/p>\n<p>Lekkie i wytrzyma\u0142e palisady i kraw\u0119\u017cniki, odporne na niskie temperatury i wilgo\u0107 p\u0142otki to najpopularniejszy obecnie spos\u00f3b na dzielenie przestrzeni w ogrodzie. Dzi\u0119ki zastosowanej technologii mo\u017cna teraz tworzy\u0107 ogrodzenia o dodatkowych unikalnych funkcjach. Wygodny spos\u00f3b \u0142\u0105czenia element\u00f3w palisady IPAL7 pozwala na dowolne formowanie jej kszta\u0142tu, dzi\u0119ki czemu idealnie nadaje si\u0119 do oddzielania np. rabat kwiatowych. Po specjalnym ko\u0142nierzu mog\u0105 porusza\u0107 si\u0119 ko\u0142a kosiarki. Palisada jest wyj\u0105tkowo \u0142atwa w monta\u017cu i demonta\u017cu.<br \/>\nOdporna na mr\u00f3z i bezwzgl\u0119dnie praktyczna. IPAL7 daje swobod\u0119 w aran\u017cowaniu przestrzeni. 8 modu\u0142\u00f3w po 7 sztuk daje w sumie ogrodzenie o d\u0142ugo\u015bci 4,05 m.<\/p>\n<p>Palisada Ogrodowa IPAL7 &#8211; szara<br \/>\nSpecyfikacja:<br \/>\n &#8211; \u015brednica palisady &#8211; 6 cm<br \/>\n &#8211; d\u0142ugo\u015b\u0107 ca\u0142kowita &#8211; 4,05 m<br \/>\n &#8211; wysoko\u015b\u0107 &#8211; 6 cm<br \/>\n &#8211; materia\u0142 &#8211; tworzywo sztuczne<br \/>\n &#8211; waga &#8211; 2 kg<\/p>\n<p>Producent:<\/p>\n<p>Lekkie i wytrzyma\u0142e palisady i kraw\u0119\u017cniki, odporne na niskie temperatury i wilgo\u0107 p\u0142otki to najpopularniejszy obecnie spos\u00f3b na dzielenie przestrzeni w ogrodzie. Dzi\u0119ki zastosowanej technologii mo\u017cna teraz tworzy\u0107 ogrodzenia o dodatkowych unikalnych funkcjach. Wygodny spos\u00f3b \u0142\u0105czenia element\u00f3w palisady IPAL7 pozwala na dowolne formowanie jej kszta\u0142tu, dzi\u0119ki czemu idealnie nadaje si\u0119 do oddzielania np. rabat kwiatowych. Po specjalnym ko\u0142nierzu mog\u0105 porusza\u0107 si\u0119 ko\u0142a kosiarki. Palisada jest wyj\u0105tkowo \u0142atwa w monta\u017cu i demonta\u017cu.<br \/>\nOdporna na mr\u00f3z i bezwzgl\u0119dnie praktyczna. IPAL7 daje swobod\u0119 w aran\u017cowaniu przestrzeni. 8 modu\u0142\u00f3w po 7 sztuk daje w sumie ogrodzenie o d\u0142ugo\u015bci 4,05 m.<\/p>\n","protected":false},"excerpt":{"rendered":"<p>Palisada Ogrodowa IPAL7 &#8211; szara Specyfikacja: &#8211; \u015brednica palisady &#8211; 6 cm &#8211; d\u0142ugo\u015b\u0107 ca\u0142kowita &#8211; 4,05 m &#8211; wysoko\u015b\u0107 &#8211; 6 cm &#8211; materia\u0142 &#8211; tworzywo sztuczne &#8211; waga &#8211; 2 kg Producent: Lekkie i wytrzyma\u0142e palisady i kraw\u0119\u017cniki, odporne na niskie temperatury i wilgo\u0107 p\u0142otki to najpopularniejszy obecnie spos\u00f3b na dzielenie przestrzeni w &#8230; <a title=\"Palisada ogrodowa z ko\u0142nierzem IPAL7 | Szary\" class=\"read-more\" href=\"https:\/\/selleetools.com\/pl\/product\/palisada-ogrodowa-z-kolnierzem-ipal7-szary\/\">Read more<span class=\"screen-reader-text\">Palisada ogrodowa z ko\u0142nierzem IPAL7 | Szary<\/span><\/a><\/p>\n","protected":false},"featured_media":672157,"comment_status":"open","ping_status":"closed","template":"","meta":{"_links_to":"","_links_to_target":""},"yoast_head":"<!-- This site is optimized with the Yoast SEO plugin v19.4 - https:\/\/yoast.com\/wordpress\/plugins\/seo\/ -->\n<title>Palisada ogrodowa z ko\u0142nierzem IPAL7 | Szary - Selleetools.com<\/title>\n<meta name=\"robots\" content=\"index, follow, max-snippet:-1, max-image-preview:large, max-video-preview:-1\" \/>\n<link rel=\"canonical\" href=\"https:\/\/selleetools.com\/pl\/product\/palisada-ogrodowa-z-kolnierzem-ipal7-szary\/\" \/>\n<meta property=\"og:locale\" content=\"pl_PL\" \/>\n<meta property=\"og:type\" content=\"article\" \/>\n<meta property=\"og:title\" content=\"Palisada ogrodowa z ko\u0142nierzem IPAL7 | Szary - Selleetools.com\" \/>\n<meta property=\"og:description\" content=\"Palisada Ogrodowa IPAL7 &#8211; szara Specyfikacja: &#8211; \u015brednica palisady &#8211; 6 cm &#8211; d\u0142ugo\u015b\u0107 ca\u0142kowita &#8211; 4,05 m &#8211; wysoko\u015b\u0107 &#8211; 6 cm &#8211; materia\u0142 &#8211; tworzywo sztuczne &#8211; waga &#8211; 2 kg Producent: Lekkie i wytrzyma\u0142e palisady i kraw\u0119\u017cniki, odporne na niskie temperatury i wilgo\u0107 p\u0142otki to najpopularniejszy obecnie spos\u00f3b na dzielenie przestrzeni w ... Read morePalisada ogrodowa z ko\u0142nierzem IPAL7 | Szary\" \/>\n<meta property=\"og:url\" content=\"https:\/\/selleetools.com\/pl\/product\/palisada-ogrodowa-z-kolnierzem-ipal7-szary\/\" \/>\n<meta property=\"og:site_name\" content=\"Selleetools.com\" \/>\n<meta property=\"article:modified_time\" content=\"2026-04-18T13:54:16+00:00\" \/>\n<meta property=\"og:image\" content=\"https:\/\/selleetools.com\/wp-content\/uploads\/2026\/02\/801c64a4e7949be1d1699e99701bf1b1.jpg\" \/>\n\t<meta property=\"og:image:width\" content=\"2179\" \/>\n\t<meta property=\"og:image:height\" content=\"912\" \/>\n\t<meta property=\"og:image:type\" content=\"image\/jpeg\" \/>\n<meta name=\"twitter:card\" content=\"summary_large_image\" \/>\n<meta name=\"twitter:label1\" content=\"Est. reading time\" \/>\n\t<meta name=\"twitter:data1\" content=\"1 minuta\" \/>\n<!-- \/ Yoast SEO plugin. -->","yoast_head_json":{"title":"Palisada ogrodowa z ko\u0142nierzem IPAL7 | Szary - Selleetools.com","robots":{"index":"index","follow":"follow","max-snippet":"max-snippet:-1","max-image-preview":"max-image-preview:large","max-video-preview":"max-video-preview:-1"},"canonical":"https:\/\/selleetools.com\/pl\/product\/palisada-ogrodowa-z-kolnierzem-ipal7-szary\/","og_locale":"pl_PL","og_type":"article","og_title":"Palisada ogrodowa z ko\u0142nierzem IPAL7 | Szary - Selleetools.com","og_description":"Palisada Ogrodowa IPAL7 &#8211; szara Specyfikacja: &#8211; \u015brednica palisady &#8211; 6 cm &#8211; d\u0142ugo\u015b\u0107 ca\u0142kowita &#8211; 4,05 m &#8211; wysoko\u015b\u0107 &#8211; 6 cm &#8211; materia\u0142 &#8211; tworzywo sztuczne &#8211; waga &#8211; 2 kg Producent: Lekkie i wytrzyma\u0142e palisady i kraw\u0119\u017cniki, odporne na niskie temperatury i wilgo\u0107 p\u0142otki to najpopularniejszy obecnie spos\u00f3b na dzielenie przestrzeni w ... Read morePalisada ogrodowa z ko\u0142nierzem IPAL7 | Szary","og_url":"https:\/\/selleetools.com\/pl\/product\/palisada-ogrodowa-z-kolnierzem-ipal7-szary\/","og_site_name":"Selleetools.com","article_modified_time":"2026-04-18T13:54:16+00:00","og_image":[{"width":2179,"height":912,"url":"https:\/\/selleetools.com\/wp-content\/uploads\/2026\/02\/801c64a4e7949be1d1699e99701bf1b1.jpg","type":"image\/jpeg"}],"twitter_card":"summary_large_image","twitter_misc":{"Est. reading time":"1 minuta"},"schema":{"@context":"https:\/\/schema.org","@graph":[{"@type":"Organization","@id":"https:\/\/selleetools.com\/#organization","name":"Selleetools","url":"https:\/\/selleetools.com\/","sameAs":[],"logo":{"@type":"ImageObject","inLanguage":"pl-PL","@id":"https:\/\/selleetools.com\/#\/schema\/logo\/image\/","url":"https:\/\/selleetools.com\/wp-content\/uploads\/2021\/10\/logo-dark.png","contentUrl":"https:\/\/selleetools.com\/wp-content\/uploads\/2021\/10\/logo-dark.png","width":320,"height":76,"caption":"Selleetools"},"image":{"@id":"https:\/\/selleetools.com\/#\/schema\/logo\/image\/"}},{"@type":"WebSite","@id":"https:\/\/selleetools.com\/#website","url":"https:\/\/selleetools.com\/","name":"Selleetools.com","description":"","publisher":{"@id":"https:\/\/selleetools.com\/#organization"},"potentialAction":[{"@type":"SearchAction","target":{"@type":"EntryPoint","urlTemplate":"https:\/\/selleetools.com\/?s={search_term_string}"},"query-input":"required name=search_term_string"}],"inLanguage":"pl-PL"},{"@type":"WebPage","@id":"https:\/\/selleetools.com\/pl\/product\/palisada-ogrodowa-z-kolnierzem-ipal7-szary\/","url":"https:\/\/selleetools.com\/pl\/product\/palisada-ogrodowa-z-kolnierzem-ipal7-szary\/","name":"Palisada ogrodowa z ko\u0142nierzem IPAL7 | Szary - Selleetools.com","isPartOf":{"@id":"https:\/\/selleetools.com\/#website"},"datePublished":"2026-02-19T14:54:42+00:00","dateModified":"2026-04-18T13:54:16+00:00","breadcrumb":{"@id":"https:\/\/selleetools.com\/pl\/product\/palisada-ogrodowa-z-kolnierzem-ipal7-szary\/#breadcrumb"},"inLanguage":"pl-PL","potentialAction":[{"@type":"ReadAction","target":["https:\/\/selleetools.com\/pl\/product\/palisada-ogrodowa-z-kolnierzem-ipal7-szary\/"]}]},{"@type":"BreadcrumbList","@id":"https:\/\/selleetools.com\/pl\/product\/palisada-ogrodowa-z-kolnierzem-ipal7-szary\/#breadcrumb","itemListElement":[{"@type":"ListItem","position":1,"name":"Home","item":"https:\/\/selleetools.com\/pl\/"},{"@type":"ListItem","position":2,"name":"Katalog","item":"https:\/\/selleetools.com\/pl\/katalog\/"},{"@type":"ListItem","position":3,"name":"Palisada ogrodowa z ko\u0142nierzem IPAL7 | Szary"}]}]}},"_links":{"self":[{"href":"https:\/\/selleetools.com\/pl\/wp-json\/wp\/v2\/product\/672163"}],"collection":[{"href":"https:\/\/selleetools.com\/pl\/wp-json\/wp\/v2\/product"}],"about":[{"href":"https:\/\/selleetools.com\/pl\/wp-json\/wp\/v2\/types\/product"}],"replies":[{"embeddable":true,"href":"https:\/\/selleetools.com\/pl\/wp-json\/wp\/v2\/comments?post=672163"}],"wp:featuredmedia":[{"embeddable":true,"href":"https:\/\/selleetools.com\/pl\/wp-json\/wp\/v2\/media\/672157"}],"wp:attachment":[{"href":"https:\/\/selleetools.com\/pl\/wp-json\/wp\/v2\/media?parent=672163"}],"curies":[{"name":"wp","href":"https:\/\/api.w.org\/{rel}","templated":true}]}}