{"id":672156,"date":"2026-02-19T15:54:38","date_gmt":"2026-02-19T14:54:38","guid":{"rendered":"https:\/\/selleetools.com\/?post_type=product&#038;p=672156"},"modified":"2026-04-18T15:54:12","modified_gmt":"2026-04-18T13:54:12","slug":"fartuch-ogrodniczy-na-narzedzia","status":"publish","type":"product","link":"https:\/\/selleetools.com\/pl\/product\/fartuch-ogrodniczy-na-narzedzia\/","title":{"rendered":"Fartuch ogrodniczy na narz\u0119dzia"},"content":{"rendered":"<section class=\"section\">\n<div class=\"item item-6\">\n<section class=\"text-item\">\n<h1>Fartuch ogrodniczy na narz\u0119dzie\u00a0 (AC-GT06)<\/h1>\n<p>Profesjonalny fartuch z praktycznymi, licznymi kieszeniami na niezb\u0119dne przybory ogrodnicze, czy telefon kom\u00f3rkowy. Zapinany na zatrzaski, dzi\u0119ki czemu mo\u017cemy dopasowa\u0107 do ka\u017cdej sylwetki. Wykonany w 100% z najwy\u017cszej jako\u015bci, mocnego poliestru. Wymiary: 46&#215;74 cm.<\/p>\n<\/section><\/div>\n<div class=\"item item-6\">\n<section class=\"image-item\"><img src=\"https:\/\/upload.cdn.baselinker.com\/products\/3028621\/eae7db8d9802176ba256bc203159b585.jpg\"><\/section>\n<\/p><\/div>\n<\/section>\n<section class=\"section\">\n<div class=\"item item-12\">\n<section class=\"image-item\"><img src=\"https:\/\/upload.cdn.baselinker.com\/products\/3028621\/3e3c35171ec9ca01cae1b785b2a95683.jpg\"><\/section>\n<\/p><\/div>\n<\/section>\n<section class=\"section\">\n<div class=\"item item-6\">\n<section class=\"image-item\"><img src=\"https:\/\/upload.cdn.baselinker.com\/products\/3028621\/eae7db8d9802176ba256bc203159b585.jpg\"><\/section>\n<\/p><\/div>\n<div class=\"item item-6\">\n<section class=\"image-item\"><img src=\"https:\/\/upload.cdn.baselinker.com\/products\/3028621\/3e3c35171ec9ca01cae1b785b2a95683.jpg\"><\/section>\n<\/p><\/div>\n<\/section>\n<section class=\"section\">\n<div class=\"item item-12\">\n<section class=\"image-item\"><img src=\"https:\/\/upload.cdn.baselinker.com\/products\/3028621\/aa917b681d46c7f03203c3f0ece71b57.jpg\"><\/section>\n<\/p><\/div>\n<\/section>\n<p>Fartuch ogrodniczy na narz\u0119dzie (AC-GT06)<br \/>\nProfesjonalny fartuch z praktycznymi, licznymi kieszeniami na niezb\u0119dne przybory ogrodnicze, czy telefon kom\u00f3rkowy. Zapinany na zatrzaski, dzi\u0119ki czemu mo\u017cemy dopasowa\u0107 do ka\u017cdej sylwetki. Wykonany w 100% z najwy\u017cszej jako\u015bci, mocnego poliestru. Wymiary: 46&#215;74 cm.<\/p>\n","protected":false},"excerpt":{"rendered":"<p>Fartuch ogrodniczy na narz\u0119dzie\u00a0 (AC-GT06) Profesjonalny fartuch z praktycznymi, licznymi kieszeniami na niezb\u0119dne przybory ogrodnicze, czy telefon kom\u00f3rkowy. Zapinany na zatrzaski, dzi\u0119ki czemu mo\u017cemy dopasowa\u0107 do ka\u017cdej sylwetki. Wykonany w 100% z najwy\u017cszej jako\u015bci, mocnego poliestru. Wymiary: 46&#215;74 cm. Fartuch ogrodniczy na narz\u0119dzie (AC-GT06) Profesjonalny fartuch z praktycznymi, licznymi kieszeniami na niezb\u0119dne przybory ogrodnicze, czy &#8230; <a title=\"Fartuch ogrodniczy na narz\u0119dzia\" class=\"read-more\" href=\"https:\/\/selleetools.com\/pl\/product\/fartuch-ogrodniczy-na-narzedzia\/\">Read more<span class=\"screen-reader-text\">Fartuch ogrodniczy na narz\u0119dzia<\/span><\/a><\/p>\n","protected":false},"featured_media":672150,"comment_status":"open","ping_status":"closed","template":"","meta":{"_links_to":"","_links_to_target":""},"yoast_head":"<!-- This site is optimized with the Yoast SEO plugin v19.4 - https:\/\/yoast.com\/wordpress\/plugins\/seo\/ -->\n<title>Fartuch ogrodniczy na narz\u0119dzia - Selleetools.com<\/title>\n<meta name=\"robots\" content=\"index, follow, max-snippet:-1, max-image-preview:large, max-video-preview:-1\" \/>\n<link rel=\"canonical\" href=\"https:\/\/selleetools.com\/pl\/product\/fartuch-ogrodniczy-na-narzedzia\/\" \/>\n<meta property=\"og:locale\" content=\"pl_PL\" \/>\n<meta property=\"og:type\" content=\"article\" \/>\n<meta property=\"og:title\" content=\"Fartuch ogrodniczy na narz\u0119dzia - Selleetools.com\" \/>\n<meta property=\"og:description\" content=\"Fartuch ogrodniczy na narz\u0119dzie\u00a0 (AC-GT06) Profesjonalny fartuch z praktycznymi, licznymi kieszeniami na niezb\u0119dne przybory ogrodnicze, czy telefon kom\u00f3rkowy. Zapinany na zatrzaski, dzi\u0119ki czemu mo\u017cemy dopasowa\u0107 do ka\u017cdej sylwetki. Wykonany w 100% z najwy\u017cszej jako\u015bci, mocnego poliestru. Wymiary: 46&#215;74 cm. Fartuch ogrodniczy na narz\u0119dzie (AC-GT06) Profesjonalny fartuch z praktycznymi, licznymi kieszeniami na niezb\u0119dne przybory ogrodnicze, czy ... Read moreFartuch ogrodniczy na narz\u0119dzia\" \/>\n<meta property=\"og:url\" content=\"https:\/\/selleetools.com\/pl\/product\/fartuch-ogrodniczy-na-narzedzia\/\" \/>\n<meta property=\"og:site_name\" content=\"Selleetools.com\" \/>\n<meta property=\"article:modified_time\" content=\"2026-04-18T13:54:12+00:00\" \/>\n<meta property=\"og:image\" content=\"https:\/\/selleetools.com\/wp-content\/uploads\/2026\/02\/eae7db8d9802176ba256bc203159b585.jpg\" \/>\n\t<meta property=\"og:image:width\" content=\"600\" \/>\n\t<meta property=\"og:image:height\" content=\"600\" \/>\n\t<meta property=\"og:image:type\" content=\"image\/jpeg\" \/>\n<meta name=\"twitter:card\" content=\"summary_large_image\" \/>\n<!-- \/ Yoast SEO plugin. -->","yoast_head_json":{"title":"Fartuch ogrodniczy na narz\u0119dzia - Selleetools.com","robots":{"index":"index","follow":"follow","max-snippet":"max-snippet:-1","max-image-preview":"max-image-preview:large","max-video-preview":"max-video-preview:-1"},"canonical":"https:\/\/selleetools.com\/pl\/product\/fartuch-ogrodniczy-na-narzedzia\/","og_locale":"pl_PL","og_type":"article","og_title":"Fartuch ogrodniczy na narz\u0119dzia - Selleetools.com","og_description":"Fartuch ogrodniczy na narz\u0119dzie\u00a0 (AC-GT06) Profesjonalny fartuch z praktycznymi, licznymi kieszeniami na niezb\u0119dne przybory ogrodnicze, czy telefon kom\u00f3rkowy. Zapinany na zatrzaski, dzi\u0119ki czemu mo\u017cemy dopasowa\u0107 do ka\u017cdej sylwetki. Wykonany w 100% z najwy\u017cszej jako\u015bci, mocnego poliestru. Wymiary: 46&#215;74 cm. Fartuch ogrodniczy na narz\u0119dzie (AC-GT06) Profesjonalny fartuch z praktycznymi, licznymi kieszeniami na niezb\u0119dne przybory ogrodnicze, czy ... Read moreFartuch ogrodniczy na narz\u0119dzia","og_url":"https:\/\/selleetools.com\/pl\/product\/fartuch-ogrodniczy-na-narzedzia\/","og_site_name":"Selleetools.com","article_modified_time":"2026-04-18T13:54:12+00:00","og_image":[{"width":600,"height":600,"url":"https:\/\/selleetools.com\/wp-content\/uploads\/2026\/02\/eae7db8d9802176ba256bc203159b585.jpg","type":"image\/jpeg"}],"twitter_card":"summary_large_image","schema":{"@context":"https:\/\/schema.org","@graph":[{"@type":"Organization","@id":"https:\/\/selleetools.com\/#organization","name":"Selleetools","url":"https:\/\/selleetools.com\/","sameAs":[],"logo":{"@type":"ImageObject","inLanguage":"pl-PL","@id":"https:\/\/selleetools.com\/#\/schema\/logo\/image\/","url":"https:\/\/selleetools.com\/wp-content\/uploads\/2021\/10\/logo-dark.png","contentUrl":"https:\/\/selleetools.com\/wp-content\/uploads\/2021\/10\/logo-dark.png","width":320,"height":76,"caption":"Selleetools"},"image":{"@id":"https:\/\/selleetools.com\/#\/schema\/logo\/image\/"}},{"@type":"WebSite","@id":"https:\/\/selleetools.com\/#website","url":"https:\/\/selleetools.com\/","name":"Selleetools.com","description":"","publisher":{"@id":"https:\/\/selleetools.com\/#organization"},"potentialAction":[{"@type":"SearchAction","target":{"@type":"EntryPoint","urlTemplate":"https:\/\/selleetools.com\/?s={search_term_string}"},"query-input":"required name=search_term_string"}],"inLanguage":"pl-PL"},{"@type":"WebPage","@id":"https:\/\/selleetools.com\/pl\/product\/fartuch-ogrodniczy-na-narzedzia\/","url":"https:\/\/selleetools.com\/pl\/product\/fartuch-ogrodniczy-na-narzedzia\/","name":"Fartuch ogrodniczy na narz\u0119dzia - Selleetools.com","isPartOf":{"@id":"https:\/\/selleetools.com\/#website"},"datePublished":"2026-02-19T14:54:38+00:00","dateModified":"2026-04-18T13:54:12+00:00","breadcrumb":{"@id":"https:\/\/selleetools.com\/pl\/product\/fartuch-ogrodniczy-na-narzedzia\/#breadcrumb"},"inLanguage":"pl-PL","potentialAction":[{"@type":"ReadAction","target":["https:\/\/selleetools.com\/pl\/product\/fartuch-ogrodniczy-na-narzedzia\/"]}]},{"@type":"BreadcrumbList","@id":"https:\/\/selleetools.com\/pl\/product\/fartuch-ogrodniczy-na-narzedzia\/#breadcrumb","itemListElement":[{"@type":"ListItem","position":1,"name":"Home","item":"https:\/\/selleetools.com\/pl\/"},{"@type":"ListItem","position":2,"name":"Katalog","item":"https:\/\/selleetools.com\/pl\/katalog\/"},{"@type":"ListItem","position":3,"name":"Fartuch ogrodniczy na narz\u0119dzia"}]}]}},"_links":{"self":[{"href":"https:\/\/selleetools.com\/pl\/wp-json\/wp\/v2\/product\/672156"}],"collection":[{"href":"https:\/\/selleetools.com\/pl\/wp-json\/wp\/v2\/product"}],"about":[{"href":"https:\/\/selleetools.com\/pl\/wp-json\/wp\/v2\/types\/product"}],"replies":[{"embeddable":true,"href":"https:\/\/selleetools.com\/pl\/wp-json\/wp\/v2\/comments?post=672156"}],"wp:featuredmedia":[{"embeddable":true,"href":"https:\/\/selleetools.com\/pl\/wp-json\/wp\/v2\/media\/672150"}],"wp:attachment":[{"href":"https:\/\/selleetools.com\/pl\/wp-json\/wp\/v2\/media?parent=672156"}],"curies":[{"name":"wp","href":"https:\/\/api.w.org\/{rel}","templated":true}]}}