{"id":672126,"date":"2026-02-19T15:54:21","date_gmt":"2026-02-19T14:54:21","guid":{"rendered":"https:\/\/selleetools.com\/?post_type=product&#038;p=672126"},"modified":"2026-04-15T17:52:46","modified_gmt":"2026-04-15T15:52:46","slug":"doniczka-na-balustrade-wave-60-braz","status":"publish","type":"product","link":"https:\/\/selleetools.com\/pl\/product\/doniczka-na-balustrade-wave-60-braz\/","title":{"rendered":"Doniczka na balustrad\u0119 Wave 60 | Br\u0105z"},"content":{"rendered":"<p>Doniczka na balustrad\u0119 Wave 60 | Br\u0105zowa<br \/>\nProstok\u0105tna skrzynka przeznaczona do zawieszania kompozycji kwiatowej na por\u0119czach ogrodowych i balkonowych. Idealnie nadaje si\u0119 r\u00f3wnie\u017c do dekoracji na tarasie lub w altanie. Monta\u017c za pomoc\u0105 zaczep\u00f3w do\u0142\u0105czonych do donicy. Wykonana z wysokiej jako\u015bci tworzywa sztucznego, odpornego na szkodliwe warunki atmosferyczne. Donice mo\u017cna \u0142\u0105czy\u0107 w jednym lub wielu kolorach, tworz\u0105c ciekawy efekt. Skrzynki nadaj\u0105 si\u0119 do mocowania na por\u0119czach o szeroko\u015bci do 6,5 cm.<br \/>\nDane techniczne:<br \/>\n &#8211; d\u0142ugo\u015b\u0107: 58,5 cm,<br \/>\n &#8211; szeroko\u015b\u0107: 29 cm,<br \/>\n &#8211; wysoko\u015b\u0107: 20 cm,<br \/>\n &#8211; materia\u0142: tworzywo sztuczne,<br \/>\n &#8211; efekt powierzchni: fala.<\/p>\n<p>Doniczka na balustrad\u0119 Wave 60 | Br\u0105zowa<br \/>\nProstok\u0105tna skrzynka przeznaczona do zawieszania kompozycji kwiatowej na por\u0119czach ogrodowych i balkonowych. Idealnie nadaje si\u0119 r\u00f3wnie\u017c do dekoracji na tarasie lub w altanie. Monta\u017c za pomoc\u0105 zaczep\u00f3w do\u0142\u0105czonych do donicy. Wykonana z wysokiej jako\u015bci tworzywa sztucznego, odpornego na szkodliwe warunki atmosferyczne. Donice mo\u017cna \u0142\u0105czy\u0107 w jednym lub wielu kolorach, tworz\u0105c ciekawy efekt. Skrzynki nadaj\u0105 si\u0119 do mocowania na por\u0119czach o szeroko\u015bci do 6,5 cm.<br \/>\nDane techniczne:<br \/>\n &#8211; d\u0142ugo\u015b\u0107: 58,5 cm,<br \/>\n &#8211; szeroko\u015b\u0107: 29 cm,<br \/>\n &#8211; wysoko\u015b\u0107: 20 cm,<br \/>\n &#8211; materia\u0142: tworzywo sztuczne,<br \/>\n &#8211; efekt powierzchni: fala.<\/p>\n","protected":false},"excerpt":{"rendered":"<p>Doniczka na balustrad\u0119 Wave 60 | Br\u0105zowa Prostok\u0105tna skrzynka przeznaczona do zawieszania kompozycji kwiatowej na por\u0119czach ogrodowych i balkonowych. Idealnie nadaje si\u0119 r\u00f3wnie\u017c do dekoracji na tarasie lub w altanie. Monta\u017c za pomoc\u0105 zaczep\u00f3w do\u0142\u0105czonych do donicy. Wykonana z wysokiej jako\u015bci tworzywa sztucznego, odpornego na szkodliwe warunki atmosferyczne. Donice mo\u017cna \u0142\u0105czy\u0107 w jednym lub wielu &#8230; <a title=\"Doniczka na balustrad\u0119 Wave 60 | Br\u0105z\" class=\"read-more\" href=\"https:\/\/selleetools.com\/pl\/product\/doniczka-na-balustrade-wave-60-braz\/\">Read more<span class=\"screen-reader-text\">Doniczka na balustrad\u0119 Wave 60 | Br\u0105z<\/span><\/a><\/p>\n","protected":false},"featured_media":672112,"comment_status":"open","ping_status":"closed","template":"","meta":{"_links_to":"","_links_to_target":""},"yoast_head":"<!-- This site is optimized with the Yoast SEO plugin v19.4 - https:\/\/yoast.com\/wordpress\/plugins\/seo\/ -->\n<title>Doniczka na balustrad\u0119 Wave 60 | Br\u0105z - Selleetools.com<\/title>\n<meta name=\"robots\" content=\"index, follow, max-snippet:-1, max-image-preview:large, max-video-preview:-1\" \/>\n<link rel=\"canonical\" href=\"https:\/\/selleetools.com\/pl\/product\/doniczka-na-balustrade-wave-60-braz\/\" \/>\n<meta property=\"og:locale\" content=\"pl_PL\" \/>\n<meta property=\"og:type\" content=\"article\" \/>\n<meta property=\"og:title\" content=\"Doniczka na balustrad\u0119 Wave 60 | Br\u0105z - Selleetools.com\" \/>\n<meta property=\"og:description\" content=\"Doniczka na balustrad\u0119 Wave 60 | Br\u0105zowa Prostok\u0105tna skrzynka przeznaczona do zawieszania kompozycji kwiatowej na por\u0119czach ogrodowych i balkonowych. Idealnie nadaje si\u0119 r\u00f3wnie\u017c do dekoracji na tarasie lub w altanie. Monta\u017c za pomoc\u0105 zaczep\u00f3w do\u0142\u0105czonych do donicy. Wykonana z wysokiej jako\u015bci tworzywa sztucznego, odpornego na szkodliwe warunki atmosferyczne. Donice mo\u017cna \u0142\u0105czy\u0107 w jednym lub wielu ... Read moreDoniczka na balustrad\u0119 Wave 60 | Br\u0105z\" \/>\n<meta property=\"og:url\" content=\"https:\/\/selleetools.com\/pl\/product\/doniczka-na-balustrade-wave-60-braz\/\" \/>\n<meta property=\"og:site_name\" content=\"Selleetools.com\" \/>\n<meta property=\"article:modified_time\" content=\"2026-04-15T15:52:46+00:00\" \/>\n<meta property=\"og:image\" content=\"https:\/\/selleetools.com\/wp-content\/uploads\/2026\/02\/bc3bb34b2b0f37a7439f7ef2700a5c74.jpg\" \/>\n\t<meta property=\"og:image:width\" content=\"2560\" \/>\n\t<meta property=\"og:image:height\" content=\"1178\" \/>\n\t<meta property=\"og:image:type\" content=\"image\/jpeg\" \/>\n<meta name=\"twitter:card\" content=\"summary_large_image\" \/>\n<meta name=\"twitter:label1\" content=\"Est. reading time\" \/>\n\t<meta name=\"twitter:data1\" content=\"1 minuta\" \/>\n<!-- \/ Yoast SEO plugin. -->","yoast_head_json":{"title":"Doniczka na balustrad\u0119 Wave 60 | Br\u0105z - Selleetools.com","robots":{"index":"index","follow":"follow","max-snippet":"max-snippet:-1","max-image-preview":"max-image-preview:large","max-video-preview":"max-video-preview:-1"},"canonical":"https:\/\/selleetools.com\/pl\/product\/doniczka-na-balustrade-wave-60-braz\/","og_locale":"pl_PL","og_type":"article","og_title":"Doniczka na balustrad\u0119 Wave 60 | Br\u0105z - Selleetools.com","og_description":"Doniczka na balustrad\u0119 Wave 60 | Br\u0105zowa Prostok\u0105tna skrzynka przeznaczona do zawieszania kompozycji kwiatowej na por\u0119czach ogrodowych i balkonowych. Idealnie nadaje si\u0119 r\u00f3wnie\u017c do dekoracji na tarasie lub w altanie. Monta\u017c za pomoc\u0105 zaczep\u00f3w do\u0142\u0105czonych do donicy. Wykonana z wysokiej jako\u015bci tworzywa sztucznego, odpornego na szkodliwe warunki atmosferyczne. Donice mo\u017cna \u0142\u0105czy\u0107 w jednym lub wielu ... Read moreDoniczka na balustrad\u0119 Wave 60 | Br\u0105z","og_url":"https:\/\/selleetools.com\/pl\/product\/doniczka-na-balustrade-wave-60-braz\/","og_site_name":"Selleetools.com","article_modified_time":"2026-04-15T15:52:46+00:00","og_image":[{"width":2560,"height":1178,"url":"https:\/\/selleetools.com\/wp-content\/uploads\/2026\/02\/bc3bb34b2b0f37a7439f7ef2700a5c74.jpg","type":"image\/jpeg"}],"twitter_card":"summary_large_image","twitter_misc":{"Est. reading time":"1 minuta"},"schema":{"@context":"https:\/\/schema.org","@graph":[{"@type":"Organization","@id":"https:\/\/selleetools.com\/#organization","name":"Selleetools","url":"https:\/\/selleetools.com\/","sameAs":[],"logo":{"@type":"ImageObject","inLanguage":"pl-PL","@id":"https:\/\/selleetools.com\/#\/schema\/logo\/image\/","url":"https:\/\/selleetools.com\/wp-content\/uploads\/2021\/10\/logo-dark.png","contentUrl":"https:\/\/selleetools.com\/wp-content\/uploads\/2021\/10\/logo-dark.png","width":320,"height":76,"caption":"Selleetools"},"image":{"@id":"https:\/\/selleetools.com\/#\/schema\/logo\/image\/"}},{"@type":"WebSite","@id":"https:\/\/selleetools.com\/#website","url":"https:\/\/selleetools.com\/","name":"Selleetools.com","description":"","publisher":{"@id":"https:\/\/selleetools.com\/#organization"},"potentialAction":[{"@type":"SearchAction","target":{"@type":"EntryPoint","urlTemplate":"https:\/\/selleetools.com\/?s={search_term_string}"},"query-input":"required name=search_term_string"}],"inLanguage":"pl-PL"},{"@type":"WebPage","@id":"https:\/\/selleetools.com\/pl\/product\/doniczka-na-balustrade-wave-60-braz\/","url":"https:\/\/selleetools.com\/pl\/product\/doniczka-na-balustrade-wave-60-braz\/","name":"Doniczka na balustrad\u0119 Wave 60 | Br\u0105z - Selleetools.com","isPartOf":{"@id":"https:\/\/selleetools.com\/#website"},"datePublished":"2026-02-19T14:54:21+00:00","dateModified":"2026-04-15T15:52:46+00:00","breadcrumb":{"@id":"https:\/\/selleetools.com\/pl\/product\/doniczka-na-balustrade-wave-60-braz\/#breadcrumb"},"inLanguage":"pl-PL","potentialAction":[{"@type":"ReadAction","target":["https:\/\/selleetools.com\/pl\/product\/doniczka-na-balustrade-wave-60-braz\/"]}]},{"@type":"BreadcrumbList","@id":"https:\/\/selleetools.com\/pl\/product\/doniczka-na-balustrade-wave-60-braz\/#breadcrumb","itemListElement":[{"@type":"ListItem","position":1,"name":"Home","item":"https:\/\/selleetools.com\/pl\/"},{"@type":"ListItem","position":2,"name":"Katalog","item":"https:\/\/selleetools.com\/pl\/katalog\/"},{"@type":"ListItem","position":3,"name":"Doniczka na balustrad\u0119 Wave 60 | Br\u0105z"}]}]}},"_links":{"self":[{"href":"https:\/\/selleetools.com\/pl\/wp-json\/wp\/v2\/product\/672126"}],"collection":[{"href":"https:\/\/selleetools.com\/pl\/wp-json\/wp\/v2\/product"}],"about":[{"href":"https:\/\/selleetools.com\/pl\/wp-json\/wp\/v2\/types\/product"}],"replies":[{"embeddable":true,"href":"https:\/\/selleetools.com\/pl\/wp-json\/wp\/v2\/comments?post=672126"}],"wp:featuredmedia":[{"embeddable":true,"href":"https:\/\/selleetools.com\/pl\/wp-json\/wp\/v2\/media\/672112"}],"wp:attachment":[{"href":"https:\/\/selleetools.com\/pl\/wp-json\/wp\/v2\/media?parent=672126"}],"curies":[{"name":"wp","href":"https:\/\/api.w.org\/{rel}","templated":true}]}}