{"id":672077,"date":"2026-02-19T15:53:49","date_gmt":"2026-02-19T14:53:49","guid":{"rendered":"https:\/\/selleetools.com\/?post_type=product&#038;p=672077"},"modified":"2026-04-15T17:51:21","modified_gmt":"2026-04-15T15:51:21","slug":"doniczka-classic-tower-dpc40-z-wkladem-antracyt","status":"publish","type":"product","link":"https:\/\/selleetools.com\/pl\/product\/doniczka-classic-tower-dpc40-z-wkladem-antracyt\/","title":{"rendered":"Doniczka CLASSIC TOWER DPC40 z wk\u0142adem | Antracyt"},"content":{"rendered":"<p>Doniczka CLASSIC TOWER DPC40 z wk\u0142adem &#8211; antracyt<br \/>\nDoniczki o bardzo nowoczesnym designie, imituj\u0105ca gliniany dzban. Wykonane z wysokiej jako\u015bci tworzywa sztucznego, odpornego na warunki atmosferyczne oraz promienie UV. Produkt z przeznaczeniem do wewn\u0105trz oraz na zewn\u0105trz budynk\u00f3w.Zestaw zawiera:<br \/>\n &#8211; os\u0142onk\u0119 CLASSIC TOWER<br \/>\n &#8211; wk\u0142ad wewn\u0119trzny<br \/>\nDane techniczne doniczki:<br \/>\n &#8211; \u015brednica g\u00f3ry &#8211; 40 cm<br \/>\n &#8211; \u015brednica podstawy &#8211; 26 cm<br \/>\n &#8211; wysoko\u015b\u0107 &#8211; 60 cm<br \/>\n &#8211; pojemno\u015b\u0107 &#8211; 36 l<br \/>\n &#8211; materia\u0142 &#8211; tworzywo sztuczne<br \/>\n &#8211; waga &#8211; 2,00 kg<br \/>\nWk\u0142ad wewn\u0119trzny do doniczek CLASSIC TOWER pozwala na zmniejszenie przestrzeni wewn\u0119trznej a tym samy wykorzystanie mniejszej ilo\u015bci ziemi.<br \/>\nDane techniczne:<br \/>\n &#8211; \u015brednica g\u00f3ry &#8211; 36 cm<br \/>\n &#8211; \u015brednica podstawy &#8211; 23,5 cm<br \/>\n &#8211; wysoko\u015b\u0107 &#8211; 23 cm<br \/>\n &#8211; pojemno\u015b\u0107 &#8211; 18 l<br \/>\n &#8211; materia\u0142 &#8211; tworzywo sztuczne<br \/>\n &#8211; waga &#8211; 0,50 kg<\/p>\n<p>Doniczka CLASSIC TOWER DPC40 z wk\u0142adem &#8211; antracyt<br \/>\nDoniczki o bardzo nowoczesnym designie, imituj\u0105ca gliniany dzban. Wykonane z wysokiej jako\u015bci tworzywa sztucznego, odpornego na warunki atmosferyczne oraz promienie UV. Produkt z przeznaczeniem do wewn\u0105trz oraz na zewn\u0105trz budynk\u00f3w.Zestaw zawiera:<br \/>\n &#8211; os\u0142onk\u0119 CLASSIC TOWER<br \/>\n &#8211; wk\u0142ad wewn\u0119trzny<br \/>\nDane techniczne doniczki:<br \/>\n &#8211; \u015brednica g\u00f3ry &#8211; 40 cm<br \/>\n &#8211; \u015brednica podstawy &#8211; 26 cm<br \/>\n &#8211; wysoko\u015b\u0107 &#8211; 60 cm<br \/>\n &#8211; pojemno\u015b\u0107 &#8211; 36 l<br \/>\n &#8211; materia\u0142 &#8211; tworzywo sztuczne<br \/>\n &#8211; waga &#8211; 2,00 kg<br \/>\nWk\u0142ad wewn\u0119trzny do doniczek CLASSIC TOWER pozwala na zmniejszenie przestrzeni wewn\u0119trznej a tym samy wykorzystanie mniejszej ilo\u015bci ziemi.<br \/>\nDane techniczne:<br \/>\n &#8211; \u015brednica g\u00f3ry &#8211; 36 cm<br \/>\n &#8211; \u015brednica podstawy &#8211; 23,5 cm<br \/>\n &#8211; wysoko\u015b\u0107 &#8211; 23 cm<br \/>\n &#8211; pojemno\u015b\u0107 &#8211; 18 l<br \/>\n &#8211; materia\u0142 &#8211; tworzywo sztuczne<br \/>\n &#8211; waga &#8211; 0,50 kg<\/p>\n","protected":false},"excerpt":{"rendered":"<p>Doniczka CLASSIC TOWER DPC40 z wk\u0142adem &#8211; antracyt Doniczki o bardzo nowoczesnym designie, imituj\u0105ca gliniany dzban. Wykonane z wysokiej jako\u015bci tworzywa sztucznego, odpornego na warunki atmosferyczne oraz promienie UV. Produkt z przeznaczeniem do wewn\u0105trz oraz na zewn\u0105trz budynk\u00f3w.Zestaw zawiera: &#8211; os\u0142onk\u0119 CLASSIC TOWER &#8211; wk\u0142ad wewn\u0119trzny Dane techniczne doniczki: &#8211; \u015brednica g\u00f3ry &#8211; 40 cm &#8230; <a title=\"Doniczka CLASSIC TOWER DPC40 z wk\u0142adem | Antracyt\" class=\"read-more\" href=\"https:\/\/selleetools.com\/pl\/product\/doniczka-classic-tower-dpc40-z-wkladem-antracyt\/\">Read more<span class=\"screen-reader-text\">Doniczka CLASSIC TOWER DPC40 z wk\u0142adem | Antracyt<\/span><\/a><\/p>\n","protected":false},"featured_media":672073,"comment_status":"open","ping_status":"closed","template":"","meta":{"_links_to":"","_links_to_target":""},"yoast_head":"<!-- This site is optimized with the Yoast SEO plugin v19.4 - https:\/\/yoast.com\/wordpress\/plugins\/seo\/ -->\n<title>Doniczka CLASSIC TOWER DPC40 z wk\u0142adem | Antracyt - Selleetools.com<\/title>\n<meta name=\"robots\" content=\"index, follow, max-snippet:-1, max-image-preview:large, max-video-preview:-1\" \/>\n<link rel=\"canonical\" href=\"https:\/\/selleetools.com\/pl\/product\/doniczka-classic-tower-dpc40-z-wkladem-antracyt\/\" \/>\n<meta property=\"og:locale\" content=\"pl_PL\" \/>\n<meta property=\"og:type\" content=\"article\" \/>\n<meta property=\"og:title\" content=\"Doniczka CLASSIC TOWER DPC40 z wk\u0142adem | Antracyt - Selleetools.com\" \/>\n<meta property=\"og:description\" content=\"Doniczka CLASSIC TOWER DPC40 z wk\u0142adem &#8211; antracyt Doniczki o bardzo nowoczesnym designie, imituj\u0105ca gliniany dzban. Wykonane z wysokiej jako\u015bci tworzywa sztucznego, odpornego na warunki atmosferyczne oraz promienie UV. Produkt z przeznaczeniem do wewn\u0105trz oraz na zewn\u0105trz budynk\u00f3w.Zestaw zawiera: &#8211; os\u0142onk\u0119 CLASSIC TOWER &#8211; wk\u0142ad wewn\u0119trzny Dane techniczne doniczki: &#8211; \u015brednica g\u00f3ry &#8211; 40 cm ... Read moreDoniczka CLASSIC TOWER DPC40 z wk\u0142adem | Antracyt\" \/>\n<meta property=\"og:url\" content=\"https:\/\/selleetools.com\/pl\/product\/doniczka-classic-tower-dpc40-z-wkladem-antracyt\/\" \/>\n<meta property=\"og:site_name\" content=\"Selleetools.com\" \/>\n<meta property=\"article:modified_time\" content=\"2026-04-15T15:51:21+00:00\" \/>\n<meta property=\"og:image\" content=\"https:\/\/selleetools.com\/wp-content\/uploads\/2026\/02\/adf169927c9b0a6b87215553cea7e124.jpg\" \/>\n\t<meta property=\"og:image:width\" content=\"1300\" \/>\n\t<meta property=\"og:image:height\" content=\"1000\" \/>\n\t<meta property=\"og:image:type\" content=\"image\/jpeg\" \/>\n<meta name=\"twitter:card\" content=\"summary_large_image\" \/>\n<meta name=\"twitter:label1\" content=\"Est. reading time\" \/>\n\t<meta name=\"twitter:data1\" content=\"1 minuta\" \/>\n<!-- \/ Yoast SEO plugin. -->","yoast_head_json":{"title":"Doniczka CLASSIC TOWER DPC40 z wk\u0142adem | Antracyt - Selleetools.com","robots":{"index":"index","follow":"follow","max-snippet":"max-snippet:-1","max-image-preview":"max-image-preview:large","max-video-preview":"max-video-preview:-1"},"canonical":"https:\/\/selleetools.com\/pl\/product\/doniczka-classic-tower-dpc40-z-wkladem-antracyt\/","og_locale":"pl_PL","og_type":"article","og_title":"Doniczka CLASSIC TOWER DPC40 z wk\u0142adem | Antracyt - Selleetools.com","og_description":"Doniczka CLASSIC TOWER DPC40 z wk\u0142adem &#8211; antracyt Doniczki o bardzo nowoczesnym designie, imituj\u0105ca gliniany dzban. Wykonane z wysokiej jako\u015bci tworzywa sztucznego, odpornego na warunki atmosferyczne oraz promienie UV. Produkt z przeznaczeniem do wewn\u0105trz oraz na zewn\u0105trz budynk\u00f3w.Zestaw zawiera: &#8211; os\u0142onk\u0119 CLASSIC TOWER &#8211; wk\u0142ad wewn\u0119trzny Dane techniczne doniczki: &#8211; \u015brednica g\u00f3ry &#8211; 40 cm ... Read moreDoniczka CLASSIC TOWER DPC40 z wk\u0142adem | Antracyt","og_url":"https:\/\/selleetools.com\/pl\/product\/doniczka-classic-tower-dpc40-z-wkladem-antracyt\/","og_site_name":"Selleetools.com","article_modified_time":"2026-04-15T15:51:21+00:00","og_image":[{"width":1300,"height":1000,"url":"https:\/\/selleetools.com\/wp-content\/uploads\/2026\/02\/adf169927c9b0a6b87215553cea7e124.jpg","type":"image\/jpeg"}],"twitter_card":"summary_large_image","twitter_misc":{"Est. reading time":"1 minuta"},"schema":{"@context":"https:\/\/schema.org","@graph":[{"@type":"Organization","@id":"https:\/\/selleetools.com\/#organization","name":"Selleetools","url":"https:\/\/selleetools.com\/","sameAs":[],"logo":{"@type":"ImageObject","inLanguage":"pl-PL","@id":"https:\/\/selleetools.com\/#\/schema\/logo\/image\/","url":"https:\/\/selleetools.com\/wp-content\/uploads\/2021\/10\/logo-dark.png","contentUrl":"https:\/\/selleetools.com\/wp-content\/uploads\/2021\/10\/logo-dark.png","width":320,"height":76,"caption":"Selleetools"},"image":{"@id":"https:\/\/selleetools.com\/#\/schema\/logo\/image\/"}},{"@type":"WebSite","@id":"https:\/\/selleetools.com\/#website","url":"https:\/\/selleetools.com\/","name":"Selleetools.com","description":"","publisher":{"@id":"https:\/\/selleetools.com\/#organization"},"potentialAction":[{"@type":"SearchAction","target":{"@type":"EntryPoint","urlTemplate":"https:\/\/selleetools.com\/?s={search_term_string}"},"query-input":"required name=search_term_string"}],"inLanguage":"pl-PL"},{"@type":"WebPage","@id":"https:\/\/selleetools.com\/pl\/product\/doniczka-classic-tower-dpc40-z-wkladem-antracyt\/","url":"https:\/\/selleetools.com\/pl\/product\/doniczka-classic-tower-dpc40-z-wkladem-antracyt\/","name":"Doniczka CLASSIC TOWER DPC40 z wk\u0142adem | Antracyt - Selleetools.com","isPartOf":{"@id":"https:\/\/selleetools.com\/#website"},"datePublished":"2026-02-19T14:53:49+00:00","dateModified":"2026-04-15T15:51:21+00:00","breadcrumb":{"@id":"https:\/\/selleetools.com\/pl\/product\/doniczka-classic-tower-dpc40-z-wkladem-antracyt\/#breadcrumb"},"inLanguage":"pl-PL","potentialAction":[{"@type":"ReadAction","target":["https:\/\/selleetools.com\/pl\/product\/doniczka-classic-tower-dpc40-z-wkladem-antracyt\/"]}]},{"@type":"BreadcrumbList","@id":"https:\/\/selleetools.com\/pl\/product\/doniczka-classic-tower-dpc40-z-wkladem-antracyt\/#breadcrumb","itemListElement":[{"@type":"ListItem","position":1,"name":"Home","item":"https:\/\/selleetools.com\/pl\/"},{"@type":"ListItem","position":2,"name":"Katalog","item":"https:\/\/selleetools.com\/pl\/katalog\/"},{"@type":"ListItem","position":3,"name":"Doniczka CLASSIC TOWER DPC40 z wk\u0142adem | Antracyt"}]}]}},"_links":{"self":[{"href":"https:\/\/selleetools.com\/pl\/wp-json\/wp\/v2\/product\/672077"}],"collection":[{"href":"https:\/\/selleetools.com\/pl\/wp-json\/wp\/v2\/product"}],"about":[{"href":"https:\/\/selleetools.com\/pl\/wp-json\/wp\/v2\/types\/product"}],"replies":[{"embeddable":true,"href":"https:\/\/selleetools.com\/pl\/wp-json\/wp\/v2\/comments?post=672077"}],"wp:featuredmedia":[{"embeddable":true,"href":"https:\/\/selleetools.com\/pl\/wp-json\/wp\/v2\/media\/672073"}],"wp:attachment":[{"href":"https:\/\/selleetools.com\/pl\/wp-json\/wp\/v2\/media?parent=672077"}],"curies":[{"name":"wp","href":"https:\/\/api.w.org\/{rel}","templated":true}]}}