{"id":671973,"date":"2026-02-19T15:52:47","date_gmt":"2026-02-19T14:52:47","guid":{"rendered":"https:\/\/selleetools.com\/?post_type=product&#038;p=671973"},"modified":"2026-04-15T17:51:25","modified_gmt":"2026-04-15T15:51:25","slug":"doniczka-pleciona-slim-dpmt400-z-wkladem-bialy","status":"publish","type":"product","link":"https:\/\/selleetools.com\/pl\/product\/doniczka-pleciona-slim-dpmt400-z-wkladem-bialy\/","title":{"rendered":"Doniczka pleciona Slim DPMT400 z wk\u0142adem | Bia\u0142y"},"content":{"rendered":"<p>Doniczka pleciona Slim DPMT400 z wk\u0142adem &#8211; bia\u0142a<br \/>\nDoniczki o bardzo nowoczesnym designie, imituj\u0105ca bambusow\u0105 plecionk\u0119. Wykonane z wysokiej jako\u015bci tworzywa sztucznego, odpornego na warunki atmosferyczne oraz promienie UV. Produkt z przeznaczeniem do wewn\u0105trz oraz na zewn\u0105trz budynk\u00f3w.<br \/>\nDane techniczne:<br \/>\n &#8211; \u015brednica &#8211; 40 cm<br \/>\n &#8211; wysoko\u015b\u0107 &#8211; 78 cm<br \/>\n &#8211; pojemno\u015b\u0107 &#8211; 57 l<br \/>\n &#8211; waga &#8211; 2,20 kg<br \/>\n &#8211; materia\u0142 &#8211; tworzywo sztuczne<br \/>\n &#8211; efekt powierzchni &#8211; bambus<\/p>\n<p>Doniczka pleciona Slim DPMT400 z wk\u0142adem &#8211; bia\u0142a<br \/>\nDoniczki o bardzo nowoczesnym designie, imituj\u0105ca bambusow\u0105 plecionk\u0119. Wykonane z wysokiej jako\u015bci tworzywa sztucznego, odpornego na warunki atmosferyczne oraz promienie UV. Produkt z przeznaczeniem do wewn\u0105trz oraz na zewn\u0105trz budynk\u00f3w.<br \/>\nDane techniczne:<br \/>\n &#8211; \u015brednica &#8211; 40 cm<br \/>\n &#8211; wysoko\u015b\u0107 &#8211; 78 cm<br \/>\n &#8211; pojemno\u015b\u0107 &#8211; 57 l<br \/>\n &#8211; waga &#8211; 2,20 kg<br \/>\n &#8211; materia\u0142 &#8211; tworzywo sztuczne<br \/>\n &#8211; efekt powierzchni &#8211; bambus<\/p>\n","protected":false},"excerpt":{"rendered":"<p>Doniczka pleciona Slim DPMT400 z wk\u0142adem &#8211; bia\u0142a Doniczki o bardzo nowoczesnym designie, imituj\u0105ca bambusow\u0105 plecionk\u0119. Wykonane z wysokiej jako\u015bci tworzywa sztucznego, odpornego na warunki atmosferyczne oraz promienie UV. Produkt z przeznaczeniem do wewn\u0105trz oraz na zewn\u0105trz budynk\u00f3w. Dane techniczne: &#8211; \u015brednica &#8211; 40 cm &#8211; wysoko\u015b\u0107 &#8211; 78 cm &#8211; pojemno\u015b\u0107 &#8211; 57 l &#8230; <a title=\"Doniczka pleciona Slim DPMT400 z wk\u0142adem | Bia\u0142y\" class=\"read-more\" href=\"https:\/\/selleetools.com\/pl\/product\/doniczka-pleciona-slim-dpmt400-z-wkladem-bialy\/\">Read more<span class=\"screen-reader-text\">Doniczka pleciona Slim DPMT400 z wk\u0142adem | Bia\u0142y<\/span><\/a><\/p>\n","protected":false},"featured_media":671969,"comment_status":"open","ping_status":"closed","template":"","meta":{"_links_to":"","_links_to_target":""},"yoast_head":"<!-- This site is optimized with the Yoast SEO plugin v19.4 - https:\/\/yoast.com\/wordpress\/plugins\/seo\/ -->\n<title>Doniczka pleciona Slim DPMT400 z wk\u0142adem | Bia\u0142y - Selleetools.com<\/title>\n<meta name=\"robots\" content=\"index, follow, max-snippet:-1, max-image-preview:large, max-video-preview:-1\" \/>\n<link rel=\"canonical\" href=\"https:\/\/selleetools.com\/pl\/product\/doniczka-pleciona-slim-dpmt400-z-wkladem-bialy\/\" \/>\n<meta property=\"og:locale\" content=\"pl_PL\" \/>\n<meta property=\"og:type\" content=\"article\" \/>\n<meta property=\"og:title\" content=\"Doniczka pleciona Slim DPMT400 z wk\u0142adem | Bia\u0142y - Selleetools.com\" \/>\n<meta property=\"og:description\" content=\"Doniczka pleciona Slim DPMT400 z wk\u0142adem &#8211; bia\u0142a Doniczki o bardzo nowoczesnym designie, imituj\u0105ca bambusow\u0105 plecionk\u0119. Wykonane z wysokiej jako\u015bci tworzywa sztucznego, odpornego na warunki atmosferyczne oraz promienie UV. Produkt z przeznaczeniem do wewn\u0105trz oraz na zewn\u0105trz budynk\u00f3w. Dane techniczne: &#8211; \u015brednica &#8211; 40 cm &#8211; wysoko\u015b\u0107 &#8211; 78 cm &#8211; pojemno\u015b\u0107 &#8211; 57 l ... Read moreDoniczka pleciona Slim DPMT400 z wk\u0142adem | Bia\u0142y\" \/>\n<meta property=\"og:url\" content=\"https:\/\/selleetools.com\/pl\/product\/doniczka-pleciona-slim-dpmt400-z-wkladem-bialy\/\" \/>\n<meta property=\"og:site_name\" content=\"Selleetools.com\" \/>\n<meta property=\"article:modified_time\" content=\"2026-04-15T15:51:25+00:00\" \/>\n<meta property=\"og:image\" content=\"https:\/\/selleetools.com\/wp-content\/uploads\/2026\/02\/58de28055ae4096a72e82b21147d0eaa.jpg\" \/>\n\t<meta property=\"og:image:width\" content=\"2300\" \/>\n\t<meta property=\"og:image:height\" content=\"1600\" \/>\n\t<meta property=\"og:image:type\" content=\"image\/jpeg\" \/>\n<meta name=\"twitter:card\" content=\"summary_large_image\" \/>\n<meta name=\"twitter:label1\" content=\"Est. reading time\" \/>\n\t<meta name=\"twitter:data1\" content=\"1 minuta\" \/>\n<!-- \/ Yoast SEO plugin. -->","yoast_head_json":{"title":"Doniczka pleciona Slim DPMT400 z wk\u0142adem | Bia\u0142y - Selleetools.com","robots":{"index":"index","follow":"follow","max-snippet":"max-snippet:-1","max-image-preview":"max-image-preview:large","max-video-preview":"max-video-preview:-1"},"canonical":"https:\/\/selleetools.com\/pl\/product\/doniczka-pleciona-slim-dpmt400-z-wkladem-bialy\/","og_locale":"pl_PL","og_type":"article","og_title":"Doniczka pleciona Slim DPMT400 z wk\u0142adem | Bia\u0142y - Selleetools.com","og_description":"Doniczka pleciona Slim DPMT400 z wk\u0142adem &#8211; bia\u0142a Doniczki o bardzo nowoczesnym designie, imituj\u0105ca bambusow\u0105 plecionk\u0119. Wykonane z wysokiej jako\u015bci tworzywa sztucznego, odpornego na warunki atmosferyczne oraz promienie UV. Produkt z przeznaczeniem do wewn\u0105trz oraz na zewn\u0105trz budynk\u00f3w. Dane techniczne: &#8211; \u015brednica &#8211; 40 cm &#8211; wysoko\u015b\u0107 &#8211; 78 cm &#8211; pojemno\u015b\u0107 &#8211; 57 l ... Read moreDoniczka pleciona Slim DPMT400 z wk\u0142adem | Bia\u0142y","og_url":"https:\/\/selleetools.com\/pl\/product\/doniczka-pleciona-slim-dpmt400-z-wkladem-bialy\/","og_site_name":"Selleetools.com","article_modified_time":"2026-04-15T15:51:25+00:00","og_image":[{"width":2300,"height":1600,"url":"https:\/\/selleetools.com\/wp-content\/uploads\/2026\/02\/58de28055ae4096a72e82b21147d0eaa.jpg","type":"image\/jpeg"}],"twitter_card":"summary_large_image","twitter_misc":{"Est. reading time":"1 minuta"},"schema":{"@context":"https:\/\/schema.org","@graph":[{"@type":"Organization","@id":"https:\/\/selleetools.com\/#organization","name":"Selleetools","url":"https:\/\/selleetools.com\/","sameAs":[],"logo":{"@type":"ImageObject","inLanguage":"pl-PL","@id":"https:\/\/selleetools.com\/#\/schema\/logo\/image\/","url":"https:\/\/selleetools.com\/wp-content\/uploads\/2021\/10\/logo-dark.png","contentUrl":"https:\/\/selleetools.com\/wp-content\/uploads\/2021\/10\/logo-dark.png","width":320,"height":76,"caption":"Selleetools"},"image":{"@id":"https:\/\/selleetools.com\/#\/schema\/logo\/image\/"}},{"@type":"WebSite","@id":"https:\/\/selleetools.com\/#website","url":"https:\/\/selleetools.com\/","name":"Selleetools.com","description":"","publisher":{"@id":"https:\/\/selleetools.com\/#organization"},"potentialAction":[{"@type":"SearchAction","target":{"@type":"EntryPoint","urlTemplate":"https:\/\/selleetools.com\/?s={search_term_string}"},"query-input":"required name=search_term_string"}],"inLanguage":"pl-PL"},{"@type":"WebPage","@id":"https:\/\/selleetools.com\/pl\/product\/doniczka-pleciona-slim-dpmt400-z-wkladem-bialy\/","url":"https:\/\/selleetools.com\/pl\/product\/doniczka-pleciona-slim-dpmt400-z-wkladem-bialy\/","name":"Doniczka pleciona Slim DPMT400 z wk\u0142adem | Bia\u0142y - Selleetools.com","isPartOf":{"@id":"https:\/\/selleetools.com\/#website"},"datePublished":"2026-02-19T14:52:47+00:00","dateModified":"2026-04-15T15:51:25+00:00","breadcrumb":{"@id":"https:\/\/selleetools.com\/pl\/product\/doniczka-pleciona-slim-dpmt400-z-wkladem-bialy\/#breadcrumb"},"inLanguage":"pl-PL","potentialAction":[{"@type":"ReadAction","target":["https:\/\/selleetools.com\/pl\/product\/doniczka-pleciona-slim-dpmt400-z-wkladem-bialy\/"]}]},{"@type":"BreadcrumbList","@id":"https:\/\/selleetools.com\/pl\/product\/doniczka-pleciona-slim-dpmt400-z-wkladem-bialy\/#breadcrumb","itemListElement":[{"@type":"ListItem","position":1,"name":"Home","item":"https:\/\/selleetools.com\/pl\/"},{"@type":"ListItem","position":2,"name":"Katalog","item":"https:\/\/selleetools.com\/pl\/katalog\/"},{"@type":"ListItem","position":3,"name":"Doniczka pleciona Slim DPMT400 z wk\u0142adem | Bia\u0142y"}]}]}},"_links":{"self":[{"href":"https:\/\/selleetools.com\/pl\/wp-json\/wp\/v2\/product\/671973"}],"collection":[{"href":"https:\/\/selleetools.com\/pl\/wp-json\/wp\/v2\/product"}],"about":[{"href":"https:\/\/selleetools.com\/pl\/wp-json\/wp\/v2\/types\/product"}],"replies":[{"embeddable":true,"href":"https:\/\/selleetools.com\/pl\/wp-json\/wp\/v2\/comments?post=671973"}],"wp:featuredmedia":[{"embeddable":true,"href":"https:\/\/selleetools.com\/pl\/wp-json\/wp\/v2\/media\/671969"}],"wp:attachment":[{"href":"https:\/\/selleetools.com\/pl\/wp-json\/wp\/v2\/media?parent=671973"}],"curies":[{"name":"wp","href":"https:\/\/api.w.org\/{rel}","templated":true}]}}