{"id":671795,"date":"2026-02-19T15:51:05","date_gmt":"2026-02-19T14:51:05","guid":{"rendered":"https:\/\/selleetools.com\/?post_type=product&#038;p=671795"},"modified":"2026-04-09T16:47:43","modified_gmt":"2026-04-09T14:47:43","slug":"doniczka-wysoka-corten-tubus-dtus250c-z-wkladem","status":"publish","type":"product","link":"https:\/\/selleetools.com\/pl\/product\/doniczka-wysoka-corten-tubus-dtus250c-z-wkladem\/","title":{"rendered":"Doniczka wysoka Corten Tubus DTUS250C z wk\u0142adem"},"content":{"rendered":"<section class=\"section\">\n<div class=\"item item-6\">\n<section class=\"text-item\">\n<h1>Doniczka wysoka Corten Tubus DTUS250C z wk\u0142adem<\/h1>\n<h2>Specyfikacja doniczki:<\/h2>\n<ul>\n<li>\u015brednica g\u00f3ry &#8211; 25 cm<\/li>\n<li>\u015brednica podstawy &#8211; 16,5 cm<\/li>\n<li>wysoko\u015b\u0107 &#8211; 47,5 cm<\/li>\n<li>pojemno\u015b\u0107 &#8211; 15,5 l<\/li>\n<li>materia\u0142 &#8211; tworzywo sztuczne<\/li>\n<\/ul>\n<p><b>Zestaw zawiera:<\/b><\/p>\n<ul>\n<li>os\u0142onk\u0119 Corten Tubus<\/li>\n<li>wk\u0142ad wewn\u0119trzny<\/li>\n<\/ul>\n<p><b>Mo\u017cemy j\u0105 umie\u015bci\u0107:<\/b><\/p>\n<ul>\n<li>w domu<\/li>\n<li>przestronnym wn\u0119trzu<\/li>\n<li>na tarasie<\/li>\n<li>na balkonie<\/li>\n<li>w ogrodzie<\/li>\n<\/ul>\n<\/p>\n<\/section><\/div>\n<div class=\"item item-6\">\n<section class=\"image-item\">\n            <img src=\"https:\/\/upload.cdn.baselinker.com\/products\/3028621\/3ad8c3858b3bd536a6ae76e69c359341.jpg\" \/><br \/>\n        <\/section>\n<\/p><\/div>\n<\/section>\n<section class=\"section\">\n<div class=\"item item-6\">\n<section class=\"text-item\">\n<p>Wk\u0142ad wewn\u0119trzny do doniczek pozwala na zmniejszenie przestrzeni wewn\u0119trznej a tym samy wykorzystanie mniejszej ilo\u015bci ziemi.<\/p>\n<p><b>Specyfikacja wk\u0142adu:<\/b><\/p>\n<ul>\n<li>\u015brednica g\u00f3ry &#8211; 25 cm<\/li>\n<li>\u015brednica podstawy &#8211; 21 cm<\/li>\n<li>wysoko\u015b\u0107 &#8211; 21,5 cm<\/li>\n<li>pojemno\u015b\u0107 &#8211; 8,2 l<\/li>\n<li>materia\u0142 &#8211; tworzywo sztuczne<\/li>\n<\/ul>\n<\/section><\/div>\n<div class=\"item item-6\">\n<section class=\"image-item\">\n            <img src=\"https:\/\/upload.cdn.baselinker.com\/products\/3028621\/5ae3733d6a4be5a44e747a01c2dc32a6.jpg\" \/><br \/>\n        <\/section>\n<\/p><\/div>\n<\/section>\n<section class=\"section\">\n<div class=\"item item-12\">\n<section class=\"text-item\">\n<p>Doniczka wysoka Corten Tubus Slim wyr\u00f3\u017cnia si\u0119 kolorem i faktur\u0105, kt\u00f3re wpisuj\u0105 si\u0119 w najnowsze trendy. Przypadnie do gustu osobom, kt\u00f3re lubi\u0105 minimalizm i nowoczesne wn\u0119trza. \u015awietnie sprawdzi si\u0119 w aran\u017cacjach w stylu loftowym, wprowadzi ciekawy designerski efekt. Doniczka Tubus Slim Corten to wyszukane po\u0142\u0105czenie bardzo delikatnego b\u0142ysku z surowo\u015bci\u0105 rdzy \u2013 stali kortenowej. Doniczka jest w komplecie z wk\u0142adem, kt\u00f3ry pozwala zmniejszy\u0107 ilo\u015b\u0107 ziemi potrzebnej do prawid\u0142owego rozwoju ro\u015bliny.<\/p>\n<\/section><\/div>\n<\/section>\n<p>Specyfikacja\u00a0doniczki:<br \/>\n &#8211; \u015brednica g\u00f3ry &#8211; 25 cm<br \/>\n &#8211; \u015brednica podstawy &#8211; 16,5 cm<br \/>\n &#8211; wysoko\u015b\u0107 &#8211; 47,5 cm<br \/>\n &#8211; pojemno\u015b\u0107 &#8211; 15,5 l<br \/>\n &#8211; materia\u0142 &#8211; tworzywo sztuczne<\/p>\n<p>Zestaw zawiera:<br \/>\n &#8211; os\u0142onk\u0119 Corten Tubus<br \/>\n &#8211; wk\u0142ad wewn\u0119trzny<\/p>\n<p>Wk\u0142ad wewn\u0119trzny do doniczek pozwala na zmniejszenie przestrzeni wewn\u0119trznej a tym samy wykorzystanie mniejszej ilo\u015bci ziemi.<\/p>\n<p>Specyfikacja\u00a0wk\u0142adu:<br \/>\n &#8211; \u015brednica g\u00f3ry &#8211; 25 cm<br \/>\n &#8211; \u015brednica podstawy &#8211; 21 cm<br \/>\n &#8211; wysoko\u015b\u0107 &#8211; 21,5 cm<br \/>\n &#8211; pojemno\u015b\u0107 &#8211; 8,2 l<br \/>\n &#8211; materia\u0142 &#8211; tworzywo sztuczne<\/p>\n<p>Doniczka wysoka Corten Tubus Slim wyr\u00f3\u017cnia si\u0119 kolorem i faktur\u0105, kt\u00f3re wpisuj\u0105 si\u0119 w najnowsze trendy. Przypadnie do gustu osobom, kt\u00f3re lubi\u0105 minimalizm i nowoczesne wn\u0119trza. \u015awietnie sprawdzi si\u0119 w aran\u017cacjach w stylu loftowym, wprowadzi ciekawy designerski efekt.<br \/>\nDoniczka Tubus Slim Corten to wyszukane po\u0142\u0105czenie bardzo delikatnego b\u0142ysku z surowo\u015bci\u0105 rdzy \u2013 stali kortenowej.<br \/>\nDoniczka jest w komplecie z wk\u0142adem, kt\u00f3ry pozwala zmniejszy\u0107 ilo\u015b\u0107 ziemi potrzebnej do prawid\u0142owego rozwoju ro\u015bliny.<br \/>\n &#8211; nowoczesny design<br \/>\n &#8211; 2w1 doniczka w komplecie z wk\u0142adem,<br \/>\n &#8211; po\u0142\u0105czenie blasku i kolor\u00f3w rdzy<br \/>\n &#8211; do wewn\u0105trz\u00a0<br \/>\n &#8211; do zewn\u0105trz<br \/>\n &#8211; odporna na promienie UV<br \/>\n &#8211; nie wybarwia si\u0119 na s\u0142o\u0144cu<br \/>\n &#8211; idealna na balkon, na taras i do ogrodu<\/p>\n","protected":false},"excerpt":{"rendered":"<p>Doniczka wysoka Corten Tubus DTUS250C z wk\u0142adem Specyfikacja doniczki: \u015brednica g\u00f3ry &#8211; 25 cm \u015brednica podstawy &#8211; 16,5 cm wysoko\u015b\u0107 &#8211; 47,5 cm pojemno\u015b\u0107 &#8211; 15,5 l materia\u0142 &#8211; tworzywo sztuczne Zestaw zawiera: os\u0142onk\u0119 Corten Tubus wk\u0142ad wewn\u0119trzny Mo\u017cemy j\u0105 umie\u015bci\u0107: w domu przestronnym wn\u0119trzu na tarasie na balkonie w ogrodzie Wk\u0142ad wewn\u0119trzny do doniczek &#8230; <a title=\"Doniczka wysoka Corten Tubus DTUS250C z wk\u0142adem\" class=\"read-more\" href=\"https:\/\/selleetools.com\/pl\/product\/doniczka-wysoka-corten-tubus-dtus250c-z-wkladem\/\">Read more<span class=\"screen-reader-text\">Doniczka wysoka Corten Tubus DTUS250C z wk\u0142adem<\/span><\/a><\/p>\n","protected":false},"featured_media":671785,"comment_status":"open","ping_status":"closed","template":"","meta":{"_links_to":"","_links_to_target":""},"yoast_head":"<!-- This site is optimized with the Yoast SEO plugin v19.4 - https:\/\/yoast.com\/wordpress\/plugins\/seo\/ -->\n<title>Doniczka wysoka Corten Tubus DTUS250C z wk\u0142adem - Selleetools.com<\/title>\n<meta name=\"robots\" content=\"index, follow, max-snippet:-1, max-image-preview:large, max-video-preview:-1\" \/>\n<link rel=\"canonical\" href=\"https:\/\/selleetools.com\/product\/doniczka-wysoka-corten-tubus-dtus250c-z-wkladem\/\" \/>\n<meta property=\"og:locale\" content=\"pl_PL\" \/>\n<meta property=\"og:type\" content=\"article\" \/>\n<meta property=\"og:title\" content=\"Doniczka wysoka Corten Tubus DTUS250C z wk\u0142adem - Selleetools.com\" \/>\n<meta property=\"og:description\" content=\"Doniczka wysoka Corten Tubus DTUS250C z wk\u0142adem Specyfikacja doniczki: \u015brednica g\u00f3ry &#8211; 25 cm \u015brednica podstawy &#8211; 16,5 cm wysoko\u015b\u0107 &#8211; 47,5 cm pojemno\u015b\u0107 &#8211; 15,5 l materia\u0142 &#8211; tworzywo sztuczne Zestaw zawiera: os\u0142onk\u0119 Corten Tubus wk\u0142ad wewn\u0119trzny Mo\u017cemy j\u0105 umie\u015bci\u0107: w domu przestronnym wn\u0119trzu na tarasie na balkonie w ogrodzie Wk\u0142ad wewn\u0119trzny do doniczek ... Read moreDoniczka wysoka Corten Tubus DTUS250C z wk\u0142adem\" \/>\n<meta property=\"og:url\" content=\"https:\/\/selleetools.com\/product\/doniczka-wysoka-corten-tubus-dtus250c-z-wkladem\/\" \/>\n<meta property=\"og:site_name\" content=\"Selleetools.com\" \/>\n<meta property=\"article:modified_time\" content=\"2026-04-09T14:47:43+00:00\" \/>\n<meta property=\"og:image\" content=\"https:\/\/selleetools.com\/wp-content\/uploads\/2026\/02\/3ad8c3858b3bd536a6ae76e69c359341.jpg\" \/>\n\t<meta property=\"og:image:width\" content=\"993\" \/>\n\t<meta property=\"og:image:height\" content=\"1000\" \/>\n\t<meta property=\"og:image:type\" content=\"image\/jpeg\" \/>\n<meta name=\"twitter:card\" content=\"summary_large_image\" \/>\n<meta name=\"twitter:label1\" content=\"Est. reading time\" \/>\n\t<meta name=\"twitter:data1\" content=\"2 minuty\" \/>\n<!-- \/ Yoast SEO plugin. -->","yoast_head_json":{"title":"Doniczka wysoka Corten Tubus DTUS250C z wk\u0142adem - Selleetools.com","robots":{"index":"index","follow":"follow","max-snippet":"max-snippet:-1","max-image-preview":"max-image-preview:large","max-video-preview":"max-video-preview:-1"},"canonical":"https:\/\/selleetools.com\/product\/doniczka-wysoka-corten-tubus-dtus250c-z-wkladem\/","og_locale":"pl_PL","og_type":"article","og_title":"Doniczka wysoka Corten Tubus DTUS250C z wk\u0142adem - Selleetools.com","og_description":"Doniczka wysoka Corten Tubus DTUS250C z wk\u0142adem Specyfikacja doniczki: \u015brednica g\u00f3ry &#8211; 25 cm \u015brednica podstawy &#8211; 16,5 cm wysoko\u015b\u0107 &#8211; 47,5 cm pojemno\u015b\u0107 &#8211; 15,5 l materia\u0142 &#8211; tworzywo sztuczne Zestaw zawiera: os\u0142onk\u0119 Corten Tubus wk\u0142ad wewn\u0119trzny Mo\u017cemy j\u0105 umie\u015bci\u0107: w domu przestronnym wn\u0119trzu na tarasie na balkonie w ogrodzie Wk\u0142ad wewn\u0119trzny do doniczek ... Read moreDoniczka wysoka Corten Tubus DTUS250C z wk\u0142adem","og_url":"https:\/\/selleetools.com\/product\/doniczka-wysoka-corten-tubus-dtus250c-z-wkladem\/","og_site_name":"Selleetools.com","article_modified_time":"2026-04-09T14:47:43+00:00","og_image":[{"width":993,"height":1000,"url":"https:\/\/selleetools.com\/wp-content\/uploads\/2026\/02\/3ad8c3858b3bd536a6ae76e69c359341.jpg","type":"image\/jpeg"}],"twitter_card":"summary_large_image","twitter_misc":{"Est. reading time":"2 minuty"},"schema":{"@context":"https:\/\/schema.org","@graph":[{"@type":"Organization","@id":"https:\/\/selleetools.com\/#organization","name":"Selleetools","url":"https:\/\/selleetools.com\/","sameAs":[],"logo":{"@type":"ImageObject","inLanguage":"pl-PL","@id":"https:\/\/selleetools.com\/#\/schema\/logo\/image\/","url":"https:\/\/selleetools.com\/wp-content\/uploads\/2021\/10\/logo-dark.png","contentUrl":"https:\/\/selleetools.com\/wp-content\/uploads\/2021\/10\/logo-dark.png","width":320,"height":76,"caption":"Selleetools"},"image":{"@id":"https:\/\/selleetools.com\/#\/schema\/logo\/image\/"}},{"@type":"WebSite","@id":"https:\/\/selleetools.com\/#website","url":"https:\/\/selleetools.com\/","name":"Selleetools.com","description":"","publisher":{"@id":"https:\/\/selleetools.com\/#organization"},"potentialAction":[{"@type":"SearchAction","target":{"@type":"EntryPoint","urlTemplate":"https:\/\/selleetools.com\/?s={search_term_string}"},"query-input":"required name=search_term_string"}],"inLanguage":"pl-PL"},{"@type":"WebPage","@id":"https:\/\/selleetools.com\/product\/doniczka-wysoka-corten-tubus-dtus250c-z-wkladem\/","url":"https:\/\/selleetools.com\/product\/doniczka-wysoka-corten-tubus-dtus250c-z-wkladem\/","name":"Doniczka wysoka Corten Tubus DTUS250C z wk\u0142adem - Selleetools.com","isPartOf":{"@id":"https:\/\/selleetools.com\/#website"},"datePublished":"2026-02-19T14:51:05+00:00","dateModified":"2026-04-09T14:47:43+00:00","breadcrumb":{"@id":"https:\/\/selleetools.com\/product\/doniczka-wysoka-corten-tubus-dtus250c-z-wkladem\/#breadcrumb"},"inLanguage":"pl-PL","potentialAction":[{"@type":"ReadAction","target":["https:\/\/selleetools.com\/product\/doniczka-wysoka-corten-tubus-dtus250c-z-wkladem\/"]}]},{"@type":"BreadcrumbList","@id":"https:\/\/selleetools.com\/product\/doniczka-wysoka-corten-tubus-dtus250c-z-wkladem\/#breadcrumb","itemListElement":[{"@type":"ListItem","position":1,"name":"Home","item":"https:\/\/selleetools.com\/pl\/"},{"@type":"ListItem","position":2,"name":"Katalog","item":"https:\/\/selleetools.com\/pl\/katalog\/"},{"@type":"ListItem","position":3,"name":"Doniczka wysoka Corten Tubus DTUS250C z wk\u0142adem"}]}]}},"_links":{"self":[{"href":"https:\/\/selleetools.com\/pl\/wp-json\/wp\/v2\/product\/671795"}],"collection":[{"href":"https:\/\/selleetools.com\/pl\/wp-json\/wp\/v2\/product"}],"about":[{"href":"https:\/\/selleetools.com\/pl\/wp-json\/wp\/v2\/types\/product"}],"replies":[{"embeddable":true,"href":"https:\/\/selleetools.com\/pl\/wp-json\/wp\/v2\/comments?post=671795"}],"wp:featuredmedia":[{"embeddable":true,"href":"https:\/\/selleetools.com\/pl\/wp-json\/wp\/v2\/media\/671785"}],"wp:attachment":[{"href":"https:\/\/selleetools.com\/pl\/wp-json\/wp\/v2\/media?parent=671795"}],"curies":[{"name":"wp","href":"https:\/\/api.w.org\/{rel}","templated":true}]}}