{"id":671784,"date":"2026-02-19T15:50:59","date_gmt":"2026-02-19T14:50:59","guid":{"rendered":"https:\/\/selleetools.com\/?post_type=product&#038;p=671784"},"modified":"2026-04-18T15:58:22","modified_gmt":"2026-04-18T13:58:22","slug":"morus-proszek-do-usuwania-sadzy-z-kominkow-09kg","status":"publish","type":"product","link":"https:\/\/selleetools.com\/pl\/product\/morus-proszek-do-usuwania-sadzy-z-kominkow-09kg\/","title":{"rendered":"MORUS Proszek do usuwania sadzy z komink\u00f3w 0,9kg"},"content":{"rendered":"<p>MORUS Proszek do usuwania sadzy z komink\u00f3w 0,9kg<br \/>\nZastosowanie<br \/>\n\u015arodek do czyszczenia komink\u00f3w, czy piec\u00f3w mo\u017ce by\u0107 stosowany we wszystkich kominkach i piecach na paliwo sta\u0142e (np. drewno, ekogroszek).<br \/>\nSystematyczne stosowanie preparatu zwi\u0119ksza wydajno\u015b\u0107 grzewcz\u0105, obni\u017ca zu\u017cycie paliwa, ogranicza ryzyko zapalenia si\u0119 sadzy w przewodzie kominowym i zabezpiecza stalowe elementy przed korozj\u0105. Preparat nie posiada w\u0142a\u015bciwo\u015bci wybuchowych i toksycznych, spala si\u0119 bez zapachu.<br \/>\nSpos\u00f3b u\u017cycia:<br \/>\nPo rozgrzaniu przewod\u00f3w kominowych\u00a0wsypa\u0107 50g\u00a0preparatu\u00a0 (5 \u0142yzek sto\u0142owych)\u00a0do paleniska na dobrze rozpalone paliwo.<br \/>\nPrzy silnym zanieczyszczeniu po oko\u0142o 30 minutach wrzuci\u0107 do ognia drug\u0105 porcj\u0119 proszku. W przypadku rozsypania preparatu na przedmioty z metalu niezw\u0142ocznie usun\u0105\u0107 go z nich, gdy\u017c mo\u017ce zostawia\u0107 trwa\u0142e \u015blady.<\/p>\n<p>Preparat do usuwania powsta\u0142ej w paleniskach i przewodach kominowych sadzy.<br \/>\nZawarte w nim sole mineralne pod wp\u0142ywem wysokiej temperatury ulegaj\u0105 rozk\u0142adowi na substancje o w\u0142a\u015bciwo\u015bciach katalitycznych, kt\u00f3re znacznie przyspieszaj\u0105 proces spalania sadzy i osad\u00f3w smo\u0142owych.<br \/>\nMo\u017ce by\u0107 stosowany we wszystkich kominkach i piecach na paliwo sta\u0142e (np. drewno, ekogroszek).<\/p>\n<p>Produkt\u00f3w biob\u00f3jczych nale\u017cy u\u017cywa\u0107 z zachowaniem \u015brodk\u00f3w ostro\u017cno\u015bci.\u00a0Przed ka\u017cdym u\u017cyciem nale\u017cy przeczyta\u0107 etykiet\u0119 i informacje dotycz\u0105ce produktu.<\/p>\n<p>MORUS Proszek do usuwania sadzy z komink\u00f3w 0,9kg<br \/>\nZastosowanie<br \/>\n\u015arodek do czyszczenia komink\u00f3w, czy piec\u00f3w mo\u017ce by\u0107 stosowany we wszystkich kominkach i piecach na paliwo sta\u0142e (np. drewno, ekogroszek).<br \/>\nSystematyczne stosowanie preparatu zwi\u0119ksza wydajno\u015b\u0107 grzewcz\u0105, obni\u017ca zu\u017cycie paliwa, ogranicza ryzyko zapalenia si\u0119 sadzy w przewodzie kominowym i zabezpiecza stalowe elementy przed korozj\u0105. Preparat nie posiada w\u0142a\u015bciwo\u015bci wybuchowych i toksycznych, spala si\u0119 bez zapachu.<br \/>\nSpos\u00f3b u\u017cycia:<br \/>\nPo rozgrzaniu przewod\u00f3w kominowych\u00a0wsypa\u0107 50g\u00a0preparatu\u00a0 (5 \u0142yzek sto\u0142owych)\u00a0do paleniska na dobrze rozpalone paliwo.<br \/>\nPrzy silnym zanieczyszczeniu po oko\u0142o 30 minutach wrzuci\u0107 do ognia drug\u0105 porcj\u0119 proszku. W przypadku rozsypania preparatu na przedmioty z metalu niezw\u0142ocznie usun\u0105\u0107 go z nich, gdy\u017c mo\u017ce zostawia\u0107 trwa\u0142e \u015blady.<\/p>\n<p>Preparat do usuwania powsta\u0142ej w paleniskach i przewodach kominowych sadzy.<br \/>\nZawarte w nim sole mineralne pod wp\u0142ywem wysokiej temperatury ulegaj\u0105 rozk\u0142adowi na substancje o w\u0142a\u015bciwo\u015bciach katalitycznych, kt\u00f3re znacznie przyspieszaj\u0105 proces spalania sadzy i osad\u00f3w smo\u0142owych.<br \/>\nMo\u017ce by\u0107 stosowany we wszystkich kominkach i piecach na paliwo sta\u0142e (np. drewno, ekogroszek).<\/p>\n<p>Produkt\u00f3w biob\u00f3jczych nale\u017cy u\u017cywa\u0107 z zachowaniem \u015brodk\u00f3w ostro\u017cno\u015bci.\u00a0Przed ka\u017cdym u\u017cyciem nale\u017cy przeczyta\u0107 etykiet\u0119 i informacje dotycz\u0105ce produktu.<\/p>\n","protected":false},"excerpt":{"rendered":"<p>MORUS Proszek do usuwania sadzy z komink\u00f3w 0,9kg Zastosowanie \u015arodek do czyszczenia komink\u00f3w, czy piec\u00f3w mo\u017ce by\u0107 stosowany we wszystkich kominkach i piecach na paliwo sta\u0142e (np. drewno, ekogroszek). Systematyczne stosowanie preparatu zwi\u0119ksza wydajno\u015b\u0107 grzewcz\u0105, obni\u017ca zu\u017cycie paliwa, ogranicza ryzyko zapalenia si\u0119 sadzy w przewodzie kominowym i zabezpiecza stalowe elementy przed korozj\u0105. Preparat nie posiada &#8230; <a title=\"MORUS Proszek do usuwania sadzy z komink\u00f3w 0,9kg\" class=\"read-more\" href=\"https:\/\/selleetools.com\/pl\/product\/morus-proszek-do-usuwania-sadzy-z-kominkow-09kg\/\">Read more<span class=\"screen-reader-text\">MORUS Proszek do usuwania sadzy z komink\u00f3w 0,9kg<\/span><\/a><\/p>\n","protected":false},"featured_media":671782,"comment_status":"open","ping_status":"closed","template":"","meta":{"_links_to":"","_links_to_target":""},"yoast_head":"<!-- This site is optimized with the Yoast SEO plugin v19.4 - https:\/\/yoast.com\/wordpress\/plugins\/seo\/ -->\n<title>MORUS Proszek do usuwania sadzy z komink\u00f3w 0,9kg - Selleetools.com<\/title>\n<meta name=\"robots\" content=\"index, follow, max-snippet:-1, max-image-preview:large, max-video-preview:-1\" \/>\n<link rel=\"canonical\" href=\"https:\/\/selleetools.com\/pl\/product\/morus-proszek-do-usuwania-sadzy-z-kominkow-09kg\/\" \/>\n<meta property=\"og:locale\" content=\"pl_PL\" \/>\n<meta property=\"og:type\" content=\"article\" \/>\n<meta property=\"og:title\" content=\"MORUS Proszek do usuwania sadzy z komink\u00f3w 0,9kg - Selleetools.com\" \/>\n<meta property=\"og:description\" content=\"MORUS Proszek do usuwania sadzy z komink\u00f3w 0,9kg Zastosowanie \u015arodek do czyszczenia komink\u00f3w, czy piec\u00f3w mo\u017ce by\u0107 stosowany we wszystkich kominkach i piecach na paliwo sta\u0142e (np. drewno, ekogroszek). Systematyczne stosowanie preparatu zwi\u0119ksza wydajno\u015b\u0107 grzewcz\u0105, obni\u017ca zu\u017cycie paliwa, ogranicza ryzyko zapalenia si\u0119 sadzy w przewodzie kominowym i zabezpiecza stalowe elementy przed korozj\u0105. Preparat nie posiada ... Read moreMORUS Proszek do usuwania sadzy z komink\u00f3w 0,9kg\" \/>\n<meta property=\"og:url\" content=\"https:\/\/selleetools.com\/pl\/product\/morus-proszek-do-usuwania-sadzy-z-kominkow-09kg\/\" \/>\n<meta property=\"og:site_name\" content=\"Selleetools.com\" \/>\n<meta property=\"article:modified_time\" content=\"2026-04-18T13:58:22+00:00\" \/>\n<meta property=\"og:image\" content=\"https:\/\/selleetools.com\/wp-content\/uploads\/2026\/02\/418ebd9f8e1bf463b6cbdcc421a92e30.jpg\" \/>\n\t<meta property=\"og:image:width\" content=\"1853\" \/>\n\t<meta property=\"og:image:height\" content=\"2560\" \/>\n\t<meta property=\"og:image:type\" content=\"image\/jpeg\" \/>\n<meta name=\"twitter:card\" content=\"summary_large_image\" \/>\n<meta name=\"twitter:label1\" content=\"Est. reading time\" \/>\n\t<meta name=\"twitter:data1\" content=\"2 minuty\" \/>\n<!-- \/ Yoast SEO plugin. -->","yoast_head_json":{"title":"MORUS Proszek do usuwania sadzy z komink\u00f3w 0,9kg - Selleetools.com","robots":{"index":"index","follow":"follow","max-snippet":"max-snippet:-1","max-image-preview":"max-image-preview:large","max-video-preview":"max-video-preview:-1"},"canonical":"https:\/\/selleetools.com\/pl\/product\/morus-proszek-do-usuwania-sadzy-z-kominkow-09kg\/","og_locale":"pl_PL","og_type":"article","og_title":"MORUS Proszek do usuwania sadzy z komink\u00f3w 0,9kg - Selleetools.com","og_description":"MORUS Proszek do usuwania sadzy z komink\u00f3w 0,9kg Zastosowanie \u015arodek do czyszczenia komink\u00f3w, czy piec\u00f3w mo\u017ce by\u0107 stosowany we wszystkich kominkach i piecach na paliwo sta\u0142e (np. drewno, ekogroszek). Systematyczne stosowanie preparatu zwi\u0119ksza wydajno\u015b\u0107 grzewcz\u0105, obni\u017ca zu\u017cycie paliwa, ogranicza ryzyko zapalenia si\u0119 sadzy w przewodzie kominowym i zabezpiecza stalowe elementy przed korozj\u0105. Preparat nie posiada ... Read moreMORUS Proszek do usuwania sadzy z komink\u00f3w 0,9kg","og_url":"https:\/\/selleetools.com\/pl\/product\/morus-proszek-do-usuwania-sadzy-z-kominkow-09kg\/","og_site_name":"Selleetools.com","article_modified_time":"2026-04-18T13:58:22+00:00","og_image":[{"width":1853,"height":2560,"url":"https:\/\/selleetools.com\/wp-content\/uploads\/2026\/02\/418ebd9f8e1bf463b6cbdcc421a92e30.jpg","type":"image\/jpeg"}],"twitter_card":"summary_large_image","twitter_misc":{"Est. reading time":"2 minuty"},"schema":{"@context":"https:\/\/schema.org","@graph":[{"@type":"Organization","@id":"https:\/\/selleetools.com\/#organization","name":"Selleetools","url":"https:\/\/selleetools.com\/","sameAs":[],"logo":{"@type":"ImageObject","inLanguage":"pl-PL","@id":"https:\/\/selleetools.com\/#\/schema\/logo\/image\/","url":"https:\/\/selleetools.com\/wp-content\/uploads\/2021\/10\/logo-dark.png","contentUrl":"https:\/\/selleetools.com\/wp-content\/uploads\/2021\/10\/logo-dark.png","width":320,"height":76,"caption":"Selleetools"},"image":{"@id":"https:\/\/selleetools.com\/#\/schema\/logo\/image\/"}},{"@type":"WebSite","@id":"https:\/\/selleetools.com\/#website","url":"https:\/\/selleetools.com\/","name":"Selleetools.com","description":"","publisher":{"@id":"https:\/\/selleetools.com\/#organization"},"potentialAction":[{"@type":"SearchAction","target":{"@type":"EntryPoint","urlTemplate":"https:\/\/selleetools.com\/?s={search_term_string}"},"query-input":"required name=search_term_string"}],"inLanguage":"pl-PL"},{"@type":"WebPage","@id":"https:\/\/selleetools.com\/pl\/product\/morus-proszek-do-usuwania-sadzy-z-kominkow-09kg\/","url":"https:\/\/selleetools.com\/pl\/product\/morus-proszek-do-usuwania-sadzy-z-kominkow-09kg\/","name":"MORUS Proszek do usuwania sadzy z komink\u00f3w 0,9kg - Selleetools.com","isPartOf":{"@id":"https:\/\/selleetools.com\/#website"},"datePublished":"2026-02-19T14:50:59+00:00","dateModified":"2026-04-18T13:58:22+00:00","breadcrumb":{"@id":"https:\/\/selleetools.com\/pl\/product\/morus-proszek-do-usuwania-sadzy-z-kominkow-09kg\/#breadcrumb"},"inLanguage":"pl-PL","potentialAction":[{"@type":"ReadAction","target":["https:\/\/selleetools.com\/pl\/product\/morus-proszek-do-usuwania-sadzy-z-kominkow-09kg\/"]}]},{"@type":"BreadcrumbList","@id":"https:\/\/selleetools.com\/pl\/product\/morus-proszek-do-usuwania-sadzy-z-kominkow-09kg\/#breadcrumb","itemListElement":[{"@type":"ListItem","position":1,"name":"Home","item":"https:\/\/selleetools.com\/pl\/"},{"@type":"ListItem","position":2,"name":"Katalog","item":"https:\/\/selleetools.com\/pl\/katalog\/"},{"@type":"ListItem","position":3,"name":"MORUS Proszek do usuwania sadzy z komink\u00f3w 0,9kg"}]}]}},"_links":{"self":[{"href":"https:\/\/selleetools.com\/pl\/wp-json\/wp\/v2\/product\/671784"}],"collection":[{"href":"https:\/\/selleetools.com\/pl\/wp-json\/wp\/v2\/product"}],"about":[{"href":"https:\/\/selleetools.com\/pl\/wp-json\/wp\/v2\/types\/product"}],"replies":[{"embeddable":true,"href":"https:\/\/selleetools.com\/pl\/wp-json\/wp\/v2\/comments?post=671784"}],"wp:featuredmedia":[{"embeddable":true,"href":"https:\/\/selleetools.com\/pl\/wp-json\/wp\/v2\/media\/671782"}],"wp:attachment":[{"href":"https:\/\/selleetools.com\/pl\/wp-json\/wp\/v2\/media?parent=671784"}],"curies":[{"name":"wp","href":"https:\/\/api.w.org\/{rel}","templated":true}]}}