{"id":671755,"date":"2026-02-19T15:50:41","date_gmt":"2026-02-19T14:50:41","guid":{"rendered":"https:\/\/selleetools.com\/?post_type=product&#038;p=671755"},"modified":"2026-04-18T15:58:00","modified_gmt":"2026-04-18T13:58:00","slug":"kran-do-deszczownicy-cantap-itap1","status":"publish","type":"product","link":"https:\/\/selleetools.com\/pl\/product\/kran-do-deszczownicy-cantap-itap1\/","title":{"rendered":"Kran do deszczownicy CANTAP ITAP1"},"content":{"rendered":"<p>Zaw\u00f3r czerpalny 3\/4 Kran spustowy do deszczownicy<br \/>\n &#8211; Zaw\u00f3r czerpalny ogrodowy z ko\u0144c\u00f3wk\u0105 na w\u0119\u017ca.<br \/>\n &#8211; Gwint 3\/4&#8243;<br \/>\n &#8211; \u015arednica ko\u0144c\u00f3wki na w\u0119\u017ca 16 mm<br \/>\n &#8211; Materia\u0142: Polipropylen<br \/>\n &#8211; Waga 0,03 kg<\/p>\n<p>Zaw\u00f3r czerpalny 3\/4 Kran spustowy do deszczownicy<br \/>\n &#8211; Zaw\u00f3r czerpalny ogrodowy z ko\u0144c\u00f3wk\u0105 na w\u0119\u017ca.<br \/>\n &#8211; Gwint 3\/4&#8243;<br \/>\n &#8211; \u015arednica ko\u0144c\u00f3wki na w\u0119\u017ca 16 mm<br \/>\n &#8211; Materia\u0142: Polipropylen<br \/>\n &#8211; Waga 0,03 kg<\/p>\n","protected":false},"excerpt":{"rendered":"<p>Zaw\u00f3r czerpalny 3\/4 Kran spustowy do deszczownicy &#8211; Zaw\u00f3r czerpalny ogrodowy z ko\u0144c\u00f3wk\u0105 na w\u0119\u017ca. &#8211; Gwint 3\/4&#8243; &#8211; \u015arednica ko\u0144c\u00f3wki na w\u0119\u017ca 16 mm &#8211; Materia\u0142: Polipropylen &#8211; Waga 0,03 kg Zaw\u00f3r czerpalny 3\/4 Kran spustowy do deszczownicy &#8211; Zaw\u00f3r czerpalny ogrodowy z ko\u0144c\u00f3wk\u0105 na w\u0119\u017ca. &#8211; Gwint 3\/4&#8243; &#8211; \u015arednica ko\u0144c\u00f3wki na w\u0119\u017ca &#8230; <a title=\"Kran do deszczownicy CANTAP ITAP1\" class=\"read-more\" href=\"https:\/\/selleetools.com\/pl\/product\/kran-do-deszczownicy-cantap-itap1\/\">Read more<span class=\"screen-reader-text\">Kran do deszczownicy CANTAP ITAP1<\/span><\/a><\/p>\n","protected":false},"featured_media":671747,"comment_status":"open","ping_status":"closed","template":"","meta":{"_links_to":"","_links_to_target":""},"yoast_head":"<!-- This site is optimized with the Yoast SEO plugin v19.4 - https:\/\/yoast.com\/wordpress\/plugins\/seo\/ -->\n<title>Kran do deszczownicy CANTAP ITAP1 - Selleetools.com<\/title>\n<meta name=\"robots\" content=\"index, follow, max-snippet:-1, max-image-preview:large, max-video-preview:-1\" \/>\n<link rel=\"canonical\" href=\"https:\/\/selleetools.com\/pl\/product\/kran-do-deszczownicy-cantap-itap1\/\" \/>\n<meta property=\"og:locale\" content=\"pl_PL\" \/>\n<meta property=\"og:type\" content=\"article\" \/>\n<meta property=\"og:title\" content=\"Kran do deszczownicy CANTAP ITAP1 - Selleetools.com\" \/>\n<meta property=\"og:description\" content=\"Zaw\u00f3r czerpalny 3\/4 Kran spustowy do deszczownicy &#8211; Zaw\u00f3r czerpalny ogrodowy z ko\u0144c\u00f3wk\u0105 na w\u0119\u017ca. &#8211; Gwint 3\/4&#8243; &#8211; \u015arednica ko\u0144c\u00f3wki na w\u0119\u017ca 16 mm &#8211; Materia\u0142: Polipropylen &#8211; Waga 0,03 kg Zaw\u00f3r czerpalny 3\/4 Kran spustowy do deszczownicy &#8211; Zaw\u00f3r czerpalny ogrodowy z ko\u0144c\u00f3wk\u0105 na w\u0119\u017ca. &#8211; Gwint 3\/4&#8243; &#8211; \u015arednica ko\u0144c\u00f3wki na w\u0119\u017ca ... Read moreKran do deszczownicy CANTAP ITAP1\" \/>\n<meta property=\"og:url\" content=\"https:\/\/selleetools.com\/pl\/product\/kran-do-deszczownicy-cantap-itap1\/\" \/>\n<meta property=\"og:site_name\" content=\"Selleetools.com\" \/>\n<meta property=\"article:modified_time\" content=\"2026-04-18T13:58:00+00:00\" \/>\n<meta property=\"og:image\" content=\"https:\/\/selleetools.com\/wp-content\/uploads\/2026\/02\/75e80c14a5b225d78e85ccb5c730101d.jpg\" \/>\n\t<meta property=\"og:image:width\" content=\"800\" \/>\n\t<meta property=\"og:image:height\" content=\"600\" \/>\n\t<meta property=\"og:image:type\" content=\"image\/jpeg\" \/>\n<meta name=\"twitter:card\" content=\"summary_large_image\" \/>\n<!-- \/ Yoast SEO plugin. -->","yoast_head_json":{"title":"Kran do deszczownicy CANTAP ITAP1 - Selleetools.com","robots":{"index":"index","follow":"follow","max-snippet":"max-snippet:-1","max-image-preview":"max-image-preview:large","max-video-preview":"max-video-preview:-1"},"canonical":"https:\/\/selleetools.com\/pl\/product\/kran-do-deszczownicy-cantap-itap1\/","og_locale":"pl_PL","og_type":"article","og_title":"Kran do deszczownicy CANTAP ITAP1 - Selleetools.com","og_description":"Zaw\u00f3r czerpalny 3\/4 Kran spustowy do deszczownicy &#8211; Zaw\u00f3r czerpalny ogrodowy z ko\u0144c\u00f3wk\u0105 na w\u0119\u017ca. &#8211; Gwint 3\/4&#8243; &#8211; \u015arednica ko\u0144c\u00f3wki na w\u0119\u017ca 16 mm &#8211; Materia\u0142: Polipropylen &#8211; Waga 0,03 kg Zaw\u00f3r czerpalny 3\/4 Kran spustowy do deszczownicy &#8211; Zaw\u00f3r czerpalny ogrodowy z ko\u0144c\u00f3wk\u0105 na w\u0119\u017ca. &#8211; Gwint 3\/4&#8243; &#8211; \u015arednica ko\u0144c\u00f3wki na w\u0119\u017ca ... Read moreKran do deszczownicy CANTAP ITAP1","og_url":"https:\/\/selleetools.com\/pl\/product\/kran-do-deszczownicy-cantap-itap1\/","og_site_name":"Selleetools.com","article_modified_time":"2026-04-18T13:58:00+00:00","og_image":[{"width":800,"height":600,"url":"https:\/\/selleetools.com\/wp-content\/uploads\/2026\/02\/75e80c14a5b225d78e85ccb5c730101d.jpg","type":"image\/jpeg"}],"twitter_card":"summary_large_image","schema":{"@context":"https:\/\/schema.org","@graph":[{"@type":"Organization","@id":"https:\/\/selleetools.com\/#organization","name":"Selleetools","url":"https:\/\/selleetools.com\/","sameAs":[],"logo":{"@type":"ImageObject","inLanguage":"pl-PL","@id":"https:\/\/selleetools.com\/#\/schema\/logo\/image\/","url":"https:\/\/selleetools.com\/wp-content\/uploads\/2021\/10\/logo-dark.png","contentUrl":"https:\/\/selleetools.com\/wp-content\/uploads\/2021\/10\/logo-dark.png","width":320,"height":76,"caption":"Selleetools"},"image":{"@id":"https:\/\/selleetools.com\/#\/schema\/logo\/image\/"}},{"@type":"WebSite","@id":"https:\/\/selleetools.com\/#website","url":"https:\/\/selleetools.com\/","name":"Selleetools.com","description":"","publisher":{"@id":"https:\/\/selleetools.com\/#organization"},"potentialAction":[{"@type":"SearchAction","target":{"@type":"EntryPoint","urlTemplate":"https:\/\/selleetools.com\/?s={search_term_string}"},"query-input":"required name=search_term_string"}],"inLanguage":"pl-PL"},{"@type":"WebPage","@id":"https:\/\/selleetools.com\/pl\/product\/kran-do-deszczownicy-cantap-itap1\/","url":"https:\/\/selleetools.com\/pl\/product\/kran-do-deszczownicy-cantap-itap1\/","name":"Kran do deszczownicy CANTAP ITAP1 - Selleetools.com","isPartOf":{"@id":"https:\/\/selleetools.com\/#website"},"datePublished":"2026-02-19T14:50:41+00:00","dateModified":"2026-04-18T13:58:00+00:00","breadcrumb":{"@id":"https:\/\/selleetools.com\/pl\/product\/kran-do-deszczownicy-cantap-itap1\/#breadcrumb"},"inLanguage":"pl-PL","potentialAction":[{"@type":"ReadAction","target":["https:\/\/selleetools.com\/pl\/product\/kran-do-deszczownicy-cantap-itap1\/"]}]},{"@type":"BreadcrumbList","@id":"https:\/\/selleetools.com\/pl\/product\/kran-do-deszczownicy-cantap-itap1\/#breadcrumb","itemListElement":[{"@type":"ListItem","position":1,"name":"Home","item":"https:\/\/selleetools.com\/pl\/"},{"@type":"ListItem","position":2,"name":"Katalog","item":"https:\/\/selleetools.com\/pl\/katalog\/"},{"@type":"ListItem","position":3,"name":"Kran do deszczownicy CANTAP ITAP1"}]}]}},"_links":{"self":[{"href":"https:\/\/selleetools.com\/pl\/wp-json\/wp\/v2\/product\/671755"}],"collection":[{"href":"https:\/\/selleetools.com\/pl\/wp-json\/wp\/v2\/product"}],"about":[{"href":"https:\/\/selleetools.com\/pl\/wp-json\/wp\/v2\/types\/product"}],"replies":[{"embeddable":true,"href":"https:\/\/selleetools.com\/pl\/wp-json\/wp\/v2\/comments?post=671755"}],"wp:featuredmedia":[{"embeddable":true,"href":"https:\/\/selleetools.com\/pl\/wp-json\/wp\/v2\/media\/671747"}],"wp:attachment":[{"href":"https:\/\/selleetools.com\/pl\/wp-json\/wp\/v2\/media?parent=671755"}],"curies":[{"name":"wp","href":"https:\/\/api.w.org\/{rel}","templated":true}]}}