{"id":671739,"date":"2026-02-19T15:50:29","date_gmt":"2026-02-19T14:50:29","guid":{"rendered":"https:\/\/selleetools.com\/?post_type=product&#038;p=671739"},"modified":"2026-04-09T17:38:15","modified_gmt":"2026-04-09T15:38:15","slug":"doniczka-samonawadniajaca-rato-case-drtc500-umbra","status":"publish","type":"product","link":"https:\/\/selleetools.com\/pl\/product\/doniczka-samonawadniajaca-rato-case-drtc500-umbra\/","title":{"rendered":"Doniczka samonawadniaj\u0105ca RATO Case DRTC500 | Umbra"},"content":{"rendered":"<p>Doniczka samonawadniaj\u0105ca RATO Case DRTC500 &#8211; Umbra<br \/>\nSpecyfikacja:<br \/>\n &#8211; d\u0142ugo\u015b\u0107 &#8211; 51 cm<br \/>\n &#8211; szeroko\u015b\u0107 &#8211; 19 cm<br \/>\n &#8211; wysoko\u015b\u0107 &#8211; 18,5 cm<br \/>\n &#8211; pojemno\u015b\u0107 &#8211; 17 l<br \/>\n &#8211; materia\u0142 &#8211; tworzywo sztuczne<br \/>\n &#8211; waga &#8211; 2 kg<br \/>\nZestaw zawiera:<br \/>\n &#8211; os\u0142onk\u0119 RATO Square<br \/>\n &#8211; system do nawadniania<br \/>\nKomplet nie zawiera keramzytu.<\/p>\n<p>Pod\u0142u\u017cna doniczka balkonowa Rato Case o fakturze wiernie imituj\u0105cej plecionk\u0119 z naturalnego rattanu, pozwala kreowa\u0107 pi\u0119kne unikatowe wn\u0119trza i bez ogranicze\u0144 aran\u017cowa\u0107 przestrze\u0144 wok\u00f3\u0142 domu. Dzi\u0119ki klasycznej, czystej formie nadaje si\u0119 do wszystkich pomieszcze\u0144, godz\u0105c r\u00f3\u017cne style i upodobania. Jej funkcjonalno\u015b\u0107 wyra\u017ca si\u0119 przede wszystkim w komforcie u\u017cytkowania bez wzgl\u0119du na aur\u0119.\u00a0Doniczka posiada w zestawie wk\u0142ad umo\u017cliwiaj\u0105cy prawid\u0142owe nawadnianie ro\u015blin.<br \/>\nZalety systemu nawadniania:<br \/>\n &#8211; wygodny spos\u00f3b prawid\u0142owego nawadniania ro\u015blin<br \/>\n &#8211; wyd\u0142u\u017ca czas, w kt\u00f3rym ziemia jest wilgotna<br \/>\n &#8211; zmniejsza cz\u0119stotliwo\u015b\u0107 podlewania<br \/>\n &#8211; pozwala kontrolowa\u0107 poziom wody w doniczce<br \/>\n &#8211; pozwala zaoszcz\u0119dzi\u0107 do 50% wody przez mniejsze odparowanie<br \/>\n &#8211; wyje\u017cd\u017caj\u0105c zostawiasz ro\u015blin\u0119 w dobrych r\u0119kach systemu nawadniania<\/p>\n<p>Doniczka samonawadniaj\u0105ca RATO Case DRTC500 &#8211; Umbra<br \/>\nSpecyfikacja:<br \/>\n &#8211; d\u0142ugo\u015b\u0107 &#8211; 51 cm<br \/>\n &#8211; szeroko\u015b\u0107 &#8211; 19 cm<br \/>\n &#8211; wysoko\u015b\u0107 &#8211; 18,5 cm<br \/>\n &#8211; pojemno\u015b\u0107 &#8211; 17 l<br \/>\n &#8211; materia\u0142 &#8211; tworzywo sztuczne<br \/>\n &#8211; waga &#8211; 2 kg<br \/>\nZestaw zawiera:<br \/>\n &#8211; os\u0142onk\u0119 RATO Square<br \/>\n &#8211; system do nawadniania<br \/>\nKomplet nie zawiera keramzytu.<\/p>\n<p>Pod\u0142u\u017cna doniczka balkonowa Rato Case o fakturze wiernie imituj\u0105cej plecionk\u0119 z naturalnego rattanu, pozwala kreowa\u0107 pi\u0119kne unikatowe wn\u0119trza i bez ogranicze\u0144 aran\u017cowa\u0107 przestrze\u0144 wok\u00f3\u0142 domu. Dzi\u0119ki klasycznej, czystej formie nadaje si\u0119 do wszystkich pomieszcze\u0144, godz\u0105c r\u00f3\u017cne style i upodobania. Jej funkcjonalno\u015b\u0107 wyra\u017ca si\u0119 przede wszystkim w komforcie u\u017cytkowania bez wzgl\u0119du na aur\u0119.\u00a0Doniczka posiada w zestawie wk\u0142ad umo\u017cliwiaj\u0105cy prawid\u0142owe nawadnianie ro\u015blin.<br \/>\nZalety systemu nawadniania:<br \/>\n &#8211; wygodny spos\u00f3b prawid\u0142owego nawadniania ro\u015blin<br \/>\n &#8211; wyd\u0142u\u017ca czas, w kt\u00f3rym ziemia jest wilgotna<br \/>\n &#8211; zmniejsza cz\u0119stotliwo\u015b\u0107 podlewania<br \/>\n &#8211; pozwala kontrolowa\u0107 poziom wody w doniczce<br \/>\n &#8211; pozwala zaoszcz\u0119dzi\u0107 do 50% wody przez mniejsze odparowanie<br \/>\n &#8211; wyje\u017cd\u017caj\u0105c zostawiasz ro\u015blin\u0119 w dobrych r\u0119kach systemu nawadniania<\/p>\n","protected":false},"excerpt":{"rendered":"<p>Doniczka samonawadniaj\u0105ca RATO Case DRTC500 &#8211; Umbra Specyfikacja: &#8211; d\u0142ugo\u015b\u0107 &#8211; 51 cm &#8211; szeroko\u015b\u0107 &#8211; 19 cm &#8211; wysoko\u015b\u0107 &#8211; 18,5 cm &#8211; pojemno\u015b\u0107 &#8211; 17 l &#8211; materia\u0142 &#8211; tworzywo sztuczne &#8211; waga &#8211; 2 kg Zestaw zawiera: &#8211; os\u0142onk\u0119 RATO Square &#8211; system do nawadniania Komplet nie zawiera keramzytu. Pod\u0142u\u017cna doniczka balkonowa &#8230; <a title=\"Doniczka samonawadniaj\u0105ca RATO Case DRTC500 | Umbra\" class=\"read-more\" href=\"https:\/\/selleetools.com\/pl\/product\/doniczka-samonawadniajaca-rato-case-drtc500-umbra\/\">Read more<span class=\"screen-reader-text\">Doniczka samonawadniaj\u0105ca RATO Case DRTC500 | Umbra<\/span><\/a><\/p>\n","protected":false},"featured_media":671733,"comment_status":"open","ping_status":"closed","template":"","meta":{"_links_to":"","_links_to_target":""},"yoast_head":"<!-- This site is optimized with the Yoast SEO plugin v19.4 - https:\/\/yoast.com\/wordpress\/plugins\/seo\/ -->\n<title>Doniczka samonawadniaj\u0105ca RATO Case DRTC500 | Umbra - Selleetools.com<\/title>\n<meta name=\"robots\" content=\"index, follow, max-snippet:-1, max-image-preview:large, max-video-preview:-1\" \/>\n<link rel=\"canonical\" href=\"https:\/\/admincentral.selleetools.com\/pl\/product\/doniczka-samonawadniajaca-rato-case-drtc500-umbra\/\" \/>\n<meta property=\"og:locale\" content=\"pl_PL\" \/>\n<meta property=\"og:type\" content=\"article\" \/>\n<meta property=\"og:title\" content=\"Doniczka samonawadniaj\u0105ca RATO Case DRTC500 | Umbra - Selleetools.com\" \/>\n<meta property=\"og:description\" content=\"Doniczka samonawadniaj\u0105ca RATO Case DRTC500 &#8211; Umbra Specyfikacja: &#8211; d\u0142ugo\u015b\u0107 &#8211; 51 cm &#8211; szeroko\u015b\u0107 &#8211; 19 cm &#8211; wysoko\u015b\u0107 &#8211; 18,5 cm &#8211; pojemno\u015b\u0107 &#8211; 17 l &#8211; materia\u0142 &#8211; tworzywo sztuczne &#8211; waga &#8211; 2 kg Zestaw zawiera: &#8211; os\u0142onk\u0119 RATO Square &#8211; system do nawadniania Komplet nie zawiera keramzytu. Pod\u0142u\u017cna doniczka balkonowa ... Read moreDoniczka samonawadniaj\u0105ca RATO Case DRTC500 | Umbra\" \/>\n<meta property=\"og:url\" content=\"https:\/\/admincentral.selleetools.com\/pl\/product\/doniczka-samonawadniajaca-rato-case-drtc500-umbra\/\" \/>\n<meta property=\"og:site_name\" content=\"Selleetools.com\" \/>\n<meta property=\"article:modified_time\" content=\"2026-04-09T15:38:15+00:00\" \/>\n<meta property=\"og:image\" content=\"https:\/\/selleetools.com\/wp-content\/uploads\/2026\/02\/c3ee1e7cfab0e40ab4815ef812e0c35f.jpg\" \/>\n\t<meta property=\"og:image:width\" content=\"1772\" \/>\n\t<meta property=\"og:image:height\" content=\"684\" \/>\n\t<meta property=\"og:image:type\" content=\"image\/jpeg\" \/>\n<meta name=\"twitter:card\" content=\"summary_large_image\" \/>\n<meta name=\"twitter:label1\" content=\"Est. reading time\" \/>\n\t<meta name=\"twitter:data1\" content=\"2 minuty\" \/>\n<!-- \/ Yoast SEO plugin. -->","yoast_head_json":{"title":"Doniczka samonawadniaj\u0105ca RATO Case DRTC500 | Umbra - Selleetools.com","robots":{"index":"index","follow":"follow","max-snippet":"max-snippet:-1","max-image-preview":"max-image-preview:large","max-video-preview":"max-video-preview:-1"},"canonical":"https:\/\/admincentral.selleetools.com\/pl\/product\/doniczka-samonawadniajaca-rato-case-drtc500-umbra\/","og_locale":"pl_PL","og_type":"article","og_title":"Doniczka samonawadniaj\u0105ca RATO Case DRTC500 | Umbra - Selleetools.com","og_description":"Doniczka samonawadniaj\u0105ca RATO Case DRTC500 &#8211; Umbra Specyfikacja: &#8211; d\u0142ugo\u015b\u0107 &#8211; 51 cm &#8211; szeroko\u015b\u0107 &#8211; 19 cm &#8211; wysoko\u015b\u0107 &#8211; 18,5 cm &#8211; pojemno\u015b\u0107 &#8211; 17 l &#8211; materia\u0142 &#8211; tworzywo sztuczne &#8211; waga &#8211; 2 kg Zestaw zawiera: &#8211; os\u0142onk\u0119 RATO Square &#8211; system do nawadniania Komplet nie zawiera keramzytu. Pod\u0142u\u017cna doniczka balkonowa ... Read moreDoniczka samonawadniaj\u0105ca RATO Case DRTC500 | Umbra","og_url":"https:\/\/admincentral.selleetools.com\/pl\/product\/doniczka-samonawadniajaca-rato-case-drtc500-umbra\/","og_site_name":"Selleetools.com","article_modified_time":"2026-04-09T15:38:15+00:00","og_image":[{"width":1772,"height":684,"url":"https:\/\/selleetools.com\/wp-content\/uploads\/2026\/02\/c3ee1e7cfab0e40ab4815ef812e0c35f.jpg","type":"image\/jpeg"}],"twitter_card":"summary_large_image","twitter_misc":{"Est. reading time":"2 minuty"},"schema":{"@context":"https:\/\/schema.org","@graph":[{"@type":"Organization","@id":"https:\/\/selleetools.com\/#organization","name":"Selleetools","url":"https:\/\/selleetools.com\/","sameAs":[],"logo":{"@type":"ImageObject","inLanguage":"pl-PL","@id":"https:\/\/selleetools.com\/#\/schema\/logo\/image\/","url":"https:\/\/selleetools.com\/wp-content\/uploads\/2021\/10\/logo-dark.png","contentUrl":"https:\/\/selleetools.com\/wp-content\/uploads\/2021\/10\/logo-dark.png","width":320,"height":76,"caption":"Selleetools"},"image":{"@id":"https:\/\/selleetools.com\/#\/schema\/logo\/image\/"}},{"@type":"WebSite","@id":"https:\/\/selleetools.com\/#website","url":"https:\/\/selleetools.com\/","name":"Selleetools.com","description":"","publisher":{"@id":"https:\/\/selleetools.com\/#organization"},"potentialAction":[{"@type":"SearchAction","target":{"@type":"EntryPoint","urlTemplate":"https:\/\/selleetools.com\/?s={search_term_string}"},"query-input":"required name=search_term_string"}],"inLanguage":"pl-PL"},{"@type":"WebPage","@id":"https:\/\/admincentral.selleetools.com\/pl\/product\/doniczka-samonawadniajaca-rato-case-drtc500-umbra\/","url":"https:\/\/admincentral.selleetools.com\/pl\/product\/doniczka-samonawadniajaca-rato-case-drtc500-umbra\/","name":"Doniczka samonawadniaj\u0105ca RATO Case DRTC500 | Umbra - Selleetools.com","isPartOf":{"@id":"https:\/\/selleetools.com\/#website"},"datePublished":"2026-02-19T14:50:29+00:00","dateModified":"2026-04-09T15:38:15+00:00","breadcrumb":{"@id":"https:\/\/admincentral.selleetools.com\/pl\/product\/doniczka-samonawadniajaca-rato-case-drtc500-umbra\/#breadcrumb"},"inLanguage":"pl-PL","potentialAction":[{"@type":"ReadAction","target":["https:\/\/admincentral.selleetools.com\/pl\/product\/doniczka-samonawadniajaca-rato-case-drtc500-umbra\/"]}]},{"@type":"BreadcrumbList","@id":"https:\/\/admincentral.selleetools.com\/pl\/product\/doniczka-samonawadniajaca-rato-case-drtc500-umbra\/#breadcrumb","itemListElement":[{"@type":"ListItem","position":1,"name":"Home","item":"https:\/\/selleetools.com\/pl\/"},{"@type":"ListItem","position":2,"name":"Katalog","item":"https:\/\/selleetools.com\/pl\/katalog\/"},{"@type":"ListItem","position":3,"name":"Doniczka samonawadniaj\u0105ca RATO Case DRTC500 | Umbra"}]}]}},"_links":{"self":[{"href":"https:\/\/selleetools.com\/pl\/wp-json\/wp\/v2\/product\/671739"}],"collection":[{"href":"https:\/\/selleetools.com\/pl\/wp-json\/wp\/v2\/product"}],"about":[{"href":"https:\/\/selleetools.com\/pl\/wp-json\/wp\/v2\/types\/product"}],"replies":[{"embeddable":true,"href":"https:\/\/selleetools.com\/pl\/wp-json\/wp\/v2\/comments?post=671739"}],"wp:featuredmedia":[{"embeddable":true,"href":"https:\/\/selleetools.com\/pl\/wp-json\/wp\/v2\/media\/671733"}],"wp:attachment":[{"href":"https:\/\/selleetools.com\/pl\/wp-json\/wp\/v2\/media?parent=671739"}],"curies":[{"name":"wp","href":"https:\/\/api.w.org\/{rel}","templated":true}]}}