{"id":671709,"date":"2026-02-19T15:50:07","date_gmt":"2026-02-19T14:50:07","guid":{"rendered":"https:\/\/selleetools.com\/?post_type=product&#038;p=671709"},"modified":"2026-04-18T15:57:38","modified_gmt":"2026-04-18T13:57:38","slug":"kompostownik-kuchenny-z-filtrem-weglowym","status":"publish","type":"product","link":"https:\/\/selleetools.com\/pl\/product\/kompostownik-kuchenny-z-filtrem-weglowym\/","title":{"rendered":"Kompostownik kuchenny z filtrem w\u0119glowym"},"content":{"rendered":"<section class=\"section\">\n<div class=\"item item-6\">\n<section class=\"text-item\">\n<h1>Kompostownik kuchenny z filtrem w\u0119glowym 6,3 L<\/h1>\n<p>Przydatny kompostownik do kuchni holenderskiej firmy Esschert Design. Kompostownik jest bardzo solidnie wykonany z metalu, \u015brodek jest g\u0142adki, dzi\u0119ki czemu \u0142atwo mo\u017cna go wyczy\u015bci\u0107. W pokrywie umieszczony jest aktywny w\u0119glowy filtr, poch\u0142aniaj\u0105cy nieprzyjemne zapachy. Pojemno\u015b\u0107 6,3 litra. Wymiary: 27\u00d723\u00d721cm.<\/p>\n<\/section><\/div>\n<div class=\"item item-6\">\n<section class=\"image-item\"><img src=\"https:\/\/upload.cdn.baselinker.com\/products\/3028621\/1f17dadc2b4b4a7d74fc2d5fbee5a9f0.jpg\"><\/section>\n<\/p><\/div>\n<\/section>\n<section class=\"section\">\n<div class=\"item item-12\">\n<section class=\"image-item\"><img src=\"https:\/\/upload.cdn.baselinker.com\/products\/3028621\/67990abb9ec16a24eaaa7eb17352b34a.jpg\"><\/section>\n<\/p><\/div>\n<\/section>\n<section class=\"section\">\n<div class=\"item item-6\">\n<section class=\"image-item\"><img src=\"https:\/\/upload.cdn.baselinker.com\/products\/3028621\/eeebd54af5a68c401629618addd13002.jpg\"><\/section>\n<\/p><\/div>\n<div class=\"item item-6\">\n<section class=\"image-item\"><img src=\"https:\/\/upload.cdn.baselinker.com\/products\/3028621\/9b4c0d893a85f870cbee6cc54bec4537.jpg\"><\/section>\n<\/p><\/div>\n<\/section>\n<p>Kompostownik kuchenny z filtrem w\u0119glowym 6,3 L<br \/>\nSpecyfikacja:<br \/>\n &#8211; Pojemno\u015b\u0107 &#8211; 6,3l<br \/>\n &#8211; \u015arednica\u00a0g\u00f3ry &#8211; 22 cm<br \/>\n &#8211; \u015arednica z uchwytami &#8211; 28 cm<br \/>\n &#8211; Wysoko\u015b\u0107 bez pokrywy &#8211; 17 cm<br \/>\n &#8211; Wysoko\u015b\u0107 z pokryw\u0105 &#8211; 21 cm<\/p>\n<p>Przydatny kompostownik do kuchni holenderskiej firmy Esschert Design. Kompostownik jest bardzo solidnie wykonany z metalu, \u015brodek jest g\u0142adki, dzi\u0119ki czemu \u0142atwo mo\u017cna go wyczy\u015bci\u0107. W pokrywie umieszczony jest aktywny w\u0119glowy filtr, poch\u0142aniaj\u0105cy nieprzyjemne zapachy. Pojemno\u015b\u0107 6,3 litra.<\/p>\n","protected":false},"excerpt":{"rendered":"<p>Kompostownik kuchenny z filtrem w\u0119glowym 6,3 L Przydatny kompostownik do kuchni holenderskiej firmy Esschert Design. Kompostownik jest bardzo solidnie wykonany z metalu, \u015brodek jest g\u0142adki, dzi\u0119ki czemu \u0142atwo mo\u017cna go wyczy\u015bci\u0107. W pokrywie umieszczony jest aktywny w\u0119glowy filtr, poch\u0142aniaj\u0105cy nieprzyjemne zapachy. Pojemno\u015b\u0107 6,3 litra. Wymiary: 27\u00d723\u00d721cm. Kompostownik kuchenny z filtrem w\u0119glowym 6,3 L Specyfikacja: &#8211; &#8230; <a title=\"Kompostownik kuchenny z filtrem w\u0119glowym\" class=\"read-more\" href=\"https:\/\/selleetools.com\/pl\/product\/kompostownik-kuchenny-z-filtrem-weglowym\/\">Read more<span class=\"screen-reader-text\">Kompostownik kuchenny z filtrem w\u0119glowym<\/span><\/a><\/p>\n","protected":false},"featured_media":671701,"comment_status":"open","ping_status":"closed","template":"","meta":{"_links_to":"","_links_to_target":""},"yoast_head":"<!-- This site is optimized with the Yoast SEO plugin v19.4 - https:\/\/yoast.com\/wordpress\/plugins\/seo\/ -->\n<title>Kompostownik kuchenny z filtrem w\u0119glowym - Selleetools.com<\/title>\n<meta name=\"robots\" content=\"index, follow, max-snippet:-1, max-image-preview:large, max-video-preview:-1\" \/>\n<link rel=\"canonical\" href=\"https:\/\/selleetools.com\/pl\/product\/kompostownik-kuchenny-z-filtrem-weglowym\/\" \/>\n<meta property=\"og:locale\" content=\"pl_PL\" \/>\n<meta property=\"og:type\" content=\"article\" \/>\n<meta property=\"og:title\" content=\"Kompostownik kuchenny z filtrem w\u0119glowym - Selleetools.com\" \/>\n<meta property=\"og:description\" content=\"Kompostownik kuchenny z filtrem w\u0119glowym 6,3 L Przydatny kompostownik do kuchni holenderskiej firmy Esschert Design. Kompostownik jest bardzo solidnie wykonany z metalu, \u015brodek jest g\u0142adki, dzi\u0119ki czemu \u0142atwo mo\u017cna go wyczy\u015bci\u0107. W pokrywie umieszczony jest aktywny w\u0119glowy filtr, poch\u0142aniaj\u0105cy nieprzyjemne zapachy. Pojemno\u015b\u0107 6,3 litra. Wymiary: 27\u00d723\u00d721cm. Kompostownik kuchenny z filtrem w\u0119glowym 6,3 L Specyfikacja: &#8211; ... Read moreKompostownik kuchenny z filtrem w\u0119glowym\" \/>\n<meta property=\"og:url\" content=\"https:\/\/selleetools.com\/pl\/product\/kompostownik-kuchenny-z-filtrem-weglowym\/\" \/>\n<meta property=\"og:site_name\" content=\"Selleetools.com\" \/>\n<meta property=\"article:modified_time\" content=\"2026-04-18T13:57:38+00:00\" \/>\n<meta property=\"og:image\" content=\"https:\/\/selleetools.com\/wp-content\/uploads\/2026\/02\/1f17dadc2b4b4a7d74fc2d5fbee5a9f0.jpg\" \/>\n\t<meta property=\"og:image:width\" content=\"800\" \/>\n\t<meta property=\"og:image:height\" content=\"800\" \/>\n\t<meta property=\"og:image:type\" content=\"image\/jpeg\" \/>\n<meta name=\"twitter:card\" content=\"summary_large_image\" \/>\n<meta name=\"twitter:label1\" content=\"Est. reading time\" \/>\n\t<meta name=\"twitter:data1\" content=\"1 minuta\" \/>\n<!-- \/ Yoast SEO plugin. -->","yoast_head_json":{"title":"Kompostownik kuchenny z filtrem w\u0119glowym - Selleetools.com","robots":{"index":"index","follow":"follow","max-snippet":"max-snippet:-1","max-image-preview":"max-image-preview:large","max-video-preview":"max-video-preview:-1"},"canonical":"https:\/\/selleetools.com\/pl\/product\/kompostownik-kuchenny-z-filtrem-weglowym\/","og_locale":"pl_PL","og_type":"article","og_title":"Kompostownik kuchenny z filtrem w\u0119glowym - Selleetools.com","og_description":"Kompostownik kuchenny z filtrem w\u0119glowym 6,3 L Przydatny kompostownik do kuchni holenderskiej firmy Esschert Design. Kompostownik jest bardzo solidnie wykonany z metalu, \u015brodek jest g\u0142adki, dzi\u0119ki czemu \u0142atwo mo\u017cna go wyczy\u015bci\u0107. W pokrywie umieszczony jest aktywny w\u0119glowy filtr, poch\u0142aniaj\u0105cy nieprzyjemne zapachy. Pojemno\u015b\u0107 6,3 litra. Wymiary: 27\u00d723\u00d721cm. Kompostownik kuchenny z filtrem w\u0119glowym 6,3 L Specyfikacja: &#8211; ... Read moreKompostownik kuchenny z filtrem w\u0119glowym","og_url":"https:\/\/selleetools.com\/pl\/product\/kompostownik-kuchenny-z-filtrem-weglowym\/","og_site_name":"Selleetools.com","article_modified_time":"2026-04-18T13:57:38+00:00","og_image":[{"width":800,"height":800,"url":"https:\/\/selleetools.com\/wp-content\/uploads\/2026\/02\/1f17dadc2b4b4a7d74fc2d5fbee5a9f0.jpg","type":"image\/jpeg"}],"twitter_card":"summary_large_image","twitter_misc":{"Est. reading time":"1 minuta"},"schema":{"@context":"https:\/\/schema.org","@graph":[{"@type":"Organization","@id":"https:\/\/selleetools.com\/#organization","name":"Selleetools","url":"https:\/\/selleetools.com\/","sameAs":[],"logo":{"@type":"ImageObject","inLanguage":"pl-PL","@id":"https:\/\/selleetools.com\/#\/schema\/logo\/image\/","url":"https:\/\/selleetools.com\/wp-content\/uploads\/2021\/10\/logo-dark.png","contentUrl":"https:\/\/selleetools.com\/wp-content\/uploads\/2021\/10\/logo-dark.png","width":320,"height":76,"caption":"Selleetools"},"image":{"@id":"https:\/\/selleetools.com\/#\/schema\/logo\/image\/"}},{"@type":"WebSite","@id":"https:\/\/selleetools.com\/#website","url":"https:\/\/selleetools.com\/","name":"Selleetools.com","description":"","publisher":{"@id":"https:\/\/selleetools.com\/#organization"},"potentialAction":[{"@type":"SearchAction","target":{"@type":"EntryPoint","urlTemplate":"https:\/\/selleetools.com\/?s={search_term_string}"},"query-input":"required name=search_term_string"}],"inLanguage":"pl-PL"},{"@type":"WebPage","@id":"https:\/\/selleetools.com\/pl\/product\/kompostownik-kuchenny-z-filtrem-weglowym\/","url":"https:\/\/selleetools.com\/pl\/product\/kompostownik-kuchenny-z-filtrem-weglowym\/","name":"Kompostownik kuchenny z filtrem w\u0119glowym - Selleetools.com","isPartOf":{"@id":"https:\/\/selleetools.com\/#website"},"datePublished":"2026-02-19T14:50:07+00:00","dateModified":"2026-04-18T13:57:38+00:00","breadcrumb":{"@id":"https:\/\/selleetools.com\/pl\/product\/kompostownik-kuchenny-z-filtrem-weglowym\/#breadcrumb"},"inLanguage":"pl-PL","potentialAction":[{"@type":"ReadAction","target":["https:\/\/selleetools.com\/pl\/product\/kompostownik-kuchenny-z-filtrem-weglowym\/"]}]},{"@type":"BreadcrumbList","@id":"https:\/\/selleetools.com\/pl\/product\/kompostownik-kuchenny-z-filtrem-weglowym\/#breadcrumb","itemListElement":[{"@type":"ListItem","position":1,"name":"Home","item":"https:\/\/selleetools.com\/pl\/"},{"@type":"ListItem","position":2,"name":"Katalog","item":"https:\/\/selleetools.com\/pl\/katalog\/"},{"@type":"ListItem","position":3,"name":"Kompostownik kuchenny z filtrem w\u0119glowym"}]}]}},"_links":{"self":[{"href":"https:\/\/selleetools.com\/pl\/wp-json\/wp\/v2\/product\/671709"}],"collection":[{"href":"https:\/\/selleetools.com\/pl\/wp-json\/wp\/v2\/product"}],"about":[{"href":"https:\/\/selleetools.com\/pl\/wp-json\/wp\/v2\/types\/product"}],"replies":[{"embeddable":true,"href":"https:\/\/selleetools.com\/pl\/wp-json\/wp\/v2\/comments?post=671709"}],"wp:featuredmedia":[{"embeddable":true,"href":"https:\/\/selleetools.com\/pl\/wp-json\/wp\/v2\/media\/671701"}],"wp:attachment":[{"href":"https:\/\/selleetools.com\/pl\/wp-json\/wp\/v2\/media?parent=671709"}],"curies":[{"name":"wp","href":"https:\/\/api.w.org\/{rel}","templated":true}]}}