{"id":671658,"date":"2026-02-19T15:49:40","date_gmt":"2026-02-19T14:49:40","guid":{"rendered":"https:\/\/selleetools.com\/?post_type=product&#038;p=671658"},"modified":"2026-04-15T17:34:58","modified_gmt":"2026-04-15T15:34:58","slug":"zestaw-malych-narzedzi-ogrodowych-2","status":"publish","type":"product","link":"https:\/\/selleetools.com\/pl\/product\/zestaw-malych-narzedzi-ogrodowych-2\/","title":{"rendered":"Zestaw ma\u0142ych narz\u0119dzi ogrodowych 2"},"content":{"rendered":"<p>\u015awi\u0105teczny zestaw ma\u0142ych narz\u0119dzi ogrodowych<br \/>\n\u015awi\u0119ta Bo\u017cego Narodzenia to pi\u0119kny, rodzinny czas. Magii \u015bwi\u0105t dope\u0142nia wystrojona choinka oraz&#8230; prezenty! Ka\u017cdy pragnie swoim bliskim podarowa\u0107 co\u015b oryginalnego, co wpisuje si\u0119 w jego upodobania i zainteresowania. Przy wigilijnym stole zawsze jest osoba, czy to mama, babcia, \u017cona, siostra, kt\u00f3ra sw\u00f3j wolny czas sp\u0119dza w ogrodzie. To jej oaza spokoju, miejsce, gdzie czuje si\u0119 w pe\u0142ni oddana swojej pasji.<br \/>\nW my\u015bl o nadchodz\u0105cych \u015awi\u0119tach przygotowali\u015bmy idealny prezent dla mi\u0142o\u015bnik\u00f3w ogrodnictwa &#8211; zestaw\u00a04 narz\u0119dzi ogrodowych:<br \/>\n &#8211; \u0142opatk\u0119 ogrodnicz\u0105 do kwiat\u00f3w,<br \/>\n &#8211; grabie metalowe 6-z\u0119bne,<br \/>\n &#8211; spulchniacz 3-z\u0119bny,<br \/>\n &#8211; motyczka.<br \/>\n!gratis r\u0119kawiczki ochronne!<\/p>\n<p>Szczeg\u00f3\u0142owa\u00a0specyfikacja narz\u0119dzi, wchodz\u0105cych w sk\u0142ad zestawu.<\/p>\n<p>\u0141opatka ogrodnicza do kwiat\u00f3w:<br \/>\n &#8211; g\u0142owica\u00a0\u2013 metal<br \/>\n &#8211; trzonek\u00a0\u2013 drewno, lakier<br \/>\n &#8211; d\u0142ugo\u015b\u0107 &#8211; 32 cm<br \/>\n &#8211; szeroko\u015b\u0107 \u0142opatki &#8211; 8 cm<\/p>\n<p>Grabie metalowe 6-z\u0119bne:<br \/>\n &#8211; g\u0142owica\u00a0\u2013 metal<br \/>\n &#8211; trzonek\u00a0\u2013 drewno, lakier<br \/>\n &#8211; d\u0142ugo\u015b\u0107 &#8211; 33 cm<br \/>\n &#8211; szeroko\u015b\u0107 &#8211;\u00a011 cm<\/p>\n<p>Spulchniacz 3-z\u0119bny:<br \/>\n &#8211; g\u0142owica\u00a0\u2013 metal<br \/>\n &#8211; trzonek\u00a0\u2013 drewno, lakier<br \/>\n &#8211; d\u0142ugo\u015b\u0107 &#8211; 35 cm<br \/>\n &#8211; szeroko\u015b\u0107 &#8211;\u00a09 cm<\/p>\n<p>Motyczka:<br \/>\n &#8211; g\u0142owica\u00a0\u2013 metal<br \/>\n &#8211; trzonek\u00a0\u2013 drewno, lakier<br \/>\n &#8211; d\u0142ugo\u015b\u0107 &#8211; 35 cm<br \/>\n &#8211; szeroko\u015b\u0107 &#8211;\u00a013 cm<\/p>\n<p>Zestaw narz\u0119dzi ogrodowych zachwyca nie tylko precyzyjnym wykonaniem, ale r\u00f3wnie\u017c estetyk\u0105 i kolorem. Pi\u0119kny\u00a0odcie\u0144 czerni doskonale komponuje si\u0119 z\u00a0\u00a0naturalnym drewnem.<br \/>\nZestaw narz\u0119dzi zapakowany jest w ekologiczne, tekturowe pude\u0142ko z okienkiem. Dla koneser\u00f3w rustykalnego stylu wystarczy doda\u0107 \u015bwi\u0105teczn\u0105 gwiazdk\u0119 lub tag z podpisem, aby prezent cieszy\u0142 oryginalno\u015bci\u0105. Je\u015bli chcecie zrobi\u0107 mi\u0142\u0105 niepodziank\u0119 to wystarczy tak przygotowany zestaw owin\u0105\u0107 ozdobnym papierem.<\/p>\n<p>Wymiary opakowania: 35x45x7cm<\/p>\n<p>\u015awi\u0105teczny zestaw ma\u0142ych narz\u0119dzi ogrodowych<br \/>\n\u015awi\u0119ta Bo\u017cego Narodzenia to pi\u0119kny, rodzinny czas. Magii \u015bwi\u0105t dope\u0142nia wystrojona choinka oraz&#8230; prezenty! Ka\u017cdy pragnie swoim bliskim podarowa\u0107 co\u015b oryginalnego, co wpisuje si\u0119 w jego upodobania i zainteresowania. Przy wigilijnym stole zawsze jest osoba, czy to mama, babcia, \u017cona, siostra, kt\u00f3ra sw\u00f3j wolny czas sp\u0119dza w ogrodzie. To jej oaza spokoju, miejsce, gdzie czuje si\u0119 w pe\u0142ni oddana swojej pasji.<br \/>\nW my\u015bl o nadchodz\u0105cych \u015awi\u0119tach przygotowali\u015bmy idealny prezent dla mi\u0142o\u015bnik\u00f3w ogrodnictwa &#8211; zestaw\u00a04 narz\u0119dzi ogrodowych:<br \/>\n &#8211; \u0142opatk\u0119 ogrodnicz\u0105 do kwiat\u00f3w,<br \/>\n &#8211; grabie metalowe 6-z\u0119bne,<br \/>\n &#8211; spulchniacz 3-z\u0119bny,<br \/>\n &#8211; motyczka.<br \/>\n!gratis r\u0119kawiczki ochronne!<\/p>\n<p>Szczeg\u00f3\u0142owa\u00a0specyfikacja narz\u0119dzi, wchodz\u0105cych w sk\u0142ad zestawu.<\/p>\n<p>\u0141opatka ogrodnicza do kwiat\u00f3w:<br \/>\n &#8211; g\u0142owica\u00a0\u2013 metal<br \/>\n &#8211; trzonek\u00a0\u2013 drewno, lakier<br \/>\n &#8211; d\u0142ugo\u015b\u0107 &#8211; 32 cm<br \/>\n &#8211; szeroko\u015b\u0107 \u0142opatki &#8211; 8 cm<\/p>\n<p>Grabie metalowe 6-z\u0119bne:<br \/>\n &#8211; g\u0142owica\u00a0\u2013 metal<br \/>\n &#8211; trzonek\u00a0\u2013 drewno, lakier<br \/>\n &#8211; d\u0142ugo\u015b\u0107 &#8211; 33 cm<br \/>\n &#8211; szeroko\u015b\u0107 &#8211;\u00a011 cm<\/p>\n<p>Spulchniacz 3-z\u0119bny:<br \/>\n &#8211; g\u0142owica\u00a0\u2013 metal<br \/>\n &#8211; trzonek\u00a0\u2013 drewno, lakier<br \/>\n &#8211; d\u0142ugo\u015b\u0107 &#8211; 35 cm<br \/>\n &#8211; szeroko\u015b\u0107 &#8211;\u00a09 cm<\/p>\n<p>Motyczka:<br \/>\n &#8211; g\u0142owica\u00a0\u2013 metal<br \/>\n &#8211; trzonek\u00a0\u2013 drewno, lakier<br \/>\n &#8211; d\u0142ugo\u015b\u0107 &#8211; 35 cm<br \/>\n &#8211; szeroko\u015b\u0107 &#8211;\u00a013 cm<\/p>\n<p>Zestaw narz\u0119dzi ogrodowych zachwyca nie tylko precyzyjnym wykonaniem, ale r\u00f3wnie\u017c estetyk\u0105 i kolorem. Pi\u0119kny\u00a0odcie\u0144 czerni doskonale komponuje si\u0119 z\u00a0\u00a0naturalnym drewnem.<br \/>\nZestaw narz\u0119dzi zapakowany jest w ekologiczne, tekturowe pude\u0142ko z okienkiem. Dla koneser\u00f3w rustykalnego stylu wystarczy doda\u0107 \u015bwi\u0105teczn\u0105 gwiazdk\u0119 lub tag z podpisem, aby prezent cieszy\u0142 oryginalno\u015bci\u0105. Je\u015bli chcecie zrobi\u0107 mi\u0142\u0105 niepodziank\u0119 to wystarczy tak przygotowany zestaw owin\u0105\u0107 ozdobnym papierem.<\/p>\n<p>Wymiary opakowania: 35x45x7cm<\/p>\n","protected":false},"excerpt":{"rendered":"<p>\u015awi\u0105teczny zestaw ma\u0142ych narz\u0119dzi ogrodowych \u015awi\u0119ta Bo\u017cego Narodzenia to pi\u0119kny, rodzinny czas. Magii \u015bwi\u0105t dope\u0142nia wystrojona choinka oraz&#8230; prezenty! Ka\u017cdy pragnie swoim bliskim podarowa\u0107 co\u015b oryginalnego, co wpisuje si\u0119 w jego upodobania i zainteresowania. Przy wigilijnym stole zawsze jest osoba, czy to mama, babcia, \u017cona, siostra, kt\u00f3ra sw\u00f3j wolny czas sp\u0119dza w ogrodzie. To jej &#8230; <a title=\"Zestaw ma\u0142ych narz\u0119dzi ogrodowych 2\" class=\"read-more\" href=\"https:\/\/selleetools.com\/pl\/product\/zestaw-malych-narzedzi-ogrodowych-2\/\">Read more<span class=\"screen-reader-text\">Zestaw ma\u0142ych narz\u0119dzi ogrodowych 2<\/span><\/a><\/p>\n","protected":false},"featured_media":671646,"comment_status":"open","ping_status":"closed","template":"","meta":{"_links_to":"","_links_to_target":""},"yoast_head":"<!-- This site is optimized with the Yoast SEO plugin v19.4 - https:\/\/yoast.com\/wordpress\/plugins\/seo\/ -->\n<title>Zestaw ma\u0142ych narz\u0119dzi ogrodowych 2 - Selleetools.com<\/title>\n<meta name=\"robots\" content=\"index, follow, max-snippet:-1, max-image-preview:large, max-video-preview:-1\" \/>\n<link rel=\"canonical\" href=\"https:\/\/selleetools.com\/pl\/product\/zestaw-malych-narzedzi-ogrodowych-2\/\" \/>\n<meta property=\"og:locale\" content=\"pl_PL\" \/>\n<meta property=\"og:type\" content=\"article\" \/>\n<meta property=\"og:title\" content=\"Zestaw ma\u0142ych narz\u0119dzi ogrodowych 2 - Selleetools.com\" \/>\n<meta property=\"og:description\" content=\"\u015awi\u0105teczny zestaw ma\u0142ych narz\u0119dzi ogrodowych \u015awi\u0119ta Bo\u017cego Narodzenia to pi\u0119kny, rodzinny czas. Magii \u015bwi\u0105t dope\u0142nia wystrojona choinka oraz&#8230; prezenty! Ka\u017cdy pragnie swoim bliskim podarowa\u0107 co\u015b oryginalnego, co wpisuje si\u0119 w jego upodobania i zainteresowania. Przy wigilijnym stole zawsze jest osoba, czy to mama, babcia, \u017cona, siostra, kt\u00f3ra sw\u00f3j wolny czas sp\u0119dza w ogrodzie. To jej ... Read moreZestaw ma\u0142ych narz\u0119dzi ogrodowych 2\" \/>\n<meta property=\"og:url\" content=\"https:\/\/selleetools.com\/pl\/product\/zestaw-malych-narzedzi-ogrodowych-2\/\" \/>\n<meta property=\"og:site_name\" content=\"Selleetools.com\" \/>\n<meta property=\"article:modified_time\" content=\"2026-04-15T15:34:58+00:00\" \/>\n<meta property=\"og:image\" content=\"https:\/\/selleetools.com\/wp-content\/uploads\/2026\/02\/5edc96448d5124a10fff103f33d39975.jpg\" \/>\n\t<meta property=\"og:image:width\" content=\"682\" \/>\n\t<meta property=\"og:image:height\" content=\"1024\" \/>\n\t<meta property=\"og:image:type\" content=\"image\/jpeg\" \/>\n<meta name=\"twitter:card\" content=\"summary_large_image\" \/>\n<meta name=\"twitter:label1\" content=\"Est. reading time\" \/>\n\t<meta name=\"twitter:data1\" content=\"3 minuty\" \/>\n<!-- \/ Yoast SEO plugin. -->","yoast_head_json":{"title":"Zestaw ma\u0142ych narz\u0119dzi ogrodowych 2 - Selleetools.com","robots":{"index":"index","follow":"follow","max-snippet":"max-snippet:-1","max-image-preview":"max-image-preview:large","max-video-preview":"max-video-preview:-1"},"canonical":"https:\/\/selleetools.com\/pl\/product\/zestaw-malych-narzedzi-ogrodowych-2\/","og_locale":"pl_PL","og_type":"article","og_title":"Zestaw ma\u0142ych narz\u0119dzi ogrodowych 2 - Selleetools.com","og_description":"\u015awi\u0105teczny zestaw ma\u0142ych narz\u0119dzi ogrodowych \u015awi\u0119ta Bo\u017cego Narodzenia to pi\u0119kny, rodzinny czas. Magii \u015bwi\u0105t dope\u0142nia wystrojona choinka oraz&#8230; prezenty! Ka\u017cdy pragnie swoim bliskim podarowa\u0107 co\u015b oryginalnego, co wpisuje si\u0119 w jego upodobania i zainteresowania. Przy wigilijnym stole zawsze jest osoba, czy to mama, babcia, \u017cona, siostra, kt\u00f3ra sw\u00f3j wolny czas sp\u0119dza w ogrodzie. To jej ... Read moreZestaw ma\u0142ych narz\u0119dzi ogrodowych 2","og_url":"https:\/\/selleetools.com\/pl\/product\/zestaw-malych-narzedzi-ogrodowych-2\/","og_site_name":"Selleetools.com","article_modified_time":"2026-04-15T15:34:58+00:00","og_image":[{"width":682,"height":1024,"url":"https:\/\/selleetools.com\/wp-content\/uploads\/2026\/02\/5edc96448d5124a10fff103f33d39975.jpg","type":"image\/jpeg"}],"twitter_card":"summary_large_image","twitter_misc":{"Est. reading time":"3 minuty"},"schema":{"@context":"https:\/\/schema.org","@graph":[{"@type":"Organization","@id":"https:\/\/selleetools.com\/#organization","name":"Selleetools","url":"https:\/\/selleetools.com\/","sameAs":[],"logo":{"@type":"ImageObject","inLanguage":"pl-PL","@id":"https:\/\/selleetools.com\/#\/schema\/logo\/image\/","url":"https:\/\/selleetools.com\/wp-content\/uploads\/2021\/10\/logo-dark.png","contentUrl":"https:\/\/selleetools.com\/wp-content\/uploads\/2021\/10\/logo-dark.png","width":320,"height":76,"caption":"Selleetools"},"image":{"@id":"https:\/\/selleetools.com\/#\/schema\/logo\/image\/"}},{"@type":"WebSite","@id":"https:\/\/selleetools.com\/#website","url":"https:\/\/selleetools.com\/","name":"Selleetools.com","description":"","publisher":{"@id":"https:\/\/selleetools.com\/#organization"},"potentialAction":[{"@type":"SearchAction","target":{"@type":"EntryPoint","urlTemplate":"https:\/\/selleetools.com\/?s={search_term_string}"},"query-input":"required name=search_term_string"}],"inLanguage":"pl-PL"},{"@type":"WebPage","@id":"https:\/\/selleetools.com\/pl\/product\/zestaw-malych-narzedzi-ogrodowych-2\/","url":"https:\/\/selleetools.com\/pl\/product\/zestaw-malych-narzedzi-ogrodowych-2\/","name":"Zestaw ma\u0142ych narz\u0119dzi ogrodowych 2 - Selleetools.com","isPartOf":{"@id":"https:\/\/selleetools.com\/#website"},"datePublished":"2026-02-19T14:49:40+00:00","dateModified":"2026-04-15T15:34:58+00:00","breadcrumb":{"@id":"https:\/\/selleetools.com\/pl\/product\/zestaw-malych-narzedzi-ogrodowych-2\/#breadcrumb"},"inLanguage":"pl-PL","potentialAction":[{"@type":"ReadAction","target":["https:\/\/selleetools.com\/pl\/product\/zestaw-malych-narzedzi-ogrodowych-2\/"]}]},{"@type":"BreadcrumbList","@id":"https:\/\/selleetools.com\/pl\/product\/zestaw-malych-narzedzi-ogrodowych-2\/#breadcrumb","itemListElement":[{"@type":"ListItem","position":1,"name":"Home","item":"https:\/\/selleetools.com\/pl\/"},{"@type":"ListItem","position":2,"name":"Katalog","item":"https:\/\/selleetools.com\/pl\/katalog\/"},{"@type":"ListItem","position":3,"name":"Zestaw ma\u0142ych narz\u0119dzi ogrodowych 2"}]}]}},"_links":{"self":[{"href":"https:\/\/selleetools.com\/pl\/wp-json\/wp\/v2\/product\/671658"}],"collection":[{"href":"https:\/\/selleetools.com\/pl\/wp-json\/wp\/v2\/product"}],"about":[{"href":"https:\/\/selleetools.com\/pl\/wp-json\/wp\/v2\/types\/product"}],"replies":[{"embeddable":true,"href":"https:\/\/selleetools.com\/pl\/wp-json\/wp\/v2\/comments?post=671658"}],"wp:featuredmedia":[{"embeddable":true,"href":"https:\/\/selleetools.com\/pl\/wp-json\/wp\/v2\/media\/671646"}],"wp:attachment":[{"href":"https:\/\/selleetools.com\/pl\/wp-json\/wp\/v2\/media?parent=671658"}],"curies":[{"name":"wp","href":"https:\/\/api.w.org\/{rel}","templated":true}]}}